{"id":17816,"date":"2023-03-29T21:36:47","date_gmt":"2023-03-29T21:36:47","guid":{"rendered":"https:\/\/galeo.org\/tomando-el-pulso-a-los-latinos\/"},"modified":"2023-03-29T21:38:53","modified_gmt":"2023-03-29T21:38:53","slug":"tomando-el-pulso-a-los-latinos","status":"publish","type":"page","link":"https:\/\/galeo.org\/es\/noticias\/tomando-el-pulso-a-los-latinos\/","title":{"rendered":"Tomando el pulso a los latinos"},"content":{"rendered":"\t\t<div data-elementor-type=\"wp-page\" data-elementor-id=\"17816\" class=\"elementor elementor-17816 elementor-17803\" data-elementor-post-type=\"page\">\n\t\t\t\t\t\t<section class=\"elementor-section elementor-top-section elementor-element elementor-element-638964e elementor-section-boxed elementor-section-height-default elementor-section-height-default\" data-id=\"638964e\" data-element_type=\"section\" data-e-type=\"section\">\n\t\t\t\t\t\t<div class=\"elementor-container elementor-column-gap-default\">\n\t\t\t\t\t<div class=\"elementor-column elementor-col-100 elementor-top-column elementor-element elementor-element-141f363\" data-id=\"141f363\" data-element_type=\"column\" data-e-type=\"column\">\n\t\t\t<div class=\"elementor-widget-wrap elementor-element-populated\">\n\t\t\t\t\t\t<div class=\"elementor-element elementor-element-ae3f6cd elementor-widget elementor-widget-heading\" data-id=\"ae3f6cd\" data-element_type=\"widget\" data-e-type=\"widget\" data-widget_type=\"heading.default\">\n\t\t\t\t\t<h2 class=\"elementor-heading-title elementor-size-default\">Encuesta \"Puente para la gente\" del Ayuntamiento de Lilburn<\/h2>\t\t\t\t<\/div>\n\t\t\t\t\t<\/div>\n\t\t<\/div>\n\t\t\t\t\t<\/div>\n\t\t<\/section>\n\t\t\t\t<section class=\"elementor-section elementor-top-section elementor-element elementor-element-9c8f06b elementor-section-boxed elementor-section-height-default elementor-section-height-default\" data-id=\"9c8f06b\" data-element_type=\"section\" data-e-type=\"section\">\n\t\t\t\t\t\t<div class=\"elementor-container elementor-column-gap-default\">\n\t\t\t\t\t<div class=\"elementor-column elementor-col-100 elementor-top-column elementor-element elementor-element-994d2b7\" data-id=\"994d2b7\" data-element_type=\"column\" data-e-type=\"column\">\n\t\t\t<div class=\"elementor-widget-wrap\">\n\t\t\t\t\t\t\t<\/div>\n\t\t<\/div>\n\t\t\t\t\t<\/div>\n\t\t<\/section>\n\t\t\t\t<section class=\"elementor-section elementor-top-section elementor-element elementor-element-51f871a elementor-section-boxed elementor-section-height-default elementor-section-height-default\" data-id=\"51f871a\" data-element_type=\"section\" data-e-type=\"section\">\n\t\t\t\t\t\t<div class=\"elementor-container elementor-column-gap-default\">\n\t\t\t\t\t<div class=\"elementor-column elementor-col-100 elementor-top-column elementor-element elementor-element-7c9e2c8\" data-id=\"7c9e2c8\" data-element_type=\"column\" data-e-type=\"column\">\n\t\t\t<div class=\"elementor-widget-wrap elementor-element-populated\">\n\t\t\t\t\t\t<div class=\"elementor-element elementor-element-d8d6b3f elementor-widget elementor-widget-heading\" data-id=\"d8d6b3f\" data-element_type=\"widget\" data-e-type=\"widget\" data-widget_type=\"heading.default\">\n\t\t\t\t\t<h4 class=\"elementor-heading-title elementor-size-default\">Nuestra comunidad latina ha crecido en los \u00faltimos 20 a\u00f1os aqu\u00ed en Georgia, y hoy representamos el 10% m\u00e1s de 1 mill\u00f3n de personas en el estado. El paraguas incluye a los de Am\u00e9rica Latina, Centroam\u00e9rica, M\u00e9xico, el Caribe y Espa\u00f1a.<br><\/h4>\t\t\t\t<\/div>\n\t\t\t\t\t<\/div>\n\t\t<\/div>\n\t\t\t\t\t<\/div>\n\t\t<\/section>\n\t\t\t\t<section class=\"elementor-section elementor-top-section elementor-element elementor-element-5eb456b elementor-section-boxed elementor-section-height-default elementor-section-height-default\" data-id=\"5eb456b\" data-element_type=\"section\" data-e-type=\"section\">\n\t\t\t\t\t\t<div class=\"elementor-container elementor-column-gap-default\">\n\t\t\t\t\t<div class=\"elementor-column elementor-col-100 elementor-top-column elementor-element elementor-element-7087266\" data-id=\"7087266\" data-element_type=\"column\" data-e-type=\"column\">\n\t\t\t<div class=\"elementor-widget-wrap elementor-element-populated\">\n\t\t\t\t\t\t<div class=\"elementor-element elementor-element-b70626f elementor-widget elementor-widget-text-editor\" data-id=\"b70626f\" data-element_type=\"widget\" data-e-type=\"widget\" data-widget_type=\"text-editor.default\">\n\t\t\t\t\t\t\t\t\t<p>Con un mill\u00f3n de latinos en crecimiento, Georgia tiene la oportunidad \u00fanica de construir una comunidad pr\u00f3spera con una legislaci\u00f3n justa y necesaria. Sin embargo, es necesario disponer de datos m\u00e1s representativos que muestren las necesidades de nuestra poblaci\u00f3n.<\/p>\n<p>Ayer tuvimos la oportunidad de comprometernos con nuestra comunidad basada en Lilburn y atender sus preguntas y comentarios sobre \u00abPuente para la gente\u00bb, la primera encuesta en 20 a\u00f1os centrada en tomar el pulso latino en Georgia.<\/p>\n\t\t\t\t\t\t\t\t<\/div>\n\t\t\t\t\t<\/div>\n\t\t<\/div>\n\t\t\t\t\t<\/div>\n\t\t<\/section>\n\t\t\t\t<section class=\"elementor-section elementor-top-section elementor-element elementor-element-8b2ad62 elementor-section-boxed elementor-section-height-default elementor-section-height-default\" data-id=\"8b2ad62\" data-element_type=\"section\" data-e-type=\"section\">\n\t\t\t\t\t\t<div class=\"elementor-container elementor-column-gap-default\">\n\t\t\t\t\t<div class=\"elementor-column elementor-col-50 elementor-top-column elementor-element elementor-element-758550b\" data-id=\"758550b\" data-element_type=\"column\" data-e-type=\"column\">\n\t\t\t<div class=\"elementor-widget-wrap elementor-element-populated\">\n\t\t\t\t\t\t<div class=\"elementor-element elementor-element-43719bb elementor-widget elementor-widget-image\" data-id=\"43719bb\" data-element_type=\"widget\" data-e-type=\"widget\" data-widget_type=\"image.default\">\n\t\t\t\t\t\t\t\t\t\t\t\t\t\t\t<img fetchpriority=\"high\" decoding=\"async\" width=\"800\" height=\"555\" src=\"https:\/\/galeo.org\/wp-content\/uploads\/2023\/03\/IMG_8751-1024x711.jpg\" class=\"attachment-large size-large wp-image-17806\" alt=\"\" srcset=\"https:\/\/galeo.org\/wp-content\/uploads\/2023\/03\/IMG_8751-1024x711.jpg 1024w, https:\/\/galeo.org\/wp-content\/uploads\/2023\/03\/IMG_8751-scaled-600x417.jpg 600w, https:\/\/galeo.org\/wp-content\/uploads\/2023\/03\/IMG_8751-300x208.jpg 300w, https:\/\/galeo.org\/wp-content\/uploads\/2023\/03\/IMG_8751-768x534.jpg 768w, https:\/\/galeo.org\/wp-content\/uploads\/2023\/03\/IMG_8751-1536x1067.jpg 1536w, https:\/\/galeo.org\/wp-content\/uploads\/2023\/03\/IMG_8751-2048x1423.jpg 2048w\" sizes=\"(max-width: 800px) 100vw, 800px\" \/>\t\t\t\t\t\t\t\t\t\t\t\t\t\t\t<\/div>\n\t\t\t\t\t<\/div>\n\t\t<\/div>\n\t\t\t\t<div class=\"elementor-column elementor-col-50 elementor-top-column elementor-element elementor-element-72c8008\" data-id=\"72c8008\" data-element_type=\"column\" data-e-type=\"column\">\n\t\t\t<div class=\"elementor-widget-wrap elementor-element-populated\">\n\t\t\t\t\t\t<div class=\"elementor-element elementor-element-463cb41 elementor-widget elementor-widget-image\" data-id=\"463cb41\" data-element_type=\"widget\" data-e-type=\"widget\" data-widget_type=\"image.default\">\n\t\t\t\t\t\t\t\t\t\t\t\t\t\t\t<img decoding=\"async\" width=\"800\" height=\"534\" src=\"https:\/\/galeo.org\/wp-content\/uploads\/2023\/03\/IMG_8722-1024x683.jpg\" class=\"attachment-large size-large wp-image-17810\" alt=\"\" srcset=\"https:\/\/galeo.org\/wp-content\/uploads\/2023\/03\/IMG_8722-1024x683.jpg 1024w, https:\/\/galeo.org\/wp-content\/uploads\/2023\/03\/IMG_8722-scaled-600x400.jpg 600w, https:\/\/galeo.org\/wp-content\/uploads\/2023\/03\/IMG_8722-300x200.jpg 300w, https:\/\/galeo.org\/wp-content\/uploads\/2023\/03\/IMG_8722-768x512.jpg 768w, https:\/\/galeo.org\/wp-content\/uploads\/2023\/03\/IMG_8722-1536x1024.jpg 1536w, https:\/\/galeo.org\/wp-content\/uploads\/2023\/03\/IMG_8722-2048x1365.jpg 2048w\" sizes=\"(max-width: 800px) 100vw, 800px\" \/>\t\t\t\t\t\t\t\t\t\t\t\t\t\t\t<\/div>\n\t\t\t\t\t<\/div>\n\t\t<\/div>\n\t\t\t\t\t<\/div>\n\t\t<\/section>\n\t\t\t\t<section class=\"elementor-section elementor-top-section elementor-element elementor-element-0e8fdc0 elementor-section-boxed elementor-section-height-default elementor-section-height-default\" data-id=\"0e8fdc0\" data-element_type=\"section\" data-e-type=\"section\">\n\t\t\t\t\t\t<div class=\"elementor-container elementor-column-gap-default\">\n\t\t\t\t\t<div class=\"elementor-column elementor-col-100 elementor-top-column elementor-element elementor-element-363800f\" data-id=\"363800f\" data-element_type=\"column\" data-e-type=\"column\">\n\t\t\t<div class=\"elementor-widget-wrap elementor-element-populated\">\n\t\t\t\t\t\t<div class=\"elementor-element elementor-element-205eda7 elementor-widget elementor-widget-text-editor\" data-id=\"205eda7\" data-element_type=\"widget\" data-e-type=\"widget\" data-widget_type=\"text-editor.default\">\n\t\t\t\t\t\t\t\t\t<p>Puente para la Gente servir\u00e1 de puente entre nuestras comunidades que viven, trabajan y conducen por las carreteras del gran Estado y quienes nos representan.  <\/p>\n<p>Permanezca atento a las novedades sobre la primera encuesta en 20 a\u00f1os sobre el pulso latino.<\/p>\n<div> <\/div>\n<div> <\/div>\n\t\t\t\t\t\t\t\t<\/div>\n\t\t\t\t\t<\/div>\n\t\t<\/div>\n\t\t\t\t\t<\/div>\n\t\t<\/section>\n\t\t\t\t<\/div>\n\t\t","protected":false},"excerpt":{"rendered":"<p>Encuesta \u00abPuente para la gente\u00bb del Ayuntamiento de Lilburn Nuestra comunidad latina ha crecido en los \u00faltimos 20 a\u00f1os aqu\u00ed en Georgia, y hoy representamos el 10% m\u00e1s de 1 mill\u00f3n de personas en el estado. El paraguas incluye a los de Am\u00e9rica Latina, Centroam\u00e9rica, M\u00e9xico, el Caribe y Espa\u00f1a. Con un mill\u00f3n de latinos [&hellip;]<\/p>\n","protected":false},"author":6,"featured_media":17819,"parent":1876,"menu_order":0,"comment_status":"closed","ping_status":"closed","template":"","meta":{"sfsi_plus_gutenberg_text_before_share":"","sfsi_plus_gutenberg_show_text_before_share":"","sfsi_plus_gutenberg_icon_type":"","sfsi_plus_gutenberg_icon_alignemt":"","sfsi_plus_gutenburg_max_per_row":"","om_disable_all_campaigns":false,"_monsterinsights_skip_tracking":false,"_monsterinsights_sitenote_active":false,"_monsterinsights_sitenote_note":"","_monsterinsights_sitenote_category":0,"footnotes":""},"class_list":["post-17816","page","type-page","status-publish","has-post-thumbnail","hentry"],"aioseo_notices":[],"_links":{"self":[{"href":"https:\/\/galeo.org\/es\/wp-json\/wp\/v2\/pages\/17816","targetHints":{"allow":["GET"]}}],"collection":[{"href":"https:\/\/galeo.org\/es\/wp-json\/wp\/v2\/pages"}],"about":[{"href":"https:\/\/galeo.org\/es\/wp-json\/wp\/v2\/types\/page"}],"author":[{"embeddable":true,"href":"https:\/\/galeo.org\/es\/wp-json\/wp\/v2\/users\/6"}],"replies":[{"embeddable":true,"href":"https:\/\/galeo.org\/es\/wp-json\/wp\/v2\/comments?post=17816"}],"version-history":[{"count":2,"href":"https:\/\/galeo.org\/es\/wp-json\/wp\/v2\/pages\/17816\/revisions"}],"predecessor-version":[{"id":17824,"href":"https:\/\/galeo.org\/es\/wp-json\/wp\/v2\/pages\/17816\/revisions\/17824"}],"up":[{"embeddable":true,"href":"https:\/\/galeo.org\/es\/wp-json\/wp\/v2\/pages\/1876"}],"wp:featuredmedia":[{"embeddable":true,"href":"https:\/\/galeo.org\/es\/wp-json\/wp\/v2\/media\/17819"}],"wp:attachment":[{"href":"https:\/\/galeo.org\/es\/wp-json\/wp\/v2\/media?parent=17816"}],"curies":[{"name":"wp","href":"https:\/\/api.w.org\/{rel}","templated":true}]}}