{"id":18498,"date":"2023-06-06T18:02:45","date_gmt":"2023-06-06T18:02:45","guid":{"rendered":"https:\/\/galeo.org\/sobre-nosotros\/personal-de-galeo\/kendy-lopez\/"},"modified":"2023-06-06T18:02:50","modified_gmt":"2023-06-06T18:02:50","slug":"kendy-lopez","status":"publish","type":"page","link":"https:\/\/galeo.org\/es\/sobre-nosotros\/personal-de-galeo\/kendy-lopez\/","title":{"rendered":"Kendy L\u00f3pez"},"content":{"rendered":"\t\t<div data-elementor-type=\"wp-page\" data-elementor-id=\"18498\" class=\"elementor elementor-18498\" data-elementor-post-type=\"page\">\n\t\t\t\t\t\t<section class=\"elementor-section elementor-top-section elementor-element elementor-element-c8704bb elementor-section-boxed elementor-section-height-default elementor-section-height-default\" data-id=\"c8704bb\" data-element_type=\"section\" data-e-type=\"section\">\n\t\t\t\t\t\t<div class=\"elementor-container elementor-column-gap-default\">\n\t\t\t\t\t<div class=\"elementor-column elementor-col-50 elementor-top-column elementor-element elementor-element-975cc48\" data-id=\"975cc48\" data-element_type=\"column\" data-e-type=\"column\">\n\t\t\t<div class=\"elementor-widget-wrap elementor-element-populated\">\n\t\t\t\t\t\t<div class=\"elementor-element elementor-element-b04a005 elementor-widget elementor-widget-heading\" data-id=\"b04a005\" data-element_type=\"widget\" data-e-type=\"widget\" data-widget_type=\"heading.default\">\n\t\t\t\t\t<h2 class=\"elementor-heading-title elementor-size-default\">Kendy L\u00f3pez<\/h2>\t\t\t\t<\/div>\n\t\t\t\t<div class=\"elementor-element elementor-element-d852703 elementor-widget elementor-widget-heading\" data-id=\"d852703\" data-element_type=\"widget\" data-e-type=\"widget\" data-widget_type=\"heading.default\">\n\t\t\t\t\t<h3 class=\"elementor-heading-title elementor-size-default\">PR\u00c1CTICAS DE VERANO 2023<\/h3>\t\t\t\t<\/div>\n\t\t\t\t<div class=\"elementor-element elementor-element-7ae66f9 elementor-widget elementor-widget-text-editor\" data-id=\"7ae66f9\" data-element_type=\"widget\" data-e-type=\"widget\" data-widget_type=\"text-editor.default\">\n\t\t\t\t\t\t\t\t\t<p>Kendy L\u00f3pez es estudiante de tercer curso en Georgia Tech. Se especializa en Econom\u00eda y en Comercio, Lengua y Cultura Internacionales.<\/p>\n<p>Eligi\u00f3 estudiar Econom\u00eda porque le permite observar la econom\u00eda a nivel macroecon\u00f3mico y percibir c\u00f3mo afecta a las personas y a las empresas. Una de las principales razones por las que decidi\u00f3 unirse a GALEO es porque tendr\u00eda la oportunidad de hacer un cambio en la comunidad hispana\/latina.<\/p>\n\t\t\t\t\t\t\t\t<\/div>\n\t\t\t\t\t<\/div>\n\t\t<\/div>\n\t\t\t\t<div class=\"elementor-column elementor-col-50 elementor-top-column elementor-element elementor-element-7fbea5c\" data-id=\"7fbea5c\" data-element_type=\"column\" data-e-type=\"column\">\n\t\t\t<div class=\"elementor-widget-wrap elementor-element-populated\">\n\t\t\t\t\t\t<div class=\"elementor-element elementor-element-bf8ff39 elementor-widget elementor-widget-image\" data-id=\"bf8ff39\" data-element_type=\"widget\" data-e-type=\"widget\" data-widget_type=\"image.default\">\n\t\t\t\t\t\t\t\t\t\t\t\t\t\t\t<img fetchpriority=\"high\" decoding=\"async\" width=\"800\" height=\"1000\" src=\"https:\/\/galeo.org\/wp-content\/uploads\/2023\/06\/4-819x1024.png\" class=\"attachment-large size-large wp-image-18393\" alt=\"\" srcset=\"https:\/\/galeo.org\/wp-content\/uploads\/2023\/06\/4-819x1024.png 819w, https:\/\/galeo.org\/wp-content\/uploads\/2023\/06\/4-600x750.png 600w, https:\/\/galeo.org\/wp-content\/uploads\/2023\/06\/4-240x300.png 240w, https:\/\/galeo.org\/wp-content\/uploads\/2023\/06\/4-768x960.png 768w, https:\/\/galeo.org\/wp-content\/uploads\/2023\/06\/4.png 1080w\" sizes=\"(max-width: 800px) 100vw, 800px\" \/>\t\t\t\t\t\t\t\t\t\t\t\t\t\t\t<\/div>\n\t\t\t\t\t<\/div>\n\t\t<\/div>\n\t\t\t\t\t<\/div>\n\t\t<\/section>\n\t\t\t\t<\/div>\n\t\t","protected":false},"excerpt":{"rendered":"<p>Kendy L\u00f3pez PR\u00c1CTICAS DE VERANO 2023 Kendy L\u00f3pez es estudiante de tercer curso en Georgia Tech. Se especializa en Econom\u00eda y en Comercio, Lengua y Cultura Internacionales. Eligi\u00f3 estudiar Econom\u00eda porque le permite observar la econom\u00eda a nivel macroecon\u00f3mico y percibir c\u00f3mo afecta a las personas y a las empresas. Una de las principales razones [&hellip;]<\/p>\n","protected":false},"author":6,"featured_media":18393,"parent":1896,"menu_order":0,"comment_status":"closed","ping_status":"closed","template":"","meta":{"sfsi_plus_gutenberg_text_before_share":"","sfsi_plus_gutenberg_show_text_before_share":"","sfsi_plus_gutenberg_icon_type":"","sfsi_plus_gutenberg_icon_alignemt":"","sfsi_plus_gutenburg_max_per_row":"","om_disable_all_campaigns":false,"_monsterinsights_skip_tracking":false,"_monsterinsights_sitenote_active":false,"_monsterinsights_sitenote_note":"","_monsterinsights_sitenote_category":0,"footnotes":""},"class_list":["post-18498","page","type-page","status-publish","has-post-thumbnail","hentry"],"aioseo_notices":[],"_links":{"self":[{"href":"https:\/\/galeo.org\/es\/wp-json\/wp\/v2\/pages\/18498","targetHints":{"allow":["GET"]}}],"collection":[{"href":"https:\/\/galeo.org\/es\/wp-json\/wp\/v2\/pages"}],"about":[{"href":"https:\/\/galeo.org\/es\/wp-json\/wp\/v2\/types\/page"}],"author":[{"embeddable":true,"href":"https:\/\/galeo.org\/es\/wp-json\/wp\/v2\/users\/6"}],"replies":[{"embeddable":true,"href":"https:\/\/galeo.org\/es\/wp-json\/wp\/v2\/comments?post=18498"}],"version-history":[{"count":1,"href":"https:\/\/galeo.org\/es\/wp-json\/wp\/v2\/pages\/18498\/revisions"}],"predecessor-version":[{"id":18499,"href":"https:\/\/galeo.org\/es\/wp-json\/wp\/v2\/pages\/18498\/revisions\/18499"}],"up":[{"embeddable":true,"href":"https:\/\/galeo.org\/es\/wp-json\/wp\/v2\/pages\/1896"}],"wp:featuredmedia":[{"embeddable":true,"href":"https:\/\/galeo.org\/es\/wp-json\/wp\/v2\/media\/18393"}],"wp:attachment":[{"href":"https:\/\/galeo.org\/es\/wp-json\/wp\/v2\/media?parent=18498"}],"curies":[{"name":"wp","href":"https:\/\/api.w.org\/{rel}","templated":true}]}}