{"id":18505,"date":"2023-06-06T18:04:32","date_gmt":"2023-06-06T18:04:32","guid":{"rendered":"https:\/\/galeo.org\/sobre-nosotros\/personal-de-galeo\/helen-sorme\/"},"modified":"2023-06-06T18:12:41","modified_gmt":"2023-06-06T18:12:41","slug":"helen-sorme","status":"publish","type":"page","link":"https:\/\/galeo.org\/es\/sobre-nosotros\/personal-de-galeo\/helen-sorme\/","title":{"rendered":"Helen Sorme"},"content":{"rendered":"\t\t<div data-elementor-type=\"wp-page\" data-elementor-id=\"18505\" class=\"elementor elementor-18505\" data-elementor-post-type=\"page\">\n\t\t\t\t\t\t<section class=\"elementor-section elementor-top-section elementor-element elementor-element-c9ec89a elementor-section-boxed elementor-section-height-default elementor-section-height-default\" data-id=\"c9ec89a\" data-element_type=\"section\" data-e-type=\"section\">\n\t\t\t\t\t\t<div class=\"elementor-container elementor-column-gap-default\">\n\t\t\t\t\t<div class=\"elementor-column elementor-col-50 elementor-top-column elementor-element elementor-element-5543d39\" data-id=\"5543d39\" data-element_type=\"column\" data-e-type=\"column\">\n\t\t\t<div class=\"elementor-widget-wrap elementor-element-populated\">\n\t\t\t\t\t\t<div class=\"elementor-element elementor-element-e62550e elementor-widget elementor-widget-heading\" data-id=\"e62550e\" data-element_type=\"widget\" data-e-type=\"widget\" data-widget_type=\"heading.default\">\n\t\t\t\t\t<h2 class=\"elementor-heading-title elementor-size-default\">Helen Sorme<\/h2>\t\t\t\t<\/div>\n\t\t\t\t<div class=\"elementor-element elementor-element-6092a13 elementor-widget elementor-widget-heading\" data-id=\"6092a13\" data-element_type=\"widget\" data-e-type=\"widget\" data-widget_type=\"heading.default\">\n\t\t\t\t\t<h3 class=\"elementor-heading-title elementor-size-default\">PR\u00c1CTICAS DE VERANO 2023<\/h3>\t\t\t\t<\/div>\n\t\t\t\t<div class=\"elementor-element elementor-element-0191280 elementor-widget elementor-widget-text-editor\" data-id=\"0191280\" data-element_type=\"widget\" data-e-type=\"widget\" data-widget_type=\"text-editor.default\">\n\t\t\t\t\t\t\t\t\t<p>Helen Sorme es una estudiante de tercer a\u00f1o de la Universidad de Georgia que estudia periodismo, sociolog\u00eda y nociones b\u00e1sicas de periodismo.<\/p>\n<p>Le interesa c\u00f3mo se producen las interacciones sociales en distintos entornos y le apasiona el periodismo de soluciones. Le encanta correr, viajar, cocinar y probar caf\u00e9 nuevo siempre que puede en su tiempo libre.<\/p>\n<p>Est\u00e1 encantada de empezar con GALEO y servir a la comunidad latina este verano.<\/p>\n\t\t\t\t\t\t\t\t<\/div>\n\t\t\t\t\t<\/div>\n\t\t<\/div>\n\t\t\t\t<div class=\"elementor-column elementor-col-50 elementor-top-column elementor-element elementor-element-63d687f\" data-id=\"63d687f\" data-element_type=\"column\" data-e-type=\"column\">\n\t\t\t<div class=\"elementor-widget-wrap elementor-element-populated\">\n\t\t\t\t\t\t<div class=\"elementor-element elementor-element-f25621e elementor-widget elementor-widget-image\" data-id=\"f25621e\" data-element_type=\"widget\" data-e-type=\"widget\" data-widget_type=\"image.default\">\n\t\t\t\t\t\t\t\t\t\t\t\t\t\t\t<img fetchpriority=\"high\" decoding=\"async\" width=\"800\" height=\"1000\" src=\"https:\/\/galeo.org\/wp-content\/uploads\/2023\/06\/1-819x1024.png\" class=\"attachment-large size-large wp-image-18387\" alt=\"\" srcset=\"https:\/\/galeo.org\/wp-content\/uploads\/2023\/06\/1-819x1024.png 819w, https:\/\/galeo.org\/wp-content\/uploads\/2023\/06\/1-600x750.png 600w, https:\/\/galeo.org\/wp-content\/uploads\/2023\/06\/1-240x300.png 240w, https:\/\/galeo.org\/wp-content\/uploads\/2023\/06\/1-768x960.png 768w, https:\/\/galeo.org\/wp-content\/uploads\/2023\/06\/1.png 1080w\" sizes=\"(max-width: 800px) 100vw, 800px\" \/>\t\t\t\t\t\t\t\t\t\t\t\t\t\t\t<\/div>\n\t\t\t\t\t<\/div>\n\t\t<\/div>\n\t\t\t\t\t<\/div>\n\t\t<\/section>\n\t\t\t\t<\/div>\n\t\t","protected":false},"excerpt":{"rendered":"<p>Helen Sorme PR\u00c1CTICAS DE VERANO 2023 Helen Sorme es una estudiante de tercer a\u00f1o de la Universidad de Georgia que estudia periodismo, sociolog\u00eda y nociones b\u00e1sicas de periodismo. Le interesa c\u00f3mo se producen las interacciones sociales en distintos entornos y le apasiona el periodismo de soluciones. Le encanta correr, viajar, cocinar y probar caf\u00e9 nuevo [&hellip;]<\/p>\n","protected":false},"author":6,"featured_media":0,"parent":1896,"menu_order":0,"comment_status":"closed","ping_status":"closed","template":"","meta":{"sfsi_plus_gutenberg_text_before_share":"","sfsi_plus_gutenberg_show_text_before_share":"","sfsi_plus_gutenberg_icon_type":"","sfsi_plus_gutenberg_icon_alignemt":"","sfsi_plus_gutenburg_max_per_row":"","om_disable_all_campaigns":false,"_monsterinsights_skip_tracking":false,"_monsterinsights_sitenote_active":false,"_monsterinsights_sitenote_note":"","_monsterinsights_sitenote_category":0,"footnotes":""},"class_list":["post-18505","page","type-page","status-publish","hentry"],"aioseo_notices":[],"_links":{"self":[{"href":"https:\/\/galeo.org\/es\/wp-json\/wp\/v2\/pages\/18505","targetHints":{"allow":["GET"]}}],"collection":[{"href":"https:\/\/galeo.org\/es\/wp-json\/wp\/v2\/pages"}],"about":[{"href":"https:\/\/galeo.org\/es\/wp-json\/wp\/v2\/types\/page"}],"author":[{"embeddable":true,"href":"https:\/\/galeo.org\/es\/wp-json\/wp\/v2\/users\/6"}],"replies":[{"embeddable":true,"href":"https:\/\/galeo.org\/es\/wp-json\/wp\/v2\/comments?post=18505"}],"version-history":[{"count":1,"href":"https:\/\/galeo.org\/es\/wp-json\/wp\/v2\/pages\/18505\/revisions"}],"predecessor-version":[{"id":18506,"href":"https:\/\/galeo.org\/es\/wp-json\/wp\/v2\/pages\/18505\/revisions\/18506"}],"up":[{"embeddable":true,"href":"https:\/\/galeo.org\/es\/wp-json\/wp\/v2\/pages\/1896"}],"wp:attachment":[{"href":"https:\/\/galeo.org\/es\/wp-json\/wp\/v2\/media?parent=18505"}],"curies":[{"name":"wp","href":"https:\/\/api.w.org\/{rel}","templated":true}]}}