{"id":18529,"date":"2023-06-08T16:38:37","date_gmt":"2023-06-08T16:38:37","guid":{"rendered":"https:\/\/galeo.org\/sobre-nosotros\/personal-de-galeo\/ramses-jimenez-2\/"},"modified":"2023-06-28T17:53:29","modified_gmt":"2023-06-28T17:53:29","slug":"ramses-jimenez-2","status":"publish","type":"page","link":"https:\/\/galeo.org\/es\/sobre-nosotros\/personal-de-galeo\/ramses-jimenez-2\/","title":{"rendered":"Rams\u00e9s Jim\u00e9nez"},"content":{"rendered":"\t\t<div data-elementor-type=\"wp-page\" data-elementor-id=\"18529\" class=\"elementor elementor-18529 elementor-18523\" data-elementor-post-type=\"page\">\n\t\t\t\t<div class=\"elementor-element elementor-element-4be4590 e-flex e-con-boxed e-con e-parent\" data-id=\"4be4590\" data-element_type=\"container\" data-e-type=\"container\">\n\t\t\t\t\t<div class=\"e-con-inner\">\n\t\t\t\t<div class=\"elementor-element elementor-element-3fcc549 elementor-widget elementor-widget-template\" data-id=\"3fcc549\" data-element_type=\"widget\" data-e-type=\"widget\" data-widget_type=\"template.default\">\n\t\t\t\t<div class=\"elementor-widget-container\">\n\t\t\t\t\t\t\t<div class=\"elementor-template\">\n\t\t\t\t\t<div data-elementor-type=\"section\" data-elementor-id=\"18707\" class=\"elementor elementor-18707 elementor-18536 elementor-18536\" data-elementor-post-type=\"elementor_library\">\n\t\t\t\t\t<section class=\"elementor-section elementor-top-section elementor-element elementor-element-2637617c elementor-section-boxed elementor-section-height-default elementor-section-height-default\" data-id=\"2637617c\" data-element_type=\"section\" data-e-type=\"section\">\n\t\t\t\t\t\t<div class=\"elementor-container elementor-column-gap-default\">\n\t\t\t\t\t<div class=\"elementor-column elementor-col-100 elementor-top-column elementor-element elementor-element-615fd3bf\" data-id=\"615fd3bf\" data-element_type=\"column\" data-e-type=\"column\" data-settings=\"{&quot;background_background&quot;:&quot;gradient&quot;}\">\n\t\t\t<div class=\"elementor-widget-wrap elementor-element-populated\">\n\t\t\t\t\t\t<section class=\"elementor-section elementor-inner-section elementor-element elementor-element-6d676a5b elementor-section-boxed elementor-section-height-default elementor-section-height-default\" data-id=\"6d676a5b\" data-element_type=\"section\" data-e-type=\"section\" data-settings=\"{&quot;background_background&quot;:&quot;classic&quot;}\">\n\t\t\t\t\t\t\t<div class=\"elementor-background-overlay\"><\/div>\n\t\t\t\t\t\t\t<div class=\"elementor-container elementor-column-gap-no\">\n\t\t\t\t\t<div class=\"elementor-column elementor-col-50 elementor-inner-column elementor-element elementor-element-44eeac6\" data-id=\"44eeac6\" data-element_type=\"column\" data-e-type=\"column\">\n\t\t\t<div class=\"elementor-widget-wrap elementor-element-populated\">\n\t\t\t\t\t\t<div class=\"elementor-element elementor-element-61b6fe9c elementor-widget elementor-widget-heading\" data-id=\"61b6fe9c\" data-element_type=\"widget\" data-e-type=\"widget\" data-widget_type=\"heading.default\">\n\t\t\t\t\t<h1 class=\"elementor-heading-title elementor-size-default\">Personal<\/h1>\t\t\t\t<\/div>\n\t\t\t\t\t<\/div>\n\t\t<\/div>\n\t\t\t\t<div class=\"elementor-column elementor-col-50 elementor-inner-column elementor-element elementor-element-77fb72f5\" data-id=\"77fb72f5\" data-element_type=\"column\" data-e-type=\"column\">\n\t\t\t<div class=\"elementor-widget-wrap elementor-element-populated\">\n\t\t\t\t\t\t<div class=\"elementor-element elementor-element-f3ff59b elementor-widget elementor-widget-image\" data-id=\"f3ff59b\" data-element_type=\"widget\" data-e-type=\"widget\" data-widget_type=\"image.default\">\n\t\t\t\t\t\t\t\t\t\t\t\t\t\t\t<img fetchpriority=\"high\" decoding=\"async\" width=\"700\" height=\"250\" src=\"https:\/\/galeo.org\/wp-content\/uploads\/2022\/07\/GALEO-About.png\" class=\"attachment-large size-large wp-image-1499\" alt=\"\" srcset=\"https:\/\/galeo.org\/wp-content\/uploads\/2022\/07\/GALEO-About.png 700w, https:\/\/galeo.org\/wp-content\/uploads\/2022\/07\/GALEO-About-600x214.png 600w, https:\/\/galeo.org\/wp-content\/uploads\/2022\/07\/GALEO-About-300x107.png 300w\" sizes=\"(max-width: 700px) 100vw, 700px\" \/>\t\t\t\t\t\t\t\t\t\t\t\t\t\t\t<\/div>\n\t\t\t\t\t<\/div>\n\t\t<\/div>\n\t\t\t\t\t<\/div>\n\t\t<\/section>\n\t\t\t\t\t<\/div>\n\t\t<\/div>\n\t\t\t\t\t<\/div>\n\t\t<\/section>\n\t\t\t\t<\/div>\n\t\t\t\t<\/div>\n\t\t\t\t\t\t<\/div>\n\t\t\t\t<\/div>\n\t\t\t\t\t<\/div>\n\t\t\t\t<\/div>\n\t\t<div class=\"elementor-element elementor-element-5a18e85 e-flex e-con-boxed e-con e-parent\" data-id=\"5a18e85\" data-element_type=\"container\" data-e-type=\"container\">\n\t\t\t\t\t<div class=\"e-con-inner\">\n\t\t<div class=\"elementor-element elementor-element-42e9ad9 e-con-full e-flex e-con e-parent\" data-id=\"42e9ad9\" data-element_type=\"container\" data-e-type=\"container\">\n\t\t\t\t<div class=\"elementor-element elementor-element-d7b75ae elementor-widget elementor-widget-heading\" data-id=\"d7b75ae\" data-element_type=\"widget\" data-e-type=\"widget\" data-widget_type=\"heading.default\">\n\t\t\t\t\t<h2 class=\"elementor-heading-title elementor-size-default\">Rams\u00e9s Jim\u00e9nez<\/h2>\t\t\t\t<\/div>\n\t\t\t\t<div class=\"elementor-element elementor-element-7de8c68 elementor-widget elementor-widget-heading\" data-id=\"7de8c68\" data-element_type=\"widget\" data-e-type=\"widget\" data-widget_type=\"heading.default\">\n\t\t\t\t\t<h3 class=\"elementor-heading-title elementor-size-default\">ORGANIZADOR COMUNITARIO<\/h3>\t\t\t\t<\/div>\n\t\t\t\t<div class=\"elementor-element elementor-element-b2dba22 elementor-shape-circle e-grid-align-left elementor-grid-0 elementor-widget elementor-widget-social-icons\" data-id=\"b2dba22\" data-element_type=\"widget\" data-e-type=\"widget\" data-widget_type=\"social-icons.default\">\n\t\t\t\t\t\t\t<div class=\"elementor-social-icons-wrapper elementor-grid\" role=\"list\">\n\t\t\t\t\t\t\t<span class=\"elementor-grid-item\" role=\"listitem\">\n\t\t\t\t\t<a class=\"elementor-icon elementor-social-icon elementor-social-icon-envelope elementor-repeater-item-8107108\" href=\"mailto:rjimenez@galeo.org\" target=\"_blank\">\n\t\t\t\t\t\t<span class=\"elementor-screen-only\">Envelope<\/span>\n\t\t\t\t\t\t<svg aria-hidden=\"true\" class=\"e-font-icon-svg e-fas-envelope\" viewBox=\"0 0 512 512\" xmlns=\"http:\/\/www.w3.org\/2000\/svg\"><path d=\"M502.3 190.8c3.9-3.1 9.7-.2 9.7 4.7V400c0 26.5-21.5 48-48 48H48c-26.5 0-48-21.5-48-48V195.6c0-5 5.7-7.8 9.7-4.7 22.4 17.4 52.1 39.5 154.1 113.6 21.1 15.4 56.7 47.8 92.2 47.6 35.7.3 72-32.8 92.3-47.6 102-74.1 131.6-96.3 154-113.7zM256 320c23.2.4 56.6-29.2 73.4-41.4 132.7-96.3 142.8-104.7 173.4-128.7 5.8-4.5 9.2-11.5 9.2-18.9v-19c0-26.5-21.5-48-48-48H48C21.5 64 0 85.5 0 112v19c0 7.4 3.4 14.3 9.2 18.9 30.6 23.9 40.7 32.4 173.4 128.7 16.8 12.2 50.2 41.8 73.4 41.4z\"><\/path><\/svg>\t\t\t\t\t<\/a>\n\t\t\t\t<\/span>\n\t\t\t\t\t\t\t<span class=\"elementor-grid-item\" role=\"listitem\">\n\t\t\t\t\t<a class=\"elementor-icon elementor-social-icon elementor-social-icon-linkedin elementor-repeater-item-b43aee2\" href=\"https:\/\/www.linkedin.com\/in\/ramses-jimenez-637121159\/\" target=\"_blank\">\n\t\t\t\t\t\t<span class=\"elementor-screen-only\">Linkedin<\/span>\n\t\t\t\t\t\t<svg aria-hidden=\"true\" class=\"e-font-icon-svg e-fab-linkedin\" viewBox=\"0 0 448 512\" xmlns=\"http:\/\/www.w3.org\/2000\/svg\"><path d=\"M416 32H31.9C14.3 32 0 46.5 0 64.3v383.4C0 465.5 14.3 480 31.9 480H416c17.6 0 32-14.5 32-32.3V64.3c0-17.8-14.4-32.3-32-32.3zM135.4 416H69V202.2h66.5V416zm-33.2-243c-21.3 0-38.5-17.3-38.5-38.5S80.9 96 102.2 96c21.2 0 38.5 17.3 38.5 38.5 0 21.3-17.2 38.5-38.5 38.5zm282.1 243h-66.4V312c0-24.8-.5-56.7-34.5-56.7-34.6 0-39.9 27-39.9 54.9V416h-66.4V202.2h63.7v29.2h.9c8.9-16.8 30.6-34.5 62.9-34.5 67.2 0 79.7 44.3 79.7 101.9V416z\"><\/path><\/svg>\t\t\t\t\t<\/a>\n\t\t\t\t<\/span>\n\t\t\t\t\t<\/div>\n\t\t\t\t\t\t<\/div>\n\t\t\t\t<div class=\"elementor-element elementor-element-b87e360 elementor-widget elementor-widget-text-editor\" data-id=\"b87e360\" data-element_type=\"widget\" data-e-type=\"widget\" data-widget_type=\"text-editor.default\">\n\t\t\t\t\t\t\t\t\t<p><span style=\"font-weight: 400;\">Nacido en Ciudad de M\u00e9xico y criado en Atlanta,<\/span><b> Rams\u00e9s Jim\u00e9nez<\/b> <i><br \/>\n  <span style=\"font-weight: 400;\">(\u00c9l\/\u00c9l\/\u00c9l)<\/span><br \/>\n<\/i><span style=\"font-weight: 400;\">  es una de nuestras organizadoras comunitarias. Ramses es licenciado en Marketing por la Universidad Estatal de Georgia. Durante la pandemia de 2020, Rams\u00e9s empez\u00f3 a hacer campa\u00f1a para GALEO y sinti\u00f3 el deseo de hacer m\u00e1s por su comunidad. Las mayores aspiraciones de Ramses incluyen empoderar a la gente latina abogando por el derecho al voto y amplificando las voces latinas e hispanas en Georgia.<\/span><\/p>\n\t\t\t\t\t\t\t\t<\/div>\n\t\t\t\t<\/div>\n\t\t<div class=\"elementor-element elementor-element-7fff5ac e-con-full e-flex e-con e-parent\" data-id=\"7fff5ac\" data-element_type=\"container\" data-e-type=\"container\">\n\t\t\t\t<div class=\"elementor-element elementor-element-cc668a8 elementor-widget elementor-widget-image\" data-id=\"cc668a8\" data-element_type=\"widget\" data-e-type=\"widget\" data-widget_type=\"image.default\">\n\t\t\t\t\t\t\t\t\t\t\t\t\t\t\t<img decoding=\"async\" width=\"800\" height=\"800\" src=\"https:\/\/galeo.org\/wp-content\/uploads\/2022\/07\/10-1024x1024.png\" class=\"attachment-large size-large wp-image-1680\" alt=\"\" srcset=\"https:\/\/galeo.org\/wp-content\/uploads\/2022\/07\/10-1024x1024.png 1024w, https:\/\/galeo.org\/wp-content\/uploads\/2022\/07\/10-300x300.png 300w, https:\/\/galeo.org\/wp-content\/uploads\/2022\/07\/10-100x100.png 100w, https:\/\/galeo.org\/wp-content\/uploads\/2022\/07\/10-600x600.png 600w, https:\/\/galeo.org\/wp-content\/uploads\/2022\/07\/10-150x150.png 150w, https:\/\/galeo.org\/wp-content\/uploads\/2022\/07\/10-768x768.png 768w, https:\/\/galeo.org\/wp-content\/uploads\/2022\/07\/10.png 1080w\" sizes=\"(max-width: 800px) 100vw, 800px\" \/>\t\t\t\t\t\t\t\t\t\t\t\t\t\t\t<\/div>\n\t\t\t\t<\/div>\n\t\t\t\t\t<\/div>\n\t\t\t\t<\/div>\n\t\t\t\t<\/div>\n\t\t","protected":false},"excerpt":{"rendered":"<p>Rams\u00e9s Jim\u00e9nez ORGANIZADOR COMUNITARIO Envelope Linkedin Nacido en Ciudad de M\u00e9xico y criado en Atlanta, Rams\u00e9s Jim\u00e9nez (\u00c9l\/\u00c9l\/\u00c9l) es una de nuestras organizadoras comunitarias. Ramses es licenciado en Marketing por la Universidad Estatal de Georgia. Durante la pandemia de 2020, Rams\u00e9s empez\u00f3 a hacer campa\u00f1a para GALEO y sinti\u00f3 el deseo de hacer m\u00e1s por [&hellip;]<\/p>\n","protected":false},"author":4,"featured_media":0,"parent":1896,"menu_order":0,"comment_status":"closed","ping_status":"closed","template":"","meta":{"sfsi_plus_gutenberg_text_before_share":"","sfsi_plus_gutenberg_show_text_before_share":"","sfsi_plus_gutenberg_icon_type":"","sfsi_plus_gutenberg_icon_alignemt":"","sfsi_plus_gutenburg_max_per_row":"","om_disable_all_campaigns":false,"_monsterinsights_skip_tracking":false,"_monsterinsights_sitenote_active":false,"_monsterinsights_sitenote_note":"","_monsterinsights_sitenote_category":0,"footnotes":""},"class_list":["post-18529","page","type-page","status-publish","hentry"],"aioseo_notices":[],"_links":{"self":[{"href":"https:\/\/galeo.org\/es\/wp-json\/wp\/v2\/pages\/18529","targetHints":{"allow":["GET"]}}],"collection":[{"href":"https:\/\/galeo.org\/es\/wp-json\/wp\/v2\/pages"}],"about":[{"href":"https:\/\/galeo.org\/es\/wp-json\/wp\/v2\/types\/page"}],"author":[{"embeddable":true,"href":"https:\/\/galeo.org\/es\/wp-json\/wp\/v2\/users\/4"}],"replies":[{"embeddable":true,"href":"https:\/\/galeo.org\/es\/wp-json\/wp\/v2\/comments?post=18529"}],"version-history":[{"count":3,"href":"https:\/\/galeo.org\/es\/wp-json\/wp\/v2\/pages\/18529\/revisions"}],"predecessor-version":[{"id":18653,"href":"https:\/\/galeo.org\/es\/wp-json\/wp\/v2\/pages\/18529\/revisions\/18653"}],"up":[{"embeddable":true,"href":"https:\/\/galeo.org\/es\/wp-json\/wp\/v2\/pages\/1896"}],"wp:attachment":[{"href":"https:\/\/galeo.org\/es\/wp-json\/wp\/v2\/media?parent=18529"}],"curies":[{"name":"wp","href":"https:\/\/api.w.org\/{rel}","templated":true}]}}