{"id":18597,"date":"2023-06-13T15:46:19","date_gmt":"2023-06-13T15:46:19","guid":{"rendered":"https:\/\/galeo.org\/apoyenos\/formas-de-donar\/"},"modified":"2023-10-23T14:39:17","modified_gmt":"2023-10-23T14:39:17","slug":"formas-de-donar","status":"publish","type":"page","link":"https:\/\/galeo.org\/es\/apoyenos\/formas-de-donar\/","title":{"rendered":"Formas de donar"},"content":{"rendered":"\t\t<div data-elementor-type=\"wp-page\" data-elementor-id=\"18597\" class=\"elementor elementor-18597 elementor-18583\" data-elementor-post-type=\"page\">\n\t\t\t\t<div class=\"elementor-element elementor-element-bf1d66e e-flex e-con-boxed e-con e-parent\" data-id=\"bf1d66e\" data-element_type=\"container\" data-e-type=\"container\">\n\t\t\t\t\t<div class=\"e-con-inner\">\n\t\t\t\t\t<\/div>\n\t\t\t\t<\/div>\n\t\t<div class=\"elementor-element elementor-element-b8da630 e-flex e-con-boxed e-con e-parent\" data-id=\"b8da630\" data-element_type=\"container\" data-e-type=\"container\">\n\t\t\t\t\t<div class=\"e-con-inner\">\n\t\t\t\t<div class=\"elementor-element elementor-element-ffd0872 elementor-widget elementor-widget-text-editor\" data-id=\"ffd0872\" data-element_type=\"widget\" data-e-type=\"widget\" data-widget_type=\"text-editor.default\">\n\t\t\t\t\t\t\t\t\t<h3><span style=\"font-weight: 400;\">Su donaci\u00f3n nos ayuda a cumplir nuestra misi\u00f3n de aumentar la participaci\u00f3n c\u00edvica de la comunidad latina y desarrollar l\u00edderes latinos prominentes en todo el estado de Georgia. GALEO lucha por una Georgia mejor en la que la comunidad latina participe c\u00edvicamente y se reconozcan sus contribuciones y preocupaciones. El 88% de los gastos de GALEO, reconocido por su excelente rendimiento por los principales grupos independientes de control de organizaciones ben\u00e9ficas, se destina directamente a nuestros programas.<\/span><\/h3>\n\t\t\t\t\t\t\t\t<\/div>\n\t\t\t\t\t<\/div>\n\t\t\t\t<\/div>\n\t\t<div class=\"elementor-element elementor-element-e9c1669 e-flex e-con-boxed e-con e-parent\" data-id=\"e9c1669\" data-element_type=\"container\" data-e-type=\"container\">\n\t\t\t\t\t<div class=\"e-con-inner\">\n\t\t\t\t<div class=\"elementor-element elementor-element-4ba9cc7 elementor-widget elementor-widget-heading\" data-id=\"4ba9cc7\" data-element_type=\"widget\" data-e-type=\"widget\" data-widget_type=\"heading.default\">\n\t\t\t\t\t<h3 class=\"elementor-heading-title elementor-size-default\">DONA EN L\u00cdNEA<\/h3>\t\t\t\t<\/div>\n\t\t\t\t<div class=\"elementor-element elementor-element-0a16f2d elementor-widget elementor-widget-text-editor\" data-id=\"0a16f2d\" data-element_type=\"widget\" data-e-type=\"widget\" data-widget_type=\"text-editor.default\">\n\t\t\t\t\t\t\t\t\t<p><span style=\"font-weight: 400;\">Dar en l\u00ednea es r\u00e1pido, f\u00e1cil y seguro. S\u00f3lo tiene que utilizar nuestro formulario en l\u00ednea, rellenar los datos correctos y \u00a1listo! Es la forma m\u00e1s r\u00e1pida de ayudar a nuestra comunidad. Gracias a las generosas donaciones de personas como usted, hemos inscrito a miles de votantes y formado a cientos de futuros l\u00edderes.<\/span><\/p>\n\t\t\t\t\t\t\t\t<\/div>\n\t\t\t\t<div class=\"elementor-element elementor-element-409fc83 elementor-widget elementor-widget-button\" data-id=\"409fc83\" data-element_type=\"widget\" data-e-type=\"widget\" data-widget_type=\"button.default\">\n\t\t\t\t\t\t\t\t\t\t<a class=\"elementor-button elementor-button-link elementor-size-sm\" href=\"https:\/\/secure.everyaction.com\/-Netu3lCa0CM7aR8rnLLuA2\">\n\t\t\t\t\t\t<span class=\"elementor-button-content-wrapper\">\n\t\t\t\t\t\t\t\t\t<span class=\"elementor-button-text\">DONAR<\/span>\n\t\t\t\t\t<\/span>\n\t\t\t\t\t<\/a>\n\t\t\t\t\t\t\t\t<\/div>\n\t\t\t\t<div class=\"elementor-element elementor-element-303621e elementor-widget elementor-widget-heading\" data-id=\"303621e\" data-element_type=\"widget\" data-e-type=\"widget\" data-widget_type=\"heading.default\">\n\t\t\t\t\t<h3 class=\"elementor-heading-title elementor-size-default\">DONATIVOS POR CORREO<\/h3>\t\t\t\t<\/div>\n\t\t\t\t<div class=\"elementor-element elementor-element-32d389c elementor-widget elementor-widget-text-editor\" data-id=\"32d389c\" data-element_type=\"widget\" data-e-type=\"widget\" data-widget_type=\"text-editor.default\">\n\t\t\t\t\t\t\t\t\t<p><span style=\"font-weight: 400;\">Ya sea un billete de 5 d\u00f3lares o un cheque de 5.000, las donaciones monetarias sostienen nuestra organizaci\u00f3n. Agradecemos su generosidad.<br \/><\/span><span style=\"text-align: var(--text-align);\">Puede enviar por correo cualquier donaci\u00f3n monetaria a<br \/><\/span><span style=\"text-align: var(--text-align);\"><br \/>GALEO<br \/><\/span><span style=\"text-align: var(--text-align);\">Apartado de correos 29506<br \/><\/span><span style=\"text-align: var(--text-align);\">Atlanta, GA, 30359<\/span><\/p>\n\t\t\t\t\t\t\t\t<\/div>\n\t\t\t\t<div class=\"elementor-element elementor-element-4c90f36 elementor-widget elementor-widget-heading\" data-id=\"4c90f36\" data-element_type=\"widget\" data-e-type=\"widget\" data-widget_type=\"heading.default\">\n\t\t\t\t\t<h3 class=\"elementor-heading-title elementor-size-default\">H\u00c1GASE SOCIO  <\/h3>\t\t\t\t<\/div>\n\t\t\t\t<div class=\"elementor-element elementor-element-2531c93 elementor-widget elementor-widget-text-editor\" data-id=\"2531c93\" data-element_type=\"widget\" data-e-type=\"widget\" data-widget_type=\"text-editor.default\">\n\t\t\t\t\t\t\t\t\t<p><span style=\"font-weight: 400;\">GALEO cuenta con el apoyo de personas, organizaciones, empresas y corporaciones que creen en el apoyo a la creciente comunidad latina del estado y en la misi\u00f3n de aumentar el compromiso c\u00edvico de la comunidad latina. Esto se consigue haci\u00e9ndose Miembro de GALEO. La afiliaci\u00f3n est\u00e1 abierta a empresas y particulares que deseen apoyar nuestros esfuerzos en la comunidad latina.  <\/span><\/p>\n\t\t\t\t\t\t\t\t<\/div>\n\t\t\t\t<div class=\"elementor-element elementor-element-9651f76 elementor-widget elementor-widget-button\" data-id=\"9651f76\" data-element_type=\"widget\" data-e-type=\"widget\" data-widget_type=\"button.default\">\n\t\t\t\t\t\t\t\t\t\t<a class=\"elementor-button elementor-button-link elementor-size-sm\" href=\"https:\/\/secure.everyaction.com\/VKtmHyQDXkuKdzvmRdMAsw2\">\n\t\t\t\t\t\t<span class=\"elementor-button-content-wrapper\">\n\t\t\t\t\t\t\t\t\t<span class=\"elementor-button-text\">\u00daNETE AHORA<\/span>\n\t\t\t\t\t<\/span>\n\t\t\t\t\t<\/a>\n\t\t\t\t\t\t\t\t<\/div>\n\t\t\t\t<div class=\"elementor-element elementor-element-f2f190d elementor-widget elementor-widget-heading\" data-id=\"f2f190d\" data-element_type=\"widget\" data-e-type=\"widget\" data-widget_type=\"heading.default\">\n\t\t\t\t\t<h3 class=\"elementor-heading-title elementor-size-default\">HAZTE AMIGO DE LA COMUNIDAD:  \n<\/h3>\t\t\t\t<\/div>\n\t\t\t\t<div class=\"elementor-element elementor-element-a98e7e3 elementor-widget elementor-widget-text-editor\" data-id=\"a98e7e3\" data-element_type=\"widget\" data-e-type=\"widget\" data-widget_type=\"text-editor.default\">\n\t\t\t\t\t\t\t\t\t<p><span style=\"font-weight: 400;\">Haz un donativo recurrente y contribuye a ayudar a\u00fan m\u00e1s a la comunidad latina de Georgia. Los donantes mensuales se convierten autom\u00e1ticamente en miembros de GALEO. Los regalos recurrentes facilitan las donaciones y nos permiten proyectar mejor las donaciones previstas a la organizaci\u00f3n. Las donaciones se retiran autom\u00e1ticamente mediante cheque electr\u00f3nico o transacciones con tarjeta de cr\u00e9dito. Cada contribuci\u00f3n, independientemente de su importe, es significativa para el trabajo y la misi\u00f3n de GALEO.  <\/span><\/p>\n<p><span style=\"font-weight: 400;\">Para hacerse socio, haga clic en el bot\u00f3n Donar que aparece a continuaci\u00f3n, seleccione Donaci\u00f3n mensual y rellene todo el formulario.<\/span><\/p>\n\t\t\t\t\t\t\t\t<\/div>\n\t\t\t\t<div class=\"elementor-element elementor-element-d042a52 elementor-widget elementor-widget-button\" data-id=\"d042a52\" data-element_type=\"widget\" data-e-type=\"widget\" data-widget_type=\"button.default\">\n\t\t\t\t\t\t\t\t\t\t<a class=\"elementor-button elementor-button-link elementor-size-sm\" href=\"https:\/\/secure.everyaction.com\/-Netu3lCa0CM7aR8rnLLuA2\">\n\t\t\t\t\t\t<span class=\"elementor-button-content-wrapper\">\n\t\t\t\t\t\t\t\t\t<span class=\"elementor-button-text\">DONAR<\/span>\n\t\t\t\t\t<\/span>\n\t\t\t\t\t<\/a>\n\t\t\t\t\t\t\t\t<\/div>\n\t\t\t\t<div class=\"elementor-element elementor-element-3415dca elementor-widget elementor-widget-heading\" data-id=\"3415dca\" data-element_type=\"widget\" data-e-type=\"widget\" data-widget_type=\"heading.default\">\n\t\t\t\t\t<h3 class=\"elementor-heading-title elementor-size-default\">PATROCINADOR<\/h3>\t\t\t\t<\/div>\n\t\t\t\t<div class=\"elementor-element elementor-element-d972aff elementor-widget elementor-widget-text-editor\" data-id=\"d972aff\" data-element_type=\"widget\" data-e-type=\"widget\" data-widget_type=\"text-editor.default\">\n\t\t\t\t\t\t\t\t\t<p><span style=\"font-weight: 400;\">Patrocinar un evento es una excelente manera de implicar a su empresa en GALEO. Elizabeth Scott, nuestra Directora de Desarrollo, est\u00e1 a su disposici\u00f3n para ayudarle a crear el patrocinio adecuado para usted. Las posibles opciones de asociaci\u00f3n son el comercio con los medios de comunicaci\u00f3n, el marketing con causa, el patrocinio, las donaciones en especie, las subvenciones y la participaci\u00f3n de los empleados. No dude en ponerse en contacto con ella por correo electr\u00f3nico en  <\/span><a href=\"mailto:Development@galeo.org\"><br \/>\n  <span style=\"font-weight: 400;\">Development@galeo.org<\/span><br \/>\n<\/a><span style=\"font-weight: 400;\"> . <\/span> <\/p>\n\t\t\t\t\t\t\t\t<\/div>\n\t\t\t\t<div class=\"elementor-element elementor-element-574aa18 elementor-widget elementor-widget-heading\" data-id=\"574aa18\" data-element_type=\"widget\" data-e-type=\"widget\" data-widget_type=\"heading.default\">\n\t\t\t\t\t<h3 class=\"elementor-heading-title elementor-size-default\">VOLUNTARIO<\/h3>\t\t\t\t<\/div>\n\t\t\t\t<div class=\"elementor-element elementor-element-a758788 elementor-widget elementor-widget-text-editor\" data-id=\"a758788\" data-element_type=\"widget\" data-e-type=\"widget\" data-widget_type=\"text-editor.default\">\n\t\t\t\t\t\t\t\t\t<p><span style=\"font-weight: 400;\">El trabajo que hacemos no es posible sin la dedicaci\u00f3n de los voluntarios. Su compromiso y apoyo nos permiten marcar la diferencia en la comunidad latina de Georgia.  <\/span><\/p>\n\t\t\t\t\t\t\t\t<\/div>\n\t\t\t\t<div class=\"elementor-element elementor-element-5899b9e elementor-widget elementor-widget-button\" data-id=\"5899b9e\" data-element_type=\"widget\" data-e-type=\"widget\" data-widget_type=\"button.default\">\n\t\t\t\t\t\t\t\t\t\t<a class=\"elementor-button elementor-button-link elementor-size-sm\" href=\"https:\/\/secure.everyaction.com\/cy1IIFO-PUCD2XSHQ6Hq9A2\">\n\t\t\t\t\t\t<span class=\"elementor-button-content-wrapper\">\n\t\t\t\t\t\t\t\t\t<span class=\"elementor-button-text\">VOLUNTARIO<\/span>\n\t\t\t\t\t<\/span>\n\t\t\t\t\t<\/a>\n\t\t\t\t\t\t\t\t<\/div>\n\t\t\t\t<div class=\"elementor-element elementor-element-64a8cde elementor-widget elementor-widget-heading\" data-id=\"64a8cde\" data-element_type=\"widget\" data-e-type=\"widget\" data-widget_type=\"heading.default\">\n\t\t\t\t\t<h3 class=\"elementor-heading-title elementor-size-default\">REGALOS NO MONETARIOS (EN ESPECIE)<\/h3>\t\t\t\t<\/div>\n\t\t\t\t<div class=\"elementor-element elementor-element-2d89ec2 elementor-widget elementor-widget-text-editor\" data-id=\"2d89ec2\" data-element_type=\"widget\" data-e-type=\"widget\" data-widget_type=\"text-editor.default\">\n\t\t\t\t\t\t\t\t\t<p><span style=\"font-weight: 400;\">Las donaciones de bienes y servicios, tambi\u00e9n conocidas como regalos en especie, son extremadamente valiosas para GALEO. Las donaciones en especie pueden ser realizadas por particulares, organizaciones o empresas. Estos art\u00edculos podr\u00edan apoyar nuestros programas o ser colocados en una subasta silenciosa. Su donaci\u00f3n es 100 por ciento deducible de impuestos. Nuestra lista de deseos de Amazon est\u00e1 disponible para ideas. (<\/span><a href=\"https:\/\/a.co\/1zzdfaZ\"><br \/>\n  <span style=\"font-weight: 400;\">https:\/\/a.co\/1zzdfaZ<\/span><br \/>\n<\/a><span style=\"font-weight: 400;\">) No dude en ponerse en contacto con nosotros por correo electr\u00f3nico en <\/span><a href=\"mailto:Development@galeo.org\"><br \/>\n  <span style=\"font-weight: 400;\">Development@galeo.org<\/span><br \/>\n<\/a><span style=\"font-weight: 400;\">. <\/span> <\/p>\n\t\t\t\t\t\t\t\t<\/div>\n\t\t\t\t<div class=\"elementor-element elementor-element-dea5598 elementor-widget elementor-widget-heading\" data-id=\"dea5598\" data-element_type=\"widget\" data-e-type=\"widget\" data-widget_type=\"heading.default\">\n\t\t\t\t\t<h3 class=\"elementor-heading-title elementor-size-default\">FONDOS DONADOS  <\/h3>\t\t\t\t<\/div>\n\t\t\t\t<div class=\"elementor-element elementor-element-d4ec9cb elementor-widget elementor-widget-text-editor\" data-id=\"d4ec9cb\" data-element_type=\"widget\" data-e-type=\"widget\" data-widget_type=\"text-editor.default\">\n\t\t\t\t\t\t\t\t\t<p><span style=\"font-weight: 400;\">Un fondo asesorado por el donante (DAF) es un veh\u00edculo de donaciones ben\u00e9ficas que le permite hacer una contribuci\u00f3n ben\u00e9fica y luego recomendar subvenciones a lo largo del tiempo desde el fondo para apoyar sus causas preferidas, como GALEO. Los fondos recomendados por los donantes pueden crearse f\u00e1cilmente a trav\u00e9s de una fundaci\u00f3n comunitaria o de instituciones financieras como Fidelity, Vanguard y otras. Tenemos experiencia en trabajar con todo tipo de anfitriones de DAF.<\/span><\/p>\n<p><span style=\"font-weight: 400;\">Si ya tiene un fondo asesorado por donantes, puede ponerse en contacto con su representante del DAF y recomendar una donaci\u00f3n hoy mismo.<\/span><\/p>\n\t\t\t\t\t\t\t\t<\/div>\n\t\t\t\t\t<\/div>\n\t\t\t\t<\/div>\n\t\t<div class=\"elementor-element elementor-element-5bcacab e-flex e-con-boxed e-con e-parent\" data-id=\"5bcacab\" data-element_type=\"container\" data-e-type=\"container\">\n\t\t\t\t\t<div class=\"e-con-inner\">\n\t\t\t\t<div class=\"elementor-element elementor-element-8801599 elementor-widget elementor-widget-heading\" data-id=\"8801599\" data-element_type=\"widget\" data-e-type=\"widget\" data-widget_type=\"heading.default\">\n\t\t\t\t\t<h3 class=\"elementor-heading-title elementor-size-default\">REGALOS DE LEGADO<\/h3>\t\t\t\t<\/div>\n\t\t\t\t<div class=\"elementor-element elementor-element-b11367c elementor-widget elementor-widget-text-editor\" data-id=\"b11367c\" data-element_type=\"widget\" data-e-type=\"widget\" data-widget_type=\"text-editor.default\">\n\t\t\t\t\t\t\t\t\t<p><span style=\"font-weight: 400;\">\u00bfSab\u00eda que puede apoyar el futuro de GALEO a\u00f1adi\u00e9ndonos a su testamento? Una donaci\u00f3n planificada es cualquier donaci\u00f3n importante, realizada en vida o en el momento del fallecimiento, como parte de su planificaci\u00f3n financiera y\/o patrimonial global. Adem\u00e1s de las rentas vitalicias y los planes de jubilaci\u00f3n, disponemos de varias opciones que puede considerar:<\/span><\/p>\n\t\t\t\t\t\t\t\t<\/div>\n\t\t\t\t<div class=\"elementor-element elementor-element-2d02e1e elementor-widget elementor-widget-heading\" data-id=\"2d02e1e\" data-element_type=\"widget\" data-e-type=\"widget\" data-widget_type=\"heading.default\">\n\t\t\t\t\t<h3 class=\"elementor-heading-title elementor-size-default\">Acciones y valores  <\/h3>\t\t\t\t<\/div>\n\t\t\t\t<div class=\"elementor-element elementor-element-74b89ae elementor-widget elementor-widget-text-editor\" data-id=\"74b89ae\" data-element_type=\"widget\" data-e-type=\"widget\" data-widget_type=\"text-editor.default\">\n\t\t\t\t\t\t\t\t\t<p><span style=\"font-weight: 400;\">Cuando donas acciones y otros valores directamente a una organizaci\u00f3n ben\u00e9fica, consigues un gran impacto sin sacar dinero directamente de tu cuenta bancaria. Adem\u00e1s, ni usted ni la organizaci\u00f3n ben\u00e9fica tributar\u00e1n por las plusval\u00edas de los activos revalorizados que done.  <br \/><\/span><span style=\"text-align: var(--text-align);\">Cumpla sus objetivos de donaci\u00f3n, disfrute de posibles ventajas fiscales y contribuya al cambio que desea ver. GALEO acepta acciones y otros valores como donaciones ben\u00e9ficas. No dude en ponerse en contacto con nosotros por correo electr\u00f3nico en  <\/span><a style=\"text-align: var(--text-align); background-color: #ffffff;\" href=\"mailto:Development@galeo.org\">Development@galeo.org<\/a><span style=\"text-align: var(--text-align);\"> para establecer la transferencia.<\/span><\/p>\n\t\t\t\t\t\t\t\t<\/div>\n\t\t\t\t<div class=\"elementor-element elementor-element-8237ffe elementor-widget elementor-widget-heading\" data-id=\"8237ffe\" data-element_type=\"widget\" data-e-type=\"widget\" data-widget_type=\"heading.default\">\n\t\t\t\t\t<h3 class=\"elementor-heading-title elementor-size-default\">Legados\n<\/h3>\t\t\t\t<\/div>\n\t\t\t\t<div class=\"elementor-element elementor-element-7119630 elementor-widget elementor-widget-text-editor\" data-id=\"7119630\" data-element_type=\"widget\" data-e-type=\"widget\" data-widget_type=\"text-editor.default\">\n\t\t\t\t\t\t\t\t\t<p><span style=\"font-weight: 400;\">Sugerimos el siguiente lenguaje para hacer un legado a GALEO.<br \/><\/span><span style=\"text-align: var(--text-align);\"><br \/>Ejemplos de legados testamentarios:<\/span><span style=\"font-weight: 400;\"><br \/><\/span><\/p>\n<p><span style=\"font-weight: 400;\">Doy [cash of $_________] o [specified property] a GALEO (EIN 20-1565775), para ser utilizado para sus fines generales.<\/span><\/p>\n\t\t\t\t\t\t\t\t<\/div>\n\t\t\t\t<div class=\"elementor-element elementor-element-ded769c elementor-widget elementor-widget-heading\" data-id=\"ded769c\" data-element_type=\"widget\" data-e-type=\"widget\" data-widget_type=\"heading.default\">\n\t\t\t\t\t<h3 class=\"elementor-heading-title elementor-size-default\">Testamentos o fideicomisos testamentarios\n<\/h3>\t\t\t\t<\/div>\n\t\t\t\t<div class=\"elementor-element elementor-element-df4caf0 elementor-widget elementor-widget-text-editor\" data-id=\"df4caf0\" data-element_type=\"widget\" data-e-type=\"widget\" data-widget_type=\"text-editor.default\">\n\t\t\t\t\t\t\t\t\t<p><span style=\"font-weight: 400;\">Los fideicomisos y testamentos son otra opci\u00f3n para las donaciones planificadas. Sus activos no est\u00e1n inmovilizados ahora, pero puede estar seguro de que beneficiar\u00e1n a nuestra comunidad latina en el futuro.<\/span><\/p>\n\t\t\t\t\t\t\t\t<\/div>\n\t\t\t\t\t<\/div>\n\t\t\t\t<\/div>\n\t\t\t\t<\/div>\n\t\t","protected":false},"excerpt":{"rendered":"<p>Su donaci\u00f3n nos ayuda a cumplir nuestra misi\u00f3n de aumentar la participaci\u00f3n c\u00edvica de la comunidad latina y desarrollar l\u00edderes latinos prominentes en todo el estado de Georgia. GALEO lucha por una Georgia mejor en la que la comunidad latina participe c\u00edvicamente y se reconozcan sus contribuciones y preocupaciones. El 88% de los gastos de [&hellip;]<\/p>\n","protected":false},"author":4,"featured_media":0,"parent":1875,"menu_order":0,"comment_status":"closed","ping_status":"closed","template":"","meta":{"sfsi_plus_gutenberg_text_before_share":"","sfsi_plus_gutenberg_show_text_before_share":"","sfsi_plus_gutenberg_icon_type":"","sfsi_plus_gutenberg_icon_alignemt":"","sfsi_plus_gutenburg_max_per_row":"","om_disable_all_campaigns":false,"_monsterinsights_skip_tracking":false,"_monsterinsights_sitenote_active":false,"_monsterinsights_sitenote_note":"","_monsterinsights_sitenote_category":0,"footnotes":""},"class_list":["post-18597","page","type-page","status-publish","hentry"],"aioseo_notices":[],"_links":{"self":[{"href":"https:\/\/galeo.org\/es\/wp-json\/wp\/v2\/pages\/18597","targetHints":{"allow":["GET"]}}],"collection":[{"href":"https:\/\/galeo.org\/es\/wp-json\/wp\/v2\/pages"}],"about":[{"href":"https:\/\/galeo.org\/es\/wp-json\/wp\/v2\/types\/page"}],"author":[{"embeddable":true,"href":"https:\/\/galeo.org\/es\/wp-json\/wp\/v2\/users\/4"}],"replies":[{"embeddable":true,"href":"https:\/\/galeo.org\/es\/wp-json\/wp\/v2\/comments?post=18597"}],"version-history":[{"count":2,"href":"https:\/\/galeo.org\/es\/wp-json\/wp\/v2\/pages\/18597\/revisions"}],"predecessor-version":[{"id":19265,"href":"https:\/\/galeo.org\/es\/wp-json\/wp\/v2\/pages\/18597\/revisions\/19265"}],"up":[{"embeddable":true,"href":"https:\/\/galeo.org\/es\/wp-json\/wp\/v2\/pages\/1875"}],"wp:attachment":[{"href":"https:\/\/galeo.org\/es\/wp-json\/wp\/v2\/media?parent=18597"}],"curies":[{"name":"wp","href":"https:\/\/api.w.org\/{rel}","templated":true}]}}