{"id":18612,"date":"2023-06-16T21:18:49","date_gmt":"2023-06-16T21:18:49","guid":{"rendered":"https:\/\/galeo.org\/alberto-reyes\/"},"modified":"2023-06-19T16:55:45","modified_gmt":"2023-06-19T16:55:45","slug":"alberto-reyes","status":"publish","type":"page","link":"https:\/\/galeo.org\/es\/sobre-nosotros\/personal-de-galeo\/alberto-reyes\/","title":{"rendered":"Alberto Reyes"},"content":{"rendered":"\t\t<div data-elementor-type=\"wp-page\" data-elementor-id=\"18612\" class=\"elementor elementor-18612 elementor-18602\" data-elementor-post-type=\"page\">\n\t\t\t\t<div class=\"elementor-element elementor-element-01b8ae0 e-flex e-con-boxed e-con e-parent\" data-id=\"01b8ae0\" data-element_type=\"container\" data-e-type=\"container\">\n\t\t\t\t\t<div class=\"e-con-inner\">\n\t\t\t\t<div class=\"elementor-element elementor-element-3817594 elementor-widget elementor-widget-heading\" data-id=\"3817594\" data-element_type=\"widget\" data-e-type=\"widget\" data-widget_type=\"heading.default\">\n\t\t\t\t\t<h2 class=\"elementor-heading-title elementor-size-default\">Alberto Reyes<\/h2>\t\t\t\t<\/div>\n\t\t\t\t\t<\/div>\n\t\t\t\t<\/div>\n\t\t<div class=\"elementor-element elementor-element-55ef752 e-flex e-con-boxed e-con e-parent\" data-id=\"55ef752\" data-element_type=\"container\" data-e-type=\"container\">\n\t\t\t\t\t<div class=\"e-con-inner\">\n\t\t\t\t<div class=\"elementor-element elementor-element-031ce51 elementor-widget elementor-widget-heading\" data-id=\"031ce51\" data-element_type=\"widget\" data-e-type=\"widget\" data-widget_type=\"heading.default\">\n\t\t\t\t\t<h2 class=\"elementor-heading-title elementor-size-default\">Organizador comunitario<\/h2>\t\t\t\t<\/div>\n\t\t\t\t\t<\/div>\n\t\t\t\t<\/div>\n\t\t<div class=\"elementor-element elementor-element-4aa3032 e-flex e-con-boxed e-con e-parent\" data-id=\"4aa3032\" data-element_type=\"container\" data-e-type=\"container\">\n\t\t\t\t\t<div class=\"e-con-inner\">\n\t\t<div class=\"elementor-element elementor-element-b8d54d2 e-con-full e-flex e-con e-parent\" data-id=\"b8d54d2\" data-element_type=\"container\" data-e-type=\"container\">\n\t\t\t\t<div class=\"elementor-element elementor-element-d5229f3 elementor-widget elementor-widget-text-editor\" data-id=\"d5229f3\" data-element_type=\"widget\" data-e-type=\"widget\" data-widget_type=\"text-editor.default\">\n\t\t\t\t\t\t\t\t\t<p>Alberto Reyes (\u00e9l\/ella\/\u00e9l) Es de Dalton, GA, y naci\u00f3 en San Luis Potos\u00ed, M\u00e9xico. Alberto es organizador comunitario del condado de Whitfield.<\/p>\n<p>A Alberto le apasiona ayudar a la comunidad hispana a prosperar y apoya la causa de animar a la gente a comprometerse c\u00edvicamente.<\/p>\n<p>A Alberto le gusta asistir a eventos sociales, aprender m\u00e1s sobre peque\u00f1as empresas y conectar con miembros de la comunidad que tienen un impacto positivo.<\/p>\n<p>Le gusta estar al aire libre, descubrir nuevos juegos de mesa, codificar y pasar tiempo con la familia y los amigos.<\/p>\n\t\t\t\t\t\t\t\t<\/div>\n\t\t\t\t<\/div>\n\t\t<div class=\"elementor-element elementor-element-f76134b e-con-full e-flex e-con e-parent\" data-id=\"f76134b\" data-element_type=\"container\" data-e-type=\"container\">\n\t\t\t\t<div class=\"elementor-element elementor-element-8adcaea elementor-widget elementor-widget-image\" data-id=\"8adcaea\" data-element_type=\"widget\" data-e-type=\"widget\" data-widget_type=\"image.default\">\n\t\t\t\t\t\t\t\t\t\t\t\t\t\t\t<img fetchpriority=\"high\" decoding=\"async\" width=\"800\" height=\"691\" src=\"https:\/\/galeo.org\/wp-content\/uploads\/2023\/06\/DSC_5469-1024x885.jpg\" class=\"attachment-large size-large wp-image-18638\" alt=\"\" srcset=\"https:\/\/galeo.org\/wp-content\/uploads\/2023\/06\/DSC_5469-1024x885.jpg 1024w, https:\/\/galeo.org\/wp-content\/uploads\/2023\/06\/DSC_5469-scaled-600x518.jpg 600w, https:\/\/galeo.org\/wp-content\/uploads\/2023\/06\/DSC_5469-300x259.jpg 300w, https:\/\/galeo.org\/wp-content\/uploads\/2023\/06\/DSC_5469-768x664.jpg 768w, https:\/\/galeo.org\/wp-content\/uploads\/2023\/06\/DSC_5469-1536x1327.jpg 1536w, https:\/\/galeo.org\/wp-content\/uploads\/2023\/06\/DSC_5469-2048x1770.jpg 2048w\" sizes=\"(max-width: 800px) 100vw, 800px\" \/>\t\t\t\t\t\t\t\t\t\t\t\t\t\t\t<\/div>\n\t\t\t\t<\/div>\n\t\t\t\t\t<\/div>\n\t\t\t\t<\/div>\n\t\t\t\t<\/div>\n\t\t","protected":false},"excerpt":{"rendered":"<p>Alberto Reyes Organizador comunitario Alberto Reyes (\u00e9l\/ella\/\u00e9l) Es de Dalton, GA, y naci\u00f3 en San Luis Potos\u00ed, M\u00e9xico. Alberto es organizador comunitario del condado de Whitfield. A Alberto le apasiona ayudar a la comunidad hispana a prosperar y apoya la causa de animar a la gente a comprometerse c\u00edvicamente. A Alberto le gusta asistir a [&hellip;]<\/p>\n","protected":false},"author":6,"featured_media":0,"parent":1896,"menu_order":0,"comment_status":"closed","ping_status":"closed","template":"","meta":{"sfsi_plus_gutenberg_text_before_share":"","sfsi_plus_gutenberg_show_text_before_share":"","sfsi_plus_gutenberg_icon_type":"","sfsi_plus_gutenberg_icon_alignemt":"","sfsi_plus_gutenburg_max_per_row":"","om_disable_all_campaigns":false,"_monsterinsights_skip_tracking":false,"_monsterinsights_sitenote_active":false,"_monsterinsights_sitenote_note":"","_monsterinsights_sitenote_category":0,"footnotes":""},"class_list":["post-18612","page","type-page","status-publish","hentry"],"aioseo_notices":[],"_links":{"self":[{"href":"https:\/\/galeo.org\/es\/wp-json\/wp\/v2\/pages\/18612","targetHints":{"allow":["GET"]}}],"collection":[{"href":"https:\/\/galeo.org\/es\/wp-json\/wp\/v2\/pages"}],"about":[{"href":"https:\/\/galeo.org\/es\/wp-json\/wp\/v2\/types\/page"}],"author":[{"embeddable":true,"href":"https:\/\/galeo.org\/es\/wp-json\/wp\/v2\/users\/6"}],"replies":[{"embeddable":true,"href":"https:\/\/galeo.org\/es\/wp-json\/wp\/v2\/comments?post=18612"}],"version-history":[{"count":4,"href":"https:\/\/galeo.org\/es\/wp-json\/wp\/v2\/pages\/18612\/revisions"}],"predecessor-version":[{"id":18642,"href":"https:\/\/galeo.org\/es\/wp-json\/wp\/v2\/pages\/18612\/revisions\/18642"}],"up":[{"embeddable":true,"href":"https:\/\/galeo.org\/es\/wp-json\/wp\/v2\/pages\/1896"}],"wp:attachment":[{"href":"https:\/\/galeo.org\/es\/wp-json\/wp\/v2\/media?parent=18612"}],"curies":[{"name":"wp","href":"https:\/\/api.w.org\/{rel}","templated":true}]}}