{"id":18782,"date":"2023-07-21T20:33:13","date_gmt":"2023-07-21T20:33:13","guid":{"rendered":"https:\/\/galeo.org\/elisa-covarrubias\/"},"modified":"2023-07-21T20:38:13","modified_gmt":"2023-07-21T20:38:13","slug":"elisa-covarrubias","status":"publish","type":"page","link":"https:\/\/galeo.org\/es\/sobre-nosotros\/personal-de-galeo\/elisa-covarrubias\/","title":{"rendered":"Elisa Covarrubias"},"content":{"rendered":"<style>\/*! elementor - v3.14.0 - 26-06-2023 *\/<br \/>\n.elementor-heading-title{padding:0;margin:0;line-height:1}.elementor-widget-heading .elementor-heading-title[class*=elementor-size-]>a{color:inherit;font-size:inherit;line-height:inherit}.elementor-widget-heading .elementor-heading-title.elementor-size-small{font-size:15px}.elementor-widget-heading .elementor-heading-title.elementor-size-medium{font-size:19px}.elementor-widget-heading .elementor-heading-title.elementor-size-large{font-size:29px}.elementor-widget-heading .elementor-heading-title.elementor-size-xl{font-size:39px}.elementor-widget-heading .elementor-heading-title.elementor-size-xxl{font-size:59px}<\/style>\n<h2>Elisa Covarrubias<\/h2>\n<h3>DIRECTOR ADJUNTO<\/h3>\n<style>\/*! elementor - v3.14.0 - 26-06-2023 *\/<br \/>\n.elementor-widget-social-icons.elementor-grid-0 .elementor-widget-container,.elementor-widget-social-icons.elementor-grid-mobile-0 .elementor-widget-container,.elementor-widget-social-icons.elementor-grid-tablet-0 .elementor-widget-container{line-height:1;font-size:0}.elementor-widget-social-icons:not(.elementor-grid-0):not(.elementor-grid-tablet-0):not(.elementor-grid-mobile-0) .elementor-grid{display:inline-grid}.elementor-widget-social-icons .elementor-grid{grid-column-gap:var(--grid-column-gap,5px);grid-row-gap:var(--grid-row-gap,5px);grid-template-columns:var(--grid-template-columns);justify-content:var(--justify-content,center);justify-items:var(--justify-content,center)}.elementor-icon.elementor-social-icon{font-size:var(--icon-size,25px);line-height:var(--icon-size,25px);width:calc(var(--icon-size, 25px) + (2 * var(--icon-padding, .5em)));height:calc(var(--icon-size, 25px) + (2 * var(--icon-padding, .5em)))}.elementor-social-icon{--e-social-icon-icon-color:#fff;display:inline-flex;background-color:#69727d;align-items:center;justify-content:center;text-align:center;cursor:pointer}.elementor-social-icon i{color:var(--e-social-icon-icon-color)}.elementor-social-icon svg{fill:var(--e-social-icon-icon-color)}.elementor-social-icon:last-child{margin:0}.elementor-social-icon:hover{opacity:.9;color:#fff}.elementor-social-icon-android{background-color:#a4c639}.elementor-social-icon-apple{background-color:#999}.elementor-social-icon-behance{background-color:#1769ff}.elementor-social-icon-bitbucket{background-color:#205081}.elementor-social-icon-codepen{background-color:#000}.elementor-social-icon-delicious{background-color:#39f}.elementor-social-icon-deviantart{background-color:#05cc47}.elementor-social-icon-digg{background-color:#005be2}.elementor-social-icon-dribbble{background-color:#ea4c89}.elementor-social-icon-elementor{background-color:#d30c5c}.elementor-social-icon-envelope{background-color:#ea4335}.elementor-social-icon-facebook,.elementor-social-icon-facebook-f{background-color:#3b5998}.elementor-social-icon-flickr{background-color:#0063dc}.elementor-social-icon-foursquare{background-color:#2d5be3}.elementor-social-icon-free-code-camp,.elementor-social-icon-freecodecamp{background-color:#006400}.elementor-social-icon-github{background-color:#333}.elementor-social-icon-gitlab{background-color:#e24329}.elementor-social-icon-globe{background-color:#69727d}.elementor-social-icon-google-plus,.elementor-social-icon-google-plus-g{background-color:#dd4b39}.elementor-social-icon-houzz{background-color:#7ac142}.elementor-social-icon-instagram{background-color:#262626}.elementor-social-icon-jsfiddle{background-color:#487aa2}.elementor-social-icon-link{background-color:#818a91}.elementor-social-icon-linkedin,.elementor-social-icon-linkedin-in{background-color:#0077b5}.elementor-social-icon-medium{background-color:#00ab6b}.elementor-social-icon-meetup{background-color:#ec1c40}.elementor-social-icon-mixcloud{background-color:#273a4b}.elementor-social-icon-odnoklassniki{background-color:#f4731c}.elementor-social-icon-pinterest{background-color:#bd081c}.elementor-social-icon-product-hunt{background-color:#da552f}.elementor-social-icon-reddit{background-color:#ff4500}.elementor-social-icon-rss{background-color:#f26522}.elementor-social-icon-shopping-cart{background-color:#4caf50}.elementor-social-icon-skype{background-color:#00aff0}.elementor-social-icon-slideshare{background-color:#0077b5}.elementor-social-icon-snapchat{background-color:#fffc00}.elementor-social-icon-soundcloud{background-color:#f80}.elementor-social-icon-spotify{background-color:#2ebd59}.elementor-social-icon-stack-overflow{background-color:#fe7a15}.elementor-social-icon-steam{background-color:#00adee}.elementor-social-icon-stumbleupon{background-color:#eb4924}.elementor-social-icon-telegram{background-color:#2ca5e0}.elementor-social-icon-thumb-tack{background-color:#1aa1d8}.elementor-social-icon-tripadvisor{background-color:#589442}.elementor-social-icon-tumblr{background-color:#35465c}.elementor-social-icon-twitch{background-color:#6441a5}.elementor-social-icon-twitter{background-color:#1da1f2}.elementor-social-icon-viber{background-color:#665cac}.elementor-social-icon-vimeo{background-color:#1ab7ea}.elementor-social-icon-vk{background-color:#45668e}.elementor-social-icon-weibo{background-color:#dd2430}.elementor-social-icon-weixin{background-color:#31a918}.elementor-social-icon-whatsapp{background-color:#25d366}.elementor-social-icon-wordpress{background-color:#21759b}.elementor-social-icon-xing{background-color:#026466}.elementor-social-icon-yelp{background-color:#af0606}.elementor-social-icon-youtube{background-color:#cd201f}.elementor-social-icon-500px{background-color:#0099e5}.elementor-shape-rounded .elementor-icon.elementor-social-icon{border-radius:10%}.elementor-shape-circle .elementor-icon.elementor-social-icon{border-radius:50%}<\/style>\n<p>\t\t\t\t\t<a href=\"mailto:ecovarrubias@galeo.org\" target=\"_blank\" rel=\"noopener\"><br \/>\nSobre<br \/>\n<svg viewbox=\"0 0 512 512\" xmlns=\"http:\/\/www.w3.org\/2000\/svg\"><path d=\"M502.3 190.8c3.9-3.1 9.7-.2 9.7 4.7V400c0 26.5-21.5 48-48 48H48c-26.5 0-48-21.5-48-48V195.6c0-5 5.7-7.8 9.7-4.7 22.4 17.4 52.1 39.5 154.1 113.6 21.1 15.4 56.7 47.8 92.2 47.6 35.7.3 72-32.8 92.3-47.6 102-74.1 131.6-96.3 154-113.7zM256 320c23.2.4 56.6-29.2 73.4-41.4 132.7-96.3 142.8-104.7 173.4-128.7 5.8-4.5 9.2-11.5 9.2-18.9v-19c0-26.5-21.5-48-48-48H48C21.5 64 0 85.5 0 112v19c0 7.4 3.4 14.3 9.2 18.9 30.6 23.9 40.7 32.4 173.4 128.7 16.8 12.2 50.2 41.8 73.4 41.4z\"><\/path><\/svg>\t\t\t\t\t<\/a><br \/>\n<a href=\"https:\/\/www.linkedin.com\/in\/ecovarrubias\/\" target=\"_blank\" rel=\"noopener\"><br \/>\nLinkedin<br \/>\n<svg viewbox=\"0 0 448 512\" xmlns=\"http:\/\/www.w3.org\/2000\/svg\"><path d=\"M416 32H31.9C14.3 32 0 46.5 0 64.3v383.4C0 465.5 14.3 480 31.9 480H416c17.6 0 32-14.5 32-32.3V64.3c0-17.8-14.4-32.3-32-32.3zM135.4 416H69V202.2h66.5V416zm-33.2-243c-21.3 0-38.5-17.3-38.5-38.5S80.9 96 102.2 96c21.2 0 38.5 17.3 38.5 38.5 0 21.3-17.2 38.5-38.5 38.5zm282.1 243h-66.4V312c0-24.8-.5-56.7-34.5-56.7-34.6 0-39.9 27-39.9 54.9V416h-66.4V202.2h63.7v29.2h.9c8.9-16.8 30.6-34.5 62.9-34.5 67.2 0 79.7 44.3 79.7 101.9V416z\"><\/path><\/svg>\t\t\t\t\t<\/a><\/p>\n<p>Elisa Covarrubias (Ella\/Ella) es Directora Adjunta del Fondo GALEO para el Desarrollo de la Comunidad Latina y del Fondo GALEO Impact.&nbsp;<\/p>\n<p>Elisa Covarrubias, nacida de madre de ascendencia puertorrique\u00f1a y padre de San Luis Potos\u00ed, M\u00e9xico, pas\u00f3 sus a\u00f1os de formaci\u00f3n en Miami, Florida. Ha trabajado en servicios sociales sin \u00e1nimo de lucro durante m\u00e1s de 20 a\u00f1os, centr\u00e1ndose en la intervenci\u00f3n y prevenci\u00f3n de la violencia de g\u00e9nero durante la mayor parte de su carrera. Antes de ser Directora General de Men Stopping Violence, fue Directora de Operaciones de LiveSafe Resources, un centro de crisis por violencia dom\u00e9stica y sexual.<\/p>\n<p>Elisa form\u00f3 parte del comit\u00e9 encargado de elaborar las normas estatales para los centros de agresi\u00f3n sexual de Georgia, del Comit\u00e9 de Expertos del Equipo de Respuesta a la Agresi\u00f3n Sexual de Georgia, como miembro del Consejo Asesor de Latin@s de Georgia contra la Violencia Dom\u00e9stica y como copresidenta del Grupo de Trabajo sobre Violencia Familiar del condado de Fulton. Elisa es alumna de AmeriCorps National Service y fue becaria del Georgia Women&#8217;s Policy Institute en 2019.&nbsp;  En 2020, fue galardonada con el premio Cobb Young Professionals Next Generation Award y es Presidenta de la Junta de la Coalici\u00f3n de Georgia contra la Violencia Dom\u00e9stica.<\/p>\n<style>\/*! elementor - v3.14.0 - 26-06-2023 *\/<br \/>\n.elementor-widget-image{text-align:center}.elementor-widget-image a{display:inline-block}.elementor-widget-image a img[src$=\".svg\"]{width:48px}.elementor-widget-image img{vertical-align:middle;display:inline-block}<\/style>\n<p>\t\t\t\t\t\t\t\t\t\t\t\t<img loading=\"lazy\" decoding=\"async\" src=\"https:\/\/galeo.org\/wp-content\/uploads\/2023\/07\/GALEO-Headshots-1-1024x1024.png\" alt=\"\" loading=\"lazy\" srcset=\"https:\/\/galeo.org\/wp-content\/uploads\/2023\/07\/GALEO-Headshots-1-1024x1024.png 1024w, https:\/\/galeo.org\/wp-content\/uploads\/2023\/07\/GALEO-Headshots-1-300x300.png 300w, https:\/\/galeo.org\/wp-content\/uploads\/2023\/07\/GALEO-Headshots-1-150x150.png 150w, https:\/\/galeo.org\/wp-content\/uploads\/2023\/07\/GALEO-Headshots-1-768x768.png 768w, https:\/\/galeo.org\/wp-content\/uploads\/2023\/07\/GALEO-Headshots-1-600x600.png 600w, https:\/\/galeo.org\/wp-content\/uploads\/2023\/07\/GALEO-Headshots-1-100x100.png 100w, https:\/\/galeo.org\/wp-content\/uploads\/2023\/07\/GALEO-Headshots-1.png 1080w\" sizes=\"auto, (max-width: 800px) 100vw, 800px\" width=\"800\" height=\"800\"><\/p>\n","protected":false},"excerpt":{"rendered":"<p>Elisa Covarrubias DIRECTOR ADJUNTO Sobre Linkedin Elisa Covarrubias (Ella\/Ella) es Directora Adjunta del Fondo GALEO para el Desarrollo de la Comunidad Latina y del Fondo GALEO Impact.&nbsp; Elisa Covarrubias, nacida de madre de ascendencia puertorrique\u00f1a y padre de San Luis Potos\u00ed, M\u00e9xico, pas\u00f3 sus a\u00f1os de formaci\u00f3n en Miami, Florida. Ha trabajado en servicios sociales [&hellip;]<\/p>\n","protected":false},"author":6,"featured_media":0,"parent":1896,"menu_order":0,"comment_status":"closed","ping_status":"closed","template":"","meta":{"sfsi_plus_gutenberg_text_before_share":"","sfsi_plus_gutenberg_show_text_before_share":"","sfsi_plus_gutenberg_icon_type":"","sfsi_plus_gutenberg_icon_alignemt":"","sfsi_plus_gutenburg_max_per_row":"","om_disable_all_campaigns":false,"_monsterinsights_skip_tracking":false,"_monsterinsights_sitenote_active":false,"_monsterinsights_sitenote_note":"","_monsterinsights_sitenote_category":0,"footnotes":""},"class_list":["post-18782","page","type-page","status-publish","hentry"],"aioseo_notices":[],"_links":{"self":[{"href":"https:\/\/galeo.org\/es\/wp-json\/wp\/v2\/pages\/18782","targetHints":{"allow":["GET"]}}],"collection":[{"href":"https:\/\/galeo.org\/es\/wp-json\/wp\/v2\/pages"}],"about":[{"href":"https:\/\/galeo.org\/es\/wp-json\/wp\/v2\/types\/page"}],"author":[{"embeddable":true,"href":"https:\/\/galeo.org\/es\/wp-json\/wp\/v2\/users\/6"}],"replies":[{"embeddable":true,"href":"https:\/\/galeo.org\/es\/wp-json\/wp\/v2\/comments?post=18782"}],"version-history":[{"count":2,"href":"https:\/\/galeo.org\/es\/wp-json\/wp\/v2\/pages\/18782\/revisions"}],"predecessor-version":[{"id":18785,"href":"https:\/\/galeo.org\/es\/wp-json\/wp\/v2\/pages\/18782\/revisions\/18785"}],"up":[{"embeddable":true,"href":"https:\/\/galeo.org\/es\/wp-json\/wp\/v2\/pages\/1896"}],"wp:attachment":[{"href":"https:\/\/galeo.org\/es\/wp-json\/wp\/v2\/media?parent=18782"}],"curies":[{"name":"wp","href":"https:\/\/api.w.org\/{rel}","templated":true}]}}