{"id":1881,"date":"2022-07-08T19:13:20","date_gmt":"2022-07-08T19:13:20","guid":{"rendered":"https:\/\/galeo.org\/contacte-con\/"},"modified":"2024-06-03T21:22:04","modified_gmt":"2024-06-03T21:22:04","slug":"contacte-con","status":"publish","type":"page","link":"https:\/\/galeo.org\/es\/contacte-con\/","title":{"rendered":"Contacte con"},"content":{"rendered":"\t\t<div data-elementor-type=\"wp-page\" data-elementor-id=\"1881\" class=\"elementor elementor-1881 elementor-34\" data-elementor-post-type=\"page\">\n\t\t\t\t\t\t<section class=\"elementor-section elementor-top-section elementor-element elementor-element-675fef00 elementor-section-boxed elementor-section-height-default elementor-section-height-default\" data-id=\"675fef00\" data-element_type=\"section\" data-e-type=\"section\">\n\t\t\t\t\t\t<div class=\"elementor-container elementor-column-gap-default\">\n\t\t\t\t\t<div class=\"elementor-column elementor-col-100 elementor-top-column elementor-element elementor-element-34b4c81c\" data-id=\"34b4c81c\" data-element_type=\"column\" data-e-type=\"column\" data-settings=\"{&quot;background_background&quot;:&quot;gradient&quot;}\">\n\t\t\t<div class=\"elementor-widget-wrap elementor-element-populated\">\n\t\t\t\t\t\t<section class=\"elementor-section elementor-inner-section elementor-element elementor-element-716f2e3a elementor-section-boxed elementor-section-height-default elementor-section-height-default\" data-id=\"716f2e3a\" data-element_type=\"section\" data-e-type=\"section\">\n\t\t\t\t\t\t<div class=\"elementor-container elementor-column-gap-no\">\n\t\t\t\t\t<div class=\"elementor-column elementor-col-50 elementor-inner-column elementor-element elementor-element-79324e7b\" data-id=\"79324e7b\" data-element_type=\"column\" data-e-type=\"column\">\n\t\t\t<div class=\"elementor-widget-wrap elementor-element-populated\">\n\t\t\t\t\t\t<div class=\"elementor-element elementor-element-31e26fa0 elementor-widget elementor-widget-heading\" data-id=\"31e26fa0\" data-element_type=\"widget\" data-e-type=\"widget\" data-widget_type=\"heading.default\">\n\t\t\t\t\t<h1 class=\"elementor-heading-title elementor-size-default\">Contacto<\/h1>\t\t\t\t<\/div>\n\t\t\t\t\t<\/div>\n\t\t<\/div>\n\t\t\t\t<div class=\"elementor-column elementor-col-50 elementor-inner-column elementor-element elementor-element-7805da66\" data-id=\"7805da66\" data-element_type=\"column\" data-e-type=\"column\">\n\t\t\t<div class=\"elementor-widget-wrap elementor-element-populated\">\n\t\t\t\t\t\t<div class=\"elementor-element elementor-element-7842bca0 elementor-widget elementor-widget-image\" data-id=\"7842bca0\" data-element_type=\"widget\" data-e-type=\"widget\" data-widget_type=\"image.default\">\n\t\t\t\t\t\t\t\t\t\t\t\t\t\t\t<img fetchpriority=\"high\" decoding=\"async\" width=\"700\" height=\"250\" src=\"https:\/\/galeo.org\/wp-content\/uploads\/2022\/08\/GALEO-ContactUsHeader.png\" class=\"attachment-large size-large wp-image-2094\" alt=\"\" srcset=\"https:\/\/galeo.org\/wp-content\/uploads\/2022\/08\/GALEO-ContactUsHeader.png 700w, https:\/\/galeo.org\/wp-content\/uploads\/2022\/08\/GALEO-ContactUsHeader-600x214.png 600w, https:\/\/galeo.org\/wp-content\/uploads\/2022\/08\/GALEO-ContactUsHeader-300x107.png 300w\" sizes=\"(max-width: 700px) 100vw, 700px\" \/>\t\t\t\t\t\t\t\t\t\t\t\t\t\t\t<\/div>\n\t\t\t\t\t<\/div>\n\t\t<\/div>\n\t\t\t\t\t<\/div>\n\t\t<\/section>\n\t\t\t\t\t<\/div>\n\t\t<\/div>\n\t\t\t\t\t<\/div>\n\t\t<\/section>\n\t\t\t\t<section class=\"elementor-section elementor-top-section elementor-element elementor-element-99e6c7f elementor-section-boxed elementor-section-height-default elementor-section-height-default\" data-id=\"99e6c7f\" data-element_type=\"section\" data-e-type=\"section\">\n\t\t\t\t\t\t<div class=\"elementor-container elementor-column-gap-default\">\n\t\t\t\t\t<div class=\"elementor-column elementor-col-33 elementor-top-column elementor-element elementor-element-098e36c\" data-id=\"098e36c\" data-element_type=\"column\" data-e-type=\"column\">\n\t\t\t<div class=\"elementor-widget-wrap elementor-element-populated\">\n\t\t\t\t\t\t<div class=\"elementor-element elementor-element-558b117 elementor-widget elementor-widget-text-editor\" data-id=\"558b117\" data-element_type=\"widget\" data-e-type=\"widget\" data-widget_type=\"text-editor.default\">\n\t\t\t\t\t\t\t\t\t<p><strong>Direcci\u00f3n postal:<br \/><\/strong>Apartado de correos 29506<br \/>Atlanta, GA 30359<\/p>\n<p><strong>Oficina<\/strong>: 888.54GALEO<\/p>\n<p><strong>Correo electr\u00f3nico: <\/strong><a href=\"mailto:Galeo@Galeo.org\">Galeo@Galeo.org<\/a><\/p>\n<p><strong>Contacto con los medios de comunicaci\u00f3n:<\/strong><br \/>Lorena Mora-Basto<br \/>Director de Comunicaciones<br \/><a href=\"mailto:media@galeo.org\">media@galeo.org<\/a><\/p>\n\t\t\t\t\t\t\t\t<\/div>\n\t\t\t\t\t<\/div>\n\t\t<\/div>\n\t\t\t\t<div class=\"elementor-column elementor-col-66 elementor-top-column elementor-element elementor-element-cb5a20b\" data-id=\"cb5a20b\" data-element_type=\"column\" data-e-type=\"column\">\n\t\t\t<div class=\"elementor-widget-wrap elementor-element-populated\">\n\t\t\t\t\t\t<div class=\"elementor-element elementor-element-aac0b57 elementor-widget elementor-widget-html\" data-id=\"aac0b57\" data-element_type=\"widget\" data-e-type=\"widget\" data-widget_type=\"html.default\">\n\t\t\t\t\t<link rel=\"preload\" href=\"https:\/\/static.everyaction.com\/ea-actiontag\/at.js\" as=\"script\" crossorigin=\"anonymous\">\n\n<link rel=\"preload\" href=\"https:\/\/static.everyaction.com\/ea-actiontag\/at.min.css\" as=\"style\">\n\n<script type=\"text\/javascript\" src=\"https:\/\/static.everyaction.com\/ea-actiontag\/at.js\" crossorigin=\"anonymous\"><\/script>\n\n  <div class=\"ngp-form\" data-form-url=\"https:\/\/secure.everyaction.com\/v1\/Forms\/vIguSjqtBkO7wSIHaGAuxg2\" data-fastaction-endpoint=\"https:\/\/fastaction.ngpvan.com\" data-inline-errors=\"true\" data-fastaction-nologin=\"true\" data-databag-endpoint=\"https:\/\/profile.ngpvan.com\" data-databag=\"everybody\" data-mobile-autofocus=\"false\">\n\n<\/div>\t\t\t\t<\/div>\n\t\t\t\t\t<\/div>\n\t\t<\/div>\n\t\t\t\t\t<\/div>\n\t\t<\/section>\n\t\t\t\t<\/div>\n\t\t","protected":false},"excerpt":{"rendered":"<p>Contacto Direcci\u00f3n postal:Apartado de correos 29506Atlanta, GA 30359 Oficina: 888.54GALEO Correo electr\u00f3nico: Galeo@Galeo.org Contacto con los medios de comunicaci\u00f3n:Lorena Mora-BastoDirector de Comunicacionesmedia@galeo.org<\/p>\n","protected":false},"author":1,"featured_media":0,"parent":0,"menu_order":0,"comment_status":"closed","ping_status":"closed","template":"","meta":{"sfsi_plus_gutenberg_text_before_share":"","sfsi_plus_gutenberg_show_text_before_share":"","sfsi_plus_gutenberg_icon_type":"","sfsi_plus_gutenberg_icon_alignemt":"","sfsi_plus_gutenburg_max_per_row":"","om_disable_all_campaigns":false,"_monsterinsights_skip_tracking":false,"_monsterinsights_sitenote_active":false,"_monsterinsights_sitenote_note":"","_monsterinsights_sitenote_category":0,"footnotes":""},"class_list":["post-1881","page","type-page","status-publish","hentry"],"aioseo_notices":[],"_links":{"self":[{"href":"https:\/\/galeo.org\/es\/wp-json\/wp\/v2\/pages\/1881","targetHints":{"allow":["GET"]}}],"collection":[{"href":"https:\/\/galeo.org\/es\/wp-json\/wp\/v2\/pages"}],"about":[{"href":"https:\/\/galeo.org\/es\/wp-json\/wp\/v2\/types\/page"}],"author":[{"embeddable":true,"href":"https:\/\/galeo.org\/es\/wp-json\/wp\/v2\/users\/1"}],"replies":[{"embeddable":true,"href":"https:\/\/galeo.org\/es\/wp-json\/wp\/v2\/comments?post=1881"}],"version-history":[{"count":4,"href":"https:\/\/galeo.org\/es\/wp-json\/wp\/v2\/pages\/1881\/revisions"}],"predecessor-version":[{"id":20856,"href":"https:\/\/galeo.org\/es\/wp-json\/wp\/v2\/pages\/1881\/revisions\/20856"}],"wp:attachment":[{"href":"https:\/\/galeo.org\/es\/wp-json\/wp\/v2\/media?parent=1881"}],"curies":[{"name":"wp","href":"https:\/\/api.w.org\/{rel}","templated":true}]}}