{"id":1883,"date":"2022-07-15T20:44:06","date_gmt":"2022-07-15T20:44:06","guid":{"rendered":"https:\/\/galeo.org\/liderazgo\/cohorte-del-instituto-galeo-para-el-liderazgo\/"},"modified":"2022-09-02T17:24:58","modified_gmt":"2022-09-02T17:24:58","slug":"cohorte-del-instituto-galeo-para-el-liderazgo","status":"publish","type":"page","link":"https:\/\/galeo.org\/es\/liderazgo\/cohorte-del-instituto-galeo-para-el-liderazgo\/","title":{"rendered":"Cohorte del Instituto GALEO para el Liderazgo"},"content":{"rendered":"\t\t<div data-elementor-type=\"wp-page\" data-elementor-id=\"1883\" class=\"elementor elementor-1883 elementor-153\" data-elementor-post-type=\"page\">\n\t\t\t\t\t\t<section class=\"elementor-section elementor-top-section elementor-element elementor-element-6c833bc7 elementor-section-boxed elementor-section-height-default elementor-section-height-default\" data-id=\"6c833bc7\" data-element_type=\"section\" data-e-type=\"section\">\n\t\t\t\t\t\t<div class=\"elementor-container elementor-column-gap-default\">\n\t\t\t\t\t<div class=\"elementor-column elementor-col-100 elementor-top-column elementor-element elementor-element-4a6fa442\" data-id=\"4a6fa442\" data-element_type=\"column\" data-e-type=\"column\" data-settings=\"{&quot;background_background&quot;:&quot;gradient&quot;}\">\n\t\t\t<div class=\"elementor-widget-wrap elementor-element-populated\">\n\t\t\t\t\t\t<section class=\"elementor-section elementor-inner-section elementor-element elementor-element-699b0139 elementor-section-boxed elementor-section-height-default elementor-section-height-default\" data-id=\"699b0139\" data-element_type=\"section\" data-e-type=\"section\">\n\t\t\t\t\t\t<div class=\"elementor-container elementor-column-gap-no\">\n\t\t\t\t\t<div class=\"elementor-column elementor-col-50 elementor-inner-column elementor-element elementor-element-16c13298\" data-id=\"16c13298\" data-element_type=\"column\" data-e-type=\"column\">\n\t\t\t<div class=\"elementor-widget-wrap elementor-element-populated\">\n\t\t\t\t\t\t<div class=\"elementor-element elementor-element-76b6bd77 elementor-widget elementor-widget-heading\" data-id=\"76b6bd77\" data-element_type=\"widget\" data-e-type=\"widget\" data-widget_type=\"heading.default\">\n\t\t\t\t\t<h1 class=\"elementor-heading-title elementor-size-default\">GALEO Instituto de Cohorte de Liderazgo<\/h1>\t\t\t\t<\/div>\n\t\t\t\t\t<\/div>\n\t\t<\/div>\n\t\t\t\t<div class=\"elementor-column elementor-col-50 elementor-inner-column elementor-element elementor-element-2ca72973\" data-id=\"2ca72973\" data-element_type=\"column\" data-e-type=\"column\">\n\t\t\t<div class=\"elementor-widget-wrap elementor-element-populated\">\n\t\t\t\t\t\t<div class=\"elementor-element elementor-element-7c46a83 elementor-widget elementor-widget-image\" data-id=\"7c46a83\" data-element_type=\"widget\" data-e-type=\"widget\" data-widget_type=\"image.default\">\n\t\t\t\t\t\t\t\t\t\t\t\t\t\t\t<img fetchpriority=\"high\" decoding=\"async\" width=\"700\" height=\"250\" src=\"https:\/\/galeo.org\/wp-content\/uploads\/2022\/07\/GALEO-About.png\" class=\"attachment-large size-large wp-image-1499\" alt=\"\" srcset=\"https:\/\/galeo.org\/wp-content\/uploads\/2022\/07\/GALEO-About.png 700w, https:\/\/galeo.org\/wp-content\/uploads\/2022\/07\/GALEO-About-600x214.png 600w, https:\/\/galeo.org\/wp-content\/uploads\/2022\/07\/GALEO-About-300x107.png 300w\" sizes=\"(max-width: 700px) 100vw, 700px\" \/>\t\t\t\t\t\t\t\t\t\t\t\t\t\t\t<\/div>\n\t\t\t\t\t<\/div>\n\t\t<\/div>\n\t\t\t\t\t<\/div>\n\t\t<\/section>\n\t\t\t\t\t<\/div>\n\t\t<\/div>\n\t\t\t\t\t<\/div>\n\t\t<\/section>\n\t\t\t\t<section class=\"elementor-section elementor-top-section elementor-element elementor-element-88465e8 elementor-section-boxed elementor-section-height-default elementor-section-height-default\" data-id=\"88465e8\" data-element_type=\"section\" data-e-type=\"section\">\n\t\t\t\t\t\t<div class=\"elementor-container elementor-column-gap-default\">\n\t\t\t\t\t<div class=\"elementor-column elementor-col-50 elementor-top-column elementor-element elementor-element-629c18b\" data-id=\"629c18b\" data-element_type=\"column\" data-e-type=\"column\">\n\t\t\t<div class=\"elementor-widget-wrap elementor-element-populated\">\n\t\t\t\t\t\t<div class=\"elementor-element elementor-element-ddfc6ed elementor-widget elementor-widget-image\" data-id=\"ddfc6ed\" data-element_type=\"widget\" data-e-type=\"widget\" data-widget_type=\"image.default\">\n\t\t\t\t\t\t\t\t\t\t\t\t\t\t\t<img decoding=\"async\" width=\"800\" height=\"800\" src=\"https:\/\/galeo.org\/wp-content\/uploads\/2022\/07\/GIL-Cohorts-1024x1024-1-1024x1024.png\" class=\"attachment-large size-large wp-image-1504\" alt=\"\" srcset=\"https:\/\/galeo.org\/wp-content\/uploads\/2022\/07\/GIL-Cohorts-1024x1024-1.png 1024w, https:\/\/galeo.org\/wp-content\/uploads\/2022\/07\/GIL-Cohorts-1024x1024-1-300x300.png 300w, https:\/\/galeo.org\/wp-content\/uploads\/2022\/07\/GIL-Cohorts-1024x1024-1-100x100.png 100w, https:\/\/galeo.org\/wp-content\/uploads\/2022\/07\/GIL-Cohorts-1024x1024-1-600x600.png 600w, https:\/\/galeo.org\/wp-content\/uploads\/2022\/07\/GIL-Cohorts-1024x1024-1-150x150.png 150w, https:\/\/galeo.org\/wp-content\/uploads\/2022\/07\/GIL-Cohorts-1024x1024-1-768x768.png 768w\" sizes=\"(max-width: 800px) 100vw, 800px\" \/>\t\t\t\t\t\t\t\t\t\t\t\t\t\t\t<\/div>\n\t\t\t\t\t<\/div>\n\t\t<\/div>\n\t\t\t\t<div class=\"elementor-column elementor-col-50 elementor-top-column elementor-element elementor-element-b5b8b59\" data-id=\"b5b8b59\" data-element_type=\"column\" data-e-type=\"column\">\n\t\t\t<div class=\"elementor-widget-wrap elementor-element-populated\">\n\t\t\t\t\t\t<div class=\"elementor-element elementor-element-ae740c3 elementor-widget elementor-widget-heading\" data-id=\"ae740c3\" data-element_type=\"widget\" data-e-type=\"widget\" data-widget_type=\"heading.default\">\n\t\t\t\t\t<h2 class=\"elementor-heading-title elementor-size-default\">2022 COHORTE<\/h2>\t\t\t\t<\/div>\n\t\t\t\t<div class=\"elementor-element elementor-element-0db9ce8 elementor-widget elementor-widget-text-editor\" data-id=\"0db9ce8\" data-element_type=\"widget\" data-e-type=\"widget\" data-widget_type=\"text-editor.default\">\n\t\t\t\t\t\t\t\t\t<p>\u00a1La cohorte GALEO Institute for Leadership 2022 ha tenido un gran comienzo! Nuestros estudiantes se est\u00e1n convirtiendo en l\u00edderes m\u00e1s conocedores, capacitados, comprometidos y orientados a la acci\u00f3n.<\/p><p>Obtenga m\u00e1s informaci\u00f3n sobre nuestra cohorte 2022 haciendo clic en la imagen de la derecha.<\/p><p>Para apoyar nuestra actual cohorte y otros eventos del GALEO Institute for Leadership, no dudes en ponerte en contacto con Elizabeth Silva en <a href=\"mailto:esilva@galeo.org\" target=\"_blank\" rel=\"noopener\">esilva@galeo.org<\/a> y Marifer Vizcaino en <a href=\"mailto:mvizcaino@galeo.org\" target=\"_blank\" rel=\"noopener\">mvizcaino@galeo.org<\/a><\/p>\t\t\t\t\t\t\t\t<\/div>\n\t\t\t\t\t<\/div>\n\t\t<\/div>\n\t\t\t\t\t<\/div>\n\t\t<\/section>\n\t\t\t\t<section class=\"elementor-section elementor-top-section elementor-element elementor-element-9a3674b elementor-section-boxed elementor-section-height-default elementor-section-height-default\" data-id=\"9a3674b\" data-element_type=\"section\" data-e-type=\"section\">\n\t\t\t\t\t\t<div class=\"elementor-container elementor-column-gap-default\">\n\t\t\t\t\t<div class=\"elementor-column elementor-col-100 elementor-top-column elementor-element elementor-element-2a3960f\" data-id=\"2a3960f\" data-element_type=\"column\" data-e-type=\"column\">\n\t\t\t<div class=\"elementor-widget-wrap elementor-element-populated\">\n\t\t\t\t\t\t<div class=\"elementor-element elementor-element-4c004c4 elementor-widget-divider--view-line_text elementor-widget-divider--element-align-center elementor-widget elementor-widget-divider\" data-id=\"4c004c4\" data-element_type=\"widget\" data-e-type=\"widget\" data-widget_type=\"divider.default\">\n\t\t\t\t\t\t\t<div class=\"elementor-divider\">\n\t\t\t<span class=\"elementor-divider-separator\">\n\t\t\t\t\t\t\t<span class=\"elementor-divider__text elementor-divider__element\">\n\t\t\t\tCOHORTES ANTERIORES\t\t\t\t<\/span>\n\t\t\t\t\t\t<\/span>\n\t\t<\/div>\n\t\t\t\t\t\t<\/div>\n\t\t\t\t\t<\/div>\n\t\t<\/div>\n\t\t\t\t\t<\/div>\n\t\t<\/section>\n\t\t\t\t<section class=\"elementor-section elementor-top-section elementor-element elementor-element-c4d16e7 elementor-section-boxed elementor-section-height-default elementor-section-height-default\" data-id=\"c4d16e7\" data-element_type=\"section\" data-e-type=\"section\">\n\t\t\t\t\t\t<div class=\"elementor-container elementor-column-gap-default\">\n\t\t\t\t\t<div class=\"elementor-column elementor-col-33 elementor-top-column elementor-element elementor-element-86e45e1\" data-id=\"86e45e1\" data-element_type=\"column\" data-e-type=\"column\">\n\t\t\t<div class=\"elementor-widget-wrap elementor-element-populated\">\n\t\t\t\t\t\t<div class=\"elementor-element elementor-element-8f909f9 elementor-widget elementor-widget-image\" data-id=\"8f909f9\" data-element_type=\"widget\" data-e-type=\"widget\" data-widget_type=\"image.default\">\n\t\t\t\t\t\t\t\t\t\t\t\t\t\t\t\t<a href=\"https:\/\/galeo.org\/index.php\/leadership\/2021-galeo-institute-for-leadership-profiles\/\">\n\t\t\t\t\t\t\t<img decoding=\"async\" width=\"800\" height=\"800\" src=\"https:\/\/galeo.org\/wp-content\/uploads\/2022\/07\/GIL-Cohorts-1-1024x1024-1-1024x1024.png\" class=\"attachment-large size-large wp-image-1505\" alt=\"\" srcset=\"https:\/\/galeo.org\/wp-content\/uploads\/2022\/07\/GIL-Cohorts-1-1024x1024-1.png 1024w, https:\/\/galeo.org\/wp-content\/uploads\/2022\/07\/GIL-Cohorts-1-1024x1024-1-300x300.png 300w, https:\/\/galeo.org\/wp-content\/uploads\/2022\/07\/GIL-Cohorts-1-1024x1024-1-100x100.png 100w, https:\/\/galeo.org\/wp-content\/uploads\/2022\/07\/GIL-Cohorts-1-1024x1024-1-600x600.png 600w, https:\/\/galeo.org\/wp-content\/uploads\/2022\/07\/GIL-Cohorts-1-1024x1024-1-150x150.png 150w, https:\/\/galeo.org\/wp-content\/uploads\/2022\/07\/GIL-Cohorts-1-1024x1024-1-768x768.png 768w\" sizes=\"(max-width: 800px) 100vw, 800px\" \/>\t\t\t\t\t\t\t\t<\/a>\n\t\t\t\t\t\t\t\t\t\t\t\t\t\t\t<\/div>\n\t\t\t\t\t<\/div>\n\t\t<\/div>\n\t\t\t\t<div class=\"elementor-column elementor-col-33 elementor-top-column elementor-element elementor-element-9c6795b\" data-id=\"9c6795b\" data-element_type=\"column\" data-e-type=\"column\">\n\t\t\t<div class=\"elementor-widget-wrap elementor-element-populated\">\n\t\t\t\t\t\t<div class=\"elementor-element elementor-element-0fe8d5b elementor-widget elementor-widget-image\" data-id=\"0fe8d5b\" data-element_type=\"widget\" data-e-type=\"widget\" data-widget_type=\"image.default\">\n\t\t\t\t\t\t\t\t\t\t\t\t\t\t\t\t<a href=\"https:\/\/galeo.org\/index.php\/leadership\/2020-galeo-institute-for-leadership-profiles\/\">\n\t\t\t\t\t\t\t<img loading=\"lazy\" decoding=\"async\" width=\"800\" height=\"800\" src=\"https:\/\/galeo.org\/wp-content\/uploads\/2022\/07\/2-8-1024x1024-1-1024x1024.png\" class=\"attachment-large size-large wp-image-1506\" alt=\"\" srcset=\"https:\/\/galeo.org\/wp-content\/uploads\/2022\/07\/2-8-1024x1024-1.png 1024w, https:\/\/galeo.org\/wp-content\/uploads\/2022\/07\/2-8-1024x1024-1-300x300.png 300w, https:\/\/galeo.org\/wp-content\/uploads\/2022\/07\/2-8-1024x1024-1-100x100.png 100w, https:\/\/galeo.org\/wp-content\/uploads\/2022\/07\/2-8-1024x1024-1-600x600.png 600w, https:\/\/galeo.org\/wp-content\/uploads\/2022\/07\/2-8-1024x1024-1-150x150.png 150w, https:\/\/galeo.org\/wp-content\/uploads\/2022\/07\/2-8-1024x1024-1-768x768.png 768w\" sizes=\"(max-width: 800px) 100vw, 800px\" \/>\t\t\t\t\t\t\t\t<\/a>\n\t\t\t\t\t\t\t\t\t\t\t\t\t\t\t<\/div>\n\t\t\t\t\t<\/div>\n\t\t<\/div>\n\t\t\t\t<div class=\"elementor-column elementor-col-33 elementor-top-column elementor-element elementor-element-afa9396\" data-id=\"afa9396\" data-element_type=\"column\" data-e-type=\"column\">\n\t\t\t<div class=\"elementor-widget-wrap elementor-element-populated\">\n\t\t\t\t\t\t<div class=\"elementor-element elementor-element-4282631 elementor-widget elementor-widget-image\" data-id=\"4282631\" data-element_type=\"widget\" data-e-type=\"widget\" data-widget_type=\"image.default\">\n\t\t\t\t\t\t\t\t\t\t\t\t\t\t\t\t<a href=\"https:\/\/galeo.org\/index.php\/leadership\/2019-galeo-institute-for-leadership-profiles\/\">\n\t\t\t\t\t\t\t<img loading=\"lazy\" decoding=\"async\" width=\"800\" height=\"800\" src=\"https:\/\/galeo.org\/wp-content\/uploads\/2022\/07\/3-2-1024x1024-1-1024x1024.png\" class=\"attachment-large size-large wp-image-1507\" alt=\"\" srcset=\"https:\/\/galeo.org\/wp-content\/uploads\/2022\/07\/3-2-1024x1024-1.png 1024w, https:\/\/galeo.org\/wp-content\/uploads\/2022\/07\/3-2-1024x1024-1-300x300.png 300w, https:\/\/galeo.org\/wp-content\/uploads\/2022\/07\/3-2-1024x1024-1-100x100.png 100w, https:\/\/galeo.org\/wp-content\/uploads\/2022\/07\/3-2-1024x1024-1-600x600.png 600w, https:\/\/galeo.org\/wp-content\/uploads\/2022\/07\/3-2-1024x1024-1-150x150.png 150w, https:\/\/galeo.org\/wp-content\/uploads\/2022\/07\/3-2-1024x1024-1-768x768.png 768w\" sizes=\"(max-width: 800px) 100vw, 800px\" \/>\t\t\t\t\t\t\t\t<\/a>\n\t\t\t\t\t\t\t\t\t\t\t\t\t\t\t<\/div>\n\t\t\t\t\t<\/div>\n\t\t<\/div>\n\t\t\t\t\t<\/div>\n\t\t<\/section>\n\t\t\t\t<section class=\"elementor-section elementor-top-section elementor-element elementor-element-d66abb3 elementor-section-boxed elementor-section-height-default elementor-section-height-default\" data-id=\"d66abb3\" data-element_type=\"section\" data-e-type=\"section\">\n\t\t\t\t\t\t<div class=\"elementor-container elementor-column-gap-default\">\n\t\t\t\t\t<div class=\"elementor-column elementor-col-33 elementor-top-column elementor-element elementor-element-4283f58\" data-id=\"4283f58\" data-element_type=\"column\" data-e-type=\"column\">\n\t\t\t<div class=\"elementor-widget-wrap elementor-element-populated\">\n\t\t\t\t\t\t<div class=\"elementor-element elementor-element-763ef3c elementor-widget elementor-widget-image\" data-id=\"763ef3c\" data-element_type=\"widget\" data-e-type=\"widget\" data-widget_type=\"image.default\">\n\t\t\t\t\t\t\t\t\t\t\t\t\t\t\t\t<a href=\"https:\/\/galeo.org\/index.php\/leadership\/2018-galeo-institute-for-leadership-profiles\/\">\n\t\t\t\t\t\t\t<img loading=\"lazy\" decoding=\"async\" width=\"800\" height=\"800\" src=\"https:\/\/galeo.org\/wp-content\/uploads\/2022\/07\/4-2-1024x1024-1-1024x1024.png\" class=\"attachment-large size-large wp-image-1508\" alt=\"\" srcset=\"https:\/\/galeo.org\/wp-content\/uploads\/2022\/07\/4-2-1024x1024-1.png 1024w, https:\/\/galeo.org\/wp-content\/uploads\/2022\/07\/4-2-1024x1024-1-300x300.png 300w, https:\/\/galeo.org\/wp-content\/uploads\/2022\/07\/4-2-1024x1024-1-100x100.png 100w, https:\/\/galeo.org\/wp-content\/uploads\/2022\/07\/4-2-1024x1024-1-600x600.png 600w, https:\/\/galeo.org\/wp-content\/uploads\/2022\/07\/4-2-1024x1024-1-150x150.png 150w, https:\/\/galeo.org\/wp-content\/uploads\/2022\/07\/4-2-1024x1024-1-768x768.png 768w\" sizes=\"(max-width: 800px) 100vw, 800px\" \/>\t\t\t\t\t\t\t\t<\/a>\n\t\t\t\t\t\t\t\t\t\t\t\t\t\t\t<\/div>\n\t\t\t\t\t<\/div>\n\t\t<\/div>\n\t\t\t\t<div class=\"elementor-column elementor-col-33 elementor-top-column elementor-element elementor-element-3ff5621\" data-id=\"3ff5621\" data-element_type=\"column\" data-e-type=\"column\">\n\t\t\t<div class=\"elementor-widget-wrap elementor-element-populated\">\n\t\t\t\t\t\t<div class=\"elementor-element elementor-element-560fde3 elementor-widget elementor-widget-image\" data-id=\"560fde3\" data-element_type=\"widget\" data-e-type=\"widget\" data-widget_type=\"image.default\">\n\t\t\t\t\t\t\t\t\t\t\t\t\t\t\t\t<a href=\"https:\/\/galeo.org\/index.php\/leadership\/2017-galeo-institute-for-leadership-profiles\/\">\n\t\t\t\t\t\t\t<img loading=\"lazy\" decoding=\"async\" width=\"800\" height=\"800\" src=\"https:\/\/galeo.org\/wp-content\/uploads\/2022\/07\/5-4-1024x1024-1-1024x1024.png\" class=\"attachment-large size-large wp-image-1509\" alt=\"\" srcset=\"https:\/\/galeo.org\/wp-content\/uploads\/2022\/07\/5-4-1024x1024-1.png 1024w, https:\/\/galeo.org\/wp-content\/uploads\/2022\/07\/5-4-1024x1024-1-300x300.png 300w, https:\/\/galeo.org\/wp-content\/uploads\/2022\/07\/5-4-1024x1024-1-100x100.png 100w, https:\/\/galeo.org\/wp-content\/uploads\/2022\/07\/5-4-1024x1024-1-600x600.png 600w, https:\/\/galeo.org\/wp-content\/uploads\/2022\/07\/5-4-1024x1024-1-150x150.png 150w, https:\/\/galeo.org\/wp-content\/uploads\/2022\/07\/5-4-1024x1024-1-768x768.png 768w\" sizes=\"(max-width: 800px) 100vw, 800px\" \/>\t\t\t\t\t\t\t\t<\/a>\n\t\t\t\t\t\t\t\t\t\t\t\t\t\t\t<\/div>\n\t\t\t\t\t<\/div>\n\t\t<\/div>\n\t\t\t\t<div class=\"elementor-column elementor-col-33 elementor-top-column elementor-element elementor-element-5f24966\" data-id=\"5f24966\" data-element_type=\"column\" data-e-type=\"column\">\n\t\t\t<div class=\"elementor-widget-wrap\">\n\t\t\t\t\t\t\t<\/div>\n\t\t<\/div>\n\t\t\t\t\t<\/div>\n\t\t<\/section>\n\t\t\t\t<\/div>\n\t\t","protected":false},"excerpt":{"rendered":"<p>GALEO Instituto de Cohorte de Liderazgo 2022 COHORTE \u00a1La cohorte GALEO Institute for Leadership 2022 ha tenido un gran comienzo! Nuestros estudiantes se est\u00e1n convirtiendo en l\u00edderes m\u00e1s conocedores, capacitados, comprometidos y orientados a la acci\u00f3n. Obtenga m\u00e1s informaci\u00f3n sobre nuestra cohorte 2022 haciendo clic en la imagen de la derecha. Para apoyar nuestra actual [&hellip;]<\/p>\n","protected":false},"author":1,"featured_media":0,"parent":1877,"menu_order":0,"comment_status":"closed","ping_status":"closed","template":"","meta":{"sfsi_plus_gutenberg_text_before_share":"","sfsi_plus_gutenberg_show_text_before_share":"","sfsi_plus_gutenberg_icon_type":"","sfsi_plus_gutenberg_icon_alignemt":"","sfsi_plus_gutenburg_max_per_row":"","om_disable_all_campaigns":false,"_monsterinsights_skip_tracking":false,"_monsterinsights_sitenote_active":false,"_monsterinsights_sitenote_note":"","_monsterinsights_sitenote_category":0,"footnotes":""},"class_list":["post-1883","page","type-page","status-publish","hentry"],"aioseo_notices":[],"_links":{"self":[{"href":"https:\/\/galeo.org\/es\/wp-json\/wp\/v2\/pages\/1883","targetHints":{"allow":["GET"]}}],"collection":[{"href":"https:\/\/galeo.org\/es\/wp-json\/wp\/v2\/pages"}],"about":[{"href":"https:\/\/galeo.org\/es\/wp-json\/wp\/v2\/types\/page"}],"author":[{"embeddable":true,"href":"https:\/\/galeo.org\/es\/wp-json\/wp\/v2\/users\/1"}],"replies":[{"embeddable":true,"href":"https:\/\/galeo.org\/es\/wp-json\/wp\/v2\/comments?post=1883"}],"version-history":[{"count":5,"href":"https:\/\/galeo.org\/es\/wp-json\/wp\/v2\/pages\/1883\/revisions"}],"predecessor-version":[{"id":2302,"href":"https:\/\/galeo.org\/es\/wp-json\/wp\/v2\/pages\/1883\/revisions\/2302"}],"up":[{"embeddable":true,"href":"https:\/\/galeo.org\/es\/wp-json\/wp\/v2\/pages\/1877"}],"wp:attachment":[{"href":"https:\/\/galeo.org\/es\/wp-json\/wp\/v2\/media?parent=1883"}],"curies":[{"name":"wp","href":"https:\/\/api.w.org\/{rel}","templated":true}]}}