{"id":1885,"date":"2022-07-12T22:12:46","date_gmt":"2022-07-12T22:12:46","guid":{"rendered":"https:\/\/galeo.org\/sobre-nosotros\/acerca-de-galeo\/"},"modified":"2023-09-19T21:00:40","modified_gmt":"2023-09-19T21:00:40","slug":"acerca-de-galeo","status":"publish","type":"page","link":"https:\/\/galeo.org\/es\/sobre-nosotros\/acerca-de-galeo\/","title":{"rendered":"Acerca de GALEO"},"content":{"rendered":"\t\t<div data-elementor-type=\"wp-page\" data-elementor-id=\"1885\" class=\"elementor elementor-1885 elementor-100\" data-elementor-post-type=\"page\">\n\t\t\t\t\t\t<section class=\"elementor-section elementor-top-section elementor-element elementor-element-5617d56 elementor-section-boxed elementor-section-height-default elementor-section-height-default\" data-id=\"5617d56\" data-element_type=\"section\" data-e-type=\"section\">\n\t\t\t\t\t\t<div class=\"elementor-container elementor-column-gap-default\">\n\t\t\t\t\t<div class=\"elementor-column elementor-col-100 elementor-top-column elementor-element elementor-element-e33ae16\" data-id=\"e33ae16\" data-element_type=\"column\" data-e-type=\"column\" data-settings=\"{&quot;background_background&quot;:&quot;gradient&quot;}\">\n\t\t\t<div class=\"elementor-widget-wrap elementor-element-populated\">\n\t\t\t\t\t\t<section class=\"elementor-section elementor-inner-section elementor-element elementor-element-4a233b8 elementor-section-boxed elementor-section-height-default elementor-section-height-default\" data-id=\"4a233b8\" data-element_type=\"section\" data-e-type=\"section\">\n\t\t\t\t\t\t<div class=\"elementor-container elementor-column-gap-no\">\n\t\t\t\t\t<div class=\"elementor-column elementor-col-50 elementor-inner-column elementor-element elementor-element-059c3bf\" data-id=\"059c3bf\" data-element_type=\"column\" data-e-type=\"column\">\n\t\t\t<div class=\"elementor-widget-wrap elementor-element-populated\">\n\t\t\t\t\t\t<div class=\"elementor-element elementor-element-f23659c elementor-widget elementor-widget-heading\" data-id=\"f23659c\" data-element_type=\"widget\" data-e-type=\"widget\" data-widget_type=\"heading.default\">\n\t\t\t\t\t<h1 class=\"elementor-heading-title elementor-size-default\">Sobre nosotros<\/h1>\t\t\t\t<\/div>\n\t\t\t\t\t<\/div>\n\t\t<\/div>\n\t\t\t\t<div class=\"elementor-column elementor-col-50 elementor-inner-column elementor-element elementor-element-6f6fce4\" data-id=\"6f6fce4\" data-element_type=\"column\" data-e-type=\"column\">\n\t\t\t<div class=\"elementor-widget-wrap elementor-element-populated\">\n\t\t\t\t\t\t<div class=\"elementor-element elementor-element-894ee73 elementor-widget elementor-widget-image\" data-id=\"894ee73\" data-element_type=\"widget\" data-e-type=\"widget\" data-widget_type=\"image.default\">\n\t\t\t\t\t\t\t\t\t\t\t\t\t\t\t<img fetchpriority=\"high\" decoding=\"async\" width=\"800\" height=\"534\" src=\"https:\/\/galeo.org\/wp-content\/uploads\/2023\/08\/IMG_9868-1-1024x683.jpg\" class=\"attachment-large size-large wp-image-19010\" alt=\"\" srcset=\"https:\/\/galeo.org\/wp-content\/uploads\/2023\/08\/IMG_9868-1-1024x683.jpg 1024w, https:\/\/galeo.org\/wp-content\/uploads\/2023\/08\/IMG_9868-1-scaled-600x400.jpg 600w, https:\/\/galeo.org\/wp-content\/uploads\/2023\/08\/IMG_9868-1-300x200.jpg 300w, https:\/\/galeo.org\/wp-content\/uploads\/2023\/08\/IMG_9868-1-768x512.jpg 768w, https:\/\/galeo.org\/wp-content\/uploads\/2023\/08\/IMG_9868-1-1536x1024.jpg 1536w, https:\/\/galeo.org\/wp-content\/uploads\/2023\/08\/IMG_9868-1-2048x1365.jpg 2048w\" sizes=\"(max-width: 800px) 100vw, 800px\" \/>\t\t\t\t\t\t\t\t\t\t\t\t\t\t\t<\/div>\n\t\t\t\t\t<\/div>\n\t\t<\/div>\n\t\t\t\t\t<\/div>\n\t\t<\/section>\n\t\t\t\t\t<\/div>\n\t\t<\/div>\n\t\t\t\t\t<\/div>\n\t\t<\/section>\n\t\t\t\t<section class=\"elementor-section elementor-top-section elementor-element elementor-element-6ab030f elementor-section-boxed elementor-section-height-default elementor-section-height-default\" data-id=\"6ab030f\" data-element_type=\"section\" data-e-type=\"section\">\n\t\t\t\t\t\t<div class=\"elementor-container elementor-column-gap-default\">\n\t\t\t\t\t<div class=\"elementor-column elementor-col-100 elementor-top-column elementor-element elementor-element-b710e92\" data-id=\"b710e92\" data-element_type=\"column\" data-e-type=\"column\">\n\t\t\t<div class=\"elementor-widget-wrap elementor-element-populated\">\n\t\t\t\t\t\t<div class=\"elementor-element elementor-element-ec4b553 elementor-widget elementor-widget-heading\" data-id=\"ec4b553\" data-element_type=\"widget\" data-e-type=\"widget\" data-widget_type=\"heading.default\">\n\t\t\t\t\t<h3 class=\"elementor-heading-title elementor-size-default\">GALEO es una organizaci\u00f3n no partidista sin \u00e1nimo de lucro con sede en Norcross, Georgia, fundada en 2003. GALEO lucha por una Georgia en la que la comunidad latina participe c\u00edvicamente y sus contribuciones, problem\u00e1ticas y necesidades sean reconocidas. <br>GALEO se centra en aumentar la participaci\u00f3n c\u00edvica de la comunidad latina y desarrollar destacados l\u00edderes latinos en todo Georgia.<\/h3>\t\t\t\t<\/div>\n\t\t\t\t\t<\/div>\n\t\t<\/div>\n\t\t\t\t\t<\/div>\n\t\t<\/section>\n\t\t\t\t<section class=\"elementor-section elementor-top-section elementor-element elementor-element-f8bab5a elementor-section-boxed elementor-section-height-default elementor-section-height-default\" data-id=\"f8bab5a\" data-element_type=\"section\" data-e-type=\"section\">\n\t\t\t\t\t\t<div class=\"elementor-container elementor-column-gap-default\">\n\t\t\t\t\t<div class=\"elementor-column elementor-col-100 elementor-top-column elementor-element elementor-element-81d97b2\" data-id=\"81d97b2\" data-element_type=\"column\" data-e-type=\"column\">\n\t\t\t<div class=\"elementor-widget-wrap elementor-element-populated\">\n\t\t\t\t\t\t<div class=\"elementor-element elementor-element-64673f1 elementor-widget elementor-widget-text-editor\" data-id=\"64673f1\" data-element_type=\"widget\" data-e-type=\"widget\" data-widget_type=\"text-editor.default\">\n\t\t\t\t\t\t\t\t\t<h2>Misi\u00f3n y visi\u00f3n<\/h2><p><strong>Misi\u00f3n:<\/strong> aumentar el compromiso c\u00edvico y el liderazgo de la comunidad latina\/hispana en todo Georgia.<\/p><p><strong>Visi\u00f3n:<\/strong> GALEO se esfuerza por conseguir una Georgia m\u00e1s incluyente en la que la comunidad latina se comprometa c\u00edvicamente y se reconozcan sus contribuciones, necesidades y problem\u00e1ticas.<\/p><h2>En lo que creemos<\/h2><p>Inclusi\u00f3n, no partidismo, diversidad, capacidad de respuesta<\/p><h2>Logros<\/h2><div>\u00a0<\/div><div>En el a\u00f1o 2003, cuando se crea GALEO, la comunidad latina de Georgia no estaba bien representada ni contaba con una fuerza electoral viable. El panorama ha cambiado al d\u00eda de hoy, pues contamos con m\u00e1s de 385.000 votantes latinos registrados en todo el estado. <\/div><div>En Georgia hay casi un mill\u00f3n de latinos, con uno de los \u00edndices de crecimiento m\u00e1s r\u00e1pidos de la poblaci\u00f3n latina del pa\u00eds.\u00a0 GALEO participa en la promoci\u00f3n, crea oportunidades para el compromiso y la creaci\u00f3n de redes, y desarrolla las habilidades de liderazgo de los miembros de la comunidad latina. Durante el a\u00f1o pasado, personal y voluntarios de GALEO participaron en eventos en bancos de alimentos, iglesias y escuelas, proporcionando informaci\u00f3n y ayudando a realizar pruebas gratuitas de COVID-19. Tambi\u00e9n hemos repartido folletos en eventos de la ciudad, supermercados e iglesias dirigidos a latinos. <\/div><div>\u00a0<\/div><div>Durante el 2022 logramos conectar con m\u00e1s de un mill\u00f3n de votantes y potenciales votantes a trav\u00e9s de bases de datos telef\u00f3nicos y mensajes de texto, eventos de sondeo en persona y puerta a puerta.\u00a0 El Instituto GALEO para el Liderazgo (GIL) forma a futuros l\u00edderes de la comunidad, especialmente j\u00f3venes latinos. A noviembre de 2021, hemos graduado a m\u00e1s de 700 futuros l\u00edderes del programa. Nos asociamos con la Universidad Estatal de Georgia para ofrecer formaci\u00f3n en liderazgo en su campus principal (en el centro de Atlanta), con planes de ampliaci\u00f3n a otras universidades locales. <\/div><div>\u00a0<\/div><div>Nuestro programa Georgia Latino Vote (GLV) apoya esfuerzos de registro y participaci\u00f3n de votantes en todo el estado. Para las elecciones generales de 2020, la tasa de participaci\u00f3n de personas de color (POC) de GALEO fue del 54,79%, en comparaci\u00f3n a una tasa de participaci\u00f3n POC en todo el estado del 47%.<\/div><div>\u00a0Para segunda vuelta del Senado (enero de 2021), el 78% de los latinos que votaron en las elecciones generales volvieron a votar en segunda vuelta.<\/div><p><a href=\"https:\/\/www.charitynavigator.org\/ein\/98\" target=\"_blank\" rel=\"noopener\"><img decoding=\"async\" style=\"max-width: 160px;\" src=\"https:\/\/www.charitynavigator.org\/ein\/98\/takeaway\/98\" alt=\"Calificaci\u00f3n de Charity Navigator\" \/> <\/a> <a href=\"https:\/\/www.guidestar.org\/profile\/20-1565775\" target=\"_blank\" rel=\"noopener\"><img decoding=\"async\" src=\"https:\/\/widgets.guidestar.org\/TransparencySeal\/7005306\" \/><\/a><\/p><div>\u00a0<\/div><div>\u00a0<\/div>\t\t\t\t\t\t\t\t<\/div>\n\t\t\t\t<div class=\"elementor-element elementor-element-c1ac78b elementor-widget elementor-widget-button\" data-id=\"c1ac78b\" data-element_type=\"widget\" data-e-type=\"widget\" data-widget_type=\"button.default\">\n\t\t\t\t\t\t\t\t\t\t<a class=\"elementor-button elementor-button-link elementor-size-sm\" href=\"https:\/\/galeoimpactfund.org\/\" target=\"_blank\">\n\t\t\t\t\t\t<span class=\"elementor-button-content-wrapper\">\n\t\t\t\t\t\t\t\t\t<span class=\"elementor-button-text\">Fondo GALEO Impact<\/span>\n\t\t\t\t\t<\/span>\n\t\t\t\t\t<\/a>\n\t\t\t\t\t\t\t\t<\/div>\n\t\t\t\t\t<\/div>\n\t\t<\/div>\n\t\t\t\t\t<\/div>\n\t\t<\/section>\n\t\t\t\t<\/div>\n\t\t","protected":false},"excerpt":{"rendered":"<p>Sobre nosotros GALEO es una organizaci\u00f3n no partidista sin \u00e1nimo de lucro con sede en Norcross, Georgia, fundada en 2003. GALEO lucha por una Georgia en la que la comunidad latina participe c\u00edvicamente y sus contribuciones, problem\u00e1ticas y necesidades sean reconocidas. GALEO se centra en aumentar la participaci\u00f3n c\u00edvica de la comunidad latina y desarrollar [&hellip;]<\/p>\n","protected":false},"author":1,"featured_media":0,"parent":1879,"menu_order":0,"comment_status":"closed","ping_status":"closed","template":"","meta":{"sfsi_plus_gutenberg_text_before_share":"","sfsi_plus_gutenberg_show_text_before_share":"","sfsi_plus_gutenberg_icon_type":"","sfsi_plus_gutenberg_icon_alignemt":"","sfsi_plus_gutenburg_max_per_row":"","om_disable_all_campaigns":false,"_monsterinsights_skip_tracking":false,"_monsterinsights_sitenote_active":false,"_monsterinsights_sitenote_note":"","_monsterinsights_sitenote_category":0,"footnotes":""},"class_list":["post-1885","page","type-page","status-publish","hentry"],"aioseo_notices":[],"_links":{"self":[{"href":"https:\/\/galeo.org\/es\/wp-json\/wp\/v2\/pages\/1885","targetHints":{"allow":["GET"]}}],"collection":[{"href":"https:\/\/galeo.org\/es\/wp-json\/wp\/v2\/pages"}],"about":[{"href":"https:\/\/galeo.org\/es\/wp-json\/wp\/v2\/types\/page"}],"author":[{"embeddable":true,"href":"https:\/\/galeo.org\/es\/wp-json\/wp\/v2\/users\/1"}],"replies":[{"embeddable":true,"href":"https:\/\/galeo.org\/es\/wp-json\/wp\/v2\/comments?post=1885"}],"version-history":[{"count":5,"href":"https:\/\/galeo.org\/es\/wp-json\/wp\/v2\/pages\/1885\/revisions"}],"predecessor-version":[{"id":19161,"href":"https:\/\/galeo.org\/es\/wp-json\/wp\/v2\/pages\/1885\/revisions\/19161"}],"up":[{"embeddable":true,"href":"https:\/\/galeo.org\/es\/wp-json\/wp\/v2\/pages\/1879"}],"wp:attachment":[{"href":"https:\/\/galeo.org\/es\/wp-json\/wp\/v2\/media?parent=1885"}],"curies":[{"name":"wp","href":"https:\/\/api.w.org\/{rel}","templated":true}]}}