{"id":1886,"date":"2022-07-21T19:49:37","date_gmt":"2022-07-21T19:49:37","guid":{"rendered":"https:\/\/galeo.org\/jerry-gonzalez\/"},"modified":"2023-03-13T19:56:50","modified_gmt":"2023-03-13T19:56:50","slug":"jerry-gonzalez","status":"publish","type":"page","link":"https:\/\/galeo.org\/es\/sobre-nosotros\/personal-de-galeo\/jerry-gonzalez\/","title":{"rendered":"Jerry Gonz\u00e1lez"},"content":{"rendered":"\t\t<div data-elementor-type=\"wp-page\" data-elementor-id=\"1886\" class=\"elementor elementor-1886 elementor-518\" data-elementor-post-type=\"page\">\n\t\t\t\t\t\t<section class=\"elementor-section elementor-top-section elementor-element elementor-element-259f0b4b elementor-section-boxed elementor-section-height-default elementor-section-height-default\" data-id=\"259f0b4b\" data-element_type=\"section\" data-e-type=\"section\">\n\t\t\t\t\t\t<div class=\"elementor-container elementor-column-gap-default\">\n\t\t\t\t\t<div class=\"elementor-column elementor-col-100 elementor-top-column elementor-element elementor-element-61107bb1\" data-id=\"61107bb1\" data-element_type=\"column\" data-e-type=\"column\" data-settings=\"{&quot;background_background&quot;:&quot;gradient&quot;}\">\n\t\t\t<div class=\"elementor-widget-wrap elementor-element-populated\">\n\t\t\t\t\t\t<section class=\"elementor-section elementor-inner-section elementor-element elementor-element-5f64479f elementor-section-boxed elementor-section-height-default elementor-section-height-default\" data-id=\"5f64479f\" data-element_type=\"section\" data-e-type=\"section\">\n\t\t\t\t\t\t<div class=\"elementor-container elementor-column-gap-no\">\n\t\t\t\t\t<div class=\"elementor-column elementor-col-50 elementor-inner-column elementor-element elementor-element-18f65504\" data-id=\"18f65504\" data-element_type=\"column\" data-e-type=\"column\">\n\t\t\t<div class=\"elementor-widget-wrap elementor-element-populated\">\n\t\t\t\t\t\t<div class=\"elementor-element elementor-element-6bbf0906 elementor-widget elementor-widget-heading\" data-id=\"6bbf0906\" data-element_type=\"widget\" data-e-type=\"widget\" data-widget_type=\"heading.default\">\n\t\t\t\t\t<h1 class=\"elementor-heading-title elementor-size-default\">Personal<\/h1>\t\t\t\t<\/div>\n\t\t\t\t\t<\/div>\n\t\t<\/div>\n\t\t\t\t<div class=\"elementor-column elementor-col-50 elementor-inner-column elementor-element elementor-element-1526fb88\" data-id=\"1526fb88\" data-element_type=\"column\" data-e-type=\"column\">\n\t\t\t<div class=\"elementor-widget-wrap elementor-element-populated\">\n\t\t\t\t\t\t<div class=\"elementor-element elementor-element-6fe1cdf1 elementor-widget elementor-widget-image\" data-id=\"6fe1cdf1\" data-element_type=\"widget\" data-e-type=\"widget\" data-widget_type=\"image.default\">\n\t\t\t\t\t\t\t\t\t\t\t\t\t\t\t<img fetchpriority=\"high\" decoding=\"async\" width=\"700\" height=\"250\" src=\"https:\/\/galeo.org\/wp-content\/uploads\/2022\/07\/GALEO-About.png\" class=\"attachment-large size-large wp-image-1499\" alt=\"\" srcset=\"https:\/\/galeo.org\/wp-content\/uploads\/2022\/07\/GALEO-About.png 700w, https:\/\/galeo.org\/wp-content\/uploads\/2022\/07\/GALEO-About-600x214.png 600w, https:\/\/galeo.org\/wp-content\/uploads\/2022\/07\/GALEO-About-300x107.png 300w\" sizes=\"(max-width: 700px) 100vw, 700px\" \/>\t\t\t\t\t\t\t\t\t\t\t\t\t\t\t<\/div>\n\t\t\t\t\t<\/div>\n\t\t<\/div>\n\t\t\t\t\t<\/div>\n\t\t<\/section>\n\t\t\t\t\t<\/div>\n\t\t<\/div>\n\t\t\t\t\t<\/div>\n\t\t<\/section>\n\t\t\t\t<section class=\"elementor-section elementor-top-section elementor-element elementor-element-96dfefa elementor-section-boxed elementor-section-height-default elementor-section-height-default\" data-id=\"96dfefa\" data-element_type=\"section\" data-e-type=\"section\">\n\t\t\t\t\t\t<div class=\"elementor-container elementor-column-gap-default\">\n\t\t\t\t\t<div class=\"elementor-column elementor-col-50 elementor-top-column elementor-element elementor-element-2696d76\" data-id=\"2696d76\" data-element_type=\"column\" data-e-type=\"column\">\n\t\t\t<div class=\"elementor-widget-wrap elementor-element-populated\">\n\t\t\t\t\t\t<div class=\"elementor-element elementor-element-f3e0117 elementor-widget elementor-widget-heading\" data-id=\"f3e0117\" data-element_type=\"widget\" data-e-type=\"widget\" data-widget_type=\"heading.default\">\n\t\t\t\t\t<h2 class=\"elementor-heading-title elementor-size-default\">Jerry Gonz\u00e1lez<\/h2>\t\t\t\t<\/div>\n\t\t\t\t<div class=\"elementor-element elementor-element-1abbe15 elementor-widget elementor-widget-heading\" data-id=\"1abbe15\" data-element_type=\"widget\" data-e-type=\"widget\" data-widget_type=\"heading.default\">\n\t\t\t\t\t<h3 class=\"elementor-heading-title elementor-size-default\">GALEO DIRECTOR GENERAL (CEO)<\/h3>\t\t\t\t<\/div>\n\t\t\t\t<div class=\"elementor-element elementor-element-95ff230 elementor-shape-circle e-grid-align-left elementor-grid-0 elementor-widget elementor-widget-social-icons\" data-id=\"95ff230\" data-element_type=\"widget\" data-e-type=\"widget\" data-widget_type=\"social-icons.default\">\n\t\t\t\t\t\t\t<div class=\"elementor-social-icons-wrapper elementor-grid\" role=\"list\">\n\t\t\t\t\t\t\t<span class=\"elementor-grid-item\" role=\"listitem\">\n\t\t\t\t\t<a class=\"elementor-icon elementor-social-icon elementor-social-icon-envelope elementor-repeater-item-0591f2d\" href=\"mailto:jerry@galeo.org\" target=\"_blank\">\n\t\t\t\t\t\t<span class=\"elementor-screen-only\">Envelope<\/span>\n\t\t\t\t\t\t<svg aria-hidden=\"true\" class=\"e-font-icon-svg e-fas-envelope\" viewBox=\"0 0 512 512\" xmlns=\"http:\/\/www.w3.org\/2000\/svg\"><path d=\"M502.3 190.8c3.9-3.1 9.7-.2 9.7 4.7V400c0 26.5-21.5 48-48 48H48c-26.5 0-48-21.5-48-48V195.6c0-5 5.7-7.8 9.7-4.7 22.4 17.4 52.1 39.5 154.1 113.6 21.1 15.4 56.7 47.8 92.2 47.6 35.7.3 72-32.8 92.3-47.6 102-74.1 131.6-96.3 154-113.7zM256 320c23.2.4 56.6-29.2 73.4-41.4 132.7-96.3 142.8-104.7 173.4-128.7 5.8-4.5 9.2-11.5 9.2-18.9v-19c0-26.5-21.5-48-48-48H48C21.5 64 0 85.5 0 112v19c0 7.4 3.4 14.3 9.2 18.9 30.6 23.9 40.7 32.4 173.4 128.7 16.8 12.2 50.2 41.8 73.4 41.4z\"><\/path><\/svg>\t\t\t\t\t<\/a>\n\t\t\t\t<\/span>\n\t\t\t\t\t\t\t<span class=\"elementor-grid-item\" role=\"listitem\">\n\t\t\t\t\t<a class=\"elementor-icon elementor-social-icon elementor-social-icon-linkedin elementor-repeater-item-7b683b8\" href=\"https:\/\/www.linkedin.com\/in\/jerry-gonzalez-atlanta\/\" target=\"_blank\">\n\t\t\t\t\t\t<span class=\"elementor-screen-only\">Linkedin<\/span>\n\t\t\t\t\t\t<svg aria-hidden=\"true\" class=\"e-font-icon-svg e-fab-linkedin\" viewBox=\"0 0 448 512\" xmlns=\"http:\/\/www.w3.org\/2000\/svg\"><path d=\"M416 32H31.9C14.3 32 0 46.5 0 64.3v383.4C0 465.5 14.3 480 31.9 480H416c17.6 0 32-14.5 32-32.3V64.3c0-17.8-14.4-32.3-32-32.3zM135.4 416H69V202.2h66.5V416zm-33.2-243c-21.3 0-38.5-17.3-38.5-38.5S80.9 96 102.2 96c21.2 0 38.5 17.3 38.5 38.5 0 21.3-17.2 38.5-38.5 38.5zm282.1 243h-66.4V312c0-24.8-.5-56.7-34.5-56.7-34.6 0-39.9 27-39.9 54.9V416h-66.4V202.2h63.7v29.2h.9c8.9-16.8 30.6-34.5 62.9-34.5 67.2 0 79.7 44.3 79.7 101.9V416z\"><\/path><\/svg>\t\t\t\t\t<\/a>\n\t\t\t\t<\/span>\n\t\t\t\t\t<\/div>\n\t\t\t\t\t\t<\/div>\n\t\t\t\t<div class=\"elementor-element elementor-element-e17be70 elementor-widget elementor-widget-text-editor\" data-id=\"e17be70\" data-element_type=\"widget\" data-e-type=\"widget\" data-widget_type=\"text-editor.default\">\n\t\t\t\t\t\t\t\t\t<p><strong>Jerry Gonzalez&nbsp;<\/strong><em>(He\/Him\/\u00c9l)<\/em> es el fundador y actual director ejecutivo (CEO) de la Asociaci\u00f3n de Funcionarios Latinos Electos de Georgia (GALEO) y del Fondo de Desarrollo de la Comunidad Latina de GALEO (GLCDF).<\/p>\n<p>GALEO se fund\u00f3 en 2003 y es una organizaci\u00f3n 501(c)(6) estatal sin \u00e1nimo de lucro y no partidista; su misi\u00f3n es aumentar el compromiso c\u00edvico y el desarrollo del liderazgo de la comunidad latina\/hispana en todo Georgia.<\/p>\n<p>El Fondo para el Desarrollo de la Comunidad Latina de GALEO es una organizaci\u00f3n sin \u00e1nimo de lucro 501(c)(3) afiliada a GALEO.&nbsp;<\/p>\n<p>GALEO Impact Fund, Inc. es una organizaci\u00f3n 501(c)4.<\/p>\n<p>En GALEO, Gonz\u00e1lez ha utilizado no s\u00f3lo su amplia experiencia pol\u00edtica, sino tambi\u00e9n su profundo conocimiento de las luchas de la comunidad latina en Georgia. Durante su mandato en GALEO, el programa del Instituto GALEO para el Liderazgo (GIL) se ha convertido en el buque insignia del desarrollo del liderazgo para la comunidad latina e inmigrante de Georgia, dotando a m\u00e1s de 600 miembros de la comunidad de habilidades para servir a sus comunidades. El Consejo de Liderazgo de GALEO, la Serie de Liderazgo en Espa\u00f1ol y la Cumbre de L\u00edderes Latinos son tambi\u00e9n parte integral de las actividades de liderazgo, empoderamiento y creaci\u00f3n de redes de GALEO.<\/p>\n<p>A trav\u00e9s de los esfuerzos de participaci\u00f3n de los votantes de GALEO, el electorado latino de Georgia ha crecido a m\u00e1s de 250.000 de una base de 10.000 en 2003, y las tasas de participaci\u00f3n de los votantes latinos en la mayor\u00eda de las jurisdicciones en Georgia durante las elecciones de 2016 superaron las tasas nacionales de participaci\u00f3n de los votantes latinos.<\/p>\n<p>En 2015, citando la Secci\u00f3n 203 de la Ley Federal de Derecho al Voto, Gonz\u00e1lez y LatinoJustice encabezaron el exitoso esfuerzo de poner material en espa\u00f1ol a disposici\u00f3n de los votantes en el condado de Gwinnett.&nbsp; Ese mismo a\u00f1o, GALEO LCDF fue galardonada por la Fundaci\u00f3n Sapelo con el prestigioso premio Smith Bagley, por su \u00e9xito continuado y su trabajo ejemplar con la comunidad.<\/p>\n<p>Gonz\u00e1lez es oriundo de Laredo (Texas) y se licenci\u00f3 en Ingenier\u00eda Mec\u00e1nica por la Universidad A&amp;M de Texas en 1995.<\/p>\n<p>En 1996, Gonz\u00e1lez se traslad\u00f3 a Atlanta para trabajar como ingeniero de soporte de campo para Rockwell Automation. Tras pasar al \u00e1mbito de las organizaciones sin \u00e1nimo de lucro en 2002, Gonz\u00e1lez trabaj\u00f3 con el Mexican American Legal Defense and Educational Fund (MALDEF) como analista de pol\u00edtica legislativa, centr\u00e1ndose en cuestiones relacionadas con los derechos de los inmigrantes en la Asamblea General de Georgia y en varias jurisdicciones locales del sureste.<\/p>\n<p>En 2005 obtuvo un m\u00e1ster en Administraci\u00f3n P\u00fablica con especializaci\u00f3n en Administraci\u00f3n de Organizaciones sin \u00c1nimo de Lucro en la Andrew Young School of Public Policy de la Georgia State University.<\/p>\n<p>Gracias a sus esfuerzos en GALEO, el Jerry Gonz\u00e1lez ha sido reconocido por&nbsp;<em>Georgia Trend Magazine<\/em>&nbsp;como uno de los 100 georgianos m\u00e1s influyentes de Georgia durante varios a\u00f1os, y es administrador y miembro de fundaciones y consejos asesores, adem\u00e1s de otros muchos honores y premios.<\/p>\n<p>En 2017, fue seleccionado para participar en el programa de liderazgo ejecutivo &#8216;National Leading from the Inside Out (LIO) Yearlong Fellows&#8217; del Rockwood Institute.<\/p>\n<p>Jerry vive en Atlanta junto a su esposo por m\u00e1s de 25 a\u00f1os, Ray, un pediatra en ejercicio y establecido. Zack, su perro, conforma su n\u00facleo familiar.<\/p>\n<p>Cuando no est\u00e1 viajando por Georgia hablando en reuniones municipales y abogando por la educaci\u00f3n, el compromiso c\u00edvico y pol\u00edticas de inmigraci\u00f3n justas, disfruta pasar su tiempo entre la fotograf\u00eda, los viajes, el senderismo y se considera un \u00e1vido ciclista de carretera.<\/p>\n<div>&nbsp;<\/div>\n<div>&nbsp;<\/div>\n<div>&nbsp;<\/div>\t\t\t\t\t\t\t\t<\/div>\n\t\t\t\t<div class=\"elementor-element elementor-element-338a2ad elementor-widget elementor-widget-image\" data-id=\"338a2ad\" data-element_type=\"widget\" data-e-type=\"widget\" data-widget_type=\"image.default\">\n\t\t\t\t\t\t\t\t\t\t\t\t\t\t\t<img decoding=\"async\" width=\"225\" height=\"300\" src=\"https:\/\/galeo.org\/wp-content\/uploads\/2022\/07\/FullSizeRender-3-225x300-1.jpg\" class=\"attachment-large size-large wp-image-1667\" alt=\"\" \/>\t\t\t\t\t\t\t\t\t\t\t\t\t\t\t<\/div>\n\t\t\t\t<div class=\"elementor-element elementor-element-e4de0a3 elementor-widget elementor-widget-text-editor\" data-id=\"e4de0a3\" data-element_type=\"widget\" data-e-type=\"widget\" data-widget_type=\"text-editor.default\">\n\t\t\t\t\t\t\t\t\t<p><strong>Breve BIO:<\/strong> Jerry Gonz\u00e1lez es el fundador y actual Director Ejecutivo (CEO) de la Asociaci\u00f3n de Funcionarios Latinos Electos de Georgia (GALEO), del Fondo de Desarrollo de la Comunidad Latina de GALEO y del Fondo de Impacto de GALEO. GALEO, una organizaci\u00f3n estatal sin \u00e1nimo de lucro y no partidista, tiene como misi\u00f3n aumentar el compromiso c\u00edvico y el desarrollo del liderazgo de la comunidad latina en todo Georgia. Gonz\u00e1lez es natural de Laredo (Texas) y se licenci\u00f3 en Ingenier\u00eda Mec\u00e1nica por la Universidad A&amp;M de Texas en 1995. Complet\u00f3 su m\u00e1ster en Administraci\u00f3n P\u00fablica en la Andrew Young School of Public Policy de la Georgia State University en 2005. Gracias a sus esfuerzos en GALEO, el Jerry Gonz\u00e1lez ha sido reconocido por <em>la revista Georgia Trend<\/em> como uno de los 100 georgianos m\u00e1s influyentes de Georgia durante varios a\u00f1os. Tambi\u00e9n dedica tiempo a la filantrop\u00eda, formando parte de varios consejos. Gonz\u00e1lez vive en Atlanta con su marido desde hace m\u00e1s de 25 a\u00f1os, Ray, pediatra en ejercicio, y su perro, Zack. Entre las aficiones de Jerry figuran la fotograf\u00eda, los viajes, el senderismo y se considera un \u00e1vido ciclista de carretera.<\/p>\t\t\t\t\t\t\t\t<\/div>\n\t\t\t\t\t<\/div>\n\t\t<\/div>\n\t\t\t\t<div class=\"elementor-column elementor-col-50 elementor-top-column elementor-element elementor-element-a490ee2\" data-id=\"a490ee2\" data-element_type=\"column\" data-e-type=\"column\">\n\t\t\t<div class=\"elementor-widget-wrap elementor-element-populated\">\n\t\t\t\t\t\t<div class=\"elementor-element elementor-element-eee8ffd elementor-widget elementor-widget-image\" data-id=\"eee8ffd\" data-element_type=\"widget\" data-e-type=\"widget\" data-widget_type=\"image.default\">\n\t\t\t\t\t\t\t\t\t\t\t\t\t\t\t<img decoding=\"async\" width=\"800\" height=\"800\" src=\"https:\/\/galeo.org\/wp-content\/uploads\/2022\/07\/Jerry-Gonzalez-1024x1024.png\" class=\"attachment-large size-large wp-image-1666\" alt=\"\" srcset=\"https:\/\/galeo.org\/wp-content\/uploads\/2022\/07\/Jerry-Gonzalez-1024x1024.png 1024w, https:\/\/galeo.org\/wp-content\/uploads\/2022\/07\/Jerry-Gonzalez-300x300.png 300w, https:\/\/galeo.org\/wp-content\/uploads\/2022\/07\/Jerry-Gonzalez-100x100.png 100w, https:\/\/galeo.org\/wp-content\/uploads\/2022\/07\/Jerry-Gonzalez-600x600.png 600w, https:\/\/galeo.org\/wp-content\/uploads\/2022\/07\/Jerry-Gonzalez-150x150.png 150w, https:\/\/galeo.org\/wp-content\/uploads\/2022\/07\/Jerry-Gonzalez-768x768.png 768w, https:\/\/galeo.org\/wp-content\/uploads\/2022\/07\/Jerry-Gonzalez.png 1080w\" sizes=\"(max-width: 800px) 100vw, 800px\" \/>\t\t\t\t\t\t\t\t\t\t\t\t\t\t\t<\/div>\n\t\t\t\t<div class=\"elementor-element elementor-element-c44aff2 elementor-widget elementor-widget-text-editor\" data-id=\"c44aff2\" data-element_type=\"widget\" data-e-type=\"widget\" data-widget_type=\"text-editor.default\">\n\t\t\t\t\t\t\t\t\t<h3>Premios y distinciones<\/h3><ul><li><em>Georgia Trend Magazine<\/em>, \u00ab100 georgianos m\u00e1s influyentes\u00bb (2007, 2008, 2012, 2016, 2017, 2018, 2019, 2020, 2021).<\/li><li>Nombrado por la C\u00e1mara de Comercio Hispana de Georgia como uno de los <em>\u00ab50 latinos m\u00e1s influyentes\u00bb<\/em> de Georgia <em>(2021, 2020, 2019, 2018).<\/em><\/li><li>Babson College, Liderazgo empresarial en el sector social (2021).<\/li><li>2021 Bright Voices Honors, voz para un futuro mejor en el compromiso comunitario (24\/07\/2021)<\/li><li>Patrono de la Fundaci\u00f3n Mary Reynolds Babcock (2013-actualidad), Secretario (2018), Vicepresidente (2019-2020), Presidente (2021-actualidad).<\/li><li>Secretario, <a href=\"http:\/\/www.galeoimpactfund.org\/\">GALEO Impact Fund, Inc. (2019-2020)<\/a><\/li><li><em>Atlanta Magazine<\/em> nombr\u00f3 a Jerry Gonz\u00e1lez como uno de los \u00abAtlanta 500: Los l\u00edderes m\u00e1s poderosos de nuestra ciudad\u00bb (2019, 2020, 2021).<\/li><li>Nombrado patrono del Southeast Council of Foundations (2019-presente)<\/li><li>Caminar Latino reconoci\u00f3 a J. Gonz\u00e1lez como \u00abIndividuo del a\u00f1o, premio Caminar Latino Journey\u00bb (2019)<\/li><li>Junta de ProGeorgia (2011-2021), Vicepresidente de ProGeorgia (2019-2021)<\/li><li>Honrado por La Amistad, Inc. como uno de los \u00abH\u00e9roes de Atlanta\u00bb (28\/09\/2019)<\/li><li>Participante en el programa de liderazgo ejecutivo \u00abNational Leading from the Inside Out (LIO) Yearlong Fellows\u00bb del Rockwood Institute (2017-2018).<\/li><li>Junta Asesora de Subvenciones de la Fundaci\u00f3n Goizueta de la Universidad de Emory, miembro (2017).<\/li><li>Gran Mariscal del Desfile del Orgullo Gay de Atlanta, Gran Mariscal (2017).<\/li><li>Top 10 Recaudaci\u00f3n de fondos para la Vacuna contra el SIDA Recorrido en bicicleta de 200 millas. Jerry y su marido, Ray, recaudaron un total combinado de m\u00e1s de 24.000 d\u00f3lares en 2017. En dos a\u00f1os, la pareja recaud\u00f3 59.000 d\u00f3lares para la investigaci\u00f3n de la vacuna contra el SIDA, una cantidad r\u00e9cord para la AV200.<\/li><li>Consejo de Administraci\u00f3n de Atlanta BeltLine Partnership (2015-2019)<\/li><li>Una de las personas notables de Georgia\u00bb, Georgia Trend Magazine (2009, 2014, 2015).<\/li><li>&#8216;Personajes Destacados del A\u00f1o&#8217; por Mundo Hisp\u00e1nico (2014).<\/li><li>Premio \u00abCaribbean American Movers &amp; Shakers\u00bb (2014).<\/li><li>Leadership Atlanta, Consejo de Administraci\u00f3n (2014-2017).<\/li><li>Nombrado Presidente del Comit\u00e9 Asesor del Estado de Georgia ante la Comisi\u00f3n de Derechos Civiles de los Estados Unidos (2013-2020), Ejerciendo como miembro Comisionado del Comit\u00e9 Asesor del Estado de Georgia (2020-presente).<\/li><li>Grupo Lanza, Premio \u00abUnsung Hero\u00bb a los logros hispanos y al liderazgo empresarial (2012).<\/li><li>Georgia Equality, \u00abPremio Allen Thornell al Avance Pol\u00edtico\u00bb (2012).<\/li><li>Invitada a la Casa Blanca por el Presidente Obama y la Primera Dama Michelle Obama para una recepci\u00f3n navide\u00f1a (2011).<\/li><li>Nombrado miembro del Comit\u00e9 Asesor del Estado de Georgia ante la Comisi\u00f3n de Derechos Civiles de Estados Unidos (2011-actualidad).<\/li><li>Sociedad Nacional de MBA Hispanos, secci\u00f3n de Atlanta, premio inaugural \u00abHispanic 4 Under 40\u00bb por su destacado liderazgo sin \u00e1nimo de lucro (2011).<\/li><li>New Leaders Council Progressive Stars of Atlanta, premio Strong Democracy (5\/10\/2011).<\/li><li>Liderazgo Georgia, Promoci\u00f3n 2010<\/li><li>Copresidente honorario del 25 aniversario de Sweet Auburn Springfest en el almuerzo de entrega de premios a leyendas, h\u00e9roes y hero\u00ednas (2009).<\/li><li>Premio MALDEF al Servicio Comunitario (2009).<\/li><li>Project Interchange\u00bb, participante en un viaje a Israel con el Comit\u00e9 Jud\u00edo Americano (2008).<\/li><li>Miembro del Consejo Comunitario, o fideicomisario, de la Fundaci\u00f3n Sapelo (2008-2014).<\/li><li>Asociaci\u00f3n Latinoamericana, \u00abPremio al Liderazgo, Servicio y Compromiso Destacados con la Comunidad\u00bb (2008)<\/li><li>Atlanta Business Chronicle \u00abUp &amp; Comers- 40 Under 40\u00bb.<\/li>l<\/ul>\t\t\t\t\t\t\t\t<\/div>\n\t\t\t\t\t<\/div>\n\t\t<\/div>\n\t\t\t\t\t<\/div>\n\t\t<\/section>\n\t\t\t\t<\/div>\n\t\t","protected":false},"excerpt":{"rendered":"<p>Personal Jerry Gonz\u00e1lez GALEO DIRECTOR GENERAL (CEO) Envelope Linkedin Jerry Gonzalez&nbsp;(He\/Him\/\u00c9l) es el fundador y actual director ejecutivo (CEO) de la Asociaci\u00f3n de Funcionarios Latinos Electos de Georgia (GALEO) y del Fondo de Desarrollo de la Comunidad Latina de GALEO (GLCDF). GALEO se fund\u00f3 en 2003 y es una organizaci\u00f3n 501(c)(6) estatal sin \u00e1nimo de [&hellip;]<\/p>\n","protected":false},"author":1,"featured_media":0,"parent":1896,"menu_order":0,"comment_status":"closed","ping_status":"closed","template":"","meta":{"sfsi_plus_gutenberg_text_before_share":"","sfsi_plus_gutenberg_show_text_before_share":"","sfsi_plus_gutenberg_icon_type":"","sfsi_plus_gutenberg_icon_alignemt":"","sfsi_plus_gutenburg_max_per_row":"","om_disable_all_campaigns":false,"_monsterinsights_skip_tracking":false,"_monsterinsights_sitenote_active":false,"_monsterinsights_sitenote_note":"","_monsterinsights_sitenote_category":0,"footnotes":""},"class_list":["post-1886","page","type-page","status-publish","hentry"],"aioseo_notices":[],"_links":{"self":[{"href":"https:\/\/galeo.org\/es\/wp-json\/wp\/v2\/pages\/1886","targetHints":{"allow":["GET"]}}],"collection":[{"href":"https:\/\/galeo.org\/es\/wp-json\/wp\/v2\/pages"}],"about":[{"href":"https:\/\/galeo.org\/es\/wp-json\/wp\/v2\/types\/page"}],"author":[{"embeddable":true,"href":"https:\/\/galeo.org\/es\/wp-json\/wp\/v2\/users\/1"}],"replies":[{"embeddable":true,"href":"https:\/\/galeo.org\/es\/wp-json\/wp\/v2\/comments?post=1886"}],"version-history":[{"count":5,"href":"https:\/\/galeo.org\/es\/wp-json\/wp\/v2\/pages\/1886\/revisions"}],"predecessor-version":[{"id":17521,"href":"https:\/\/galeo.org\/es\/wp-json\/wp\/v2\/pages\/1886\/revisions\/17521"}],"up":[{"embeddable":true,"href":"https:\/\/galeo.org\/es\/wp-json\/wp\/v2\/pages\/1896"}],"wp:attachment":[{"href":"https:\/\/galeo.org\/es\/wp-json\/wp\/v2\/media?parent=1886"}],"curies":[{"name":"wp","href":"https:\/\/api.w.org\/{rel}","templated":true}]}}