{"id":1890,"date":"2022-07-18T20:42:54","date_gmt":"2022-07-18T20:42:54","guid":{"rendered":"https:\/\/galeo.org\/voto-latino\/informe-sobre-los-votantes-latinos-de-ga\/"},"modified":"2022-09-02T15:38:35","modified_gmt":"2022-09-02T15:38:35","slug":"informe-sobre-los-votantes-latinos-de-ga","status":"publish","type":"page","link":"https:\/\/galeo.org\/es\/voto-latino\/informe-sobre-los-votantes-latinos-de-ga\/","title":{"rendered":"Informe sobre los votantes latinos de GA"},"content":{"rendered":"\t\t<div data-elementor-type=\"wp-page\" data-elementor-id=\"1890\" class=\"elementor elementor-1890 elementor-361\" data-elementor-post-type=\"page\">\n\t\t\t\t\t\t<section class=\"elementor-section elementor-top-section elementor-element elementor-element-5717dd35 elementor-section-boxed elementor-section-height-default elementor-section-height-default\" data-id=\"5717dd35\" data-element_type=\"section\" data-e-type=\"section\">\n\t\t\t\t\t\t<div class=\"elementor-container elementor-column-gap-default\">\n\t\t\t\t\t<div class=\"elementor-column elementor-col-100 elementor-top-column elementor-element elementor-element-e1cc16d\" data-id=\"e1cc16d\" data-element_type=\"column\" data-e-type=\"column\" data-settings=\"{&quot;background_background&quot;:&quot;gradient&quot;}\">\n\t\t\t<div class=\"elementor-widget-wrap elementor-element-populated\">\n\t\t\t\t\t\t<section class=\"elementor-section elementor-inner-section elementor-element elementor-element-25510362 elementor-section-boxed elementor-section-height-default elementor-section-height-default\" data-id=\"25510362\" data-element_type=\"section\" data-e-type=\"section\">\n\t\t\t\t\t\t<div class=\"elementor-container elementor-column-gap-no\">\n\t\t\t\t\t<div class=\"elementor-column elementor-col-50 elementor-inner-column elementor-element elementor-element-1f5e5b6d\" data-id=\"1f5e5b6d\" data-element_type=\"column\" data-e-type=\"column\">\n\t\t\t<div class=\"elementor-widget-wrap elementor-element-populated\">\n\t\t\t\t\t\t<div class=\"elementor-element elementor-element-28f57586 elementor-widget elementor-widget-heading\" data-id=\"28f57586\" data-element_type=\"widget\" data-e-type=\"widget\" data-widget_type=\"heading.default\">\n\t\t\t\t\t<h1 class=\"elementor-heading-title elementor-size-default\">GA Informe de Votantes Latinos<\/h1>\t\t\t\t<\/div>\n\t\t\t\t\t<\/div>\n\t\t<\/div>\n\t\t\t\t<div class=\"elementor-column elementor-col-50 elementor-inner-column elementor-element elementor-element-c19103d\" data-id=\"c19103d\" data-element_type=\"column\" data-e-type=\"column\">\n\t\t\t<div class=\"elementor-widget-wrap elementor-element-populated\">\n\t\t\t\t\t\t<div class=\"elementor-element elementor-element-3a3d3777 elementor-widget elementor-widget-image\" data-id=\"3a3d3777\" data-element_type=\"widget\" data-e-type=\"widget\" data-widget_type=\"image.default\">\n\t\t\t\t\t\t\t\t\t\t\t\t\t\t\t<img fetchpriority=\"high\" decoding=\"async\" width=\"700\" height=\"250\" src=\"https:\/\/galeo.org\/wp-content\/uploads\/2022\/07\/GALEO-About.png\" class=\"attachment-large size-large wp-image-1499\" alt=\"\" srcset=\"https:\/\/galeo.org\/wp-content\/uploads\/2022\/07\/GALEO-About.png 700w, https:\/\/galeo.org\/wp-content\/uploads\/2022\/07\/GALEO-About-600x214.png 600w, https:\/\/galeo.org\/wp-content\/uploads\/2022\/07\/GALEO-About-300x107.png 300w\" sizes=\"(max-width: 700px) 100vw, 700px\" \/>\t\t\t\t\t\t\t\t\t\t\t\t\t\t\t<\/div>\n\t\t\t\t\t<\/div>\n\t\t<\/div>\n\t\t\t\t\t<\/div>\n\t\t<\/section>\n\t\t\t\t\t<\/div>\n\t\t<\/div>\n\t\t\t\t\t<\/div>\n\t\t<\/section>\n\t\t\t\t<section class=\"elementor-section elementor-top-section elementor-element elementor-element-ae0347c elementor-section-boxed elementor-section-height-default elementor-section-height-default\" data-id=\"ae0347c\" data-element_type=\"section\" data-e-type=\"section\">\n\t\t\t\t\t\t<div class=\"elementor-container elementor-column-gap-default\">\n\t\t\t\t\t<div class=\"elementor-column elementor-col-50 elementor-top-column elementor-element elementor-element-abaa378\" data-id=\"abaa378\" data-element_type=\"column\" data-e-type=\"column\">\n\t\t\t<div class=\"elementor-widget-wrap elementor-element-populated\">\n\t\t\t\t\t\t<div class=\"elementor-element elementor-element-b289cde elementor-widget elementor-widget-text-editor\" data-id=\"b289cde\" data-element_type=\"widget\" data-e-type=\"widget\" data-widget_type=\"text-editor.default\">\n\t\t\t\t\t\t\t\t\t<p>El 10 de junio de 2021, GALEO y el Fondo de Desarrollo Comunitario Latino de GALEO publicaron el cuarto informe destacando el crecimiento y el compromiso de los votantes latinos en Georgia en 2020. En asociaci\u00f3n con NALEO Educational Fund y el Departamento de Ciencias Pol\u00edticas de la Universidad de Georgia, GALEO dio a conocer el an\u00e1lisis m\u00e1s completo del electorado latino en Georgia durante el ciclo electoral de 2020 y el r\u00e1pido crecimiento delElectorado hispano en el estado.<\/p><p>Consulte el informe aqu\u00ed: <strong><a href=\"https:\/\/galeo.org\/latino-vote\/ga-latino-voter-report\/\" target=\"_blank\" rel=\"noopener\">Informe GLV 2020<\/a><\/strong><\/p><p>En el ciclo electoral de 2020, el electorado latino en el estado de Georgia continu\u00f3 creciendo con un impacto significativo. El an\u00e1lisis de este informe muestra que el electorado latino se volvi\u00f3 m\u00e1s consciente pol\u00edtica y c\u00edvicamente. Los resultados electorales de Georgia indican esta evoluci\u00f3n. Basado en el archivo de datos de votantes a nivel estatal y el an\u00e1lisis de este informe del 5 de marzo de 2021, el electorado latino ahora tiene 385,185 votantes registrados, lo que representa el 4.1% del total de votantes de Georgia.<\/p>\t\t\t\t\t\t\t\t<\/div>\n\t\t\t\t\t<\/div>\n\t\t<\/div>\n\t\t\t\t<div class=\"elementor-column elementor-col-50 elementor-top-column elementor-element elementor-element-84c2af0\" data-id=\"84c2af0\" data-element_type=\"column\" data-e-type=\"column\">\n\t\t\t<div class=\"elementor-widget-wrap elementor-element-populated\">\n\t\t\t\t\t\t<div class=\"elementor-element elementor-element-cce83d1 elementor-widget elementor-widget-image\" data-id=\"cce83d1\" data-element_type=\"widget\" data-e-type=\"widget\" data-widget_type=\"image.default\">\n\t\t\t\t\t\t\t\t\t\t\t\t\t\t\t<img decoding=\"async\" width=\"800\" height=\"745\" src=\"https:\/\/galeo.org\/wp-content\/uploads\/2022\/07\/Figure4_GLV2020-1536x1430-1-1024x953.png\" class=\"attachment-large size-large wp-image-1645\" alt=\"\" srcset=\"https:\/\/galeo.org\/wp-content\/uploads\/2022\/07\/Figure4_GLV2020-1536x1430-1-1024x953.png 1024w, https:\/\/galeo.org\/wp-content\/uploads\/2022\/07\/Figure4_GLV2020-1536x1430-1-600x559.png 600w, https:\/\/galeo.org\/wp-content\/uploads\/2022\/07\/Figure4_GLV2020-1536x1430-1-300x279.png 300w, https:\/\/galeo.org\/wp-content\/uploads\/2022\/07\/Figure4_GLV2020-1536x1430-1-768x715.png 768w, https:\/\/galeo.org\/wp-content\/uploads\/2022\/07\/Figure4_GLV2020-1536x1430-1.png 1536w\" sizes=\"(max-width: 800px) 100vw, 800px\" \/>\t\t\t\t\t\t\t\t\t\t\t\t\t\t\t<\/div>\n\t\t\t\t\t<\/div>\n\t\t<\/div>\n\t\t\t\t\t<\/div>\n\t\t<\/section>\n\t\t\t\t<section class=\"elementor-section elementor-top-section elementor-element elementor-element-c3f49a4 elementor-section-boxed elementor-section-height-default elementor-section-height-default\" data-id=\"c3f49a4\" data-element_type=\"section\" data-e-type=\"section\">\n\t\t\t\t\t\t<div class=\"elementor-container elementor-column-gap-default\">\n\t\t\t\t\t<div class=\"elementor-column elementor-col-50 elementor-top-column elementor-element elementor-element-368a707\" data-id=\"368a707\" data-element_type=\"column\" data-e-type=\"column\">\n\t\t\t<div class=\"elementor-widget-wrap elementor-element-populated\">\n\t\t\t\t\t\t<div class=\"elementor-element elementor-element-cd3c783 elementor-widget elementor-widget-image\" data-id=\"cd3c783\" data-element_type=\"widget\" data-e-type=\"widget\" data-widget_type=\"image.default\">\n\t\t\t\t\t\t\t\t\t\t\t\t\t\t\t<img decoding=\"async\" width=\"800\" height=\"409\" src=\"https:\/\/galeo.org\/wp-content\/uploads\/2022\/07\/Figure13_GLV2020-1536x786-1-1024x524.png\" class=\"attachment-large size-large wp-image-1646\" alt=\"\" srcset=\"https:\/\/galeo.org\/wp-content\/uploads\/2022\/07\/Figure13_GLV2020-1536x786-1-1024x524.png 1024w, https:\/\/galeo.org\/wp-content\/uploads\/2022\/07\/Figure13_GLV2020-1536x786-1-600x307.png 600w, https:\/\/galeo.org\/wp-content\/uploads\/2022\/07\/Figure13_GLV2020-1536x786-1-300x154.png 300w, https:\/\/galeo.org\/wp-content\/uploads\/2022\/07\/Figure13_GLV2020-1536x786-1-768x393.png 768w, https:\/\/galeo.org\/wp-content\/uploads\/2022\/07\/Figure13_GLV2020-1536x786-1.png 1536w\" sizes=\"(max-width: 800px) 100vw, 800px\" \/>\t\t\t\t\t\t\t\t\t\t\t\t\t\t\t<\/div>\n\t\t\t\t\t<\/div>\n\t\t<\/div>\n\t\t\t\t<div class=\"elementor-column elementor-col-50 elementor-top-column elementor-element elementor-element-bdb04a9\" data-id=\"bdb04a9\" data-element_type=\"column\" data-e-type=\"column\">\n\t\t\t<div class=\"elementor-widget-wrap elementor-element-populated\">\n\t\t\t\t\t\t<div class=\"elementor-element elementor-element-7ee2a26 elementor-widget elementor-widget-text-editor\" data-id=\"7ee2a26\" data-element_type=\"widget\" data-e-type=\"widget\" data-widget_type=\"text-editor.default\">\n\t\t\t\t\t\t\t\t\t<p>El electorado latino creci\u00f3 en 140,995 nuevos votantes desde el informe de 2016, presentando una tasa de crecimiento del 57.7%. A nivel nacional, el voto latino aument\u00f3 en 6 millones de votantes desde el ciclo electoral de 2016, acerc\u00e1ndose a un n\u00famero r\u00e9cord de 18.7 millones de votantes en 2020. Seg\u00fan se informa, uno de cada 10 votantes era latino en 2020. Adem\u00e1s, los latinos m\u00e1s j\u00f3venes de entre 18 y 40 a\u00f1os, con cerca de 2,4 millones de votantes, eran votantes primerizos y reci\u00e9n registrados. El voto de las latinas fue vital en muchos estados del campo de batalla como Florida, Texas, Arizona y Georgia.<\/p><p>El electorado en Georgia est\u00e1 evolucionando r\u00e1pidamente, y la comunidad latina es una parte indispensable del electorado que debe ser atacada, respetada y cultivada por todos los partidos pol\u00edticos del estado.\u00a0 A medida que la comunidad latina aumenta en n\u00famero y fuerza, los funcionarios electos y los candidatos deben prestar la cr\u00edtica atenci\u00f3n demogr\u00e1fica de Georgia.<\/p>\t\t\t\t\t\t\t\t<\/div>\n\t\t\t\t\t<\/div>\n\t\t<\/div>\n\t\t\t\t\t<\/div>\n\t\t<\/section>\n\t\t\t\t<\/div>\n\t\t","protected":false},"excerpt":{"rendered":"<p>GA Informe de Votantes Latinos El 10 de junio de 2021, GALEO y el Fondo de Desarrollo Comunitario Latino de GALEO publicaron el cuarto informe destacando el crecimiento y el compromiso de los votantes latinos en Georgia en 2020. En asociaci\u00f3n con NALEO Educational Fund y el Departamento de Ciencias Pol\u00edticas de la Universidad de [&hellip;]<\/p>\n","protected":false},"author":1,"featured_media":0,"parent":1880,"menu_order":0,"comment_status":"closed","ping_status":"closed","template":"","meta":{"sfsi_plus_gutenberg_text_before_share":"","sfsi_plus_gutenberg_show_text_before_share":"","sfsi_plus_gutenberg_icon_type":"","sfsi_plus_gutenberg_icon_alignemt":"","sfsi_plus_gutenburg_max_per_row":"","om_disable_all_campaigns":false,"_monsterinsights_skip_tracking":false,"_monsterinsights_sitenote_active":false,"_monsterinsights_sitenote_note":"","_monsterinsights_sitenote_category":0,"footnotes":""},"class_list":["post-1890","page","type-page","status-publish","hentry"],"aioseo_notices":[],"_links":{"self":[{"href":"https:\/\/galeo.org\/es\/wp-json\/wp\/v2\/pages\/1890","targetHints":{"allow":["GET"]}}],"collection":[{"href":"https:\/\/galeo.org\/es\/wp-json\/wp\/v2\/pages"}],"about":[{"href":"https:\/\/galeo.org\/es\/wp-json\/wp\/v2\/types\/page"}],"author":[{"embeddable":true,"href":"https:\/\/galeo.org\/es\/wp-json\/wp\/v2\/users\/1"}],"replies":[{"embeddable":true,"href":"https:\/\/galeo.org\/es\/wp-json\/wp\/v2\/comments?post=1890"}],"version-history":[{"count":5,"href":"https:\/\/galeo.org\/es\/wp-json\/wp\/v2\/pages\/1890\/revisions"}],"predecessor-version":[{"id":2268,"href":"https:\/\/galeo.org\/es\/wp-json\/wp\/v2\/pages\/1890\/revisions\/2268"}],"up":[{"embeddable":true,"href":"https:\/\/galeo.org\/es\/wp-json\/wp\/v2\/pages\/1880"}],"wp:attachment":[{"href":"https:\/\/galeo.org\/es\/wp-json\/wp\/v2\/media?parent=1890"}],"curies":[{"name":"wp","href":"https:\/\/api.w.org\/{rel}","templated":true}]}}