{"id":1894,"date":"2022-07-19T19:30:53","date_gmt":"2022-07-19T19:30:53","guid":{"rendered":"https:\/\/galeo.org\/recursos-para-el-voto\/"},"modified":"2022-09-02T16:41:17","modified_gmt":"2022-09-02T16:41:17","slug":"recursos-para-el-voto","status":"publish","type":"page","link":"https:\/\/galeo.org\/es\/voto-latino\/recursos-para-el-voto\/","title":{"rendered":"Recursos para el voto"},"content":{"rendered":"\t\t<div data-elementor-type=\"wp-page\" data-elementor-id=\"1894\" class=\"elementor elementor-1894 elementor-395\" data-elementor-post-type=\"page\">\n\t\t\t\t\t\t<section class=\"elementor-section elementor-top-section elementor-element elementor-element-6fe29d68 elementor-section-boxed elementor-section-height-default elementor-section-height-default\" data-id=\"6fe29d68\" data-element_type=\"section\" data-e-type=\"section\">\n\t\t\t\t\t\t<div class=\"elementor-container elementor-column-gap-default\">\n\t\t\t\t\t<div class=\"elementor-column elementor-col-100 elementor-top-column elementor-element elementor-element-7bcbe1d8\" data-id=\"7bcbe1d8\" data-element_type=\"column\" data-e-type=\"column\" data-settings=\"{&quot;background_background&quot;:&quot;gradient&quot;}\">\n\t\t\t<div class=\"elementor-widget-wrap elementor-element-populated\">\n\t\t\t\t\t\t<section class=\"elementor-section elementor-inner-section elementor-element elementor-element-1284848d elementor-section-boxed elementor-section-height-default elementor-section-height-default\" data-id=\"1284848d\" data-element_type=\"section\" data-e-type=\"section\">\n\t\t\t\t\t\t<div class=\"elementor-container elementor-column-gap-no\">\n\t\t\t\t\t<div class=\"elementor-column elementor-col-50 elementor-inner-column elementor-element elementor-element-48557bdc\" data-id=\"48557bdc\" data-element_type=\"column\" data-e-type=\"column\">\n\t\t\t<div class=\"elementor-widget-wrap elementor-element-populated\">\n\t\t\t\t\t\t<div class=\"elementor-element elementor-element-2b8a63d8 elementor-widget elementor-widget-heading\" data-id=\"2b8a63d8\" data-element_type=\"widget\" data-e-type=\"widget\" data-widget_type=\"heading.default\">\n\t\t\t\t\t<h1 class=\"elementor-heading-title elementor-size-default\">Recursos de Votaci\u00f3n<\/h1>\t\t\t\t<\/div>\n\t\t\t\t\t<\/div>\n\t\t<\/div>\n\t\t\t\t<div class=\"elementor-column elementor-col-50 elementor-inner-column elementor-element elementor-element-2016a92a\" data-id=\"2016a92a\" data-element_type=\"column\" data-e-type=\"column\">\n\t\t\t<div class=\"elementor-widget-wrap elementor-element-populated\">\n\t\t\t\t\t\t<div class=\"elementor-element elementor-element-4c182a6e elementor-widget elementor-widget-image\" data-id=\"4c182a6e\" data-element_type=\"widget\" data-e-type=\"widget\" data-widget_type=\"image.default\">\n\t\t\t\t\t\t\t\t\t\t\t\t\t\t\t<img fetchpriority=\"high\" decoding=\"async\" width=\"700\" height=\"250\" src=\"https:\/\/galeo.org\/wp-content\/uploads\/2022\/07\/GALEO-About.png\" class=\"attachment-large size-large wp-image-1499\" alt=\"\" srcset=\"https:\/\/galeo.org\/wp-content\/uploads\/2022\/07\/GALEO-About.png 700w, https:\/\/galeo.org\/wp-content\/uploads\/2022\/07\/GALEO-About-600x214.png 600w, https:\/\/galeo.org\/wp-content\/uploads\/2022\/07\/GALEO-About-300x107.png 300w\" sizes=\"(max-width: 700px) 100vw, 700px\" \/>\t\t\t\t\t\t\t\t\t\t\t\t\t\t\t<\/div>\n\t\t\t\t\t<\/div>\n\t\t<\/div>\n\t\t\t\t\t<\/div>\n\t\t<\/section>\n\t\t\t\t\t<\/div>\n\t\t<\/div>\n\t\t\t\t\t<\/div>\n\t\t<\/section>\n\t\t\t\t<section class=\"elementor-section elementor-top-section elementor-element elementor-element-8a8779e elementor-section-boxed elementor-section-height-default elementor-section-height-default\" data-id=\"8a8779e\" data-element_type=\"section\" data-e-type=\"section\">\n\t\t\t\t\t\t<div class=\"elementor-container elementor-column-gap-default\">\n\t\t\t\t\t<div class=\"elementor-column elementor-col-100 elementor-top-column elementor-element elementor-element-c2c3e89\" data-id=\"c2c3e89\" data-element_type=\"column\" data-e-type=\"column\">\n\t\t\t<div class=\"elementor-widget-wrap elementor-element-populated\">\n\t\t\t\t\t\t<div class=\"elementor-element elementor-element-9ee08da elementor-widget elementor-widget-text-editor\" data-id=\"9ee08da\" data-element_type=\"widget\" data-e-type=\"widget\" data-widget_type=\"text-editor.default\">\n\t\t\t\t\t\t\t\t\t<h2 style=\"text-align: center;\"><b><i>\u00a1Tu voz es tu voto!<\/i><\/b><\/h2><h3 style=\"text-align: center;\"><i>Luchar. Votar. Poder<br \/><\/i><strong>Las elecciones son el martes 8 de noviembre de 2022.<\/strong><\/h3><p style=\"text-align: left;\">\u00a1Las elecciones estatales tienen lugar este a\u00f1o! A medida que Georgia se convierte en el campo de batalla, las comunidades latinas e hispanas deben garantizar que nuestros derechos sean protegidos y que nuestras voces sean escuchadas. Recuerda, tu voz es tu voto.<\/p><p>\u00bfTiene alg\u00fan problema o pregunta sobre las elecciones? <strong>Ll\u00e1menos al 1-888-54GALEO (1-888-544-2536).<\/strong><\/p><p>Verifique si est\u00e1 registrado para votar, y verifique d\u00f3nde est\u00e1 su lugar de votaci\u00f3n en la <a href=\"http:\/\/mvp.sos.ga.gov\" target=\"_blank\" rel=\"noopener\">P\u00e1gina Mi Votante<\/a> (MVP).<\/p><p>To view this information in English, please click here:\u00a0<a href=\"https:\/\/galeo.org\/latino-vote\/voting-resources\/\" target=\"_blank\" rel=\"noopener\">https:\/\/galeo.org\/latino-vote\/voting-resources\/GeorgiaVota.com<\/a><\/p><p><strong>Registrarse para votar aqu\u00ed:: <a href=\"http:\/\/bit.ly\/OVRGALEO\">bit.ly\/OVRGALEO<\/a><\/strong><\/p><p>En la \u00faltima d\u00e9cada, GALEO ha participado en innumerables esfuerzos en todo el estado para registrar nuevos votantes, movilizar al electorado latino y comprometer a los latinos en el proceso de pol\u00edticas. Con las elecciones de 2022 acerc\u00e1ndose, trabajaremos incansablemente para asegurar que todos los votantes latinos e hispanos elegibles est\u00e9n registrados y lleguen a votar. \u00a1Tener un electorado latino proactivo y robusto moldear\u00e1 el futuro de nuestro estado y nuestra naci\u00f3n!<\/p><h3><strong>Aqu\u00ed hay algunos consejos para el d\u00eda de las elecciones que ser\u00edan \u00fatiles para compartir con sus amigos:<\/strong><\/h3><p>Conoce tus derechos en espa\u00f1ol\u00a0<a href=\"https:\/\/galeo.org\/2022\/08\/newly-naturalized-voters-in-georgia-are-determinant-on-the-outcome-of-the-upcoming-midterm-elections-new-report-reveals\/\" target=\"_blank\" rel=\"noopener\">Espa\u00f1ol<\/a>.<\/p><p>Informaci\u00f3n de viajes a las encuestas se puede encontrar found <a href=\"http:\/\/ridetothepoll.com\/\" target=\"_blank\" rel=\"noopener\">aqu\u00ed<\/a>.<\/p><h3><strong>\u00bfD\u00f3nde voto el d\u00eda de las elecciones?<\/strong><\/h3><p><a href=\"https:\/\/www.rockthevote.org\/voting-information\/\" target=\"_blank\" rel=\"noopener\">HAGA CLIC AQU\u00cd<\/a>\u00a0para saber d\u00f3nde vota el d\u00eda de las elecciones. Los colegios electorales suelen estar a poca distancia de su hogar (a menos que se encuentre en una zona muy rural). Un centro de votaci\u00f3n puede estar en un negocio, la casa de una persona, una escuela o un centro comunitario, por nombrar algunos establecimientos.<\/p><h3><strong>Puede que ya est\u00e9 registrado pero no lo s\u00e9. \u00bfC\u00f3mo s\u00e9 si estoy registrado para votar?<\/strong><\/h3><p>Puede comprobar su estado de registro de votantes directamente iniciando sesi\u00f3n en el sitio web de Georgia My Voter Page en mvp.sos.ga.gov.<\/p><h3><strong>Soy un votante con una discapacidad. \u00bfSer\u00e1 mi lugar de votaci\u00f3n accesible y qu\u00e9 opciones tengo para votar?<\/strong><\/h3><p>Todo votante tiene derecho a emitir un voto privado e independiente, incluidos los votantes con discapacidad. Si desea obtener m\u00e1s informaci\u00f3n sobre cu\u00e1les son sus derechos de voto o se les neg\u00f3 el derecho a votar debido a su discapacidad, puede encontrar la agencia miembro de la Red Nacional de Derechos de Discapacidad de su estado aqu\u00ed. Se pueden encontrar recursos adicionales para votantes con discapacidades a trav\u00e9s de la Comisi\u00f3n de Asistencia Electoral de EE.UU. y VOTE sin fines de lucro.<\/p><h3><strong>\u00bfNecesito mostrar mi identificaci\u00f3n para votar?<\/strong><\/h3><p>La mayor\u00eda de los estados requieren alguna forma de identificaci\u00f3n ya sea cuando usted se registra y\/o cuando vota. Las reglas var\u00edan estado por estado.<\/p><h3>\u00bfSirve una tarjeta de votante como una forma de identificaci\u00f3n para votar?<\/h3><p>La mayor\u00eda de los estados no aceptan una tarjeta de votante como una forma de identificaci\u00f3n. Si usted es un votante por primera vez que envi\u00f3 por correo su formulario de registro, debe consultar nuestro Centro de Elecciones para averiguar qu\u00e9 identificaci\u00f3n necesitar\u00e1 en las urnas.<\/p><p>Si tiene alguna pregunta, necesita ayuda o desea m\u00e1s informaci\u00f3n, llame al <strong>1-888-54-GALEO (42536).<\/strong><\/p>\t\t\t\t\t\t\t\t<\/div>\n\t\t\t\t<div class=\"elementor-element elementor-element-aa13fe9 elementor-widget-divider--view-line_icon elementor-view-default elementor-widget-divider--element-align-center elementor-widget elementor-widget-divider\" data-id=\"aa13fe9\" data-element_type=\"widget\" data-e-type=\"widget\" data-widget_type=\"divider.default\">\n\t\t\t\t\t\t\t<div class=\"elementor-divider\">\n\t\t\t<span class=\"elementor-divider-separator\">\n\t\t\t\t\t\t\t<div class=\"elementor-icon elementor-divider__element\">\n\t\t\t\t\t<svg aria-hidden=\"true\" class=\"e-font-icon-svg e-fas-vote-yea\" viewBox=\"0 0 640 512\" xmlns=\"http:\/\/www.w3.org\/2000\/svg\"><path d=\"M608 320h-64v64h22.4c5.3 0 9.6 3.6 9.6 8v16c0 4.4-4.3 8-9.6 8H73.6c-5.3 0-9.6-3.6-9.6-8v-16c0-4.4 4.3-8 9.6-8H96v-64H32c-17.7 0-32 14.3-32 32v96c0 17.7 14.3 32 32 32h576c17.7 0 32-14.3 32-32v-96c0-17.7-14.3-32-32-32zm-96 64V64.3c0-17.9-14.5-32.3-32.3-32.3H160.4C142.5 32 128 46.5 128 64.3V384h384zM211.2 202l25.5-25.3c4.2-4.2 11-4.2 15.2.1l41.3 41.6 95.2-94.4c4.2-4.2 11-4.2 15.2.1l25.3 25.5c4.2 4.2 4.2 11-.1 15.2L300.5 292c-4.2 4.2-11 4.2-15.2-.1l-74.1-74.7c-4.3-4.2-4.2-11 0-15.2z\"><\/path><\/svg><\/div>\n\t\t\t\t\t\t<\/span>\n\t\t<\/div>\n\t\t\t\t\t\t<\/div>\n\t\t\t\t<div class=\"elementor-element elementor-element-e57d557 elementor-widget elementor-widget-text-editor\" data-id=\"e57d557\" data-element_type=\"widget\" data-e-type=\"widget\" data-widget_type=\"text-editor.default\">\n\t\t\t\t\t\t\t\t\t<h2><strong>\u00bfProblemas con su registro de votantes?<\/strong><\/h2><p>Cuando se registra para votar, env\u00eda una solicitud y normalmente recibir\u00e1 una tarjeta de registro de votantes en el correo que muestra que usted es un votante registrado.<\/p><p>Si usted recibi\u00f3 una carta en el correo diciendo que hay problemas con su registro de votantes, por favor lea a continuaci\u00f3n:<\/p><p>El Estado de Georgia ha creado un sistema para examinar la informaci\u00f3n sobre las solicitudes de inscripci\u00f3n de votantes.\u00a0 En este sistema, el Estado examina la informaci\u00f3n sobre usted que se mantiene en el Departamento de Servicios para Conductores (DDS).<\/p><p>Si usted tiene una licencia de conducir (o tarjeta de identificaci\u00f3n estatal), su solicitud de registro de votante ser\u00e1 comparada con la informaci\u00f3n que usted dio cuando recibi\u00f3 su licencia de conducir.<\/p><p>La informaci\u00f3n en DDS no siempre es correcta.\u00a0 Por ejemplo, es posible que haya mostrado su \u00abtarjeta verde\u00bb (tarjeta de residente permanente) cuando obtuvo su licencia de conducir en DDS.\u00a0 Si desde entonces se ha convertido en ciudadano de los EE.UU. y ha presentado una solicitud de registro de votantes, puede ser \u00abmarcado\u00bb como no ciudadano debido a la informaci\u00f3n en el DDS.\u00a0 Incluso algunas personas que nacieron en los Estados Unidos est\u00e1n listadas como ciudadanos no-EE.UU. por DDS.<\/p><p>Si usted es marcado como no ciudadano cuando se registra para votar, la oficina del Registrador del Condado puede enviarle una carta diciendo que usted tiene que probar su ciudadan\u00eda.\u00a0 La oficina del registrador del condado tambi\u00e9n puede enviarle una carta diciendo que usted no est\u00e1 calificado para votar porque su estado de ciudadan\u00eda no est\u00e1 claro.\u00a0 La carta le explicar\u00e1 los pasos que debe tomar para proporcionar una prueba de ciudadan\u00eda.\u00a0 Esto puede incluir la presentaci\u00f3n de su certificado de nacimiento, certificado de naturalizaci\u00f3n, u otra prueba de ciudadan\u00eda dentro de un cierto n\u00famero de d\u00edas.<\/p><p>Si recibe una carta diciendo que hay un problema con su ciudadan\u00eda cuando se registra para votar, por favor p\u00f3ngase en contacto con GALEO al 1-888-54GALEO (1-888-544-2536), o llame gratis a MALDEF al 1-877-224-5476 y pregunte por Carmen Leija.\u00a0 Hablaremos con usted sobre los pasos que necesita tomar para probar su ciudadan\u00eda.<\/p><p>Para hacer una queja sobre posibles violaciones de las leyes federales de derechos de voto, puede comunicarse con el Departamento de Justicia de los Estados Unidos al n\u00famero gratuito (800) 253-3931. No hay formularios especiales que usar o procedimientos que seguir. (Secci\u00f3n de Votaci\u00f3n, Divisi\u00f3n de Derechos Civiles, Departamento de Justicia de EE.UU. Sala 7254 &#8211; NWB, 950 Pennsylvania Ave., N.W., Washington, DC 20530)<\/p><p>Si cree que se le ha negado el derecho a votar debido a una discapacidad o el derecho a votar accesible, comun\u00edquese con la Oficina de Defensa de Georgia al (800) 537-2329 o (404) 885-1234. (Voz o TTY).<\/p>\t\t\t\t\t\t\t\t<\/div>\n\t\t\t\t<div class=\"elementor-element elementor-element-ea6afd9 elementor-widget-divider--view-line_icon elementor-view-default elementor-widget-divider--element-align-center elementor-widget elementor-widget-divider\" data-id=\"ea6afd9\" data-element_type=\"widget\" data-e-type=\"widget\" data-widget_type=\"divider.default\">\n\t\t\t\t\t\t\t<div class=\"elementor-divider\">\n\t\t\t<span class=\"elementor-divider-separator\">\n\t\t\t\t\t\t\t<div class=\"elementor-icon elementor-divider__element\">\n\t\t\t\t\t<svg aria-hidden=\"true\" class=\"e-font-icon-svg e-fas-vote-yea\" viewBox=\"0 0 640 512\" xmlns=\"http:\/\/www.w3.org\/2000\/svg\"><path d=\"M608 320h-64v64h22.4c5.3 0 9.6 3.6 9.6 8v16c0 4.4-4.3 8-9.6 8H73.6c-5.3 0-9.6-3.6-9.6-8v-16c0-4.4 4.3-8 9.6-8H96v-64H32c-17.7 0-32 14.3-32 32v96c0 17.7 14.3 32 32 32h576c17.7 0 32-14.3 32-32v-96c0-17.7-14.3-32-32-32zm-96 64V64.3c0-17.9-14.5-32.3-32.3-32.3H160.4C142.5 32 128 46.5 128 64.3V384h384zM211.2 202l25.5-25.3c4.2-4.2 11-4.2 15.2.1l41.3 41.6 95.2-94.4c4.2-4.2 11-4.2 15.2.1l25.3 25.5c4.2 4.2 4.2 11-.1 15.2L300.5 292c-4.2 4.2-11 4.2-15.2-.1l-74.1-74.7c-4.3-4.2-4.2-11 0-15.2z\"><\/path><\/svg><\/div>\n\t\t\t\t\t\t<\/span>\n\t\t<\/div>\n\t\t\t\t\t\t<\/div>\n\t\t\t\t<div class=\"elementor-element elementor-element-f2b3d69 elementor-widget elementor-widget-text-editor\" data-id=\"f2b3d69\" data-element_type=\"widget\" data-e-type=\"widget\" data-widget_type=\"text-editor.default\">\n\t\t\t\t\t\t\t\t\t<h2><strong>\u00bfHay un per\u00edodo de votaci\u00f3n anticipada?<\/strong><\/h2><p>Georgia permite la votaci\u00f3n anticipada. M\u00e1s informaci\u00f3n visitando este sitio web\u00a0<a href=\"https:\/\/www.mvp.sos.ga.gov\/MVP\/mvp.do\" target=\"_blank\" rel=\"noopener\">mvp.sos.ga.gov.<\/a><\/p><h2><strong>\u00bfQui\u00e9n es elegible para votar en ausencia?<\/strong><\/h2><p>Los votos en ausencia son una opci\u00f3n para los votantes registrados que prefieren votar por correo en lugar de votar en persona. No necesita una excusa para solicitar una boleta ausente. Debe solicitar una boleta ausente para recibir una por correo. Su boleta ausente debe ser recibida por la Oficina de la Junta de Registradores del Condado local para el cierre de las encuestas el d\u00eda de la elecci\u00f3n para ser contado.<\/p>\t\t\t\t\t\t\t\t<\/div>\n\t\t\t\t<div class=\"elementor-element elementor-element-9a1d54e elementor-widget-divider--view-line_icon elementor-view-default elementor-widget-divider--element-align-center elementor-widget elementor-widget-divider\" data-id=\"9a1d54e\" data-element_type=\"widget\" data-e-type=\"widget\" data-widget_type=\"divider.default\">\n\t\t\t\t\t\t\t<div class=\"elementor-divider\">\n\t\t\t<span class=\"elementor-divider-separator\">\n\t\t\t\t\t\t\t<div class=\"elementor-icon elementor-divider__element\">\n\t\t\t\t\t<svg aria-hidden=\"true\" class=\"e-font-icon-svg e-fas-vote-yea\" viewBox=\"0 0 640 512\" xmlns=\"http:\/\/www.w3.org\/2000\/svg\"><path d=\"M608 320h-64v64h22.4c5.3 0 9.6 3.6 9.6 8v16c0 4.4-4.3 8-9.6 8H73.6c-5.3 0-9.6-3.6-9.6-8v-16c0-4.4 4.3-8 9.6-8H96v-64H32c-17.7 0-32 14.3-32 32v96c0 17.7 14.3 32 32 32h576c17.7 0 32-14.3 32-32v-96c0-17.7-14.3-32-32-32zm-96 64V64.3c0-17.9-14.5-32.3-32.3-32.3H160.4C142.5 32 128 46.5 128 64.3V384h384zM211.2 202l25.5-25.3c4.2-4.2 11-4.2 15.2.1l41.3 41.6 95.2-94.4c4.2-4.2 11-4.2 15.2.1l25.3 25.5c4.2 4.2 4.2 11-.1 15.2L300.5 292c-4.2 4.2-11 4.2-15.2-.1l-74.1-74.7c-4.3-4.2-4.2-11 0-15.2z\"><\/path><\/svg><\/div>\n\t\t\t\t\t\t<\/span>\n\t\t<\/div>\n\t\t\t\t\t\t<\/div>\n\t\t\t\t<div class=\"elementor-element elementor-element-ff15d6b elementor-widget elementor-widget-text-editor\" data-id=\"ff15d6b\" data-element_type=\"widget\" data-e-type=\"widget\" data-widget_type=\"text-editor.default\">\n\t\t\t\t\t\t\t\t\t<h2><strong>Voto por correo<\/strong><\/h2><h4>De la p\u00e1gina de informaci\u00f3n de votaci\u00f3n del Secretario de Estado:<\/h4><p>Un votante que solicita una boleta ausente por correo no est\u00e1 obligado a proporcionar una raz\u00f3n por la que est\u00e1n votando ausentes.<\/p><p>Usted puede votar en persona por votaci\u00f3n en ausencia si:<\/p>\t\t\t\t\t\t\t\t<\/div>\n\t\t\t\t<div class=\"elementor-element elementor-element-5421633 elementor-icon-list--layout-traditional elementor-list-item-link-full_width elementor-widget elementor-widget-icon-list\" data-id=\"5421633\" data-element_type=\"widget\" data-e-type=\"widget\" data-widget_type=\"icon-list.default\">\n\t\t\t\t\t\t\t<ul class=\"elementor-icon-list-items\">\n\t\t\t\t\t\t\t<li class=\"elementor-icon-list-item\">\n\t\t\t\t\t\t\t\t\t\t\t<span class=\"elementor-icon-list-icon\">\n\t\t\t\t\t\t\t<svg aria-hidden=\"true\" class=\"e-font-icon-svg e-fas-check\" viewBox=\"0 0 512 512\" xmlns=\"http:\/\/www.w3.org\/2000\/svg\"><path d=\"M173.898 439.404l-166.4-166.4c-9.997-9.997-9.997-26.206 0-36.204l36.203-36.204c9.997-9.998 26.207-9.998 36.204 0L192 312.69 432.095 72.596c9.997-9.997 26.207-9.997 36.204 0l36.203 36.204c9.997 9.997 9.997 26.206 0 36.204l-294.4 294.401c-9.998 9.997-26.207 9.997-36.204-.001z\"><\/path><\/svg>\t\t\t\t\t\t<\/span>\n\t\t\t\t\t\t\t\t\t\t<span class=\"elementor-icon-list-text\">Estar\u00e1 ausente de su recinto de 7:00 a.m. a 7:00 p.m. el d\u00eda de las elecciones.<\/span>\n\t\t\t\t\t\t\t\t\t<\/li>\n\t\t\t\t\t\t\t\t<li class=\"elementor-icon-list-item\">\n\t\t\t\t\t\t\t\t\t\t\t<span class=\"elementor-icon-list-icon\">\n\t\t\t\t\t\t\t<svg aria-hidden=\"true\" class=\"e-font-icon-svg e-fas-check\" viewBox=\"0 0 512 512\" xmlns=\"http:\/\/www.w3.org\/2000\/svg\"><path d=\"M173.898 439.404l-166.4-166.4c-9.997-9.997-9.997-26.206 0-36.204l36.203-36.204c9.997-9.998 26.207-9.998 36.204 0L192 312.69 432.095 72.596c9.997-9.997 26.207-9.997 36.204 0l36.203 36.204c9.997 9.997 9.997 26.206 0 36.204l-294.4 294.401c-9.998 9.997-26.207 9.997-36.204-.001z\"><\/path><\/svg>\t\t\t\t\t\t<\/span>\n\t\t\t\t\t\t\t\t\t\t<span class=\"elementor-icon-list-text\">Tienes 75 a\u00f1os o m\u00e1s.<\/span>\n\t\t\t\t\t\t\t\t\t<\/li>\n\t\t\t\t\t\t\t\t<li class=\"elementor-icon-list-item\">\n\t\t\t\t\t\t\t\t\t\t\t<span class=\"elementor-icon-list-icon\">\n\t\t\t\t\t\t\t<svg aria-hidden=\"true\" class=\"e-font-icon-svg e-fas-check\" viewBox=\"0 0 512 512\" xmlns=\"http:\/\/www.w3.org\/2000\/svg\"><path d=\"M173.898 439.404l-166.4-166.4c-9.997-9.997-9.997-26.206 0-36.204l36.203-36.204c9.997-9.998 26.207-9.998 36.204 0L192 312.69 432.095 72.596c9.997-9.997 26.207-9.997 36.204 0l36.203 36.204c9.997 9.997 9.997 26.206 0 36.204l-294.4 294.401c-9.998 9.997-26.207 9.997-36.204-.001z\"><\/path><\/svg>\t\t\t\t\t\t<\/span>\n\t\t\t\t\t\t\t\t\t\t<span class=\"elementor-icon-list-text\">Usted tiene una discapacidad f\u00edsica que le impide votar en persona, o usted es un cuidador constante de una persona con una discapacidad.<\/span>\n\t\t\t\t\t\t\t\t\t<\/li>\n\t\t\t\t\t\t\t\t<li class=\"elementor-icon-list-item\">\n\t\t\t\t\t\t\t\t\t\t\t<span class=\"elementor-icon-list-icon\">\n\t\t\t\t\t\t\t<svg aria-hidden=\"true\" class=\"e-font-icon-svg e-fas-check\" viewBox=\"0 0 512 512\" xmlns=\"http:\/\/www.w3.org\/2000\/svg\"><path d=\"M173.898 439.404l-166.4-166.4c-9.997-9.997-9.997-26.206 0-36.204l36.203-36.204c9.997-9.998 26.207-9.998 36.204 0L192 312.69 432.095 72.596c9.997-9.997 26.207-9.997 36.204 0l36.203 36.204c9.997 9.997 9.997 26.206 0 36.204l-294.4 294.401c-9.998 9.997-26.207 9.997-36.204-.001z\"><\/path><\/svg>\t\t\t\t\t\t<\/span>\n\t\t\t\t\t\t\t\t\t\t<span class=\"elementor-icon-list-text\">Usted es un funcionario electoral.<\/span>\n\t\t\t\t\t\t\t\t\t<\/li>\n\t\t\t\t\t\t\t\t<li class=\"elementor-icon-list-item\">\n\t\t\t\t\t\t\t\t\t\t\t<span class=\"elementor-icon-list-icon\">\n\t\t\t\t\t\t\t<svg aria-hidden=\"true\" class=\"e-font-icon-svg e-fas-check\" viewBox=\"0 0 512 512\" xmlns=\"http:\/\/www.w3.org\/2000\/svg\"><path d=\"M173.898 439.404l-166.4-166.4c-9.997-9.997-9.997-26.206 0-36.204l36.203-36.204c9.997-9.998 26.207-9.998 36.204 0L192 312.69 432.095 72.596c9.997-9.997 26.207-9.997 36.204 0l36.203 36.204c9.997 9.997 9.997 26.206 0 36.204l-294.4 294.401c-9.998 9.997-26.207 9.997-36.204-.001z\"><\/path><\/svg>\t\t\t\t\t\t<\/span>\n\t\t\t\t\t\t\t\t\t\t<span class=\"elementor-icon-list-text\">Usted est\u00e1 observando una fiesta religiosa que le impide votar en persona.<\/span>\n\t\t\t\t\t\t\t\t\t<\/li>\n\t\t\t\t\t\t\t\t<li class=\"elementor-icon-list-item\">\n\t\t\t\t\t\t\t\t\t\t\t<span class=\"elementor-icon-list-icon\">\n\t\t\t\t\t\t\t<svg aria-hidden=\"true\" class=\"e-font-icon-svg e-fas-check\" viewBox=\"0 0 512 512\" xmlns=\"http:\/\/www.w3.org\/2000\/svg\"><path d=\"M173.898 439.404l-166.4-166.4c-9.997-9.997-9.997-26.206 0-36.204l36.203-36.204c9.997-9.998 26.207-9.998 36.204 0L192 312.69 432.095 72.596c9.997-9.997 26.207-9.997 36.204 0l36.203 36.204c9.997 9.997 9.997 26.206 0 36.204l-294.4 294.401c-9.998 9.997-26.207 9.997-36.204-.001z\"><\/path><\/svg>\t\t\t\t\t\t<\/span>\n\t\t\t\t\t\t\t\t\t\t<span class=\"elementor-icon-list-text\">Usted est\u00e1 obligado a permanecer de servicio en su recinto para la protecci\u00f3n de la vida, la salud o la seguridad del p\u00fablico.<\/span>\n\t\t\t\t\t\t\t\t\t<\/li>\n\t\t\t\t\t\t\t\t<li class=\"elementor-icon-list-item\">\n\t\t\t\t\t\t\t\t\t\t\t<span class=\"elementor-icon-list-icon\">\n\t\t\t\t\t\t\t<svg aria-hidden=\"true\" class=\"e-font-icon-svg e-fas-check\" viewBox=\"0 0 512 512\" xmlns=\"http:\/\/www.w3.org\/2000\/svg\"><path d=\"M173.898 439.404l-166.4-166.4c-9.997-9.997-9.997-26.206 0-36.204l36.203-36.204c9.997-9.998 26.207-9.998 36.204 0L192 312.69 432.095 72.596c9.997-9.997 26.207-9.997 36.204 0l36.203 36.204c9.997 9.997 9.997 26.206 0 36.204l-294.4 294.401c-9.998 9.997-26.207 9.997-36.204-.001z\"><\/path><\/svg>\t\t\t\t\t\t<\/span>\n\t\t\t\t\t\t\t\t\t\t<span class=\"elementor-icon-list-text\">Un elector puede emitir un voto en ausencia en persona en la oficina del registrador durante el per\u00edodo de lunes a viernes de la semana inmediatamente anterior a la fecha de la elecci\u00f3n sin tener que proporcionar una raz\u00f3n.<\/span>\n\t\t\t\t\t\t\t\t\t<\/li>\n\t\t\t\t\t\t<\/ul>\n\t\t\t\t\t\t<\/div>\n\t\t\t\t<div class=\"elementor-element elementor-element-daf34c2 elementor-widget elementor-widget-text-editor\" data-id=\"daf34c2\" data-element_type=\"widget\" data-e-type=\"widget\" data-widget_type=\"text-editor.default\">\n\t\t\t\t\t\t\t\t\t<p>Si alguno de los anteriores se aplica a usted, <a href=\"http:\/\/sos.ga.gov\/index.php\/Elections\/absentee_voting_in_georgia\" target=\"_blank\" rel=\"noopener noreferrer\">descargue la solicitud de la boleta oficial ausente\/ anticipada<\/a> y env\u00edela por correo o por fax a <a href=\"http:\/\/sos.ga.gov\/cgi-bin\/countyregistrarsindex.asp\" target=\"_blank\" rel=\"noopener noreferrer\">la junta de registradores de su condado<\/a>.<\/p><div class=\"sentence-wrapper sentence-wrapper_target ng-star-inserted\"><span class=\"sentence-wrapper_without-hover ng-star-inserted\" data-index=\"0\"><strong>Nota:<\/strong> Si est\u00e1 registrado para votar y vive en el Condado de Gwinnett, <\/span><a href=\"http:\/\/static1.1.sqspcdn.com\/static\/f\/614748\/24388901\/1392659656253\/absballot_app_2014Gwinnett.pdf?token=R0rpnVFJgDZiQoA5ZXt96PCxwZM%3D\" target=\"_blank\" rel=\"noopener\">puede completar esta solicitud en su lugar.<\/a>.<\/div>\t\t\t\t\t\t\t\t<\/div>\n\t\t\t\t\t<\/div>\n\t\t<\/div>\n\t\t\t\t\t<\/div>\n\t\t<\/section>\n\t\t\t\t<\/div>\n\t\t","protected":false},"excerpt":{"rendered":"<p>Recursos de Votaci\u00f3n \u00a1Tu voz es tu voto! Luchar. Votar. PoderLas elecciones son el martes 8 de noviembre de 2022. \u00a1Las elecciones estatales tienen lugar este a\u00f1o! A medida que Georgia se convierte en el campo de batalla, las comunidades latinas e hispanas deben garantizar que nuestros derechos sean protegidos y que nuestras voces sean [&hellip;]<\/p>\n","protected":false},"author":1,"featured_media":0,"parent":1880,"menu_order":0,"comment_status":"closed","ping_status":"closed","template":"","meta":{"sfsi_plus_gutenberg_text_before_share":"","sfsi_plus_gutenberg_show_text_before_share":"","sfsi_plus_gutenberg_icon_type":"","sfsi_plus_gutenberg_icon_alignemt":"","sfsi_plus_gutenburg_max_per_row":"","om_disable_all_campaigns":false,"_monsterinsights_skip_tracking":false,"_monsterinsights_sitenote_active":false,"_monsterinsights_sitenote_note":"","_monsterinsights_sitenote_category":0,"footnotes":""},"class_list":["post-1894","page","type-page","status-publish","hentry"],"aioseo_notices":[],"_links":{"self":[{"href":"https:\/\/galeo.org\/es\/wp-json\/wp\/v2\/pages\/1894","targetHints":{"allow":["GET"]}}],"collection":[{"href":"https:\/\/galeo.org\/es\/wp-json\/wp\/v2\/pages"}],"about":[{"href":"https:\/\/galeo.org\/es\/wp-json\/wp\/v2\/types\/page"}],"author":[{"embeddable":true,"href":"https:\/\/galeo.org\/es\/wp-json\/wp\/v2\/users\/1"}],"replies":[{"embeddable":true,"href":"https:\/\/galeo.org\/es\/wp-json\/wp\/v2\/comments?post=1894"}],"version-history":[{"count":5,"href":"https:\/\/galeo.org\/es\/wp-json\/wp\/v2\/pages\/1894\/revisions"}],"predecessor-version":[{"id":2286,"href":"https:\/\/galeo.org\/es\/wp-json\/wp\/v2\/pages\/1894\/revisions\/2286"}],"up":[{"embeddable":true,"href":"https:\/\/galeo.org\/es\/wp-json\/wp\/v2\/pages\/1880"}],"wp:attachment":[{"href":"https:\/\/galeo.org\/es\/wp-json\/wp\/v2\/media?parent=1894"}],"curies":[{"name":"wp","href":"https:\/\/api.w.org\/{rel}","templated":true}]}}