{"id":1897,"date":"2022-07-19T20:55:13","date_gmt":"2022-07-19T20:55:13","guid":{"rendered":"https:\/\/galeo.org\/apoyenos\/practicas\/"},"modified":"2024-12-19T22:06:22","modified_gmt":"2024-12-19T22:06:22","slug":"practicas","status":"publish","type":"page","link":"https:\/\/galeo.org\/es\/apoyenos\/practicas\/","title":{"rendered":"Pr\u00e1cticas"},"content":{"rendered":"\t\t<div data-elementor-type=\"wp-page\" data-elementor-id=\"1897\" class=\"elementor elementor-1897 elementor-458\" data-elementor-post-type=\"page\">\n\t\t\t\t\t\t<section class=\"elementor-section elementor-top-section elementor-element elementor-element-42c0a26e elementor-section-boxed elementor-section-height-default elementor-section-height-default\" data-id=\"42c0a26e\" data-element_type=\"section\" data-e-type=\"section\">\n\t\t\t\t\t\t<div class=\"elementor-container elementor-column-gap-default\">\n\t\t\t\t\t<div class=\"elementor-column elementor-col-100 elementor-top-column elementor-element elementor-element-17922812\" data-id=\"17922812\" data-element_type=\"column\" data-e-type=\"column\" data-settings=\"{&quot;background_background&quot;:&quot;gradient&quot;}\">\n\t\t\t<div class=\"elementor-widget-wrap elementor-element-populated\">\n\t\t\t\t\t\t<section class=\"elementor-section elementor-inner-section elementor-element elementor-element-6ec5cb1 elementor-section-boxed elementor-section-height-default elementor-section-height-default\" data-id=\"6ec5cb1\" data-element_type=\"section\" data-e-type=\"section\">\n\t\t\t\t\t\t<div class=\"elementor-container elementor-column-gap-no\">\n\t\t\t\t\t<div class=\"elementor-column elementor-col-50 elementor-inner-column elementor-element elementor-element-4d26fe63\" data-id=\"4d26fe63\" data-element_type=\"column\" data-e-type=\"column\">\n\t\t\t<div class=\"elementor-widget-wrap elementor-element-populated\">\n\t\t\t\t\t\t<div class=\"elementor-element elementor-element-61b9c754 elementor-widget elementor-widget-heading\" data-id=\"61b9c754\" data-element_type=\"widget\" data-e-type=\"widget\" data-widget_type=\"heading.default\">\n\t\t\t\t\t<h1 class=\"elementor-heading-title elementor-size-default\">Pr\u00e1cticas<\/h1>\t\t\t\t<\/div>\n\t\t\t\t\t<\/div>\n\t\t<\/div>\n\t\t\t\t<div class=\"elementor-column elementor-col-50 elementor-inner-column elementor-element elementor-element-5422b088\" data-id=\"5422b088\" data-element_type=\"column\" data-e-type=\"column\">\n\t\t\t<div class=\"elementor-widget-wrap elementor-element-populated\">\n\t\t\t\t\t\t<div class=\"elementor-element elementor-element-1d82ee30 elementor-widget elementor-widget-image\" data-id=\"1d82ee30\" data-element_type=\"widget\" data-e-type=\"widget\" data-widget_type=\"image.default\">\n\t\t\t\t\t\t\t\t\t\t\t\t\t\t\t<img fetchpriority=\"high\" decoding=\"async\" width=\"700\" height=\"250\" src=\"https:\/\/galeo.org\/wp-content\/uploads\/2022\/08\/SupportUs-Headline.png\" class=\"attachment-large size-large wp-image-2017\" alt=\"\" srcset=\"https:\/\/galeo.org\/wp-content\/uploads\/2022\/08\/SupportUs-Headline.png 700w, https:\/\/galeo.org\/wp-content\/uploads\/2022\/08\/SupportUs-Headline-600x214.png 600w, https:\/\/galeo.org\/wp-content\/uploads\/2022\/08\/SupportUs-Headline-300x107.png 300w\" sizes=\"(max-width: 700px) 100vw, 700px\" \/>\t\t\t\t\t\t\t\t\t\t\t\t\t\t\t<\/div>\n\t\t\t\t\t<\/div>\n\t\t<\/div>\n\t\t\t\t\t<\/div>\n\t\t<\/section>\n\t\t\t\t\t<\/div>\n\t\t<\/div>\n\t\t\t\t\t<\/div>\n\t\t<\/section>\n\t\t\t\t<section class=\"elementor-section elementor-top-section elementor-element elementor-element-5d437fd elementor-section-boxed elementor-section-height-default elementor-section-height-default\" data-id=\"5d437fd\" data-element_type=\"section\" data-e-type=\"section\">\n\t\t\t\t\t\t<div class=\"elementor-container elementor-column-gap-default\">\n\t\t\t\t\t<div class=\"elementor-column elementor-col-100 elementor-top-column elementor-element elementor-element-5fa7ce2\" data-id=\"5fa7ce2\" data-element_type=\"column\" data-e-type=\"column\">\n\t\t\t<div class=\"elementor-widget-wrap elementor-element-populated\">\n\t\t\t\t\t\t<div class=\"elementor-element elementor-element-3eb7c8a elementor-widget elementor-widget-heading\" data-id=\"3eb7c8a\" data-element_type=\"widget\" data-e-type=\"widget\" data-widget_type=\"heading.default\">\n\t\t\t\t\t<h2 class=\"elementor-heading-title elementor-size-default\">Pr\u00e1cticas de estudiantes de GALEO<\/h2>\t\t\t\t<\/div>\n\t\t\t\t<div class=\"elementor-element elementor-element-dffceb2 elementor-widget elementor-widget-text-editor\" data-id=\"dffceb2\" data-element_type=\"widget\" data-e-type=\"widget\" data-widget_type=\"text-editor.default\">\n\t\t\t\t\t\t\t\t\t<p>GALEO busca estudiantes de grado o postgrado cada semestre (primavera, verano y oto\u00f1o) para realizar pr\u00e1cticas a tiempo parcial en diversas \u00e1reas, como relaciones con la comunidad, apoyo administrativo, gesti\u00f3n de voluntarios, trabajo pol\u00edtico, etc. Todos los estudiantes en pr\u00e1cticas deber\u00e1n trabajar un m\u00ednimo de 10 a 15 horas semanales y colaborar directamente con los coordinadores ejecutivos y de programas en la elaboraci\u00f3n y redacci\u00f3n de material de marketing y contenidos web, la investigaci\u00f3n de asuntos legislativos, el desarrollo de servicios y programas, la recaudaci\u00f3n de fondos y la asistencia en la planificaci\u00f3n de eventos, entre otras tareas.<\/p>\n\t\t\t\t\t\t\t\t<\/div>\n\t\t\t\t<div class=\"elementor-element elementor-element-cb3aecc elementor-icon-list--layout-traditional elementor-list-item-link-full_width elementor-widget elementor-widget-icon-list\" data-id=\"cb3aecc\" data-element_type=\"widget\" data-e-type=\"widget\" data-widget_type=\"icon-list.default\">\n\t\t\t\t\t\t\t<ul class=\"elementor-icon-list-items\">\n\t\t\t\t\t\t\t<li class=\"elementor-icon-list-item\">\n\t\t\t\t\t\t\t\t\t\t\t<span class=\"elementor-icon-list-icon\">\n\t\t\t\t\t\t\t<svg aria-hidden=\"true\" class=\"e-font-icon-svg e-fas-check\" viewBox=\"0 0 512 512\" xmlns=\"http:\/\/www.w3.org\/2000\/svg\"><path d=\"M173.898 439.404l-166.4-166.4c-9.997-9.997-9.997-26.206 0-36.204l36.203-36.204c9.997-9.998 26.207-9.998 36.204 0L192 312.69 432.095 72.596c9.997-9.997 26.207-9.997 36.204 0l36.203 36.204c9.997 9.997 9.997 26.206 0 36.204l-294.4 294.401c-9.998 9.997-26.207 9.997-36.204-.001z\"><\/path><\/svg>\t\t\t\t\t\t<\/span>\n\t\t\t\t\t\t\t\t\t\t<span class=\"elementor-icon-list-text\">Los becarios trabajar\u00e1n principalmente a distancia, con algunas tareas en la oficina o en eventos. El horario ser\u00e1 flexible para acomodar el trabajo del curso. Se REQUIERE transporte fiable para todos los becarios.<\/span>\n\t\t\t\t\t\t\t\t\t<\/li>\n\t\t\t\t\t\t\t\t<li class=\"elementor-icon-list-item\">\n\t\t\t\t\t\t\t\t\t\t\t<span class=\"elementor-icon-list-icon\">\n\t\t\t\t\t\t\t<svg aria-hidden=\"true\" class=\"e-font-icon-svg e-fas-check\" viewBox=\"0 0 512 512\" xmlns=\"http:\/\/www.w3.org\/2000\/svg\"><path d=\"M173.898 439.404l-166.4-166.4c-9.997-9.997-9.997-26.206 0-36.204l36.203-36.204c9.997-9.998 26.207-9.998 36.204 0L192 312.69 432.095 72.596c9.997-9.997 26.207-9.997 36.204 0l36.203 36.204c9.997 9.997 9.997 26.206 0 36.204l-294.4 294.401c-9.998 9.997-26.207 9.997-36.204-.001z\"><\/path><\/svg>\t\t\t\t\t\t<\/span>\n\t\t\t\t\t\t\t\t\t\t<span class=\"elementor-icon-list-text\">Los estudiantes deben estar interesados en la pol\u00edtica, la comunicaci\u00f3n pol\u00edtica, el desarrollo del liderazgo, la reforma de la inmigraci\u00f3n y los derechos de los latinos.<\/span>\n\t\t\t\t\t\t\t\t\t<\/li>\n\t\t\t\t\t\t\t\t<li class=\"elementor-icon-list-item\">\n\t\t\t\t\t\t\t\t\t\t\t<span class=\"elementor-icon-list-icon\">\n\t\t\t\t\t\t\t<svg aria-hidden=\"true\" class=\"e-font-icon-svg e-fas-check\" viewBox=\"0 0 512 512\" xmlns=\"http:\/\/www.w3.org\/2000\/svg\"><path d=\"M173.898 439.404l-166.4-166.4c-9.997-9.997-9.997-26.206 0-36.204l36.203-36.204c9.997-9.998 26.207-9.998 36.204 0L192 312.69 432.095 72.596c9.997-9.997 26.207-9.997 36.204 0l36.203 36.204c9.997 9.997 9.997 26.206 0 36.204l-294.4 294.401c-9.998 9.997-26.207 9.997-36.204-.001z\"><\/path><\/svg>\t\t\t\t\t\t<\/span>\n\t\t\t\t\t\t\t\t\t\t<span class=\"elementor-icon-list-text\">Los estudiantes deben poseer una excelente capacidad de redacci\u00f3n y comunicaci\u00f3n, tener iniciativa y ser capaces de trabajar de forma independiente. <\/span>\n\t\t\t\t\t\t\t\t\t<\/li>\n\t\t\t\t\t\t\t\t<li class=\"elementor-icon-list-item\">\n\t\t\t\t\t\t\t\t\t\t\t<span class=\"elementor-icon-list-icon\">\n\t\t\t\t\t\t\t<svg aria-hidden=\"true\" class=\"e-font-icon-svg e-fas-check\" viewBox=\"0 0 512 512\" xmlns=\"http:\/\/www.w3.org\/2000\/svg\"><path d=\"M173.898 439.404l-166.4-166.4c-9.997-9.997-9.997-26.206 0-36.204l36.203-36.204c9.997-9.998 26.207-9.998 36.204 0L192 312.69 432.095 72.596c9.997-9.997 26.207-9.997 36.204 0l36.203 36.204c9.997 9.997 9.997 26.206 0 36.204l-294.4 294.401c-9.998 9.997-26.207 9.997-36.204-.001z\"><\/path><\/svg>\t\t\t\t\t\t<\/span>\n\t\t\t\t\t\t\t\t\t\t<span class=\"elementor-icon-list-text\">Los estudiantes deben ser capaces de gestionar bien el tiempo y cumplir los plazos.<\/span>\n\t\t\t\t\t\t\t\t\t<\/li>\n\t\t\t\t\t\t\t\t<li class=\"elementor-icon-list-item\">\n\t\t\t\t\t\t\t\t\t\t\t<span class=\"elementor-icon-list-icon\">\n\t\t\t\t\t\t\t<svg aria-hidden=\"true\" class=\"e-font-icon-svg e-fas-check\" viewBox=\"0 0 512 512\" xmlns=\"http:\/\/www.w3.org\/2000\/svg\"><path d=\"M173.898 439.404l-166.4-166.4c-9.997-9.997-9.997-26.206 0-36.204l36.203-36.204c9.997-9.998 26.207-9.998 36.204 0L192 312.69 432.095 72.596c9.997-9.997 26.207-9.997 36.204 0l36.203 36.204c9.997 9.997 9.997 26.206 0 36.204l-294.4 294.401c-9.998 9.997-26.207 9.997-36.204-.001z\"><\/path><\/svg>\t\t\t\t\t\t<\/span>\n\t\t\t\t\t\t\t\t\t\t<span class=\"elementor-icon-list-text\">Se requiere dominio del ingl\u00e9s, y el conocimiento del espa\u00f1ol es preferible pero no obligatorio.<\/span>\n\t\t\t\t\t\t\t\t\t<\/li>\n\t\t\t\t\t\t<\/ul>\n\t\t\t\t\t\t<\/div>\n\t\t\t\t<div class=\"elementor-element elementor-element-776e3fd elementor-widget elementor-widget-text-editor\" data-id=\"776e3fd\" data-element_type=\"widget\" data-e-type=\"widget\" data-widget_type=\"text-editor.default\">\n\t\t\t\t\t\t\t\t\t<p>Los candidatos interesados deben enviar:<\/p>\n<ul>\n<li><strong>Curriculum vitae<\/strong><\/li>\n<li><em>*Opcional*<\/em> <\/li>\n<li><strong>Muestra de redacci\u00f3n o carpeta de trabajos<\/strong> (puede ser cualquier trabajo que el solicitante considere que pone de relieve sus habilidades de redacci\u00f3n, incluidos ensayos, informes, art\u00edculos, etc.)<\/li>\n<\/ul>\n<p style=\"text-align: center;\">Por favor, env\u00eda toda la informaci\u00f3n a nuestro Asistente Ejecutivo <br \/><b>Jonathan Hern\u00e1ndez (jhernandez<\/b><a href=\"mailto:polo@galeo.org\"><b>@galeo.org<\/b><\/a><b>)<\/b><\/p>\n<p style=\"text-align: center;\"><em style=\"text-align: left;\"> <\/em><\/p>\n<p style=\"text-align: center;\">\n<map name=\"summerinterns\">\n<area coords=\"98,142,70\" shape=\"circle\" href=\"https:\/\/galeo.org\/angie-f-chermanz-monroy\/\">\n<area coords=\"246,142,70\" shape=\"circle\" href=\"https:\/\/galeo.org\/luis-otero-2018-summer-intern\/\">\n<area coords=\"396,142,72\" shape=\"circle\" href=\"https:\/\/galeo.org\/leslie-quintanar-2018-summer-intern\/\">\n<area coords=\"552,142,70\" shape=\"circle\" href=\"https:\/\/galeo.org\/leopoldo-polo-vargas-2018-summer-intern\/\">\n<area coords=\"704,142,70\" shape=\"circle\" href=\"https:\/\/galeo.org\/samuel-luis-pittman-2018-summer-intern\/\"><\/map><\/p>\n\t\t\t\t\t\t\t\t<\/div>\n\t\t\t\t\t<\/div>\n\t\t<\/div>\n\t\t\t\t\t<\/div>\n\t\t<\/section>\n\t\t<div class=\"elementor-element elementor-element-00810fa e-flex e-con-boxed e-con e-parent\" data-id=\"00810fa\" data-element_type=\"container\" data-e-type=\"container\">\n\t\t\t\t\t<div class=\"e-con-inner\">\n\t\t\t\t<div class=\"elementor-element elementor-element-8ce3651 elementor-widget elementor-widget-video\" data-id=\"8ce3651\" data-element_type=\"widget\" data-e-type=\"widget\" data-settings=\"{&quot;video_type&quot;:&quot;hosted&quot;,&quot;controls&quot;:&quot;yes&quot;}\" data-widget_type=\"video.default\">\n\t\t\t\t\t\t\t<div class=\"e-hosted-video elementor-wrapper elementor-open-inline\">\n\t\t\t\t\t<video class=\"elementor-video\" src=\"https:\/\/galeo.org\/wp-content\/uploads\/2024\/12\/Copia-de-Summer-2022-Ad-Draft-1-1350-\u00d7-1080-px.mp4\" controls=\"\" preload=\"metadata\" controlsList=\"nodownload\"><\/video>\n\t\t\t\t<\/div>\n\t\t\t\t\t\t<\/div>\n\t\t\t\t\t<\/div>\n\t\t\t\t<\/div>\n\t\t\t\t<\/div>\n\t\t","protected":false},"excerpt":{"rendered":"<p>Pr\u00e1cticas Pr\u00e1cticas de estudiantes de GALEO GALEO busca estudiantes de grado o postgrado cada semestre (primavera, verano y oto\u00f1o) para realizar pr\u00e1cticas a tiempo parcial en diversas \u00e1reas, como relaciones con la comunidad, apoyo administrativo, gesti\u00f3n de voluntarios, trabajo pol\u00edtico, etc. Todos los estudiantes en pr\u00e1cticas deber\u00e1n trabajar un m\u00ednimo de 10 a 15 horas [&hellip;]<\/p>\n","protected":false},"author":1,"featured_media":0,"parent":1875,"menu_order":0,"comment_status":"closed","ping_status":"closed","template":"","meta":{"sfsi_plus_gutenberg_text_before_share":"","sfsi_plus_gutenberg_show_text_before_share":"","sfsi_plus_gutenberg_icon_type":"","sfsi_plus_gutenberg_icon_alignemt":"","sfsi_plus_gutenburg_max_per_row":"","om_disable_all_campaigns":false,"_monsterinsights_skip_tracking":false,"_monsterinsights_sitenote_active":false,"_monsterinsights_sitenote_note":"","_monsterinsights_sitenote_category":0,"footnotes":""},"class_list":["post-1897","page","type-page","status-publish","hentry"],"aioseo_notices":[],"_links":{"self":[{"href":"https:\/\/galeo.org\/es\/wp-json\/wp\/v2\/pages\/1897","targetHints":{"allow":["GET"]}}],"collection":[{"href":"https:\/\/galeo.org\/es\/wp-json\/wp\/v2\/pages"}],"about":[{"href":"https:\/\/galeo.org\/es\/wp-json\/wp\/v2\/types\/page"}],"author":[{"embeddable":true,"href":"https:\/\/galeo.org\/es\/wp-json\/wp\/v2\/users\/1"}],"replies":[{"embeddable":true,"href":"https:\/\/galeo.org\/es\/wp-json\/wp\/v2\/comments?post=1897"}],"version-history":[{"count":5,"href":"https:\/\/galeo.org\/es\/wp-json\/wp\/v2\/pages\/1897\/revisions"}],"predecessor-version":[{"id":21949,"href":"https:\/\/galeo.org\/es\/wp-json\/wp\/v2\/pages\/1897\/revisions\/21949"}],"up":[{"embeddable":true,"href":"https:\/\/galeo.org\/es\/wp-json\/wp\/v2\/pages\/1875"}],"wp:attachment":[{"href":"https:\/\/galeo.org\/es\/wp-json\/wp\/v2\/media?parent=1897"}],"curies":[{"name":"wp","href":"https:\/\/api.w.org\/{rel}","templated":true}]}}