{"id":1899,"date":"2022-07-21T19:56:03","date_gmt":"2022-07-21T19:56:03","guid":{"rendered":"https:\/\/galeo.org\/sobre-nosotros\/personal-de-galeo\/alejandro-chavez\/"},"modified":"2023-09-19T21:35:39","modified_gmt":"2023-09-19T21:35:39","slug":"alejandro-chavez","status":"publish","type":"page","link":"https:\/\/galeo.org\/es\/sobre-nosotros\/personal-de-galeo\/alejandro-chavez\/","title":{"rendered":"Elisa Covarrubias"},"content":{"rendered":"\t\t<div data-elementor-type=\"wp-page\" data-elementor-id=\"1899\" class=\"elementor elementor-1899\" data-elementor-post-type=\"page\">\n\t\t\t\t\t\t<section class=\"elementor-section elementor-top-section elementor-element elementor-element-6601cede elementor-section-boxed elementor-section-height-default elementor-section-height-default\" data-id=\"6601cede\" data-element_type=\"section\" data-e-type=\"section\">\n\t\t\t\t\t\t<div class=\"elementor-container elementor-column-gap-default\">\n\t\t\t\t\t<div class=\"elementor-column elementor-col-100 elementor-top-column elementor-element elementor-element-409866e2\" data-id=\"409866e2\" data-element_type=\"column\" data-e-type=\"column\" data-settings=\"{&quot;background_background&quot;:&quot;gradient&quot;}\">\n\t\t\t<div class=\"elementor-widget-wrap elementor-element-populated\">\n\t\t\t\t\t\t<section class=\"elementor-section elementor-inner-section elementor-element elementor-element-fbffd27 elementor-section-boxed elementor-section-height-default elementor-section-height-default\" data-id=\"fbffd27\" data-element_type=\"section\" data-e-type=\"section\">\n\t\t\t\t\t\t<div class=\"elementor-container elementor-column-gap-no\">\n\t\t\t\t\t<div class=\"elementor-column elementor-col-50 elementor-inner-column elementor-element elementor-element-5c93cf07\" data-id=\"5c93cf07\" data-element_type=\"column\" data-e-type=\"column\">\n\t\t\t<div class=\"elementor-widget-wrap elementor-element-populated\">\n\t\t\t\t\t\t<div class=\"elementor-element elementor-element-2f7389c6 elementor-widget elementor-widget-heading\" data-id=\"2f7389c6\" data-element_type=\"widget\" data-e-type=\"widget\" data-widget_type=\"heading.default\">\n\t\t\t\t\t<h1 class=\"elementor-heading-title elementor-size-default\">Staff<\/h1>\t\t\t\t<\/div>\n\t\t\t\t\t<\/div>\n\t\t<\/div>\n\t\t\t\t<div class=\"elementor-column elementor-col-50 elementor-inner-column elementor-element elementor-element-2d28954a\" data-id=\"2d28954a\" data-element_type=\"column\" data-e-type=\"column\">\n\t\t\t<div class=\"elementor-widget-wrap elementor-element-populated\">\n\t\t\t\t\t\t<div class=\"elementor-element elementor-element-416a82fe elementor-widget elementor-widget-image\" data-id=\"416a82fe\" data-element_type=\"widget\" data-e-type=\"widget\" data-widget_type=\"image.default\">\n\t\t\t\t\t\t\t\t\t\t\t\t\t\t\t<img fetchpriority=\"high\" decoding=\"async\" width=\"700\" height=\"250\" src=\"https:\/\/galeo.org\/wp-content\/uploads\/2022\/07\/GALEO-About.png\" class=\"attachment-large size-large wp-image-1499\" alt=\"\" srcset=\"https:\/\/galeo.org\/wp-content\/uploads\/2022\/07\/GALEO-About.png 700w, https:\/\/galeo.org\/wp-content\/uploads\/2022\/07\/GALEO-About-600x214.png 600w, https:\/\/galeo.org\/wp-content\/uploads\/2022\/07\/GALEO-About-300x107.png 300w\" sizes=\"(max-width: 700px) 100vw, 700px\" \/>\t\t\t\t\t\t\t\t\t\t\t\t\t\t\t<\/div>\n\t\t\t\t\t<\/div>\n\t\t<\/div>\n\t\t\t\t\t<\/div>\n\t\t<\/section>\n\t\t\t\t\t<\/div>\n\t\t<\/div>\n\t\t\t\t\t<\/div>\n\t\t<\/section>\n\t\t\t\t<section class=\"elementor-section elementor-top-section elementor-element elementor-element-67cf627 elementor-section-boxed elementor-section-height-default elementor-section-height-default\" data-id=\"67cf627\" data-element_type=\"section\" data-e-type=\"section\">\n\t\t\t\t\t\t<div class=\"elementor-container elementor-column-gap-default\">\n\t\t\t\t\t<div class=\"elementor-column elementor-col-50 elementor-top-column elementor-element elementor-element-9315348\" data-id=\"9315348\" data-element_type=\"column\" data-e-type=\"column\">\n\t\t\t<div class=\"elementor-widget-wrap elementor-element-populated\">\n\t\t\t\t\t\t<div class=\"elementor-element elementor-element-5330254 elementor-widget elementor-widget-heading\" data-id=\"5330254\" data-element_type=\"widget\" data-e-type=\"widget\" data-widget_type=\"heading.default\">\n\t\t\t\t\t<h2 class=\"elementor-heading-title elementor-size-default\">Elisa Covarrubias<\/h2>\t\t\t\t<\/div>\n\t\t\t\t<div class=\"elementor-element elementor-element-9956dab elementor-widget elementor-widget-heading\" data-id=\"9956dab\" data-element_type=\"widget\" data-e-type=\"widget\" data-widget_type=\"heading.default\">\n\t\t\t\t\t<h3 class=\"elementor-heading-title elementor-size-default\">DIRECTORA ADJUNTA<\/h3>\t\t\t\t<\/div>\n\t\t\t\t<div class=\"elementor-element elementor-element-f9648f2 elementor-shape-circle e-grid-align-left elementor-grid-0 elementor-widget elementor-widget-social-icons\" data-id=\"f9648f2\" data-element_type=\"widget\" data-e-type=\"widget\" data-widget_type=\"social-icons.default\">\n\t\t\t\t\t\t\t<div class=\"elementor-social-icons-wrapper elementor-grid\" role=\"list\">\n\t\t\t\t\t\t\t<span class=\"elementor-grid-item\" role=\"listitem\">\n\t\t\t\t\t<a class=\"elementor-icon elementor-social-icon elementor-social-icon-envelope elementor-repeater-item-0591f2d\" href=\"mailto:ecovarrubias@galeo.org\" target=\"_blank\">\n\t\t\t\t\t\t<span class=\"elementor-screen-only\">Envelope<\/span>\n\t\t\t\t\t\t<svg aria-hidden=\"true\" class=\"e-font-icon-svg e-fas-envelope\" viewBox=\"0 0 512 512\" xmlns=\"http:\/\/www.w3.org\/2000\/svg\"><path d=\"M502.3 190.8c3.9-3.1 9.7-.2 9.7 4.7V400c0 26.5-21.5 48-48 48H48c-26.5 0-48-21.5-48-48V195.6c0-5 5.7-7.8 9.7-4.7 22.4 17.4 52.1 39.5 154.1 113.6 21.1 15.4 56.7 47.8 92.2 47.6 35.7.3 72-32.8 92.3-47.6 102-74.1 131.6-96.3 154-113.7zM256 320c23.2.4 56.6-29.2 73.4-41.4 132.7-96.3 142.8-104.7 173.4-128.7 5.8-4.5 9.2-11.5 9.2-18.9v-19c0-26.5-21.5-48-48-48H48C21.5 64 0 85.5 0 112v19c0 7.4 3.4 14.3 9.2 18.9 30.6 23.9 40.7 32.4 173.4 128.7 16.8 12.2 50.2 41.8 73.4 41.4z\"><\/path><\/svg>\t\t\t\t\t<\/a>\n\t\t\t\t<\/span>\n\t\t\t\t\t\t\t<span class=\"elementor-grid-item\" role=\"listitem\">\n\t\t\t\t\t<a class=\"elementor-icon elementor-social-icon elementor-social-icon-linkedin elementor-repeater-item-7b683b8\" href=\"https:\/\/www.linkedin.com\/in\/ecovarrubias\" target=\"_blank\">\n\t\t\t\t\t\t<span class=\"elementor-screen-only\">Linkedin<\/span>\n\t\t\t\t\t\t<svg aria-hidden=\"true\" class=\"e-font-icon-svg e-fab-linkedin\" viewBox=\"0 0 448 512\" xmlns=\"http:\/\/www.w3.org\/2000\/svg\"><path d=\"M416 32H31.9C14.3 32 0 46.5 0 64.3v383.4C0 465.5 14.3 480 31.9 480H416c17.6 0 32-14.5 32-32.3V64.3c0-17.8-14.4-32.3-32-32.3zM135.4 416H69V202.2h66.5V416zm-33.2-243c-21.3 0-38.5-17.3-38.5-38.5S80.9 96 102.2 96c21.2 0 38.5 17.3 38.5 38.5 0 21.3-17.2 38.5-38.5 38.5zm282.1 243h-66.4V312c0-24.8-.5-56.7-34.5-56.7-34.6 0-39.9 27-39.9 54.9V416h-66.4V202.2h63.7v29.2h.9c8.9-16.8 30.6-34.5 62.9-34.5 67.2 0 79.7 44.3 79.7 101.9V416z\"><\/path><\/svg>\t\t\t\t\t<\/a>\n\t\t\t\t<\/span>\n\t\t\t\t\t<\/div>\n\t\t\t\t\t\t<\/div>\n\t\t\t\t<div class=\"elementor-element elementor-element-3d0a31e elementor-widget elementor-widget-text-editor\" data-id=\"3d0a31e\" data-element_type=\"widget\" data-e-type=\"widget\" data-widget_type=\"text-editor.default\">\n\t\t\t\t\t\t\t\t\t<p>Elisa Covarrubias (Ella\/Ella) es la directora adjunta del Fondo de Desarrollo de la Comunidad Latina de GALEO y del Fondo de Impacto de GALEO.<\/p><p>Elisa Covarrubias, nacida de madre de ascendencia puertorrique\u00f1a y padre de San Luis Potos\u00ed, M\u00e9xico, pas\u00f3 sus a\u00f1os de formaci\u00f3n en Miami, Florida. Ha trabajado en servicios sociales sin \u00e1nimo de lucro durante m\u00e1s de 20 a\u00f1os, centr\u00e1ndose en la intervenci\u00f3n y prevenci\u00f3n de la violencia de g\u00e9nero durante la mayor parte de su carrera.<\/p><p>Antes de ocupar el cargo de directora ejecutiva de Men Stopping Violence, fue directora de operaciones de LiveSafe Resources, un centro de crisis para casos de violencia dom\u00e9stica y sexual.<\/p><p>Elisa sirvi\u00f3 en el comit\u00e9 para desarrollar est\u00e1ndares estatales para los centros de agresi\u00f3n sexual de Georgia, el Comit\u00e9 de Expertos del Equipo de Respuesta a la Agresi\u00f3n Sexual de Georgia, como Miembro de la Junta Asesora de Latin@s de Georgia contra la Violencia Dom\u00e9stica y como Copresidenta del Grupo de Trabajo contra la Violencia Familiar del Condado de Fulton. Elisa es alumna de AmeriCorps National Service y fue becaria del Georgia Women&#8217;s Policy Institute en 2019. En 2020, fue galardonada con el Premio Cobb Young Professionals Next Generation y se desempe\u00f1a como Presidenta de la Junta de la Coalici\u00f3n de Georgia contra la Violencia Dom\u00e9stica.<\/p>\t\t\t\t\t\t\t\t<\/div>\n\t\t\t\t\t<\/div>\n\t\t<\/div>\n\t\t\t\t<div class=\"elementor-column elementor-col-50 elementor-top-column elementor-element elementor-element-f8d9c72\" data-id=\"f8d9c72\" data-element_type=\"column\" data-e-type=\"column\">\n\t\t\t<div class=\"elementor-widget-wrap elementor-element-populated\">\n\t\t\t\t\t\t<div class=\"elementor-element elementor-element-db1093b elementor-widget elementor-widget-image\" data-id=\"db1093b\" data-element_type=\"widget\" data-e-type=\"widget\" data-widget_type=\"image.default\">\n\t\t\t\t\t\t\t\t\t\t\t\t\t\t\t<img decoding=\"async\" width=\"800\" height=\"800\" src=\"https:\/\/galeo.org\/wp-content\/uploads\/2023\/07\/GALEO-Headshots-2-1024x1024.png\" class=\"attachment-large size-large wp-image-18794\" alt=\"\" srcset=\"https:\/\/galeo.org\/wp-content\/uploads\/2023\/07\/GALEO-Headshots-2-1024x1024.png 1024w, https:\/\/galeo.org\/wp-content\/uploads\/2023\/07\/GALEO-Headshots-2-300x300.png 300w, https:\/\/galeo.org\/wp-content\/uploads\/2023\/07\/GALEO-Headshots-2-100x100.png 100w, https:\/\/galeo.org\/wp-content\/uploads\/2023\/07\/GALEO-Headshots-2-600x600.png 600w, https:\/\/galeo.org\/wp-content\/uploads\/2023\/07\/GALEO-Headshots-2-150x150.png 150w, https:\/\/galeo.org\/wp-content\/uploads\/2023\/07\/GALEO-Headshots-2-768x768.png 768w, https:\/\/galeo.org\/wp-content\/uploads\/2023\/07\/GALEO-Headshots-2.png 1080w\" sizes=\"(max-width: 800px) 100vw, 800px\" \/>\t\t\t\t\t\t\t\t\t\t\t\t\t\t\t<\/div>\n\t\t\t\t\t<\/div>\n\t\t<\/div>\n\t\t\t\t\t<\/div>\n\t\t<\/section>\n\t\t\t\t<\/div>\n\t\t","protected":false},"excerpt":{"rendered":"<p>Staff Elisa Covarrubias DIRECTORA ADJUNTA Envelope Linkedin Elisa Covarrubias (Ella\/Ella) es la directora adjunta del Fondo de Desarrollo de la Comunidad Latina de GALEO y del Fondo de Impacto de GALEO. Elisa Covarrubias, nacida de madre de ascendencia puertorrique\u00f1a y padre de San Luis Potos\u00ed, M\u00e9xico, pas\u00f3 sus a\u00f1os de formaci\u00f3n en Miami, Florida. Ha [&hellip;]<\/p>\n","protected":false},"author":1,"featured_media":0,"parent":1896,"menu_order":0,"comment_status":"closed","ping_status":"closed","template":"","meta":{"sfsi_plus_gutenberg_text_before_share":"","sfsi_plus_gutenberg_show_text_before_share":"","sfsi_plus_gutenberg_icon_type":"","sfsi_plus_gutenberg_icon_alignemt":"","sfsi_plus_gutenburg_max_per_row":"","om_disable_all_campaigns":false,"_monsterinsights_skip_tracking":false,"_monsterinsights_sitenote_active":false,"_monsterinsights_sitenote_note":"","_monsterinsights_sitenote_category":0,"footnotes":""},"class_list":["post-1899","page","type-page","status-publish","hentry"],"aioseo_notices":[],"_links":{"self":[{"href":"https:\/\/galeo.org\/es\/wp-json\/wp\/v2\/pages\/1899","targetHints":{"allow":["GET"]}}],"collection":[{"href":"https:\/\/galeo.org\/es\/wp-json\/wp\/v2\/pages"}],"about":[{"href":"https:\/\/galeo.org\/es\/wp-json\/wp\/v2\/types\/page"}],"author":[{"embeddable":true,"href":"https:\/\/galeo.org\/es\/wp-json\/wp\/v2\/users\/1"}],"replies":[{"embeddable":true,"href":"https:\/\/galeo.org\/es\/wp-json\/wp\/v2\/comments?post=1899"}],"version-history":[{"count":5,"href":"https:\/\/galeo.org\/es\/wp-json\/wp\/v2\/pages\/1899\/revisions"}],"predecessor-version":[{"id":19167,"href":"https:\/\/galeo.org\/es\/wp-json\/wp\/v2\/pages\/1899\/revisions\/19167"}],"up":[{"embeddable":true,"href":"https:\/\/galeo.org\/es\/wp-json\/wp\/v2\/pages\/1896"}],"wp:attachment":[{"href":"https:\/\/galeo.org\/es\/wp-json\/wp\/v2\/media?parent=1899"}],"curies":[{"name":"wp","href":"https:\/\/api.w.org\/{rel}","templated":true}]}}