{"id":1904,"date":"2022-07-21T19:58:48","date_gmt":"2022-07-21T19:58:48","guid":{"rendered":"https:\/\/galeo.org\/sobre-nosotros\/personal-de-galeo\/elizabeth-scott\/"},"modified":"2023-03-13T20:24:58","modified_gmt":"2023-03-13T20:24:58","slug":"elizabeth-scott","status":"publish","type":"page","link":"https:\/\/galeo.org\/es\/sobre-nosotros\/personal-de-galeo\/elizabeth-scott\/","title":{"rendered":"Elizabeth Scott"},"content":{"rendered":"\t\t<div data-elementor-type=\"wp-page\" data-elementor-id=\"1904\" class=\"elementor elementor-1904 elementor-539\" data-elementor-post-type=\"page\">\n\t\t\t\t\t\t<section class=\"elementor-section elementor-top-section elementor-element elementor-element-446ef752 elementor-section-boxed elementor-section-height-default elementor-section-height-default\" data-id=\"446ef752\" data-element_type=\"section\" data-e-type=\"section\">\n\t\t\t\t\t\t<div class=\"elementor-container elementor-column-gap-default\">\n\t\t\t\t\t<div class=\"elementor-column elementor-col-100 elementor-top-column elementor-element elementor-element-7af6e754\" data-id=\"7af6e754\" data-element_type=\"column\" data-e-type=\"column\" data-settings=\"{&quot;background_background&quot;:&quot;gradient&quot;}\">\n\t\t\t<div class=\"elementor-widget-wrap elementor-element-populated\">\n\t\t\t\t\t\t<section class=\"elementor-section elementor-inner-section elementor-element elementor-element-509ae525 elementor-section-boxed elementor-section-height-default elementor-section-height-default\" data-id=\"509ae525\" data-element_type=\"section\" data-e-type=\"section\">\n\t\t\t\t\t\t<div class=\"elementor-container elementor-column-gap-no\">\n\t\t\t\t\t<div class=\"elementor-column elementor-col-50 elementor-inner-column elementor-element elementor-element-156054f5\" data-id=\"156054f5\" data-element_type=\"column\" data-e-type=\"column\">\n\t\t\t<div class=\"elementor-widget-wrap elementor-element-populated\">\n\t\t\t\t\t\t<div class=\"elementor-element elementor-element-ec3b099 elementor-widget elementor-widget-heading\" data-id=\"ec3b099\" data-element_type=\"widget\" data-e-type=\"widget\" data-widget_type=\"heading.default\">\n\t\t\t\t\t<h1 class=\"elementor-heading-title elementor-size-default\">Personal<\/h1>\t\t\t\t<\/div>\n\t\t\t\t\t<\/div>\n\t\t<\/div>\n\t\t\t\t<div class=\"elementor-column elementor-col-50 elementor-inner-column elementor-element elementor-element-3de02933\" data-id=\"3de02933\" data-element_type=\"column\" data-e-type=\"column\">\n\t\t\t<div class=\"elementor-widget-wrap elementor-element-populated\">\n\t\t\t\t\t\t<div class=\"elementor-element elementor-element-533468c5 elementor-widget elementor-widget-image\" data-id=\"533468c5\" data-element_type=\"widget\" data-e-type=\"widget\" data-widget_type=\"image.default\">\n\t\t\t\t\t\t\t\t\t\t\t\t\t\t\t<img fetchpriority=\"high\" decoding=\"async\" width=\"700\" height=\"250\" src=\"https:\/\/galeo.org\/wp-content\/uploads\/2022\/07\/GALEO-About.png\" class=\"attachment-large size-large wp-image-1499\" alt=\"\" srcset=\"https:\/\/galeo.org\/wp-content\/uploads\/2022\/07\/GALEO-About.png 700w, https:\/\/galeo.org\/wp-content\/uploads\/2022\/07\/GALEO-About-600x214.png 600w, https:\/\/galeo.org\/wp-content\/uploads\/2022\/07\/GALEO-About-300x107.png 300w\" sizes=\"(max-width: 700px) 100vw, 700px\" \/>\t\t\t\t\t\t\t\t\t\t\t\t\t\t\t<\/div>\n\t\t\t\t\t<\/div>\n\t\t<\/div>\n\t\t\t\t\t<\/div>\n\t\t<\/section>\n\t\t\t\t\t<\/div>\n\t\t<\/div>\n\t\t\t\t\t<\/div>\n\t\t<\/section>\n\t\t\t\t<section class=\"elementor-section elementor-top-section elementor-element elementor-element-5439db0 elementor-section-boxed elementor-section-height-default elementor-section-height-default\" data-id=\"5439db0\" data-element_type=\"section\" data-e-type=\"section\">\n\t\t\t\t\t\t<div class=\"elementor-container elementor-column-gap-default\">\n\t\t\t\t\t<div class=\"elementor-column elementor-col-50 elementor-top-column elementor-element elementor-element-0b6d3d2\" data-id=\"0b6d3d2\" data-element_type=\"column\" data-e-type=\"column\">\n\t\t\t<div class=\"elementor-widget-wrap elementor-element-populated\">\n\t\t\t\t\t\t<div class=\"elementor-element elementor-element-b84577c elementor-widget elementor-widget-heading\" data-id=\"b84577c\" data-element_type=\"widget\" data-e-type=\"widget\" data-widget_type=\"heading.default\">\n\t\t\t\t\t<h2 class=\"elementor-heading-title elementor-size-default\">Elizabeth Scott<\/h2>\t\t\t\t<\/div>\n\t\t\t\t<div class=\"elementor-element elementor-element-7f3e619 elementor-widget elementor-widget-heading\" data-id=\"7f3e619\" data-element_type=\"widget\" data-e-type=\"widget\" data-widget_type=\"heading.default\">\n\t\t\t\t\t<h3 class=\"elementor-heading-title elementor-size-default\">DIRECTORA DE DESARROLLO<\/h3>\t\t\t\t<\/div>\n\t\t\t\t<div class=\"elementor-element elementor-element-504eece elementor-shape-circle e-grid-align-left elementor-grid-0 elementor-widget elementor-widget-social-icons\" data-id=\"504eece\" data-element_type=\"widget\" data-e-type=\"widget\" data-widget_type=\"social-icons.default\">\n\t\t\t\t\t\t\t<div class=\"elementor-social-icons-wrapper elementor-grid\" role=\"list\">\n\t\t\t\t\t\t\t<span class=\"elementor-grid-item\" role=\"listitem\">\n\t\t\t\t\t<a class=\"elementor-icon elementor-social-icon elementor-social-icon-envelope elementor-repeater-item-0591f2d\" href=\"mailto:escott@galeo.org\" target=\"_blank\">\n\t\t\t\t\t\t<span class=\"elementor-screen-only\">Envelope<\/span>\n\t\t\t\t\t\t<svg aria-hidden=\"true\" class=\"e-font-icon-svg e-fas-envelope\" viewBox=\"0 0 512 512\" xmlns=\"http:\/\/www.w3.org\/2000\/svg\"><path d=\"M502.3 190.8c3.9-3.1 9.7-.2 9.7 4.7V400c0 26.5-21.5 48-48 48H48c-26.5 0-48-21.5-48-48V195.6c0-5 5.7-7.8 9.7-4.7 22.4 17.4 52.1 39.5 154.1 113.6 21.1 15.4 56.7 47.8 92.2 47.6 35.7.3 72-32.8 92.3-47.6 102-74.1 131.6-96.3 154-113.7zM256 320c23.2.4 56.6-29.2 73.4-41.4 132.7-96.3 142.8-104.7 173.4-128.7 5.8-4.5 9.2-11.5 9.2-18.9v-19c0-26.5-21.5-48-48-48H48C21.5 64 0 85.5 0 112v19c0 7.4 3.4 14.3 9.2 18.9 30.6 23.9 40.7 32.4 173.4 128.7 16.8 12.2 50.2 41.8 73.4 41.4z\"><\/path><\/svg>\t\t\t\t\t<\/a>\n\t\t\t\t<\/span>\n\t\t\t\t\t\t\t<span class=\"elementor-grid-item\" role=\"listitem\">\n\t\t\t\t\t<a class=\"elementor-icon elementor-social-icon elementor-social-icon-linkedin elementor-repeater-item-7b683b8\" href=\"https:\/\/www.linkedin.com\/in\/elizabeth-scott-84757331\/\" target=\"_blank\">\n\t\t\t\t\t\t<span class=\"elementor-screen-only\">Linkedin<\/span>\n\t\t\t\t\t\t<svg aria-hidden=\"true\" class=\"e-font-icon-svg e-fab-linkedin\" viewBox=\"0 0 448 512\" xmlns=\"http:\/\/www.w3.org\/2000\/svg\"><path d=\"M416 32H31.9C14.3 32 0 46.5 0 64.3v383.4C0 465.5 14.3 480 31.9 480H416c17.6 0 32-14.5 32-32.3V64.3c0-17.8-14.4-32.3-32-32.3zM135.4 416H69V202.2h66.5V416zm-33.2-243c-21.3 0-38.5-17.3-38.5-38.5S80.9 96 102.2 96c21.2 0 38.5 17.3 38.5 38.5 0 21.3-17.2 38.5-38.5 38.5zm282.1 243h-66.4V312c0-24.8-.5-56.7-34.5-56.7-34.6 0-39.9 27-39.9 54.9V416h-66.4V202.2h63.7v29.2h.9c8.9-16.8 30.6-34.5 62.9-34.5 67.2 0 79.7 44.3 79.7 101.9V416z\"><\/path><\/svg>\t\t\t\t\t<\/a>\n\t\t\t\t<\/span>\n\t\t\t\t\t<\/div>\n\t\t\t\t\t\t<\/div>\n\t\t\t\t<div class=\"elementor-element elementor-element-b1c2384 elementor-widget elementor-widget-text-editor\" data-id=\"b1c2384\" data-element_type=\"widget\" data-e-type=\"widget\" data-widget_type=\"text-editor.default\">\n\t\t\t\t\t\t\t\t\t<p><strong>Elizabeth Scott <\/strong><em>(Ella\/Ella)  <\/em>es la directora de Desarrollo de GALEO Latino Community Development Fund y de GALEO Impact Fund<em>.<\/em><\/p><p>  Elizabeth se licenci\u00f3 en Ciencias Pol\u00edticas en Georgia Southern University y obtuvo un m\u00e1ster en Administraci\u00f3n P\u00fablica en Gesti\u00f3n de Organizaciones sin \u00c1nimo de Lucro en Andrew Young School of Public Policy de Georgia State. <br><\/p><p>Antes de incorporarse a GALEO\/GALEO Impact Fund, trabaj\u00f3 en Operation Homefront como directora de \u00e1rea &#8211; Regi\u00f3n 5 Este &#8211; cubriendo Alabama, Florida, Georgia y Mississippi. En este puesto, Elizabeth apoy\u00f3 a familias de militares y dirigi\u00f3 a su equipo para alcanzar y superar sus objetivos. <br><\/p><p>Antes de ocupar este puesto, trabaj\u00f3 en TechBridge, donde planific\u00f3 y puso en marcha el Baile Digital, que recaud\u00f3 m\u00e1s de un mill\u00f3n de d\u00f3lares.&nbsp; Adem\u00e1s, Elizabeth ha trabajado en League of Women Voters of Georgia, StandUp For Kids- National y Voices of Note. <br><\/p><p>Es miembro del Georgia Center for Nonprofits Leadership Group &#8211; Emerges &#8211; Class of 2021. Elizabeth forma parte de la junta de Voices of Note y anteriormente ha sido miembro de la junta de Day League y League of Women Voters of Georgia. <br><\/p><p>Con m\u00e1s de quince a\u00f1os de experiencia, Elizabeth trabaja para crear un mundo mejor.<\/p>\t\t\t\t\t\t\t\t<\/div>\n\t\t\t\t\t<\/div>\n\t\t<\/div>\n\t\t\t\t<div class=\"elementor-column elementor-col-50 elementor-top-column elementor-element elementor-element-ea76ef6\" data-id=\"ea76ef6\" data-element_type=\"column\" data-e-type=\"column\">\n\t\t\t<div class=\"elementor-widget-wrap elementor-element-populated\">\n\t\t\t\t\t\t<div class=\"elementor-element elementor-element-4c6b7c2 elementor-widget elementor-widget-image\" data-id=\"4c6b7c2\" data-element_type=\"widget\" data-e-type=\"widget\" data-widget_type=\"image.default\">\n\t\t\t\t\t\t\t\t\t\t\t\t\t\t\t<img decoding=\"async\" width=\"800\" height=\"800\" src=\"https:\/\/galeo.org\/wp-content\/uploads\/2022\/07\/3-1-1024x1024.png\" class=\"attachment-large size-large wp-image-1669\" alt=\"\" srcset=\"https:\/\/galeo.org\/wp-content\/uploads\/2022\/07\/3-1-1024x1024.png 1024w, https:\/\/galeo.org\/wp-content\/uploads\/2022\/07\/3-1-300x300.png 300w, https:\/\/galeo.org\/wp-content\/uploads\/2022\/07\/3-1-100x100.png 100w, https:\/\/galeo.org\/wp-content\/uploads\/2022\/07\/3-1-600x600.png 600w, https:\/\/galeo.org\/wp-content\/uploads\/2022\/07\/3-1-150x150.png 150w, https:\/\/galeo.org\/wp-content\/uploads\/2022\/07\/3-1-768x768.png 768w, https:\/\/galeo.org\/wp-content\/uploads\/2022\/07\/3-1.png 1080w\" sizes=\"(max-width: 800px) 100vw, 800px\" \/>\t\t\t\t\t\t\t\t\t\t\t\t\t\t\t<\/div>\n\t\t\t\t\t<\/div>\n\t\t<\/div>\n\t\t\t\t\t<\/div>\n\t\t<\/section>\n\t\t\t\t<\/div>\n\t\t","protected":false},"excerpt":{"rendered":"<p>Personal Elizabeth Scott DIRECTORA DE DESARROLLO Envelope Linkedin Elizabeth Scott (Ella\/Ella) es la directora de Desarrollo de GALEO Latino Community Development Fund y de GALEO Impact Fund. Elizabeth se licenci\u00f3 en Ciencias Pol\u00edticas en Georgia Southern University y obtuvo un m\u00e1ster en Administraci\u00f3n P\u00fablica en Gesti\u00f3n de Organizaciones sin \u00c1nimo de Lucro en Andrew Young [&hellip;]<\/p>\n","protected":false},"author":1,"featured_media":0,"parent":1896,"menu_order":0,"comment_status":"closed","ping_status":"closed","template":"","meta":{"sfsi_plus_gutenberg_text_before_share":"","sfsi_plus_gutenberg_show_text_before_share":"","sfsi_plus_gutenberg_icon_type":"","sfsi_plus_gutenberg_icon_alignemt":"","sfsi_plus_gutenburg_max_per_row":"","om_disable_all_campaigns":false,"_monsterinsights_skip_tracking":false,"_monsterinsights_sitenote_active":false,"_monsterinsights_sitenote_note":"","_monsterinsights_sitenote_category":0,"footnotes":""},"class_list":["post-1904","page","type-page","status-publish","hentry"],"aioseo_notices":[],"_links":{"self":[{"href":"https:\/\/galeo.org\/es\/wp-json\/wp\/v2\/pages\/1904","targetHints":{"allow":["GET"]}}],"collection":[{"href":"https:\/\/galeo.org\/es\/wp-json\/wp\/v2\/pages"}],"about":[{"href":"https:\/\/galeo.org\/es\/wp-json\/wp\/v2\/types\/page"}],"author":[{"embeddable":true,"href":"https:\/\/galeo.org\/es\/wp-json\/wp\/v2\/users\/1"}],"replies":[{"embeddable":true,"href":"https:\/\/galeo.org\/es\/wp-json\/wp\/v2\/comments?post=1904"}],"version-history":[{"count":5,"href":"https:\/\/galeo.org\/es\/wp-json\/wp\/v2\/pages\/1904\/revisions"}],"predecessor-version":[{"id":17524,"href":"https:\/\/galeo.org\/es\/wp-json\/wp\/v2\/pages\/1904\/revisions\/17524"}],"up":[{"embeddable":true,"href":"https:\/\/galeo.org\/es\/wp-json\/wp\/v2\/pages\/1896"}],"wp:attachment":[{"href":"https:\/\/galeo.org\/es\/wp-json\/wp\/v2\/media?parent=1904"}],"curies":[{"name":"wp","href":"https:\/\/api.w.org\/{rel}","templated":true}]}}