{"id":1911,"date":"2022-07-22T19:34:13","date_gmt":"2022-07-22T19:34:13","guid":{"rendered":"https:\/\/galeo.org\/sobre-nosotros\/personal-de-galeo\/ramses-jimenez\/"},"modified":"2023-06-06T17:50:55","modified_gmt":"2023-06-06T17:50:55","slug":"ramses-jimenez","status":"publish","type":"page","link":"https:\/\/galeo.org\/es\/sobre-nosotros\/personal-de-galeo\/ramses-jimenez\/","title":{"rendered":"Tania Hern\u00e1ndez"},"content":{"rendered":"\t\t<div data-elementor-type=\"wp-page\" data-elementor-id=\"1911\" class=\"elementor elementor-1911\" data-elementor-post-type=\"page\">\n\t\t\t\t\t\t<section class=\"elementor-section elementor-top-section elementor-element elementor-element-705c714 elementor-section-boxed elementor-section-height-default elementor-section-height-default\" data-id=\"705c714\" data-element_type=\"section\" data-e-type=\"section\">\n\t\t\t\t\t\t<div class=\"elementor-container elementor-column-gap-default\">\n\t\t\t\t\t<div class=\"elementor-column elementor-col-100 elementor-top-column elementor-element elementor-element-4ef1d5e1\" data-id=\"4ef1d5e1\" data-element_type=\"column\" data-e-type=\"column\" data-settings=\"{&quot;background_background&quot;:&quot;gradient&quot;}\">\n\t\t\t<div class=\"elementor-widget-wrap elementor-element-populated\">\n\t\t\t\t\t\t<section class=\"elementor-section elementor-inner-section elementor-element elementor-element-768382bb elementor-section-boxed elementor-section-height-default elementor-section-height-default\" data-id=\"768382bb\" data-element_type=\"section\" data-e-type=\"section\">\n\t\t\t\t\t\t<div class=\"elementor-container elementor-column-gap-no\">\n\t\t\t\t\t<div class=\"elementor-column elementor-col-50 elementor-inner-column elementor-element elementor-element-202d1f5d\" data-id=\"202d1f5d\" data-element_type=\"column\" data-e-type=\"column\">\n\t\t\t<div class=\"elementor-widget-wrap elementor-element-populated\">\n\t\t\t\t\t\t<div class=\"elementor-element elementor-element-4e3a08f5 elementor-widget elementor-widget-heading\" data-id=\"4e3a08f5\" data-element_type=\"widget\" data-e-type=\"widget\" data-widget_type=\"heading.default\">\n\t\t\t\t\t<h1 class=\"elementor-heading-title elementor-size-default\">Personal<\/h1>\t\t\t\t<\/div>\n\t\t\t\t\t<\/div>\n\t\t<\/div>\n\t\t\t\t<div class=\"elementor-column elementor-col-50 elementor-inner-column elementor-element elementor-element-282c22a0\" data-id=\"282c22a0\" data-element_type=\"column\" data-e-type=\"column\">\n\t\t\t<div class=\"elementor-widget-wrap elementor-element-populated\">\n\t\t\t\t\t\t<div class=\"elementor-element elementor-element-347a66f1 elementor-widget elementor-widget-image\" data-id=\"347a66f1\" data-element_type=\"widget\" data-e-type=\"widget\" data-widget_type=\"image.default\">\n\t\t\t\t\t\t\t\t\t\t\t\t\t\t\t<img fetchpriority=\"high\" decoding=\"async\" width=\"700\" height=\"250\" src=\"https:\/\/galeo.org\/wp-content\/uploads\/2022\/07\/GALEO-About.png\" class=\"attachment-large size-large wp-image-1499\" alt=\"\" srcset=\"https:\/\/galeo.org\/wp-content\/uploads\/2022\/07\/GALEO-About.png 700w, https:\/\/galeo.org\/wp-content\/uploads\/2022\/07\/GALEO-About-600x214.png 600w, https:\/\/galeo.org\/wp-content\/uploads\/2022\/07\/GALEO-About-300x107.png 300w\" sizes=\"(max-width: 700px) 100vw, 700px\" \/>\t\t\t\t\t\t\t\t\t\t\t\t\t\t\t<\/div>\n\t\t\t\t\t<\/div>\n\t\t<\/div>\n\t\t\t\t\t<\/div>\n\t\t<\/section>\n\t\t\t\t\t<\/div>\n\t\t<\/div>\n\t\t\t\t\t<\/div>\n\t\t<\/section>\n\t\t\t\t<section class=\"elementor-section elementor-top-section elementor-element elementor-element-367bce19 elementor-section-boxed elementor-section-height-default elementor-section-height-default\" data-id=\"367bce19\" data-element_type=\"section\" data-e-type=\"section\">\n\t\t\t\t\t\t<div class=\"elementor-container elementor-column-gap-default\">\n\t\t\t\t\t<div class=\"elementor-column elementor-col-50 elementor-top-column elementor-element elementor-element-449599d4\" data-id=\"449599d4\" data-element_type=\"column\" data-e-type=\"column\">\n\t\t\t<div class=\"elementor-widget-wrap elementor-element-populated\">\n\t\t\t\t\t\t<div class=\"elementor-element elementor-element-4c07d055 elementor-widget elementor-widget-heading\" data-id=\"4c07d055\" data-element_type=\"widget\" data-e-type=\"widget\" data-widget_type=\"heading.default\">\n\t\t\t\t\t<h2 class=\"elementor-heading-title elementor-size-default\">Tania Hern\u00e1ndez<\/h2>\t\t\t\t<\/div>\n\t\t\t\t<div class=\"elementor-element elementor-element-43b404d2 elementor-widget elementor-widget-heading\" data-id=\"43b404d2\" data-element_type=\"widget\" data-e-type=\"widget\" data-widget_type=\"heading.default\">\n\t\t\t\t\t<h3 class=\"elementor-heading-title elementor-size-default\">PR\u00c1CTICAS DE VERANO 2023<\/h3>\t\t\t\t<\/div>\n\t\t\t\t<div class=\"elementor-element elementor-element-2e0e5261 elementor-widget elementor-widget-text-editor\" data-id=\"2e0e5261\" data-element_type=\"widget\" data-e-type=\"widget\" data-widget_type=\"text-editor.default\">\n\t\t\t\t\t\t\t\t\t<p>Nacida en Guanajuato y criada en Gainesville, Georgia, <strong>Tania Hern\u00e1ndez <\/strong> (She\/Her\/) es una de nuestras becarias de verano 2023.<\/p>\n<p>Cursa el \u00faltimo a\u00f1o en el Agnes Scott College y se especializa en espa\u00f1ol y ciencias pol\u00edticas. Ha entrado en la lista de Decanos los dos \u00faltimos a\u00f1os y forma parte del Tri-Alpha. Su mayor inspiraci\u00f3n proviene de sus padres y tambi\u00e9n de Sonia Sotomayor, por ser una mujer que crey\u00f3 y logr\u00f3 lo imposible para una latina.<\/p>\n<p>A Tania le apasiona aprender y ampliar sus conocimientos. Le encanta el dise\u00f1o gr\u00e1fico y est\u00e1 deseando ayudar a su comunidad y marcar la diferencia. Tania sue\u00f1a con estudiar Derecho y quiere que sus padres se sientan orgullosos de ella.<\/p>\n<p>Su cita favorita es: \u00abLa experiencia me ha ense\u00f1ado que no se pueden valorar los sue\u00f1os en funci\u00f3n de las probabilidades de que se hagan realidad. Su verdadero valor est\u00e1 en suscitar en nosotros la voluntad de aspirar\u00bb. Sonia Sotomayor<\/p><\/p>\n\t\t\t\t\t\t\t\t<\/div>\n\t\t\t\t\t<\/div>\n\t\t<\/div>\n\t\t\t\t<div class=\"elementor-column elementor-col-50 elementor-top-column elementor-element elementor-element-2a60ac5\" data-id=\"2a60ac5\" data-element_type=\"column\" data-e-type=\"column\">\n\t\t\t<div class=\"elementor-widget-wrap elementor-element-populated\">\n\t\t\t\t\t\t<div class=\"elementor-element elementor-element-7f35b497 elementor-widget elementor-widget-image\" data-id=\"7f35b497\" data-element_type=\"widget\" data-e-type=\"widget\" data-widget_type=\"image.default\">\n\t\t\t\t\t\t\t\t\t\t\t\t\t\t\t<img decoding=\"async\" width=\"800\" height=\"1000\" src=\"https:\/\/galeo.org\/wp-content\/uploads\/2023\/06\/2-819x1024.png\" class=\"attachment-large size-large wp-image-18389\" alt=\"\" srcset=\"https:\/\/galeo.org\/wp-content\/uploads\/2023\/06\/2-819x1024.png 819w, https:\/\/galeo.org\/wp-content\/uploads\/2023\/06\/2-600x750.png 600w, https:\/\/galeo.org\/wp-content\/uploads\/2023\/06\/2-240x300.png 240w, https:\/\/galeo.org\/wp-content\/uploads\/2023\/06\/2-768x960.png 768w, https:\/\/galeo.org\/wp-content\/uploads\/2023\/06\/2.png 1080w\" sizes=\"(max-width: 800px) 100vw, 800px\" \/>\t\t\t\t\t\t\t\t\t\t\t\t\t\t\t<\/div>\n\t\t\t\t\t<\/div>\n\t\t<\/div>\n\t\t\t\t\t<\/div>\n\t\t<\/section>\n\t\t\t\t<\/div>\n\t\t","protected":false},"excerpt":{"rendered":"<p>Personal Tania Hern\u00e1ndez PR\u00c1CTICAS DE VERANO 2023 Nacida en Guanajuato y criada en Gainesville, Georgia, Tania Hern\u00e1ndez (She\/Her\/) es una de nuestras becarias de verano 2023. Cursa el \u00faltimo a\u00f1o en el Agnes Scott College y se especializa en espa\u00f1ol y ciencias pol\u00edticas. Ha entrado en la lista de Decanos los dos \u00faltimos a\u00f1os y [&hellip;]<\/p>\n","protected":false},"author":6,"featured_media":18389,"parent":1896,"menu_order":0,"comment_status":"closed","ping_status":"closed","template":"","meta":{"sfsi_plus_gutenberg_text_before_share":"","sfsi_plus_gutenberg_show_text_before_share":"","sfsi_plus_gutenberg_icon_type":"","sfsi_plus_gutenberg_icon_alignemt":"","sfsi_plus_gutenburg_max_per_row":"","om_disable_all_campaigns":false,"_monsterinsights_skip_tracking":false,"_monsterinsights_sitenote_active":false,"_monsterinsights_sitenote_note":"","_monsterinsights_sitenote_category":0,"footnotes":""},"class_list":["post-1911","page","type-page","status-publish","has-post-thumbnail","hentry"],"aioseo_notices":[],"_links":{"self":[{"href":"https:\/\/galeo.org\/es\/wp-json\/wp\/v2\/pages\/1911","targetHints":{"allow":["GET"]}}],"collection":[{"href":"https:\/\/galeo.org\/es\/wp-json\/wp\/v2\/pages"}],"about":[{"href":"https:\/\/galeo.org\/es\/wp-json\/wp\/v2\/types\/page"}],"author":[{"embeddable":true,"href":"https:\/\/galeo.org\/es\/wp-json\/wp\/v2\/users\/6"}],"replies":[{"embeddable":true,"href":"https:\/\/galeo.org\/es\/wp-json\/wp\/v2\/comments?post=1911"}],"version-history":[{"count":5,"href":"https:\/\/galeo.org\/es\/wp-json\/wp\/v2\/pages\/1911\/revisions"}],"predecessor-version":[{"id":18493,"href":"https:\/\/galeo.org\/es\/wp-json\/wp\/v2\/pages\/1911\/revisions\/18493"}],"up":[{"embeddable":true,"href":"https:\/\/galeo.org\/es\/wp-json\/wp\/v2\/pages\/1896"}],"wp:featuredmedia":[{"embeddable":true,"href":"https:\/\/galeo.org\/es\/wp-json\/wp\/v2\/media\/18389"}],"wp:attachment":[{"href":"https:\/\/galeo.org\/es\/wp-json\/wp\/v2\/media?parent=1911"}],"curies":[{"name":"wp","href":"https:\/\/api.w.org\/{rel}","templated":true}]}}