{"id":1921,"date":"2022-07-22T19:43:27","date_gmt":"2022-07-22T19:43:27","guid":{"rendered":"https:\/\/galeo.org\/sobre-nosotros\/personal-de-galeo\/kimberly-velasquez\/"},"modified":"2023-02-23T22:33:36","modified_gmt":"2023-02-23T22:33:36","slug":"kimberly-velasquez","status":"publish","type":"page","link":"https:\/\/galeo.org\/es\/kimberly-velasquez\/","title":{"rendered":"Daniel Ortez"},"content":{"rendered":"\t\t<div data-elementor-type=\"wp-page\" data-elementor-id=\"1921\" class=\"elementor elementor-1921\" data-elementor-post-type=\"page\">\n\t\t\t\t\t\t<section class=\"elementor-section elementor-top-section elementor-element elementor-element-567c0541 elementor-section-boxed elementor-section-height-default elementor-section-height-default\" data-id=\"567c0541\" data-element_type=\"section\" data-e-type=\"section\">\n\t\t\t\t\t\t<div class=\"elementor-container elementor-column-gap-default\">\n\t\t\t\t\t<div class=\"elementor-column elementor-col-100 elementor-top-column elementor-element elementor-element-5f8fe50a\" data-id=\"5f8fe50a\" data-element_type=\"column\" data-e-type=\"column\" data-settings=\"{&quot;background_background&quot;:&quot;gradient&quot;}\">\n\t\t\t<div class=\"elementor-widget-wrap elementor-element-populated\">\n\t\t\t\t\t\t<section class=\"elementor-section elementor-inner-section elementor-element elementor-element-d534765 elementor-section-boxed elementor-section-height-default elementor-section-height-default\" data-id=\"d534765\" data-element_type=\"section\" data-e-type=\"section\">\n\t\t\t\t\t\t<div class=\"elementor-container elementor-column-gap-no\">\n\t\t\t\t\t<div class=\"elementor-column elementor-col-50 elementor-inner-column elementor-element elementor-element-43845bde\" data-id=\"43845bde\" data-element_type=\"column\" data-e-type=\"column\">\n\t\t\t<div class=\"elementor-widget-wrap elementor-element-populated\">\n\t\t\t\t\t\t<div class=\"elementor-element elementor-element-6aa400f elementor-widget elementor-widget-heading\" data-id=\"6aa400f\" data-element_type=\"widget\" data-e-type=\"widget\" data-widget_type=\"heading.default\">\n\t\t\t\t\t<h1 class=\"elementor-heading-title elementor-size-default\">Personal<\/h1>\t\t\t\t<\/div>\n\t\t\t\t\t<\/div>\n\t\t<\/div>\n\t\t\t\t<div class=\"elementor-column elementor-col-50 elementor-inner-column elementor-element elementor-element-54b21c4\" data-id=\"54b21c4\" data-element_type=\"column\" data-e-type=\"column\">\n\t\t\t<div class=\"elementor-widget-wrap elementor-element-populated\">\n\t\t\t\t\t\t<div class=\"elementor-element elementor-element-729114c9 elementor-widget elementor-widget-image\" data-id=\"729114c9\" data-element_type=\"widget\" data-e-type=\"widget\" data-widget_type=\"image.default\">\n\t\t\t\t\t\t\t\t\t\t\t\t\t\t\t<img fetchpriority=\"high\" decoding=\"async\" width=\"700\" height=\"250\" src=\"https:\/\/galeo.org\/wp-content\/uploads\/2022\/07\/GALEO-About.png\" class=\"attachment-large size-large wp-image-1499\" alt=\"\" srcset=\"https:\/\/galeo.org\/wp-content\/uploads\/2022\/07\/GALEO-About.png 700w, https:\/\/galeo.org\/wp-content\/uploads\/2022\/07\/GALEO-About-600x214.png 600w, https:\/\/galeo.org\/wp-content\/uploads\/2022\/07\/GALEO-About-300x107.png 300w\" sizes=\"(max-width: 700px) 100vw, 700px\" \/>\t\t\t\t\t\t\t\t\t\t\t\t\t\t\t<\/div>\n\t\t\t\t\t<\/div>\n\t\t<\/div>\n\t\t\t\t\t<\/div>\n\t\t<\/section>\n\t\t\t\t\t<\/div>\n\t\t<\/div>\n\t\t\t\t\t<\/div>\n\t\t<\/section>\n\t\t\t\t<section class=\"elementor-section elementor-top-section elementor-element elementor-element-6bacf869 elementor-section-boxed elementor-section-height-default elementor-section-height-default\" data-id=\"6bacf869\" data-element_type=\"section\" data-e-type=\"section\">\n\t\t\t\t\t\t<div class=\"elementor-container elementor-column-gap-default\">\n\t\t\t\t\t<div class=\"elementor-column elementor-col-50 elementor-top-column elementor-element elementor-element-6d4f276d\" data-id=\"6d4f276d\" data-element_type=\"column\" data-e-type=\"column\">\n\t\t\t<div class=\"elementor-widget-wrap elementor-element-populated\">\n\t\t\t\t\t\t<div class=\"elementor-element elementor-element-2c68870c elementor-widget elementor-widget-heading\" data-id=\"2c68870c\" data-element_type=\"widget\" data-e-type=\"widget\" data-widget_type=\"heading.default\">\n\t\t\t\t\t<h2 class=\"elementor-heading-title elementor-size-default\">Daniel Ortez<\/h2>\t\t\t\t<\/div>\n\t\t\t\t<div class=\"elementor-element elementor-element-3d37fe47 elementor-widget elementor-widget-heading\" data-id=\"3d37fe47\" data-element_type=\"widget\" data-e-type=\"widget\" data-widget_type=\"heading.default\">\n\t\t\t\t\t<h3 class=\"elementor-heading-title elementor-size-default\">PASANTE DE VERANO 2022<\/h3>\t\t\t\t<\/div>\n\t\t\t\t<div class=\"elementor-element elementor-element-2f955bb8 elementor-widget elementor-widget-text-editor\" data-id=\"2f955bb8\" data-element_type=\"widget\" data-e-type=\"widget\" data-widget_type=\"text-editor.default\">\n\t\t\t\t\t\t\t\t\t<p dir=\"ltr\"><strong>Daniel Ortez<\/strong> (\u00e9l\/ella) es el Pasante de Desarrollo de Oto\u00f1o 2022 para GALEO. Es hondure\u00f1o-americano y originario de Fairfax, VA. Actualmente, Daniel est\u00e1 estudiando una licenciatura en Administraci\u00f3n de Empresas con especializaci\u00f3n en Comunicaciones en la Universidad del Norte de Georgia.  <\/p>\n<p dir=\"ltr\">Daniel se esfuerza por convertirse en el mejor l\u00edder posible porque le apasiona ayudar a los dem\u00e1s. Le gustar\u00eda licenciarse en Empresariales y, con el tiempo, abrir su propio negocio, siguiendo los pasos de sus padres. Daniel es m\u00e1s feliz cuando est\u00e1 con sus amigos y su familia, y sus pel\u00edculas favoritas son Pantera Negra y The Batman. Daniel ha aprendido a no olvidar nunca de d\u00f3nde viene y a estar siempre ah\u00ed para los dem\u00e1s.<\/p>\n\t\t\t\t\t\t\t\t<\/div>\n\t\t\t\t\t<\/div>\n\t\t<\/div>\n\t\t\t\t<div class=\"elementor-column elementor-col-50 elementor-top-column elementor-element elementor-element-1128d69e\" data-id=\"1128d69e\" data-element_type=\"column\" data-e-type=\"column\">\n\t\t\t<div class=\"elementor-widget-wrap elementor-element-populated\">\n\t\t\t\t\t\t<div class=\"elementor-element elementor-element-7d07ff34 elementor-widget elementor-widget-image\" data-id=\"7d07ff34\" data-element_type=\"widget\" data-e-type=\"widget\" data-widget_type=\"image.default\">\n\t\t\t\t\t\t\t\t\t\t\t\t\t\t\t<img decoding=\"async\" width=\"800\" height=\"800\" src=\"https:\/\/galeo.org\/wp-content\/uploads\/2022\/09\/IMG_6532-2-1-1024x1024.png\" class=\"attachment-large size-large wp-image-2437\" alt=\"\" srcset=\"https:\/\/galeo.org\/wp-content\/uploads\/2022\/09\/IMG_6532-2-1-1024x1024.png 1024w, https:\/\/galeo.org\/wp-content\/uploads\/2022\/09\/IMG_6532-2-1-300x300.png 300w, https:\/\/galeo.org\/wp-content\/uploads\/2022\/09\/IMG_6532-2-1-100x100.png 100w, https:\/\/galeo.org\/wp-content\/uploads\/2022\/09\/IMG_6532-2-1-600x600.png 600w, https:\/\/galeo.org\/wp-content\/uploads\/2022\/09\/IMG_6532-2-1-150x150.png 150w, https:\/\/galeo.org\/wp-content\/uploads\/2022\/09\/IMG_6532-2-1-768x768.png 768w, https:\/\/galeo.org\/wp-content\/uploads\/2022\/09\/IMG_6532-2-1-1536x1536.png 1536w, https:\/\/galeo.org\/wp-content\/uploads\/2022\/09\/IMG_6532-2-1-2048x2048.png 2048w\" sizes=\"(max-width: 800px) 100vw, 800px\" \/>\t\t\t\t\t\t\t\t\t\t\t\t\t\t\t<\/div>\n\t\t\t\t\t<\/div>\n\t\t<\/div>\n\t\t\t\t\t<\/div>\n\t\t<\/section>\n\t\t\t\t<\/div>\n\t\t","protected":false},"excerpt":{"rendered":"<p>Personal Daniel Ortez PASANTE DE VERANO 2022 Daniel Ortez (\u00e9l\/ella) es el Pasante de Desarrollo de Oto\u00f1o 2022 para GALEO. Es hondure\u00f1o-americano y originario de Fairfax, VA. Actualmente, Daniel est\u00e1 estudiando una licenciatura en Administraci\u00f3n de Empresas con especializaci\u00f3n en Comunicaciones en la Universidad del Norte de Georgia. Daniel se esfuerza por convertirse en el [&hellip;]<\/p>\n","protected":false},"author":1,"featured_media":0,"parent":0,"menu_order":0,"comment_status":"closed","ping_status":"closed","template":"","meta":{"sfsi_plus_gutenberg_text_before_share":"","sfsi_plus_gutenberg_show_text_before_share":"","sfsi_plus_gutenberg_icon_type":"","sfsi_plus_gutenberg_icon_alignemt":"","sfsi_plus_gutenburg_max_per_row":"","om_disable_all_campaigns":false,"_monsterinsights_skip_tracking":false,"_monsterinsights_sitenote_active":false,"_monsterinsights_sitenote_note":"","_monsterinsights_sitenote_category":0,"footnotes":""},"class_list":["post-1921","page","type-page","status-publish","hentry"],"aioseo_notices":[],"_links":{"self":[{"href":"https:\/\/galeo.org\/es\/wp-json\/wp\/v2\/pages\/1921","targetHints":{"allow":["GET"]}}],"collection":[{"href":"https:\/\/galeo.org\/es\/wp-json\/wp\/v2\/pages"}],"about":[{"href":"https:\/\/galeo.org\/es\/wp-json\/wp\/v2\/types\/page"}],"author":[{"embeddable":true,"href":"https:\/\/galeo.org\/es\/wp-json\/wp\/v2\/users\/1"}],"replies":[{"embeddable":true,"href":"https:\/\/galeo.org\/es\/wp-json\/wp\/v2\/comments?post=1921"}],"version-history":[{"count":2,"href":"https:\/\/galeo.org\/es\/wp-json\/wp\/v2\/pages\/1921\/revisions"}],"predecessor-version":[{"id":11702,"href":"https:\/\/galeo.org\/es\/wp-json\/wp\/v2\/pages\/1921\/revisions\/11702"}],"wp:attachment":[{"href":"https:\/\/galeo.org\/es\/wp-json\/wp\/v2\/media?parent=1921"}],"curies":[{"name":"wp","href":"https:\/\/api.w.org\/{rel}","templated":true}]}}