{"id":19523,"date":"2024-01-04T14:45:49","date_gmt":"2024-01-04T14:45:49","guid":{"rendered":"https:\/\/galeo.org\/finanzas\/"},"modified":"2024-07-09T16:07:45","modified_gmt":"2024-07-09T16:07:45","slug":"finanzas","status":"publish","type":"page","link":"https:\/\/galeo.org\/es\/finanzas\/","title":{"rendered":"Finanzas"},"content":{"rendered":"\t\t<div data-elementor-type=\"wp-page\" data-elementor-id=\"19523\" class=\"elementor elementor-19523 elementor-19420\" data-elementor-post-type=\"page\">\n\t\t\t\t<div class=\"elementor-element elementor-element-37fcfbcb e-flex e-con-boxed e-con e-parent\" data-id=\"37fcfbcb\" data-element_type=\"container\" data-e-type=\"container\">\n\t\t\t\t\t<div class=\"e-con-inner\">\n\t\t\t\t<div class=\"elementor-element elementor-element-145e4320 elementor-widget elementor-widget-text-editor\" data-id=\"145e4320\" data-element_type=\"widget\" data-e-type=\"widget\" data-widget_type=\"text-editor.default\">\n\t\t\t\t\t\t\t\t\t<\/p>\n<p><strong>Finanzas 2023<\/strong><\/p>\n<p><a href=\"https:\/\/galeo.org\/wp-content\/uploads\/2023\/12\/2023-and-2024-Budgets.pdf\">Presupuesto aprobado para 2023<\/a><\/p>\n<p><a href=\"https:\/\/galeo.org\/wp-content\/uploads\/2023\/12\/W-9-GALEO-2023.pdf\">2023 W-9<\/a><\/p>\n<p><strong>2022 Finanzas<\/strong><\/p>\n<p>Auditor\u00eda de los estados financieros de 2022<\/p>\n<p>2022 990s<\/p>\n<p><a href=\"https:\/\/galeo.org\/wp-content\/uploads\/2023\/12\/2022-GALEO-LCDF-Budget.pdf\">Presupuesto aprobado para 2022<\/a><\/p>\n<p><a href=\"https:\/\/galeo.org\/wp-content\/uploads\/2023\/12\/W-9-GALEO-2022.pdf\">2022 W-9<\/a><\/p>\n<p><strong>Finanzas 2021<\/strong><\/p>\n<p><a style=\"text-align: var(--text-align); background-color: #ffffff;\" href=\"https:\/\/galeo.org\/wp-content\/uploads\/2024\/01\/2021-GALEO-Financial-Statement-Audit.pdf\" target=\"_blank\" rel=\"noopener\">Auditor\u00eda de estados financieros 2021<\/a><\/p>\n<p><a href=\"https:\/\/galeo.org\/wp-content\/uploads\/2024\/04\/2021-Form-990-GALEO-c6-closing-FINAL.pdf\"><span style=\"text-align: var(--text-align);\">2021 990s<\/span><\/a><\/p>\n<p><a style=\"text-align: var(--text-align); background-color: #ffffff;\" href=\"https:\/\/galeo.org\/wp-content\/uploads\/2024\/01\/2021-GALEO-LCDF-Adjusted-Budget-Approved.pdf\" target=\"_blank\" rel=\"noopener\">Presupuesto aprobado para 2021<\/a><\/p>\n<p><span style=\"text-align: var(--text-align);\">2021 W-9<\/span><\/p>\n<p><strong>Finanzas 2020<\/strong><\/p>\n<p><a href=\"https:\/\/galeo.org\/wp-content\/uploads\/2023\/12\/2020-Financial-Statement-Audit-GLCDF-Report.pdf\">Auditor\u00eda de estados financieros 2020<\/a><\/p>\n<p><a href=\"https:\/\/galeo.org\/wp-content\/uploads\/2024\/04\/2020-GLCDF-Form-990-JJR-Copy-1.pdf\" target=\"_blank\" rel=\"noopener\">2020 990s<\/a><\/p>\n<p>Presupuesto aprobado para 2020<\/p>\n<p>2020 W-9<\/p>\n\t\t\t\t\t\t\t\t<\/div>\n\t\t\t\t\t<\/div>\n\t\t\t\t<\/div>\n\t\t\t\t<\/div>\n\t\t","protected":false},"excerpt":{"rendered":"<p>Finanzas 2023 Presupuesto aprobado para 2023 2023 W-9 2022 Finanzas Auditor\u00eda de los estados financieros de 2022 2022 990s Presupuesto aprobado para 2022 2022 W-9 Finanzas 2021 Auditor\u00eda de estados financieros 2021 2021 990s Presupuesto aprobado para 2021 2021 W-9 Finanzas 2020 Auditor\u00eda de estados financieros 2020 2020 990s Presupuesto aprobado para 2020 2020 W-9<\/p>\n","protected":false},"author":4,"featured_media":0,"parent":0,"menu_order":0,"comment_status":"closed","ping_status":"closed","template":"","meta":{"sfsi_plus_gutenberg_text_before_share":"","sfsi_plus_gutenberg_show_text_before_share":"","sfsi_plus_gutenberg_icon_type":"","sfsi_plus_gutenberg_icon_alignemt":"","sfsi_plus_gutenburg_max_per_row":"","om_disable_all_campaigns":false,"_monsterinsights_skip_tracking":false,"_monsterinsights_sitenote_active":false,"_monsterinsights_sitenote_note":"","_monsterinsights_sitenote_category":0,"footnotes":""},"class_list":["post-19523","page","type-page","status-publish","hentry"],"aioseo_notices":[],"_links":{"self":[{"href":"https:\/\/galeo.org\/es\/wp-json\/wp\/v2\/pages\/19523","targetHints":{"allow":["GET"]}}],"collection":[{"href":"https:\/\/galeo.org\/es\/wp-json\/wp\/v2\/pages"}],"about":[{"href":"https:\/\/galeo.org\/es\/wp-json\/wp\/v2\/types\/page"}],"author":[{"embeddable":true,"href":"https:\/\/galeo.org\/es\/wp-json\/wp\/v2\/users\/4"}],"replies":[{"embeddable":true,"href":"https:\/\/galeo.org\/es\/wp-json\/wp\/v2\/comments?post=19523"}],"version-history":[{"count":2,"href":"https:\/\/galeo.org\/es\/wp-json\/wp\/v2\/pages\/19523\/revisions"}],"predecessor-version":[{"id":20474,"href":"https:\/\/galeo.org\/es\/wp-json\/wp\/v2\/pages\/19523\/revisions\/20474"}],"wp:attachment":[{"href":"https:\/\/galeo.org\/es\/wp-json\/wp\/v2\/media?parent=19523"}],"curies":[{"name":"wp","href":"https:\/\/api.w.org\/{rel}","templated":true}]}}