{"id":20013,"date":"2024-02-22T17:45:37","date_gmt":"2024-02-22T17:45:37","guid":{"rendered":"https:\/\/galeo.org\/?page_id=20013"},"modified":"2024-02-22T17:50:01","modified_gmt":"2024-02-22T17:50:01","slug":"recursos-comunitarios","status":"publish","type":"page","link":"https:\/\/galeo.org\/es\/recursos-comunitarios\/","title":{"rendered":"Recursos Comunitarios"},"content":{"rendered":"\t\t<div data-elementor-type=\"wp-page\" data-elementor-id=\"20013\" class=\"elementor elementor-20013\" data-elementor-post-type=\"page\">\n\t\t\t\t<div class=\"elementor-element elementor-element-53b1807 e-flex e-con-boxed e-con e-parent\" data-id=\"53b1807\" data-element_type=\"container\" data-e-type=\"container\">\n\t\t\t\t\t<div class=\"e-con-inner\">\n\t\t\t\t\t<\/div>\n\t\t\t\t<\/div>\n\t\t<div class=\"elementor-element elementor-element-c5fe743 e-flex e-con-boxed e-con e-parent\" data-id=\"c5fe743\" data-element_type=\"container\" data-e-type=\"container\">\n\t\t\t\t\t<div class=\"e-con-inner\">\n\t\t\t\t<div class=\"elementor-element elementor-element-a24f308 elementor-widget elementor-widget-text-editor\" data-id=\"a24f308\" data-element_type=\"widget\" data-e-type=\"widget\" data-widget_type=\"text-editor.default\">\n\t\t\t\t\t\t\t\t\t<h3><strong>ORGANIZACIONES CON ASESOR\u00cdA MIGRATORIA A BAJO COSTO.<\/strong><\/h3><p><strong>CATHOLIC CHARITIES ATLANTA<\/strong> <br \/>Llame al (678) 222-3920 y deje un mensaje de voz. Su llamada ser\u00e1 devuelta de manera oportuna. Tambi\u00e9n puede enviar un correo electr\u00f3nico a help@ccatlanta.org para obtener informaci\u00f3n y asistencia. <br \/>Family Petitions,U visas, T visas, Citizenship,<br \/>Cases for immigrant children,Temporary Protected Status (TPS) <br \/>And many other types of cases.<br \/><br \/><strong>ASOCIACI\u00d3N LATINOAMERICANA<\/strong><br \/>Atlanta Outreach Center 404-471-1889<br \/>inmigrationservices@thelaa.org<br \/>Solicitudes de ciudadan\u00eda, Solicitudes y renovaciones de tarjetas de residente legal permanente (tarjeta verde), Aplicaciones de ajuste de estatus (residencia), Peticiones familiares, Ajuste de estatus, Proceso consular Acci\u00f3n diferida para la llegada de la infancia(DACA) Solicitudes iniciales y renovaciones Estatus de protecci\u00f3n temporal Solicitudes y renovaciones de permisos de<br \/>Trabajo Exenciones por ciertos delitos e infracciones de inmigraci\u00f3n Servicios de inmigraci\u00f3n para v\u00edctimas de Delitos Servicios de inmigraci\u00f3n para menores Mociones con la Corte de Inmigraci\u00f3n Servicios de defensa de deportaci\u00f3n (no detenidos).<br \/><br \/><strong>IMMIGRANT HOPE ATLANTA<\/strong><br \/>English: 470-462-9927 Spanish: 404-291-1139<br \/>Immigrant Hope Atlanta se enfoca en servicios legales de inmigraci\u00f3n basados \u200b\u200ben la familia. Si usted: est\u00e1 casado o comprometido, quiere traer a su familia a los Estados Unidos, necesita renovar una tarjeta verde o desea solicitar la ciudadan\u00eda o si necesita la mayor\u00eda de los otros servicios legales de inmigraci\u00f3n, probablemente podamos ayudar.<br \/><br \/><strong>IMMIGRANT CONNECTION OF GEORGIA<\/strong><br \/>404-907-1927 adriana@wicga.com<br \/>NUESTROS SERVICIOS<br \/>CONSULTAS GENERALES, PETICIONES BASADAS EN LA FAMILIA Y MATRIMONIO DACA, VISAS DE NOVIO, PETICIONES DE NATURALIZACI\u00d3N\/CIUDADAN\u00cdA\\ RENOVACIONES DE RESIDENTE PERMANENTE LEGAL, AJUSTE DE ESTADO TR\u00c1MITE CONSULAR, VISAS U \/ VAWA \/ TPS, SOLICITUDES DE EXENCI\u00d3N AUTORIZACI\u00d3N DE TRABAJO, OTRAS VISAS DE NO INMIGRANTE Y MUCHO M\u00c1S.<br \/><br \/><strong>TAPESTRI INC.<\/strong><br \/>404) 299-2185 tapestri@tapestri.org<br \/>Servicios: Alto a la Violencia Dom\u00e9stica, Respuesta a la Trata de Personas, Programa de Intervenci\u00f3n de Violencia Familiar, Ayuda a Menores No Acompa\u00f1ados, Otros.<\/p><p><strong>Center for Pan Asian Community Services, Inc<\/strong>.<br \/>\u00c1reas de asistencia jur\u00eddica: Ajuste de Estatus, Acci\u00f3n Diferida para los Llegados en la Infancia (DACA),Autorizaci\u00f3n de , Peticiones basadas en la familia, Naturalizaci\u00f3n\/Ciudadan\u00eda, Tipos de asistencia legal Ayuda para completar formularios, Presentaciones ante USCIS.<br \/>Ubicaci\u00f3n: 3510 Shallowford Rd NE, Atlanta, GA 30341<br \/>Contact:(770) 936-0969<\/p><p>\u00a0http:\/\/www.cpacs.org cpacs@cpacs.org<br \/><br \/><strong>El Refugio<\/strong><br \/>El Refugio acompa\u00f1a a inmigrantes en el Centro de Detenci\u00f3n Stewart y a sus seres queridos a trav\u00e9s de hospitalidad, visitas, apoyo y defensa.<br \/>650 S. Central Ave. <br \/>#82101<br \/>Hapeville, GA 30354<br \/>info@elrefugioministry.org<br \/>404.480.4780<br \/><br \/><\/p><h3><br \/><strong>RECURSOS E INFORMACION PARA LAS FAMILIAS<\/strong><\/h3><p><br \/><strong>Caminar latino.<\/strong><br \/>Programa integral de intervenci\u00f3n contra la violencia dom\u00e9stica en Georgia para familias latinas. Programa que trabaja con personas que han atravesado o que ejercieron violencia dom\u00e9stica, incluye ni\u00f1os, mujeres y hombres.<br \/>Informaci\u00f3n: Www.caminarlatino.org. Tel: 855 226 4627<br \/><br \/><strong>Casa alterna<\/strong><br \/>Ayuda para personas que han entrado pidiendo asilo y no tienen ning\u00fan recurso.<br \/>Informaci\u00f3n al tel\u00e9fono 706. 302. 9661.<br \/><br \/><strong>CLILA. Noreste de Georgia DALTON<\/strong><br \/>Hoy promueve la integraci\u00f3n social de los latinos, la participaci\u00f3n c\u00edvica Y diversidad cultural.Servicios: Clases de ingl\u00e9s. Clases de ciudadan\u00eda, Ayuda para registro Medicaid, Pl\u00e1ticas sobre salud mental, Ayudas para registro de ESTAMPILLAS, Ayudas para registro de Medicaid, Apoyo sobre depresi\u00f3n y ansiedad, Grupo folcl\u00f3rico, Consultas gratis con abogados de inmigraci\u00f3n, Ayuda con programa Daca, Despensas y Ayudas para la residencia.<br \/>Informaci\u00f3n: 2518 E Walnut Ave, Dalton, GA (706) 529-9216<br \/><br \/><strong>Freedom University<\/strong><br \/>Apoyo a estudiantes indocumentados para seguir con sus estudios.<br \/>Informaci\u00f3n: www.Freedom-university.org<br \/><br \/><strong>Levantando las Voces Latinas (Feminist Women\u2019s Health Center)<\/strong><br \/>Servicios cl\u00ednicos e informaci\u00f3n para tomar decisiones sobre salud reproductiva, aborto y bienestar sexual.<br \/>Atenci\u00f3n del aborto, Ex\u00e1menes anuales, Opciones de control de natalidad, anticoncepci\u00f3n de emergencia, Pruebas del VIH, Pruebas y asesoramiento en enfermedades de transmisi\u00f3n sexual, Pruebas de embarazo, Servicios de iniciativa de salud trans. (asistencia financiera).<br \/>Informaci\u00f3n: 1924 Cliff Valley Way NE Atlanta GA, 30329 Tel: 404 728 7900<br \/><br \/><strong>Ser Familia<\/strong><br \/>Ser Familia es una organizaci\u00f3n sin fines de lucro que empodera a las familias latinas a trav\u00e9s de programas educativos, talleres y retiros que les permiten prosperar y disfrutar de un ambiente familiar saludable. Nuestro enfoque hol\u00edstico aporta un sentido de plenitud a la vida de las personas que les permite mejorar su \u201cahora\u201d y enfrentar \u201clo que sigue\u201d con una perspectiva positiva. Nuestra organizaci\u00f3n tiene la mayor presencia geogr\u00e1fica de cualquier organizaci\u00f3n latina en Georgia, con oficinas en Kennesaw, Norcross, Smyrna y Suwanee.<br \/>Servicios: programas para parejas. Programas para j\u00f3venes. Programas para padres. Programas contra la violencia dom\u00e9stica. Servicios de Consejer\u00eda.<br \/>Informaci\u00f3n: info@serfam.org 678 363 3079 Hola.<\/p><p><strong>Asociaci\u00f3n Latinoamericana.<\/strong><\/p><p>La misi\u00f3n de la Asociaci\u00f3n Latinoamericana (LAA) es empoderar a los latinos para que se adapten, integren y prosperen. Nuestra visi\u00f3n es \u00abOportunidad para todos\u00bb.<br \/>Servicios:<br \/>Educaci\u00f3n para adultos: Clases de ingl\u00e9s, Clases de computaci\u00f3n, Clases de espa\u00f1ol.<br \/>Bienestar familiar: Asistencia financiera, Club de la tercera edad, Programa de necesidades b\u00e1sicas. V\u00edctimas de violencia, Asistencia para solicitar beneficios p\u00fablicos (Medicaid, Food Stamp )<br \/>Empoderamiento econ\u00f3mico: Recursos para iniciar un negocio, Clases Para el empoderamiento de tu negocio.<br \/>Servicios para j\u00f3venes.<br \/>Servicios de inmigraci\u00f3n: Solicitudes de ciudadan\u00eda, Solicitudes y renovaciones de tarjetas de residente legal permanente (tarjeta verde), Aplicaciones de ajuste de estatus (residencia), Peticiones familiares, Ajuste de estatus, Proceso consular Acci\u00f3n diferida para la llegada de la infancia(DACA) Solicitudes iniciales y renovaciones Estatus de protecci\u00f3n temporal Solicitudes y renovaciones de permisos de<br \/>Trabajo Exenciones por ciertos delitos e infracciones de inmigraci\u00f3n Servicios de inmigraci\u00f3n para v\u00edctimas de Delitos Servicios de inmigraci\u00f3n para menores Mociones con la Corte de Inmigraci\u00f3n Servicios de defensa de deportaci\u00f3n (no detenidos).<br \/>Ayuda para conseguir empleo, ferias de empleo.<br \/>Informaci\u00f3n: 2750 Buford Hwy. Atlanta, GA 30324 404.638.1800 www.thelaa.org<\/p>\t\t\t\t\t\t\t\t<\/div>\n\t\t\t\t\t<\/div>\n\t\t\t\t<\/div>\n\t\t\t\t<\/div>\n\t\t","protected":false},"excerpt":{"rendered":"<p>ORGANIZACIONES CON ASESOR\u00cdA MIGRATORIA A BAJO COSTO. CATHOLIC CHARITIES ATLANTA Llame al (678) 222-3920 y deje un mensaje de voz. Su llamada ser\u00e1 devuelta de manera oportuna. Tambi\u00e9n puede enviar un correo electr\u00f3nico a help@ccatlanta.org para obtener informaci\u00f3n y asistencia. Family Petitions,U visas, T visas, Citizenship,Cases for immigrant children,Temporary Protected Status (TPS) And many other [&hellip;]<\/p>\n","protected":false},"author":4,"featured_media":0,"parent":0,"menu_order":0,"comment_status":"closed","ping_status":"closed","template":"","meta":{"sfsi_plus_gutenberg_text_before_share":"","sfsi_plus_gutenberg_show_text_before_share":"","sfsi_plus_gutenberg_icon_type":"","sfsi_plus_gutenberg_icon_alignemt":"","sfsi_plus_gutenburg_max_per_row":"","om_disable_all_campaigns":false,"_monsterinsights_skip_tracking":false,"_monsterinsights_sitenote_active":false,"_monsterinsights_sitenote_note":"","_monsterinsights_sitenote_category":0,"footnotes":""},"class_list":["post-20013","page","type-page","status-publish","hentry"],"aioseo_notices":[],"_links":{"self":[{"href":"https:\/\/galeo.org\/es\/wp-json\/wp\/v2\/pages\/20013","targetHints":{"allow":["GET"]}}],"collection":[{"href":"https:\/\/galeo.org\/es\/wp-json\/wp\/v2\/pages"}],"about":[{"href":"https:\/\/galeo.org\/es\/wp-json\/wp\/v2\/types\/page"}],"author":[{"embeddable":true,"href":"https:\/\/galeo.org\/es\/wp-json\/wp\/v2\/users\/4"}],"replies":[{"embeddable":true,"href":"https:\/\/galeo.org\/es\/wp-json\/wp\/v2\/comments?post=20013"}],"version-history":[{"count":6,"href":"https:\/\/galeo.org\/es\/wp-json\/wp\/v2\/pages\/20013\/revisions"}],"predecessor-version":[{"id":20866,"href":"https:\/\/galeo.org\/es\/wp-json\/wp\/v2\/pages\/20013\/revisions\/20866"}],"wp:attachment":[{"href":"https:\/\/galeo.org\/es\/wp-json\/wp\/v2\/media?parent=20013"}],"curies":[{"name":"wp","href":"https:\/\/api.w.org\/{rel}","templated":true}]}}