{"id":20789,"date":"2024-02-15T20:40:14","date_gmt":"2024-02-15T20:40:14","guid":{"rendered":"https:\/\/galeo.org\/sobre-nosotros\/personal-de-galeo\/yvette-zapata\/"},"modified":"2024-05-31T14:18:48","modified_gmt":"2024-05-31T14:18:48","slug":"yvette-zapata","status":"publish","type":"page","link":"https:\/\/galeo.org\/es\/sobre-nosotros\/personal-de-galeo\/yvette-zapata\/","title":{"rendered":"Yvette Zapata"},"content":{"rendered":"\t\t<div data-elementor-type=\"wp-page\" data-elementor-id=\"20789\" class=\"elementor elementor-20789\" data-elementor-post-type=\"page\">\n\t\t\t\t<div class=\"elementor-element elementor-element-647d57a e-flex e-con-boxed e-con e-parent\" data-id=\"647d57a\" data-element_type=\"container\" data-e-type=\"container\">\n\t\t\t\t\t<div class=\"e-con-inner\">\n\t\t<div class=\"elementor-element elementor-element-28b354d e-flex e-con-boxed e-con e-child\" data-id=\"28b354d\" data-element_type=\"container\" data-e-type=\"container\">\n\t\t\t\t\t<div class=\"e-con-inner\">\n\t\t\t\t<div class=\"elementor-element elementor-element-155681e elementor-widget elementor-widget-template\" data-id=\"155681e\" data-element_type=\"widget\" data-e-type=\"widget\" data-widget_type=\"template.default\">\n\t\t\t\t<div class=\"elementor-widget-container\">\n\t\t\t\t\t\t\t<div class=\"elementor-template\">\n\t\t\t\t\t<div data-elementor-type=\"section\" data-elementor-id=\"18707\" class=\"elementor elementor-18707 elementor-18536 elementor-18536\" data-elementor-post-type=\"elementor_library\">\n\t\t\t\t\t<section class=\"elementor-section elementor-top-section elementor-element elementor-element-2637617c elementor-section-boxed elementor-section-height-default elementor-section-height-default\" data-id=\"2637617c\" data-element_type=\"section\" data-e-type=\"section\">\n\t\t\t\t\t\t<div class=\"elementor-container elementor-column-gap-default\">\n\t\t\t\t\t<div class=\"elementor-column elementor-col-100 elementor-top-column elementor-element elementor-element-615fd3bf\" data-id=\"615fd3bf\" data-element_type=\"column\" data-e-type=\"column\" data-settings=\"{&quot;background_background&quot;:&quot;gradient&quot;}\">\n\t\t\t<div class=\"elementor-widget-wrap elementor-element-populated\">\n\t\t\t\t\t\t<section class=\"elementor-section elementor-inner-section elementor-element elementor-element-6d676a5b elementor-section-boxed elementor-section-height-default elementor-section-height-default\" data-id=\"6d676a5b\" data-element_type=\"section\" data-e-type=\"section\" data-settings=\"{&quot;background_background&quot;:&quot;classic&quot;}\">\n\t\t\t\t\t\t\t<div class=\"elementor-background-overlay\"><\/div>\n\t\t\t\t\t\t\t<div class=\"elementor-container elementor-column-gap-no\">\n\t\t\t\t\t<div class=\"elementor-column elementor-col-50 elementor-inner-column elementor-element elementor-element-44eeac6\" data-id=\"44eeac6\" data-element_type=\"column\" data-e-type=\"column\">\n\t\t\t<div class=\"elementor-widget-wrap elementor-element-populated\">\n\t\t\t\t\t\t<div class=\"elementor-element elementor-element-61b6fe9c elementor-widget elementor-widget-heading\" data-id=\"61b6fe9c\" data-element_type=\"widget\" data-e-type=\"widget\" data-widget_type=\"heading.default\">\n\t\t\t\t\t<h1 class=\"elementor-heading-title elementor-size-default\">Personal<\/h1>\t\t\t\t<\/div>\n\t\t\t\t\t<\/div>\n\t\t<\/div>\n\t\t\t\t<div class=\"elementor-column elementor-col-50 elementor-inner-column elementor-element elementor-element-77fb72f5\" data-id=\"77fb72f5\" data-element_type=\"column\" data-e-type=\"column\">\n\t\t\t<div class=\"elementor-widget-wrap elementor-element-populated\">\n\t\t\t\t\t\t<div class=\"elementor-element elementor-element-f3ff59b elementor-widget elementor-widget-image\" data-id=\"f3ff59b\" data-element_type=\"widget\" data-e-type=\"widget\" data-widget_type=\"image.default\">\n\t\t\t\t\t\t\t\t\t\t\t\t\t\t\t<img fetchpriority=\"high\" decoding=\"async\" width=\"700\" height=\"250\" src=\"https:\/\/galeo.org\/wp-content\/uploads\/2022\/07\/GALEO-About.png\" class=\"attachment-large size-large wp-image-1499\" alt=\"\" srcset=\"https:\/\/galeo.org\/wp-content\/uploads\/2022\/07\/GALEO-About.png 700w, https:\/\/galeo.org\/wp-content\/uploads\/2022\/07\/GALEO-About-600x214.png 600w, https:\/\/galeo.org\/wp-content\/uploads\/2022\/07\/GALEO-About-300x107.png 300w\" sizes=\"(max-width: 700px) 100vw, 700px\" \/>\t\t\t\t\t\t\t\t\t\t\t\t\t\t\t<\/div>\n\t\t\t\t\t<\/div>\n\t\t<\/div>\n\t\t\t\t\t<\/div>\n\t\t<\/section>\n\t\t\t\t\t<\/div>\n\t\t<\/div>\n\t\t\t\t\t<\/div>\n\t\t<\/section>\n\t\t\t\t<\/div>\n\t\t\t\t<\/div>\n\t\t\t\t\t\t<\/div>\n\t\t\t\t<\/div>\n\t\t\t\t\t<\/div>\n\t\t\t\t<\/div>\n\t\t\t\t\t<\/div>\n\t\t\t\t<\/div>\n\t\t<div class=\"elementor-element elementor-element-41b7923 e-flex e-con-boxed e-con e-parent\" data-id=\"41b7923\" data-element_type=\"container\" data-e-type=\"container\">\n\t\t\t\t\t<div class=\"e-con-inner\">\n\t\t\t\t<div class=\"elementor-element elementor-element-ab18581 elementor-widget elementor-widget-heading\" data-id=\"ab18581\" data-element_type=\"widget\" data-e-type=\"widget\" data-widget_type=\"heading.default\">\n\t\t\t\t\t<h2 class=\"elementor-heading-title elementor-size-default\">Yvette Zapata<\/h2>\t\t\t\t<\/div>\n\t\t\t\t\t<\/div>\n\t\t\t\t<\/div>\n\t\t<div class=\"elementor-element elementor-element-30c2d0e e-flex e-con-boxed e-con e-parent\" data-id=\"30c2d0e\" data-element_type=\"container\" data-e-type=\"container\">\n\t\t\t\t\t<div class=\"e-con-inner\">\n\t\t\t\t<div class=\"elementor-element elementor-element-02b6ac8 elementor-widget elementor-widget-heading\" data-id=\"02b6ac8\" data-element_type=\"widget\" data-e-type=\"widget\" data-widget_type=\"heading.default\">\n\t\t\t\t\t<h3 class=\"elementor-heading-title elementor-size-default\">2024 Pasante de primavera<\/h3>\t\t\t\t<\/div>\n\t\t\t\t\t<\/div>\n\t\t\t\t<\/div>\n\t\t<div class=\"elementor-element elementor-element-52e5c2a e-flex e-con-boxed e-con e-parent\" data-id=\"52e5c2a\" data-element_type=\"container\" data-e-type=\"container\">\n\t\t\t\t\t<div class=\"e-con-inner\">\n\t\t<div class=\"elementor-element elementor-element-91256c4 e-con-full e-flex e-con e-child\" data-id=\"91256c4\" data-element_type=\"container\" data-e-type=\"container\">\n\t\t\t\t<div class=\"elementor-element elementor-element-2b01199 elementor-widget elementor-widget-text-editor\" data-id=\"2b01199\" data-element_type=\"widget\" data-e-type=\"widget\" data-widget_type=\"text-editor.default\">\n\t\t\t\t\t\t\t\t\t<p>Yvette Zapata es una estudiante de primera generaci\u00f3n que actualmente asiste a la Universidad Estatal de Georgia y estudia Pre-Marketing. Naci\u00f3 y creci\u00f3 en Austell, Georgia, de padres mexicanos. Originalmente asisti\u00f3 al Young Harris College con la beca Sharp para obtener un t\u00edtulo en Dise\u00f1o Gr\u00e1fico. Durante su estancia all\u00ed, form\u00f3 parte de la Uni\u00f3n de Estudiantes Negros como Responsable de Medios Sociales, ayudando a planificar eventos, hacer folletos, realizar campa\u00f1as y gestionar todas las publicaciones de Instagram para el club. Tras estudiar arte durante un semestre y medio en la universidad, decidi\u00f3 trasladarse a Atlanta para centrarse m\u00e1s en los estudios empresariales.<\/p>\n<p>En verano fue becaria de crecimiento para la WYA App, una aplicaci\u00f3n de planificaci\u00f3n de eventos creada por estudiantes universitarios para estudiantes, y se encarg\u00f3 de las ventas (llegando a diferentes organizaciones para el programa de embajadores de la aplicaci\u00f3n), ayud\u00f3 en las estrategias de marketing para sus redes sociales y cre\u00f3 eventos para promocionar mejor la aplicaci\u00f3n.<\/p>\n<p>En su tiempo libre, le gusta pasar tiempo con su familia, ser voluntaria en su comunidad y participar en diversas actividades y eventos cristianos en la zona de Atlanta.<\/p>\n\t\t\t\t\t\t\t\t<\/div>\n\t\t\t\t<\/div>\n\t\t\t\t<div class=\"elementor-element elementor-element-3523b13 elementor-widget elementor-widget-image\" data-id=\"3523b13\" data-element_type=\"widget\" data-e-type=\"widget\" data-widget_type=\"image.default\">\n\t\t\t\t\t\t\t\t\t\t\t\t\t\t\t<img decoding=\"async\" width=\"768\" height=\"768\" src=\"https:\/\/galeo.org\/wp-content\/uploads\/2024\/02\/Untitled-design4-768x768.png\" class=\"attachment-medium_large size-medium_large wp-image-19918\" alt=\"\" srcset=\"https:\/\/galeo.org\/wp-content\/uploads\/2024\/02\/Untitled-design4-768x768.png 768w, https:\/\/galeo.org\/wp-content\/uploads\/2024\/02\/Untitled-design4-300x300.png 300w, https:\/\/galeo.org\/wp-content\/uploads\/2024\/02\/Untitled-design4-100x100.png 100w, https:\/\/galeo.org\/wp-content\/uploads\/2024\/02\/Untitled-design4-600x600.png 600w, https:\/\/galeo.org\/wp-content\/uploads\/2024\/02\/Untitled-design4-1024x1024.png 1024w, https:\/\/galeo.org\/wp-content\/uploads\/2024\/02\/Untitled-design4-150x150.png 150w, https:\/\/galeo.org\/wp-content\/uploads\/2024\/02\/Untitled-design4.png 1080w\" sizes=\"(max-width: 768px) 100vw, 768px\" \/>\t\t\t\t\t\t\t\t\t\t\t\t\t\t\t<\/div>\n\t\t\t\t\t<\/div>\n\t\t\t\t<\/div>\n\t\t\t\t<\/div>\n\t\t","protected":false},"excerpt":{"rendered":"<p>Yvette Zapata 2024 Pasante de primavera Yvette Zapata es una estudiante de primera generaci\u00f3n que actualmente asiste a la Universidad Estatal de Georgia y estudia Pre-Marketing. Naci\u00f3 y creci\u00f3 en Austell, Georgia, de padres mexicanos. Originalmente asisti\u00f3 al Young Harris College con la beca Sharp para obtener un t\u00edtulo en Dise\u00f1o Gr\u00e1fico. Durante su estancia [&hellip;]<\/p>\n","protected":false},"author":6,"featured_media":0,"parent":1896,"menu_order":0,"comment_status":"closed","ping_status":"closed","template":"","meta":{"sfsi_plus_gutenberg_text_before_share":"","sfsi_plus_gutenberg_show_text_before_share":"","sfsi_plus_gutenberg_icon_type":"","sfsi_plus_gutenberg_icon_alignemt":"","sfsi_plus_gutenburg_max_per_row":"","om_disable_all_campaigns":false,"_monsterinsights_skip_tracking":false,"_monsterinsights_sitenote_active":false,"_monsterinsights_sitenote_note":"","_monsterinsights_sitenote_category":0,"footnotes":""},"class_list":["post-20789","page","type-page","status-publish","hentry"],"aioseo_notices":[],"_links":{"self":[{"href":"https:\/\/galeo.org\/es\/wp-json\/wp\/v2\/pages\/20789","targetHints":{"allow":["GET"]}}],"collection":[{"href":"https:\/\/galeo.org\/es\/wp-json\/wp\/v2\/pages"}],"about":[{"href":"https:\/\/galeo.org\/es\/wp-json\/wp\/v2\/types\/page"}],"author":[{"embeddable":true,"href":"https:\/\/galeo.org\/es\/wp-json\/wp\/v2\/users\/6"}],"replies":[{"embeddable":true,"href":"https:\/\/galeo.org\/es\/wp-json\/wp\/v2\/comments?post=20789"}],"version-history":[{"count":1,"href":"https:\/\/galeo.org\/es\/wp-json\/wp\/v2\/pages\/20789\/revisions"}],"predecessor-version":[{"id":20792,"href":"https:\/\/galeo.org\/es\/wp-json\/wp\/v2\/pages\/20789\/revisions\/20792"}],"up":[{"embeddable":true,"href":"https:\/\/galeo.org\/es\/wp-json\/wp\/v2\/pages\/1896"}],"wp:attachment":[{"href":"https:\/\/galeo.org\/es\/wp-json\/wp\/v2\/media?parent=20789"}],"curies":[{"name":"wp","href":"https:\/\/api.w.org\/{rel}","templated":true}]}}