{"id":20800,"date":"2024-02-15T00:58:17","date_gmt":"2024-02-15T00:58:17","guid":{"rendered":"https:\/\/galeo.org\/sobre-nosotros\/personal-de-galeo\/laura-hernandez\/"},"modified":"2024-05-31T14:19:02","modified_gmt":"2024-05-31T14:19:02","slug":"laura-hernandez","status":"publish","type":"page","link":"https:\/\/galeo.org\/es\/sobre-nosotros\/personal-de-galeo\/laura-hernandez\/","title":{"rendered":"Laura Hern\u00e1ndez"},"content":{"rendered":"\t\t<div data-elementor-type=\"wp-page\" data-elementor-id=\"20800\" class=\"elementor elementor-20800\" data-elementor-post-type=\"page\">\n\t\t\t\t<div class=\"elementor-element elementor-element-2de19eb e-flex e-con-boxed e-con e-parent\" data-id=\"2de19eb\" data-element_type=\"container\" data-e-type=\"container\">\n\t\t\t\t\t<div class=\"e-con-inner\">\n\t\t\t\t<div class=\"elementor-element elementor-element-410ec1f elementor-widget elementor-widget-template\" data-id=\"410ec1f\" data-element_type=\"widget\" data-e-type=\"widget\" data-widget_type=\"template.default\">\n\t\t\t\t<div class=\"elementor-widget-container\">\n\t\t\t\t\t\t\t<div class=\"elementor-template\">\n\t\t\t\t\t<div data-elementor-type=\"section\" data-elementor-id=\"18707\" class=\"elementor elementor-18707 elementor-18536 elementor-18536\" data-elementor-post-type=\"elementor_library\">\n\t\t\t\t\t<section class=\"elementor-section elementor-top-section elementor-element elementor-element-2637617c elementor-section-boxed elementor-section-height-default elementor-section-height-default\" data-id=\"2637617c\" data-element_type=\"section\" data-e-type=\"section\">\n\t\t\t\t\t\t<div class=\"elementor-container elementor-column-gap-default\">\n\t\t\t\t\t<div class=\"elementor-column elementor-col-100 elementor-top-column elementor-element elementor-element-615fd3bf\" data-id=\"615fd3bf\" data-element_type=\"column\" data-e-type=\"column\" data-settings=\"{&quot;background_background&quot;:&quot;gradient&quot;}\">\n\t\t\t<div class=\"elementor-widget-wrap elementor-element-populated\">\n\t\t\t\t\t\t<section class=\"elementor-section elementor-inner-section elementor-element elementor-element-6d676a5b elementor-section-boxed elementor-section-height-default elementor-section-height-default\" data-id=\"6d676a5b\" data-element_type=\"section\" data-e-type=\"section\" data-settings=\"{&quot;background_background&quot;:&quot;classic&quot;}\">\n\t\t\t\t\t\t\t<div class=\"elementor-background-overlay\"><\/div>\n\t\t\t\t\t\t\t<div class=\"elementor-container elementor-column-gap-no\">\n\t\t\t\t\t<div class=\"elementor-column elementor-col-50 elementor-inner-column elementor-element elementor-element-44eeac6\" data-id=\"44eeac6\" data-element_type=\"column\" data-e-type=\"column\">\n\t\t\t<div class=\"elementor-widget-wrap elementor-element-populated\">\n\t\t\t\t\t\t<div class=\"elementor-element elementor-element-61b6fe9c elementor-widget elementor-widget-heading\" data-id=\"61b6fe9c\" data-element_type=\"widget\" data-e-type=\"widget\" data-widget_type=\"heading.default\">\n\t\t\t\t\t<h1 class=\"elementor-heading-title elementor-size-default\">Personal<\/h1>\t\t\t\t<\/div>\n\t\t\t\t\t<\/div>\n\t\t<\/div>\n\t\t\t\t<div class=\"elementor-column elementor-col-50 elementor-inner-column elementor-element elementor-element-77fb72f5\" data-id=\"77fb72f5\" data-element_type=\"column\" data-e-type=\"column\">\n\t\t\t<div class=\"elementor-widget-wrap elementor-element-populated\">\n\t\t\t\t\t\t<div class=\"elementor-element elementor-element-f3ff59b elementor-widget elementor-widget-image\" data-id=\"f3ff59b\" data-element_type=\"widget\" data-e-type=\"widget\" data-widget_type=\"image.default\">\n\t\t\t\t\t\t\t\t\t\t\t\t\t\t\t<img fetchpriority=\"high\" decoding=\"async\" width=\"700\" height=\"250\" src=\"https:\/\/galeo.org\/wp-content\/uploads\/2022\/07\/GALEO-About.png\" class=\"attachment-large size-large wp-image-1499\" alt=\"\" srcset=\"https:\/\/galeo.org\/wp-content\/uploads\/2022\/07\/GALEO-About.png 700w, https:\/\/galeo.org\/wp-content\/uploads\/2022\/07\/GALEO-About-600x214.png 600w, https:\/\/galeo.org\/wp-content\/uploads\/2022\/07\/GALEO-About-300x107.png 300w\" sizes=\"(max-width: 700px) 100vw, 700px\" \/>\t\t\t\t\t\t\t\t\t\t\t\t\t\t\t<\/div>\n\t\t\t\t\t<\/div>\n\t\t<\/div>\n\t\t\t\t\t<\/div>\n\t\t<\/section>\n\t\t\t\t\t<\/div>\n\t\t<\/div>\n\t\t\t\t\t<\/div>\n\t\t<\/section>\n\t\t\t\t<\/div>\n\t\t\t\t<\/div>\n\t\t\t\t\t\t<\/div>\n\t\t\t\t<\/div>\n\t\t\t\t\t<\/div>\n\t\t\t\t<\/div>\n\t\t<div class=\"elementor-element elementor-element-93c88e7 e-flex e-con-boxed e-con e-parent\" data-id=\"93c88e7\" data-element_type=\"container\" data-e-type=\"container\">\n\t\t\t\t\t<div class=\"e-con-inner\">\n\t\t\t\t<div class=\"elementor-element elementor-element-cc83c66 elementor-widget elementor-widget-heading\" data-id=\"cc83c66\" data-element_type=\"widget\" data-e-type=\"widget\" data-widget_type=\"heading.default\">\n\t\t\t\t\t<h2 class=\"elementor-heading-title elementor-size-default\">Laura Hern\u00e1ndez<\/h2>\t\t\t\t<\/div>\n\t\t\t\t\t<\/div>\n\t\t\t\t<\/div>\n\t\t<div class=\"elementor-element elementor-element-b71c188 e-flex e-con-boxed e-con e-parent\" data-id=\"b71c188\" data-element_type=\"container\" data-e-type=\"container\">\n\t\t\t\t\t<div class=\"e-con-inner\">\n\t\t\t\t<div class=\"elementor-element elementor-element-c6551c3 elementor-widget elementor-widget-text-editor\" data-id=\"c6551c3\" data-element_type=\"widget\" data-e-type=\"widget\" data-widget_type=\"text-editor.default\">\n\t\t\t\t\t\t\t\t\t<h3><strong>Becario Primavera 2024<\/strong><\/h3>\n\t\t\t\t\t\t\t\t<\/div>\n\t\t\t\t\t<\/div>\n\t\t\t\t<\/div>\n\t\t<div class=\"elementor-element elementor-element-4a12050 e-flex e-con-boxed e-con e-parent\" data-id=\"4a12050\" data-element_type=\"container\" data-e-type=\"container\">\n\t\t\t\t\t<div class=\"e-con-inner\">\n\t\t<div class=\"elementor-element elementor-element-e5724cc e-con-full e-flex e-con e-child\" data-id=\"e5724cc\" data-element_type=\"container\" data-e-type=\"container\">\n\t\t\t\t<div class=\"elementor-element elementor-element-6d462ff elementor-widget elementor-widget-text-editor\" data-id=\"6d462ff\" data-element_type=\"widget\" data-e-type=\"widget\" data-widget_type=\"text-editor.default\">\n\t\t\t\t\t\t\t\t\t<p>Laura Hern\u00e1ndez ( ella\/ella) es originaria de la Ciudad de M\u00e9xico y est\u00e1 cursando una licenciatura en Justicia Penal y Estudios Jur\u00eddicos en la Universidad Estatal de Delaware.<\/p>\n<p>Sus pasiones son la defensa y las Pol\u00edticas P\u00fablicas. Esto se debe a una mezcla de sus antecedentes como inmigrante, estudiante de primera generaci\u00f3n y experiencias profesionales que la han motivado a dedicarse a este trabajo. Aspira a convertirse en abogada alg\u00fan d\u00eda y utilizar sus habilidades para combatir los problemas de justicia social, especialmente en la Comunidad Latinx. Una cita resuena en Laura: \u00abIntentaron enterrarnos, pero no sab\u00edan que \u00e9ramos semillas\u00bb.<\/p>\n<p>Fuera de la escuela y el trabajo, le gusta ir de compras y correr.<\/p>\n\t\t\t\t\t\t\t\t<\/div>\n\t\t\t\t<\/div>\n\t\t<div class=\"elementor-element elementor-element-19f7079 e-con-full e-flex e-con e-child\" data-id=\"19f7079\" data-element_type=\"container\" data-e-type=\"container\">\n\t\t\t\t<div class=\"elementor-element elementor-element-be2cea0 elementor-widget elementor-widget-image\" data-id=\"be2cea0\" data-element_type=\"widget\" data-e-type=\"widget\" data-widget_type=\"image.default\">\n\t\t\t\t\t\t\t\t\t\t\t\t\t\t\t<img decoding=\"async\" width=\"800\" height=\"754\" src=\"https:\/\/galeo.org\/wp-content\/uploads\/2024\/02\/Laura-Headshot-1-1024x965.jpg\" class=\"attachment-large size-large wp-image-19875\" alt=\"\" srcset=\"https:\/\/galeo.org\/wp-content\/uploads\/2024\/02\/Laura-Headshot-1-1024x965.jpg 1024w, https:\/\/galeo.org\/wp-content\/uploads\/2024\/02\/Laura-Headshot-1-scaled-600x566.jpg 600w, https:\/\/galeo.org\/wp-content\/uploads\/2024\/02\/Laura-Headshot-1-300x283.jpg 300w, https:\/\/galeo.org\/wp-content\/uploads\/2024\/02\/Laura-Headshot-1-768x724.jpg 768w, https:\/\/galeo.org\/wp-content\/uploads\/2024\/02\/Laura-Headshot-1-1536x1448.jpg 1536w, https:\/\/galeo.org\/wp-content\/uploads\/2024\/02\/Laura-Headshot-1-2048x1931.jpg 2048w\" sizes=\"(max-width: 800px) 100vw, 800px\" \/>\t\t\t\t\t\t\t\t\t\t\t\t\t\t\t<\/div>\n\t\t\t\t<\/div>\n\t\t\t\t\t<\/div>\n\t\t\t\t<\/div>\n\t\t\t\t<\/div>\n\t\t","protected":false},"excerpt":{"rendered":"<p>Laura Hern\u00e1ndez Becario Primavera 2024 Laura Hern\u00e1ndez ( ella\/ella) es originaria de la Ciudad de M\u00e9xico y est\u00e1 cursando una licenciatura en Justicia Penal y Estudios Jur\u00eddicos en la Universidad Estatal de Delaware. Sus pasiones son la defensa y las Pol\u00edticas P\u00fablicas. Esto se debe a una mezcla de sus antecedentes como inmigrante, estudiante de [&hellip;]<\/p>\n","protected":false},"author":6,"featured_media":0,"parent":1896,"menu_order":0,"comment_status":"closed","ping_status":"closed","template":"","meta":{"sfsi_plus_gutenberg_text_before_share":"","sfsi_plus_gutenberg_show_text_before_share":"","sfsi_plus_gutenberg_icon_type":"","sfsi_plus_gutenberg_icon_alignemt":"","sfsi_plus_gutenburg_max_per_row":"","om_disable_all_campaigns":false,"_monsterinsights_skip_tracking":false,"_monsterinsights_sitenote_active":false,"_monsterinsights_sitenote_note":"","_monsterinsights_sitenote_category":0,"footnotes":""},"class_list":["post-20800","page","type-page","status-publish","hentry"],"aioseo_notices":[],"_links":{"self":[{"href":"https:\/\/galeo.org\/es\/wp-json\/wp\/v2\/pages\/20800","targetHints":{"allow":["GET"]}}],"collection":[{"href":"https:\/\/galeo.org\/es\/wp-json\/wp\/v2\/pages"}],"about":[{"href":"https:\/\/galeo.org\/es\/wp-json\/wp\/v2\/types\/page"}],"author":[{"embeddable":true,"href":"https:\/\/galeo.org\/es\/wp-json\/wp\/v2\/users\/6"}],"replies":[{"embeddable":true,"href":"https:\/\/galeo.org\/es\/wp-json\/wp\/v2\/comments?post=20800"}],"version-history":[{"count":1,"href":"https:\/\/galeo.org\/es\/wp-json\/wp\/v2\/pages\/20800\/revisions"}],"predecessor-version":[{"id":20801,"href":"https:\/\/galeo.org\/es\/wp-json\/wp\/v2\/pages\/20800\/revisions\/20801"}],"up":[{"embeddable":true,"href":"https:\/\/galeo.org\/es\/wp-json\/wp\/v2\/pages\/1896"}],"wp:attachment":[{"href":"https:\/\/galeo.org\/es\/wp-json\/wp\/v2\/media?parent=20800"}],"curies":[{"name":"wp","href":"https:\/\/api.w.org\/{rel}","templated":true}]}}