{"id":20924,"date":"2024-06-13T19:12:05","date_gmt":"2024-06-13T19:12:05","guid":{"rendered":"https:\/\/galeo.org\/buscamos-un-organizador-comunitario-para-el-condado-de-gwinett\/"},"modified":"2024-06-20T21:15:39","modified_gmt":"2024-06-20T21:15:39","slug":"buscamos-un-organizador-comunitario-para-el-condado-de-gwinett","status":"publish","type":"page","link":"https:\/\/galeo.org\/es\/noticias\/buscamos-un-organizador-comunitario-para-el-condado-de-gwinett\/","title":{"rendered":"\u00a1Buscamos un Organizador Comunitario para el condado de Gwinnett!"},"content":{"rendered":"\t\t<div data-elementor-type=\"wp-page\" data-elementor-id=\"20924\" class=\"elementor elementor-20924\" data-elementor-post-type=\"page\">\n\t\t\t\t<div class=\"elementor-element elementor-element-922c00a e-flex e-con-boxed e-con e-parent\" data-id=\"922c00a\" data-element_type=\"container\" data-e-type=\"container\">\n\t\t\t\t\t<div class=\"e-con-inner\">\n\t\t\t\t<div class=\"elementor-element elementor-element-6aaeb3f elementor-widget elementor-widget-heading\" data-id=\"6aaeb3f\" data-element_type=\"widget\" data-e-type=\"widget\" data-widget_type=\"heading.default\">\n\t\t\t\t\t<h2 class=\"elementor-heading-title elementor-size-default\">GALEO busca un Organizador Comunitario para el Condado de Gwinnett<\/h2>\t\t\t\t<\/div>\n\t\t\t\t\t<\/div>\n\t\t\t\t<\/div>\n\t\t<div class=\"elementor-element elementor-element-6bbcc40 e-flex e-con-boxed e-con e-parent\" data-id=\"6bbcc40\" data-element_type=\"container\" data-e-type=\"container\">\n\t\t\t\t\t<div class=\"e-con-inner\">\n\t\t\t\t<div class=\"elementor-element elementor-element-d4c7225 elementor-widget elementor-widget-text-editor\" data-id=\"d4c7225\" data-element_type=\"widget\" data-e-type=\"widget\" data-widget_type=\"text-editor.default\">\n\t\t\t\t\t\t\t\t\t<p><b>Organizador Comunitario de Gwinnett  <\/b><\/p>\n<p><span style=\"font-weight: 400;\">Este Organizador Comunitario para Gwinnett trabaja como parte del equipo de Compromiso C\u00edvico y dirigir\u00e1 un equipo de encuestadores para lograr los objetivos del departamento. Este puesto a tiempo completo requiere horarios regulares de fin de semana y nocturnos en funci\u00f3n de los actos y actividades programados relacionados con el compromiso c\u00edvico y el trabajo de divulgaci\u00f3n comunitaria. Se requiere un medio de transporte fiable, ya que hay que viajar regularmente por el \u00e1rea metropolitana de Atlanta.  <\/span><\/p>\n<p><span style=\"font-weight: 400;\">DESCRIPCI\u00d3N DE FUNCIONES:<\/span><\/p>\n<ul>\n<li style=\"font-weight: 400;\" aria-level=\"1\"><span style=\"font-weight: 400;\">Crear y coordinar un equipo de encuestadores en el condado de Gwinnett<\/span><\/li>\n<li style=\"font-weight: 400;\" aria-level=\"1\"><span style=\"font-weight: 400;\">Construir y mantener el compromiso y los contactos con la comunidad en los condados designados<\/span><\/li>\n<li style=\"font-weight: 400;\" aria-level=\"1\"><span style=\"font-weight: 400;\">Alcanzar objetivos ambiciosos de captaci\u00f3n y contacto mediante banca telef\u00f3nica, banca de texto, prospecci\u00f3n y otros m\u00e9todos.  <\/span><\/li>\n<li style=\"font-weight: 400;\" aria-level=\"1\"><span style=\"font-weight: 400;\">Implementar y rendir cuentas como administrador de los Programas de Campo basados en m\u00e9tricas (Registro de Votantes, Recogida de Peticiones, GOTV, etc.)<\/span><\/li>\n<li style=\"font-weight: 400;\" aria-level=\"1\"><span style=\"font-weight: 400;\">Coordinar y facilitar reuniones, sesiones de formaci\u00f3n, prospecci\u00f3n en persona prestando atenci\u00f3n a los protocolos de seguridad, prospecci\u00f3n sin contacto (es decir, entrega de folletos), banca telef\u00f3nica, banca de texto y otros esfuerzos sobre el terreno para apoyar los objetivos de GALEO.<\/span><\/li>\n<li style=\"font-weight: 400;\" aria-level=\"1\"><span style=\"font-weight: 400;\">Recogida y seguimiento de datos en los sistemas de gesti\u00f3n de datos designados; presentaci\u00f3n de informes puntuales y precisos<\/span><\/li>\n<li style=\"font-weight: 400;\" aria-level=\"1\"><span style=\"font-weight: 400;\">Dirigir y trabajar con encuestadores a tiempo parcial principalmente en los condados asignados; dirigir encuestadores fuera de los condados asignados cuando se necesite apoyo adicional.<\/span><\/li>\n<li style=\"font-weight: 400;\" aria-level=\"1\"><span style=\"font-weight: 400;\">Trabaja con el Director de Compromiso C\u00edvico y el personal de GALEO para garantizar que se cumplen los objetivos del equipo de campo y resuelve los problemas cuando surgen obst\u00e1culos<\/span><\/li>\n<li style=\"font-weight: 400;\" aria-level=\"1\"><span style=\"font-weight: 400;\">Dirigir actos de justicia medioambiental, limpiezas y talleres en los condados asignados para el programa Vamos Pa&#8217;Fuera de GALEO.<\/span><\/li>\n<li style=\"font-weight: 400;\" aria-level=\"1\"><span style=\"font-weight: 400;\">Mantener archivos inform\u00e1ticos, registros y listas de contactos de forma coherente y organizada.<\/span><\/li>\n<li style=\"font-weight: 400;\" aria-level=\"1\"><span style=\"font-weight: 400;\">Crear y mantener relaciones con l\u00edderes, organizaciones y grupos comunitarios<\/span><\/li>\n<li style=\"font-weight: 400;\" aria-level=\"1\"><span style=\"font-weight: 400;\">Proporcionar apoyo estrat\u00e9gico y t\u00e9cnico a la campa\u00f1a, incluido el trabajo de campo, de comunicaci\u00f3n y administrativo, para cumplir los objetivos y prioridades de las campa\u00f1as de compromiso c\u00edvico activo.<\/span><\/li>\n<li style=\"font-weight: 400;\" aria-level=\"1\"><span style=\"font-weight: 400;\">Trabajar con su equipo para elaborar estrategias que permitan llegar a su comunidad y transmitir el mensaje de su campa\u00f1a a nuestra comunidad.<\/span><\/li>\n<li style=\"font-weight: 400;\" aria-level=\"1\"><span style=\"font-weight: 400;\">Trabaja con otros miembros del personal de GALEO en trabajos de colaboraci\u00f3n, ayuntamientos, proyectos medi\u00e1ticos, eventos, etc.<\/span><\/li>\n<li style=\"font-weight: 400;\" aria-level=\"1\"><span style=\"font-weight: 400;\">Gestionar las horas de los encuestadores, asegur\u00e1ndose de que se cumplen sus requisitos<\/span><\/li>\n<li style=\"font-weight: 400;\" aria-level=\"1\"><span style=\"font-weight: 400;\">Asistir y dirigir reuniones comunitarias, presentaciones y debates en los condados.<\/span><\/li>\n<li style=\"font-weight: 400;\" aria-level=\"1\"><span style=\"font-weight: 400;\">Llevar a cabo procedimientos de control de calidad sobre el registro de votantes y el trabajo de los encuestadores<\/span><\/li>\n<li style=\"font-weight: 400;\" aria-level=\"1\"><span style=\"font-weight: 400;\">Re\u00fanete para revisar el progreso de tu campa\u00f1a<\/span><\/li>\n<li style=\"font-weight: 400;\" aria-level=\"1\"><span style=\"font-weight: 400;\">Reunirse con los encuestadores para revisar el rendimiento<\/span><\/li>\n<li style=\"font-weight: 400;\" aria-level=\"1\"><span style=\"font-weight: 400;\">Otras tareas\/proyectos asignados por el personal de GALEO, incluidos el Director Ejecutivo y\/o el Director Adjunto, deben realizarse de forma eficiente y profesional, y a tiempo<\/span><\/li>\n<\/ul>\n<p><span style=\"font-weight: 400;\"> <\/span><\/p>\n<p><span style=\"font-weight: 400;\">Cualificaciones:<\/span><\/p>\n<ul>\n<li style=\"font-weight: 400;\" aria-level=\"1\"><span style=\"font-weight: 400;\">Licenciatura preferida pero no exigida<\/span><\/li>\n<li style=\"font-weight: 400;\" aria-level=\"1\"><span style=\"font-weight: 400;\">Deben acreditar haber recibido la vacuna COVID y el refuerzo en el momento de la contrataci\u00f3n<\/span><\/li>\n<li style=\"font-weight: 400;\" aria-level=\"1\"><span style=\"font-weight: 400;\">Capacidad para adaptarse a un horario variable<\/span><\/li>\n<li style=\"font-weight: 400;\" aria-level=\"1\"><span style=\"font-weight: 400;\">Se requiere trabajar algunos fines de semana; sin excepciones<\/span><\/li>\n<li style=\"font-weight: 400;\" aria-level=\"1\"><span style=\"font-weight: 400;\">Debe tener transporte propio fiable y un permiso de conducir v\u00e1lido<\/span><\/li>\n<li style=\"font-weight: 400;\" aria-level=\"1\"><span style=\"font-weight: 400;\">Debe dominar tanto el ingl\u00e9s como el espa\u00f1ol, con capacidad para traducir textos y comunicarse eficazmente en ambos idiomas, por escrito y oralmente.<\/span><\/li>\n<li style=\"font-weight: 400;\" aria-level=\"1\"><span style=\"font-weight: 400;\">Alguna experiencia en organizaci\u00f3n electoral, comunitaria o sindical<\/span><\/li>\n<li style=\"font-weight: 400;\" aria-level=\"1\"><span style=\"font-weight: 400;\">Capacidad para comunicarse eficazmente, trabajar bien con los dem\u00e1s, trabajar bien bajo presi\u00f3n, ser detallista y estar orientado a los objetivos<\/span><\/li>\n<li style=\"font-weight: 400;\" aria-level=\"1\"><span style=\"font-weight: 400;\">Fuertes habilidades interpersonales; enfoque diplom\u00e1tico y profesional para la resoluci\u00f3n de problemas &#8211; capacidad para pensar de forma innovadora<\/span><\/li>\n<li style=\"font-weight: 400;\" aria-level=\"1\"><span style=\"font-weight: 400;\">Debe tener conocimientos de redes sociales y sentirse c\u00f3modo en todos los medios<\/span><\/li>\n<li style=\"font-weight: 400;\" aria-level=\"1\"><span style=\"font-weight: 400;\">Los candidatos ideales tendr\u00e1n excelentes habilidades de gesti\u00f3n del tiempo, gesti\u00f3n de proyectos y organizaci\u00f3n<\/span><\/li>\n<li style=\"font-weight: 400;\" aria-level=\"1\"><span style=\"font-weight: 400;\">Se prefiere cierta experiencia en el sector no lucrativo<\/span><\/li>\n<li style=\"font-weight: 400;\" aria-level=\"1\"><span style=\"font-weight: 400;\">Disposici\u00f3n para trabajar en un entorno de ritmo r\u00e1pido<\/span><\/li>\n<li style=\"font-weight: 400;\" aria-level=\"1\"><span style=\"font-weight: 400;\">Debe tener iniciativa propia y demostrar trabajo en equipo<\/span><\/li>\n<li style=\"font-weight: 400;\" aria-level=\"1\"><span style=\"font-weight: 400;\">Debe sentirse c\u00f3modo trabajando de forma independiente<\/span><\/li>\n<li style=\"font-weight: 400;\" aria-level=\"1\"><span style=\"font-weight: 400;\">Disposici\u00f3n para crecer con el Fondo de Desarrollo de la Comunidad Latina de GALEO<\/span><\/li>\n<li style=\"font-weight: 400;\" aria-level=\"1\"><span style=\"font-weight: 400;\">Conocimiento de los problemas de la comunidad latina<\/span><\/li>\n<li style=\"font-weight: 400;\" aria-level=\"1\"><span style=\"font-weight: 400;\">Debe demostrar su compromiso con la comunidad latina y sus problemas<\/span><\/li>\n<li style=\"font-weight: 400;\" aria-level=\"1\"><span style=\"font-weight: 400;\">Se requiere competencia inform\u00e1tica; conocimientos de trabajo con programas de Windows y\/o Mac Office y diversas aplicaciones de Internet y medios sociales como Facebook.com, YouTube.com, Twitter, Instagram, LinkedIn y TikTok.<\/span><\/li>\n<\/ul>\n<p><span style=\"font-weight: 400;\"> <\/span><\/p>\n<p><span style=\"font-weight: 400;\">Misi\u00f3n: Aumentar la participaci\u00f3n c\u00edvica educando y empoderando a la comunidad latina y desarrollar l\u00edderes latinos mediante programas estrat\u00e9gicos de liderazgo en todo el estado de Georgia.<\/span><\/p>\n<p><span style=\"font-weight: 400;\">Visi\u00f3n: GALEO lucha por una Georgia mejor en la que la poblaci\u00f3n latina participe y construya comunidad, se respeten sus contribuciones y las medidas pol\u00edticas reflejen sus valores.<\/span><\/p>\n<p><span style=\"font-weight: 400;\">Nuestras creencias fundamentales son la inclusi\u00f3n, la imparcialidad, la diversidad y la receptividad. Para m\u00e1s informaci\u00f3n, visite  <\/span><a href=\"https:\/\/galeo.org\/es\/\"><br \/>\n  <span style=\"font-weight: 400;\">https:\/\/galeo.org<\/span><br \/>\n<\/a><span style=\"font-weight: 400;\">.<\/span><\/p>\n<p><span style=\"font-weight: 400;\">C\u00f3mo solicitarlo:<\/span><\/p>\n<p><span style=\"font-weight: 400;\">Env\u00ede lo siguiente por correo electr\u00f3nico:<\/span><\/p>\n<ul>\n<li style=\"font-weight: 400;\" aria-level=\"1\"><span style=\"font-weight: 400;\">una carta de presentaci\u00f3n por correo electr\u00f3nico<\/span><\/li>\n<li style=\"font-weight: 400;\" aria-level=\"1\"><span style=\"font-weight: 400;\">un curr\u00edculum vitae adjunto<\/span><\/li>\n<li style=\"font-weight: 400;\" aria-level=\"1\"><span style=\"font-weight: 400;\">lista de al menos tres (3) referencias relacionadas con el trabajo<\/span><\/li>\n<\/ul>\n<p><span style=\"font-weight: 400;\">A Darrick Alvarez, Director de Compromiso C\u00edvico, dalvarez@galeo.org. Se aceptar\u00e1n curr\u00edculos con los requisitos correspondientes enumerados anteriormente hasta que se cubra el puesto.  <\/span><\/p>\n<p><span style=\"font-weight: 400;\">Se trata de un puesto de nivel inicial con posibilidades de crecimiento.  <\/span><\/p>\n<p><span style=\"font-weight: 400;\">Salario y Beneficios:$19-$22\/ hora proporcional a la experiencia, tiempo libre pagado y vacaciones pagadas, seguro m\u00e9dico y dental.<\/span><\/p>\n<p><span style=\"font-weight: 400;\">Tipo de empleo: Tiempo completo, por horas no exento<\/span><\/p>\n<p><span style=\"font-weight: 400;\">Depende de: Director de Compromiso C\u00edvico<\/span><\/p>\n<p><span style=\"font-weight: 400;\">Localizaci\u00f3n: Gwinnett GA; Norcross, GA  <\/span><\/p>\n<p><span style=\"font-weight: 400;\">GALEO ofrece igualdad de oportunidades y anima a las personas de color, a las personas con bajos ingresos, a las mujeres, a las personas de g\u00e9nero no conforme y a las personas LGBTQI a presentar su candidatura.<\/span><\/p>\n<p><span style=\"font-weight: 400;\">GALEO LCDF y GALEO Impact Fund son empleadores que ofrecen igualdad de oportunidades y acci\u00f3n afirmativa. Se anima a todas las personas cualificadas a que presenten su candidatura, independientemente de su raza, color, credo, etnia, origen nacional, ascendencia, edad, altura, peso, sexo, identidad de g\u00e9nero, orientaci\u00f3n sexual, discapacidad, estado serol\u00f3gico respecto al VIH, estado civil o de pareja de hecho, o afiliaci\u00f3n religiosa.<\/span><\/p>\n\t\t\t\t\t\t\t\t<\/div>\n\t\t\t\t\t<\/div>\n\t\t\t\t<\/div>\n\t\t\t\t<\/div>\n\t\t","protected":false},"excerpt":{"rendered":"<p>GALEO busca un Organizador Comunitario para el Condado de Gwinnett Organizador Comunitario de Gwinnett Este Organizador Comunitario para Gwinnett trabaja como parte del equipo de Compromiso C\u00edvico y dirigir\u00e1 un equipo de encuestadores para lograr los objetivos del departamento. Este puesto a tiempo completo requiere horarios regulares de fin de semana y nocturnos en funci\u00f3n [&hellip;]<\/p>\n","protected":false},"author":6,"featured_media":0,"parent":1876,"menu_order":0,"comment_status":"closed","ping_status":"closed","template":"","meta":{"sfsi_plus_gutenberg_text_before_share":"","sfsi_plus_gutenberg_show_text_before_share":"","sfsi_plus_gutenberg_icon_type":"","sfsi_plus_gutenberg_icon_alignemt":"","sfsi_plus_gutenburg_max_per_row":"","om_disable_all_campaigns":false,"_monsterinsights_skip_tracking":false,"_monsterinsights_sitenote_active":false,"_monsterinsights_sitenote_note":"","_monsterinsights_sitenote_category":0,"footnotes":""},"class_list":["post-20924","page","type-page","status-publish","hentry"],"aioseo_notices":[],"_links":{"self":[{"href":"https:\/\/galeo.org\/es\/wp-json\/wp\/v2\/pages\/20924","targetHints":{"allow":["GET"]}}],"collection":[{"href":"https:\/\/galeo.org\/es\/wp-json\/wp\/v2\/pages"}],"about":[{"href":"https:\/\/galeo.org\/es\/wp-json\/wp\/v2\/types\/page"}],"author":[{"embeddable":true,"href":"https:\/\/galeo.org\/es\/wp-json\/wp\/v2\/users\/6"}],"replies":[{"embeddable":true,"href":"https:\/\/galeo.org\/es\/wp-json\/wp\/v2\/comments?post=20924"}],"version-history":[{"count":2,"href":"https:\/\/galeo.org\/es\/wp-json\/wp\/v2\/pages\/20924\/revisions"}],"predecessor-version":[{"id":20927,"href":"https:\/\/galeo.org\/es\/wp-json\/wp\/v2\/pages\/20924\/revisions\/20927"}],"up":[{"embeddable":true,"href":"https:\/\/galeo.org\/es\/wp-json\/wp\/v2\/pages\/1876"}],"wp:attachment":[{"href":"https:\/\/galeo.org\/es\/wp-json\/wp\/v2\/media?parent=20924"}],"curies":[{"name":"wp","href":"https:\/\/api.w.org\/{rel}","templated":true}]}}