{"id":20931,"date":"2024-06-13T21:11:35","date_gmt":"2024-06-13T21:11:35","guid":{"rendered":"https:\/\/galeo.org\/recursos-comunitarios-2\/"},"modified":"2025-02-20T19:38:19","modified_gmt":"2025-02-20T19:38:19","slug":"recursos-comunitarios-2","status":"publish","type":"page","link":"https:\/\/galeo.org\/es\/recursos-comunitarios-2\/","title":{"rendered":"Recursos comunitarios"},"content":{"rendered":"\t\t<div data-elementor-type=\"wp-page\" data-elementor-id=\"20931\" class=\"elementor elementor-20931 elementor-20867\" data-elementor-post-type=\"page\">\n\t\t\t\t<div class=\"elementor-element elementor-element-b4cffc4 e-flex e-con-boxed e-con e-parent\" data-id=\"b4cffc4\" data-element_type=\"container\" data-e-type=\"container\">\n\t\t\t\t\t<div class=\"e-con-inner\">\n\t\t\t\t<div class=\"elementor-element elementor-element-d2d3080 elementor-widget elementor-widget-text-editor\" data-id=\"d2d3080\" data-element_type=\"widget\" data-e-type=\"widget\" data-widget_type=\"text-editor.default\">\n\t\t\t\t\t\t\t\t\t<h1>Recursos comunitarios<\/h1>\n\t\t\t\t\t\t\t\t<\/div>\n\t\t\t\t\t<\/div>\n\t\t\t\t<\/div>\n\t\t<div class=\"elementor-element elementor-element-41748ef e-flex e-con-boxed e-con e-parent\" data-id=\"41748ef\" data-element_type=\"container\" data-e-type=\"container\">\n\t\t\t\t\t<div class=\"e-con-inner\">\n\t\t<div class=\"elementor-element elementor-element-07ff70c e-flex e-con-boxed e-con e-child\" data-id=\"07ff70c\" data-element_type=\"container\" data-e-type=\"container\">\n\t\t\t\t\t<div class=\"e-con-inner\">\n\t\t\t\t<div class=\"elementor-element elementor-element-2c90bca elementor-widget elementor-widget-text-editor\" data-id=\"2c90bca\" data-element_type=\"widget\" data-e-type=\"widget\" data-widget_type=\"text-editor.default\">\n\t\t\t\t\t\t\t\t\t<p><strong><a href=\"https:\/\/galeo.org\/wp-content\/uploads\/2025\/01\/CONSULADOS-Sheet1.pdf\" target=\"_blank\" rel=\"noopener\">Lista de consulados latinoamericanos<\/a><\/strong><\/p><p><strong><a href=\"https:\/\/galeo.org\/wp-content\/uploads\/2025\/01\/Conozca-Sus-Derechos.pdf\" target=\"_blank\" rel=\"noopener\">Know Your Rights\/Conozca sus derechos: \u00bfqu\u00e9 hacer si se encuentra con ICE?<\/a><\/strong><\/p><p><a href=\"https:\/\/galeo.org\/wp-content\/uploads\/2025\/01\/Conozca-y-defienda-sus-derechos-ESP-1.pdf\" target=\"_blank\" rel=\"noopener\"><strong>Conoce y defiende tus derechos. Descargar la gu\u00eda PDF Espa\u00f1ol. <\/strong><\/a><\/p><p><strong><a href=\"https:\/\/galeo.org\/wp-content\/uploads\/2025\/01\/KYR-FAQ_Detained-Adults_SPANISH_Jan2025-1.pdf\" target=\"_blank\" rel=\"noopener\">What to do if you or a beloved one is detained\/Qu\u00e9 hacer si usted o un ser querido es detenido<\/a><\/strong><\/p><p><a href=\"https:\/\/galeo.org\/wp-content\/uploads\/2025\/01\/2024-1105-Advisory-for-Localities-Law-Enforcement.pdf\" target=\"_blank\" rel=\"noopener\"><strong>Sobre la Ley de Seguimiento e Informaci\u00f3n de Extranjeros Criminales de Georgia de 2024.<\/strong><\/a><\/p><p><strong><a href=\"https:\/\/galeo.org\/wp-content\/uploads\/2025\/01\/Childhood-Providers-Recommendations-for-Safe-Spaces.pdf\" target=\"_blank\" rel=\"noopener\">Gu\u00eda para crear un \u00abespacio seguro\u00bb<\/a><\/strong><\/p><p><a href=\"https:\/\/galeo.org\/wp-content\/uploads\/2025\/01\/Healthworkers-and-ICE.pdf\" target=\"_blank\" rel=\"noopener\"><strong>Lo que los trabajadores sanitarios deben saber sobre una redada del ICE.<\/strong><\/a><\/p><p><a href=\"https:\/\/www.wehaverights.us\/spanish\" target=\"_blank\" rel=\"noopener\"><strong>Tenemos Derechos<\/strong><\/a><\/p><p class=\"page-title\"><strong><a href=\"https:\/\/lulac.org\/know_your_rights\/\">El Escudo: Kit de herramientas sobre derechos y recursos de los inmigrantes en ingl\u00e9s<\/a><\/strong><\/p><p class=\"page-title\"><strong><a href=\"https:\/\/lulac.org\/conozca_sus_derechos\/\">El Escudo: Derechos de los inmigrantes y kit de recursos<\/a><\/strong><\/p><p><strong><a href=\"https:\/\/www.unidosgeorgia.com\/derechosparatodos\" target=\"_blank\" rel=\"noopener\">Derechos de traducci\u00f3n e interpretaci\u00f3n en hospitales y cl\u00ednicas<\/a><\/strong><\/p><p><strong><a href=\"https:\/\/www.unidosgeorgia.com\/derechosparatodos\" target=\"_blank\" rel=\"noopener\">Derechos de traducci\u00f3n e interpretaci\u00f3n en escuelas y colegios<\/a><\/strong><\/p><p><strong><a href=\"https:\/\/galeo.org\/wp-content\/uploads\/2025\/02\/sifi_kyr_brochure_spanish_v2_final.pdf\" target=\"_blank\" rel=\"noopener\">Preguntas y respuestas para ayudarle a conocer sus derechos y su papel como paciente.<\/a><\/strong><\/p><p><strong><a href=\"https:\/\/www.unidosgeorgia.com\/guiasalud\" target=\"_blank\" rel=\"noopener\">\u00bfC\u00f3mo funciona el sistema de salud en los Estados Unidos? <\/a><\/strong><br \/><strong><a href=\"https:\/\/www.unidosgeorgia.com\/guiasalud\" target=\"_blank\" rel=\"noopener\">Entendiendo enfermedades cr\u00f3nicas y salud preventiva<\/a><\/strong><\/p><p><strong><a href=\"https:\/\/galeo.org\/wp-content\/uploads\/2025\/02\/LCF-Manual-Spanish-03-07-2023.pdf\" target=\"_blank\" rel=\"noopener\">Manual de propietarios e inquilinos del estado de Georgia<\/a><\/strong><\/p><p><strong><a href=\"https:\/\/galeo.org\/wp-content\/uploads\/2025\/02\/GUIA-DE-PREPARACION-PARA-FAMILIAS-INMIGRANTES.pdf\" target=\"_blank\" rel=\"noopener\">Gu\u00eda de preparaci\u00f3n para familias inmigrantes<\/a><\/strong><\/p><p><a href=\"https:\/\/galeo.org\/wp-content\/uploads\/2025\/02\/gripe-aviar.pdf\" target=\"_blank\" rel=\"noopener\"><strong>Aviso sobre la gripe aviar o bird flu en Georgia<\/strong><\/a><\/p><p>Si el Servicio de Inmigraci\u00f3n y Control de Aduanas (ICE) llama a su puerta, no le abra a menos que presenten una orden de registro judicial v\u00e1lida, NO una orden administrativa. Tiene derecho a solicitar ver la orden a trav\u00e9s de una ventana. Aseg\u00farate de que toda tu informaci\u00f3n sea correcta. Ejemplo de c\u00f3mo se ve una orden judicial:<a href=\"https:\/\/galeo.org\/wp-content\/uploads\/2025\/02\/download.png\"> orden judicial versus orden administrativa<\/a> (Fuente de informaci\u00f3n: Michigan Public Radio)<\/p><p><strong>La aplicaci\u00f3n m\u00f3vil \u00abConoce tus derechos 4 inmigrantes\u00bb de NAKASEC est\u00e1 disponible en 17 idiomas, principalmente asi\u00e1ticos<\/strong>. Te permite leer tus derechos en voz alta a un agente del ICE o de las fuerzas de seguridad y enviar un mensaje a tus contactos en caso de emergencia. La aplicaci\u00f3n tambi\u00e9n tiene otros recursos, como informaci\u00f3n general sobre \u00abConoce tus derechos\u00bb, la posibilidad de buscar un consulado y un ejemplo de plan de preparaci\u00f3n familiar. Visita <a href=\"http:\/\/bit.ly\/KYR_Aptoide\" target=\"_blank\" rel=\"noopener\">bit.ly\/KYR_Aptoide<\/a> para descargarla ahora. (Descarga para Apple: <a href=\"http:\/\/bit.ly\/KYR_Apple\" target=\"_blank\" rel=\"noopener\">bit.ly\/KYR_Apple<\/a>)<\/p><p><strong>Inmigraci\u00f3n Abogados recomendados:<br \/>Josh McCall, McCall Law<br \/><\/strong>Contacto: (678)-696-5348<br \/>Ubicaci\u00f3n: Condado de Hall<\/p><p><strong>Patrick Adams, Adams Law<\/strong><br \/>Contacto: (404) 912-8244<br \/>patrick@atlantaimmigration.law <br \/>Ubicaci\u00f3n: Condado de Fulton<\/p><p><strong>Charles Kuck y equipo, Kuck Baxter Inmigraci\u00f3n<\/strong><br \/>Contacto:<br \/>(404) 800-5538<br \/>Localizaci\u00f3n: Condado de Fulton<\/p><p><a href=\"https:\/\/lopezimmigration.com\/en\/lawyer-zulma-lopez\/\" target=\"_blank\" rel=\"noopener\"><strong>Zulma Lopez, Lopez Immigration<\/strong><\/a><br \/>Contacto:<br \/>(404) 423-0179<br \/>Localizaci\u00f3n: Fulton County<\/p><p><strong>Pol\u00edticas para Programas de Primera Infancia<\/strong><\/p><p><strong>ORGANIZACIONES DE ASESORAMIENTO SOBRE INMIGRACI\u00d3N DE BAJO COSTE<\/strong><\/p><p><strong>CATHOLIC CHARITIES ATLANTA<\/strong><br \/><strong>Contacto:<\/strong><br \/>(678) 222-3920<br \/><a href=\"mailto:help@ccatlanta.org\" target=\"_blank\" rel=\"noopener\">help@ccatlanta.org<\/a><br \/><a href=\"https:\/\/catholiccharitiesatlanta.org\/\" target=\"_blank\" rel=\"noopener\">https:\/\/catholiccharitiesatlanta.org\/<\/a><br \/><strong>Servicios ofrecidos:<\/strong><br \/>Peticiones familiares, visados U, visados T, ciudadan\u00eda, casos de ni\u00f1os inmigrantes, Estatus de Protecci\u00f3n Temporal (TPS) y muchos otros tipos de casos.<\/p><p><strong>ASOCIACI\u00d3N LATINOAMERICANA<\/strong><br \/><strong>Atlanta Outreach Center:<\/strong><br \/>404-471-1889<br \/><a href=\"mailto:inmigrationservices@thelaa.org\" target=\"_blank\" rel=\"noopener\">inmigrationservices@thelaa.org<\/a><br \/><a href=\"https:\/\/thelaa.org\/\" target=\"_blank\" rel=\"noopener\">https:\/\/thelaa.org\/<\/a><br \/>Servicios ofrecidos:<br \/>Solicitudes de Ciudadan\u00eda, Solicitudes y Renovaciones de Residencia Permanente Legal (Tarjeta Verde), Solicitudes de Ajuste de Estatus (Residencia), Peticiones Familiares, Ajuste de Estatus, Tramitaci\u00f3n Consular Solicitudes Iniciales y Renovaciones de Acci\u00f3n Diferida para los Llegados en la Infancia (DACA), Estatus de Protecci\u00f3n Temporal Solicitudes y renovaciones de permisos de trabajo Exenciones por determinados delitos e infracciones de inmigraci\u00f3n Servicios de inmigraci\u00f3n para v\u00edctimas de delitos Servicios de inmigraci\u00f3n para menores Mociones del Tribunal de Inmigraci\u00f3n<br \/>Exenciones por determinados delitos e infracciones de inmigraci\u00f3n Servicios de inmigraci\u00f3n para v\u00edctimas de delitos Servicios de inmigraci\u00f3n para menores Mociones del Tribunal de Inmigraci\u00f3n Servicios de defensa contra la deportaci\u00f3n (sin detenci\u00f3n)<\/p><p><strong>IMMIGRANT HOPE ATLANTA<\/strong><br \/><strong>Immigrant Hope Atlanta se centra en servicios jur\u00eddicos de inmigraci\u00f3n basados en la familia<\/strong><br \/>Contacto:<br \/>Ingl\u00e9s: 470-462-9927<br \/>Espa\u00f1ol: 404-291-1139<br \/><a href=\"https:\/\/www.hopeatl.org\/\" target=\"_blank\" rel=\"noopener\">https:\/\/www.hopeatl.org\/<\/a><br \/>Servicios ofrecidos:<br \/>Renovaci\u00f3n de la tarjeta de residencia, solicitud de ciudadan\u00eda y otros servicios legales de inmigraci\u00f3n<\/p><p><strong>CONEXI\u00d3N DE INMIGRANTES DE GEORGIA<\/strong><br \/>Contacto:<br \/>404-907-1927<br \/><a href=\"mailto:adriana@wicga.com\" target=\"_blank\" rel=\"noopener\">adriana@wicga.com<\/a><br \/><a href=\"https:\/\/www.wicga.com\/\" target=\"_blank\" rel=\"noopener\">https:\/\/www.wicga.com\/<\/a><br \/>Servicios ofrecidos:<br \/>Consultas generales, peticiones basadas en la familia, ajuste de estatus, naturalizaci\u00f3n, asilo\/refugiados, autorizaci\u00f3n de trabajo, tramitaci\u00f3n consular, apoyo a la declaraci\u00f3n jurada, TPS, renovaciones y m\u00e1s.<\/p><p><strong>TAPESTRI INC.<\/strong><br \/>Contacto:<br \/>(404) 299-2185<br \/><a href=\"mailto:tapestri@tapestri.org\" target=\"_blank\" rel=\"noopener\">tapestri@tapestri.org<\/a><br \/><a href=\"https:\/\/tapestri.org\/\" target=\"_blank\" rel=\"noopener\">https:\/\/tapestri.org\/<\/a><br \/>Servicios ofrecidos:<br \/>Programa contra la Violencia Dom\u00e9stica, Respuesta contra la Trata de Seres Humanos, Programa de Intervenci\u00f3n contra la Violencia Familiar y Programa para Menores No Acompa\u00f1ados.<\/p><p><strong>Center for Pan Asian Community Services, Inc.<\/strong><br \/>Contacto:<br \/>(770) 936-0969<br \/>3510 Shallowford Rd NE, Atlanta, GA 30341<br \/><a href=\"http:\/\/www.cpacs.org\" target=\"_blank\" rel=\"noopener\">http:\/\/www.cpacs.org<\/a><br \/><a href=\"mailto:cpacs@cpacs.org\" target=\"_blank\" rel=\"noopener\">cpacs@cpacs.org<\/a><br \/>Servicios ofrecidos: Ajuste de estatus, Acci\u00f3n Diferida para los Llegados en la Infancia (DACA),Autorizaci\u00f3n de , Peticiones basadas en la familia, Naturalizaci\u00f3n\/Ciudadan\u00eda, Tipos de asistencia legal Ayuda para rellenar formularios, Presentaciones ante el USCIS<\/p><p><strong>El Refug<\/strong>io<br \/>El Refugio acompa\u00f1a a los inmigrantes del Centro de Detenci\u00f3n Stewart y a sus seres queridos mediante la hospitalidad, las visitas, el apoyo y la defensa.<br \/>Contacto:<br \/>(404)-480-4780<br \/>650 S. Central Ave #82101<br \/>Hapeville, GA 30354<br \/><a href=\"mailto:info@elrefugioministry.org\" target=\"_blank\" rel=\"noopener\">info@elrefugioministry.org<\/a><br \/><a href=\"https:\/\/elrefugiostewart.org\/\" target=\"_blank\" rel=\"noopener\">https:\/\/elrefugiostewart.org\/<\/a><\/p><p><strong>RECURSOS E INFORMACI\u00d3N PARA LAS FAMILIAS<\/strong><\/p><p><strong>Caminar Latino:<\/strong><br \/>Programa integral de intervenci\u00f3n contra la violencia dom\u00e9stica en Georgia para familias latinas.<br \/>Contacto:<br \/>(855)-226-4627<br \/><a href=\"mailto:info@caminarlatino.org\" target=\"_blank\" rel=\"noopener\">info@caminarlatino.org<\/a><br \/><a href=\"http:\/\/www.caminarlatino.org\" target=\"_blank\" rel=\"noopener\">www.caminarlatino.org<\/a><\/p><p><strong>Casa Alterna:<\/strong><br \/>La Casa ofrece ayuda a las personas que han entrado buscando asilo y no tienen recursos.<br \/>Contacto:<br \/>(706) 302-9661<br \/><a href=\"mailto:info@casaalterna.org\" target=\"_blank\" rel=\"noopener\">info@casaalterna.org<\/a><br \/><a href=\"https:\/\/casaalterna.org\/\">https:\/\/casaalterna.org\/<\/a><\/p><p><strong>CLILA: Coalici\u00f3n de L\u00edderes Latinos<\/strong><br \/>Promueve la integraci\u00f3n social, la participaci\u00f3n c\u00edvica y la diversidad cultural de los latinos.<br \/>Contacto:<br \/>(706) 529-9216<br \/>2518 E Walnut Ave, Dalton, GA<br \/>Servicios ofrecidos:<br \/>Clases de ingl\u00e9s. Clases de ciudadan\u00eda, asistencia para la inscripci\u00f3n en medicaid, charlas sobre salud mental, asistencia para la inscripci\u00f3n en STAMP, asistencia para la inscripci\u00f3n en medicaid, apoyo para la depresi\u00f3n y la ansiedad, grupo folcl\u00f3rico, consultas gratuitas con abogados de inmigraci\u00f3n, asistencia para el programa DACA, asistencia para alimentos y residencia<\/p>\t\t\t\t\t\t\t\t<\/div>\n\t\t\t\t<div class=\"elementor-element elementor-element-b20566a elementor-shape-circle elementor-grid-0 e-grid-align-center elementor-widget elementor-widget-social-icons\" data-id=\"b20566a\" data-element_type=\"widget\" data-e-type=\"widget\" data-widget_type=\"social-icons.default\">\n\t\t\t\t\t\t\t<div class=\"elementor-social-icons-wrapper elementor-grid\" role=\"list\">\n\t\t\t\t\t\t\t<span class=\"elementor-grid-item\" role=\"listitem\">\n\t\t\t\t\t<a class=\"elementor-icon elementor-social-icon elementor-social-icon-envelope elementor-repeater-item-0591f2d\" href=\"mailto:jalvarez@galeo.org\" target=\"_blank\">\n\t\t\t\t\t\t<span class=\"elementor-screen-only\">Envelope<\/span>\n\t\t\t\t\t\t<svg aria-hidden=\"true\" class=\"e-font-icon-svg e-fas-envelope\" viewBox=\"0 0 512 512\" xmlns=\"http:\/\/www.w3.org\/2000\/svg\"><path d=\"M502.3 190.8c3.9-3.1 9.7-.2 9.7 4.7V400c0 26.5-21.5 48-48 48H48c-26.5 0-48-21.5-48-48V195.6c0-5 5.7-7.8 9.7-4.7 22.4 17.4 52.1 39.5 154.1 113.6 21.1 15.4 56.7 47.8 92.2 47.6 35.7.3 72-32.8 92.3-47.6 102-74.1 131.6-96.3 154-113.7zM256 320c23.2.4 56.6-29.2 73.4-41.4 132.7-96.3 142.8-104.7 173.4-128.7 5.8-4.5 9.2-11.5 9.2-18.9v-19c0-26.5-21.5-48-48-48H48C21.5 64 0 85.5 0 112v19c0 7.4 3.4 14.3 9.2 18.9 30.6 23.9 40.7 32.4 173.4 128.7 16.8 12.2 50.2 41.8 73.4 41.4z\"><\/path><\/svg>\t\t\t\t\t<\/a>\n\t\t\t\t<\/span>\n\t\t\t\t\t\t\t<span class=\"elementor-grid-item\" role=\"listitem\">\n\t\t\t\t\t<a class=\"elementor-icon elementor-social-icon elementor-social-icon-linkedin elementor-repeater-item-7b683b8\" target=\"_blank\">\n\t\t\t\t\t\t<span class=\"elementor-screen-only\">Linkedin<\/span>\n\t\t\t\t\t\t<svg aria-hidden=\"true\" class=\"e-font-icon-svg e-fab-linkedin\" viewBox=\"0 0 448 512\" xmlns=\"http:\/\/www.w3.org\/2000\/svg\"><path d=\"M416 32H31.9C14.3 32 0 46.5 0 64.3v383.4C0 465.5 14.3 480 31.9 480H416c17.6 0 32-14.5 32-32.3V64.3c0-17.8-14.4-32.3-32-32.3zM135.4 416H69V202.2h66.5V416zm-33.2-243c-21.3 0-38.5-17.3-38.5-38.5S80.9 96 102.2 96c21.2 0 38.5 17.3 38.5 38.5 0 21.3-17.2 38.5-38.5 38.5zm282.1 243h-66.4V312c0-24.8-.5-56.7-34.5-56.7-34.6 0-39.9 27-39.9 54.9V416h-66.4V202.2h63.7v29.2h.9c8.9-16.8 30.6-34.5 62.9-34.5 67.2 0 79.7 44.3 79.7 101.9V416z\"><\/path><\/svg>\t\t\t\t\t<\/a>\n\t\t\t\t<\/span>\n\t\t\t\t\t<\/div>\n\t\t\t\t\t\t<\/div>\n\t\t\t\t<div class=\"elementor-element elementor-element-426ba79 elementor-shape-circle elementor-grid-0 e-grid-align-center elementor-widget elementor-widget-social-icons\" data-id=\"426ba79\" data-element_type=\"widget\" data-e-type=\"widget\" data-widget_type=\"social-icons.default\">\n\t\t\t\t\t\t\t<div class=\"elementor-social-icons-wrapper elementor-grid\" role=\"list\">\n\t\t\t\t\t\t\t<span class=\"elementor-grid-item\" role=\"listitem\">\n\t\t\t\t\t<a class=\"elementor-icon elementor-social-icon elementor-social-icon-envelope elementor-repeater-item-0591f2d\" href=\"mailto:jalvarez@galeo.org\" target=\"_blank\">\n\t\t\t\t\t\t<span class=\"elementor-screen-only\">Envelope<\/span>\n\t\t\t\t\t\t<svg aria-hidden=\"true\" class=\"e-font-icon-svg e-fas-envelope\" viewBox=\"0 0 512 512\" xmlns=\"http:\/\/www.w3.org\/2000\/svg\"><path d=\"M502.3 190.8c3.9-3.1 9.7-.2 9.7 4.7V400c0 26.5-21.5 48-48 48H48c-26.5 0-48-21.5-48-48V195.6c0-5 5.7-7.8 9.7-4.7 22.4 17.4 52.1 39.5 154.1 113.6 21.1 15.4 56.7 47.8 92.2 47.6 35.7.3 72-32.8 92.3-47.6 102-74.1 131.6-96.3 154-113.7zM256 320c23.2.4 56.6-29.2 73.4-41.4 132.7-96.3 142.8-104.7 173.4-128.7 5.8-4.5 9.2-11.5 9.2-18.9v-19c0-26.5-21.5-48-48-48H48C21.5 64 0 85.5 0 112v19c0 7.4 3.4 14.3 9.2 18.9 30.6 23.9 40.7 32.4 173.4 128.7 16.8 12.2 50.2 41.8 73.4 41.4z\"><\/path><\/svg>\t\t\t\t\t<\/a>\n\t\t\t\t<\/span>\n\t\t\t\t\t\t\t<span class=\"elementor-grid-item\" role=\"listitem\">\n\t\t\t\t\t<a class=\"elementor-icon elementor-social-icon elementor-social-icon-linkedin elementor-repeater-item-7b683b8\" target=\"_blank\">\n\t\t\t\t\t\t<span class=\"elementor-screen-only\">Linkedin<\/span>\n\t\t\t\t\t\t<svg aria-hidden=\"true\" class=\"e-font-icon-svg e-fab-linkedin\" viewBox=\"0 0 448 512\" xmlns=\"http:\/\/www.w3.org\/2000\/svg\"><path d=\"M416 32H31.9C14.3 32 0 46.5 0 64.3v383.4C0 465.5 14.3 480 31.9 480H416c17.6 0 32-14.5 32-32.3V64.3c0-17.8-14.4-32.3-32-32.3zM135.4 416H69V202.2h66.5V416zm-33.2-243c-21.3 0-38.5-17.3-38.5-38.5S80.9 96 102.2 96c21.2 0 38.5 17.3 38.5 38.5 0 21.3-17.2 38.5-38.5 38.5zm282.1 243h-66.4V312c0-24.8-.5-56.7-34.5-56.7-34.6 0-39.9 27-39.9 54.9V416h-66.4V202.2h63.7v29.2h.9c8.9-16.8 30.6-34.5 62.9-34.5 67.2 0 79.7 44.3 79.7 101.9V416z\"><\/path><\/svg>\t\t\t\t\t<\/a>\n\t\t\t\t<\/span>\n\t\t\t\t\t<\/div>\n\t\t\t\t\t\t<\/div>\n\t\t\t\t\t<\/div>\n\t\t\t\t<\/div>\n\t\t\t\t\t<\/div>\n\t\t\t\t<\/div>\n\t\t\t\t<\/div>\n\t\t","protected":false},"excerpt":{"rendered":"<p>Recursos comunitarios Lista de consulados latinoamericanos Know Your Rights\/Conozca sus derechos: \u00bfqu\u00e9 hacer si se encuentra con ICE? Conoce y defiende tus derechos. Descargar la gu\u00eda PDF Espa\u00f1ol. What to do if you or a beloved one is detained\/Qu\u00e9 hacer si usted o un ser querido es detenido Sobre la Ley de Seguimiento e Informaci\u00f3n [&hellip;]<\/p>\n","protected":false},"author":8,"featured_media":0,"parent":0,"menu_order":0,"comment_status":"closed","ping_status":"closed","template":"","meta":{"sfsi_plus_gutenberg_text_before_share":"","sfsi_plus_gutenberg_show_text_before_share":"","sfsi_plus_gutenberg_icon_type":"","sfsi_plus_gutenberg_icon_alignemt":"","sfsi_plus_gutenburg_max_per_row":"","om_disable_all_campaigns":false,"_monsterinsights_skip_tracking":false,"_monsterinsights_sitenote_active":false,"_monsterinsights_sitenote_note":"","_monsterinsights_sitenote_category":0,"footnotes":""},"class_list":["post-20931","page","type-page","status-publish","hentry"],"aioseo_notices":[],"_links":{"self":[{"href":"https:\/\/galeo.org\/es\/wp-json\/wp\/v2\/pages\/20931","targetHints":{"allow":["GET"]}}],"collection":[{"href":"https:\/\/galeo.org\/es\/wp-json\/wp\/v2\/pages"}],"about":[{"href":"https:\/\/galeo.org\/es\/wp-json\/wp\/v2\/types\/page"}],"author":[{"embeddable":true,"href":"https:\/\/galeo.org\/es\/wp-json\/wp\/v2\/users\/8"}],"replies":[{"embeddable":true,"href":"https:\/\/galeo.org\/es\/wp-json\/wp\/v2\/comments?post=20931"}],"version-history":[{"count":5,"href":"https:\/\/galeo.org\/es\/wp-json\/wp\/v2\/pages\/20931\/revisions"}],"predecessor-version":[{"id":23302,"href":"https:\/\/galeo.org\/es\/wp-json\/wp\/v2\/pages\/20931\/revisions\/23302"}],"wp:attachment":[{"href":"https:\/\/galeo.org\/es\/wp-json\/wp\/v2\/media?parent=20931"}],"curies":[{"name":"wp","href":"https:\/\/api.w.org\/{rel}","templated":true}]}}