{"id":20962,"date":"2024-06-20T21:06:29","date_gmt":"2024-06-20T21:06:29","guid":{"rendered":"https:\/\/galeo.org\/jessica-alvarez\/"},"modified":"2024-06-20T21:11:27","modified_gmt":"2024-06-20T21:11:27","slug":"jessica-alvarez","status":"publish","type":"page","link":"https:\/\/galeo.org\/es\/sobre-nosotros\/personal-de-galeo\/jessica-alvarez\/","title":{"rendered":"Jessica \u00c1lvarez"},"content":{"rendered":"\t\t<div data-elementor-type=\"wp-page\" data-elementor-id=\"20962\" class=\"elementor elementor-20962 elementor-20957\" data-elementor-post-type=\"page\">\n\t\t\t\t<div class=\"elementor-element elementor-element-bb42abe e-flex e-con-boxed e-con e-parent\" data-id=\"bb42abe\" data-element_type=\"container\" data-e-type=\"container\">\n\t\t\t\t\t<div class=\"e-con-inner\">\n\t\t\t\t<div class=\"elementor-element elementor-element-a0b8592 elementor-widget elementor-widget-heading\" data-id=\"a0b8592\" data-element_type=\"widget\" data-e-type=\"widget\" data-widget_type=\"heading.default\">\n\t\t\t\t\t<h2 class=\"elementor-heading-title elementor-size-default\">Jessica \u00c1lvarez<\/h2>\t\t\t\t<\/div>\n\t\t\t\t\t<\/div>\n\t\t\t\t<\/div>\n\t\t<div class=\"elementor-element elementor-element-e7e3c15 e-flex e-con-boxed e-con e-parent\" data-id=\"e7e3c15\" data-element_type=\"container\" data-e-type=\"container\">\n\t\t\t\t\t<div class=\"e-con-inner\">\n\t\t\t\t<div class=\"elementor-element elementor-element-b669abd elementor-widget elementor-widget-heading\" data-id=\"b669abd\" data-element_type=\"widget\" data-e-type=\"widget\" data-widget_type=\"heading.default\">\n\t\t\t\t\t<h3 class=\"elementor-heading-title elementor-size-default\">Organizador Comunitario del Condado de Cobb<\/h3>\t\t\t\t<\/div>\n\t\t\t\t\t<\/div>\n\t\t\t\t<\/div>\n\t\t<div class=\"elementor-element elementor-element-84b9c1e e-flex e-con-boxed e-con e-parent\" data-id=\"84b9c1e\" data-element_type=\"container\" data-e-type=\"container\">\n\t\t\t\t\t<div class=\"e-con-inner\">\n\t\t\t\t<div class=\"elementor-element elementor-element-81545b1 elementor-shape-circle e-grid-align-left elementor-grid-0 elementor-widget elementor-widget-social-icons\" data-id=\"81545b1\" data-element_type=\"widget\" data-e-type=\"widget\" data-widget_type=\"social-icons.default\">\n\t\t\t\t\t\t\t<div class=\"elementor-social-icons-wrapper elementor-grid\" role=\"list\">\n\t\t\t\t\t\t\t<span class=\"elementor-grid-item\" role=\"listitem\">\n\t\t\t\t\t<a class=\"elementor-icon elementor-social-icon elementor-social-icon-envelope elementor-repeater-item-0591f2d\" href=\"mailto:jalvarez@galeo.org\" target=\"_blank\">\n\t\t\t\t\t\t<span class=\"elementor-screen-only\">Envelope<\/span>\n\t\t\t\t\t\t<svg aria-hidden=\"true\" class=\"e-font-icon-svg e-fas-envelope\" viewBox=\"0 0 512 512\" xmlns=\"http:\/\/www.w3.org\/2000\/svg\"><path d=\"M502.3 190.8c3.9-3.1 9.7-.2 9.7 4.7V400c0 26.5-21.5 48-48 48H48c-26.5 0-48-21.5-48-48V195.6c0-5 5.7-7.8 9.7-4.7 22.4 17.4 52.1 39.5 154.1 113.6 21.1 15.4 56.7 47.8 92.2 47.6 35.7.3 72-32.8 92.3-47.6 102-74.1 131.6-96.3 154-113.7zM256 320c23.2.4 56.6-29.2 73.4-41.4 132.7-96.3 142.8-104.7 173.4-128.7 5.8-4.5 9.2-11.5 9.2-18.9v-19c0-26.5-21.5-48-48-48H48C21.5 64 0 85.5 0 112v19c0 7.4 3.4 14.3 9.2 18.9 30.6 23.9 40.7 32.4 173.4 128.7 16.8 12.2 50.2 41.8 73.4 41.4z\"><\/path><\/svg>\t\t\t\t\t<\/a>\n\t\t\t\t<\/span>\n\t\t\t\t\t\t\t<span class=\"elementor-grid-item\" role=\"listitem\">\n\t\t\t\t\t<a class=\"elementor-icon elementor-social-icon elementor-social-icon-linkedin elementor-repeater-item-7b683b8\" target=\"_blank\">\n\t\t\t\t\t\t<span class=\"elementor-screen-only\">Linkedin<\/span>\n\t\t\t\t\t\t<svg aria-hidden=\"true\" class=\"e-font-icon-svg e-fab-linkedin\" viewBox=\"0 0 448 512\" xmlns=\"http:\/\/www.w3.org\/2000\/svg\"><path d=\"M416 32H31.9C14.3 32 0 46.5 0 64.3v383.4C0 465.5 14.3 480 31.9 480H416c17.6 0 32-14.5 32-32.3V64.3c0-17.8-14.4-32.3-32-32.3zM135.4 416H69V202.2h66.5V416zm-33.2-243c-21.3 0-38.5-17.3-38.5-38.5S80.9 96 102.2 96c21.2 0 38.5 17.3 38.5 38.5 0 21.3-17.2 38.5-38.5 38.5zm282.1 243h-66.4V312c0-24.8-.5-56.7-34.5-56.7-34.6 0-39.9 27-39.9 54.9V416h-66.4V202.2h63.7v29.2h.9c8.9-16.8 30.6-34.5 62.9-34.5 67.2 0 79.7 44.3 79.7 101.9V416z\"><\/path><\/svg>\t\t\t\t\t<\/a>\n\t\t\t\t<\/span>\n\t\t\t\t\t<\/div>\n\t\t\t\t\t\t<\/div>\n\t\t\t\t\t<\/div>\n\t\t\t\t<\/div>\n\t\t<div class=\"elementor-element elementor-element-f5454a2 e-flex e-con-boxed e-con e-parent\" data-id=\"f5454a2\" data-element_type=\"container\" data-e-type=\"container\">\n\t\t\t\t\t<div class=\"e-con-inner\">\n\t\t<div class=\"elementor-element elementor-element-2f84408 e-con-full e-flex e-con e-child\" data-id=\"2f84408\" data-element_type=\"container\" data-e-type=\"container\">\n\t\t\t\t<div class=\"elementor-element elementor-element-bb781d0 elementor-widget elementor-widget-text-editor\" data-id=\"bb781d0\" data-element_type=\"widget\" data-e-type=\"widget\" data-widget_type=\"text-editor.default\">\n\t\t\t\t\t\t\t\t\t<p>Nacida en Lima, Per\u00fa, Jessica \u00c1lvarez residi\u00f3 all\u00ed hasta los 7 a\u00f1os. En ese momento, ella, junto con su familia, emigr\u00f3 a Estados Unidos. Licenciada en Econom\u00eda por la Universidad Estatal de Kennesaw, Jessica se incorpor\u00f3 a GALEO como encuestadora en agosto de 2022 y recientemente, en junio de 2024, asumi\u00f3 el cargo de organizadora comunitaria.<\/p>\n<p>Durante las dos \u00faltimas d\u00e9cadas, el condado de Cobb ha sido su morada. Testigo del crecimiento y la prosperidad del condado, Jessica ha observado directamente el impacto beneficioso de la diversidad y la inclusi\u00f3n en la comunidad. Durante su tiempo libre, se entretiene escuchando novelas polic\u00edacas, explorando nuevas playas y persiguiendo perpetuamente las puestas de sol.<\/p>\n<p>Una de sus citas favoritas: \u00abNo te esfuerces por tener \u00e9xito, sino por ser valioso\u00bb -Albert Einstein<\/p>\n\t\t\t\t\t\t\t\t<\/div>\n\t\t\t\t<\/div>\n\t\t<div class=\"elementor-element elementor-element-4c6682e e-con-full e-flex e-con e-child\" data-id=\"4c6682e\" data-element_type=\"container\" data-e-type=\"container\">\n\t\t\t\t<div class=\"elementor-element elementor-element-cd1462e elementor-widget elementor-widget-image\" data-id=\"cd1462e\" data-element_type=\"widget\" data-e-type=\"widget\" data-widget_type=\"image.default\">\n\t\t\t\t\t\t\t\t\t\t\t\t\t\t\t<img fetchpriority=\"high\" decoding=\"async\" width=\"800\" height=\"800\" src=\"https:\/\/galeo.org\/wp-content\/uploads\/2024\/06\/GALEO-Headshots-1-1024x1024.png\" class=\"attachment-large size-large wp-image-20939\" alt=\"\" srcset=\"https:\/\/galeo.org\/wp-content\/uploads\/2024\/06\/GALEO-Headshots-1-1024x1024.png 1024w, https:\/\/galeo.org\/wp-content\/uploads\/2024\/06\/GALEO-Headshots-1-300x300.png 300w, https:\/\/galeo.org\/wp-content\/uploads\/2024\/06\/GALEO-Headshots-1-100x100.png 100w, https:\/\/galeo.org\/wp-content\/uploads\/2024\/06\/GALEO-Headshots-1-600x600.png 600w, https:\/\/galeo.org\/wp-content\/uploads\/2024\/06\/GALEO-Headshots-1-150x150.png 150w, https:\/\/galeo.org\/wp-content\/uploads\/2024\/06\/GALEO-Headshots-1-768x768.png 768w, https:\/\/galeo.org\/wp-content\/uploads\/2024\/06\/GALEO-Headshots-1.png 1080w\" sizes=\"(max-width: 800px) 100vw, 800px\" \/>\t\t\t\t\t\t\t\t\t\t\t\t\t\t\t<\/div>\n\t\t\t\t<\/div>\n\t\t\t\t\t<\/div>\n\t\t\t\t<\/div>\n\t\t\t\t<\/div>\n\t\t","protected":false},"excerpt":{"rendered":"<p>Jessica \u00c1lvarez Organizador Comunitario del Condado de Cobb Envelope Linkedin Nacida en Lima, Per\u00fa, Jessica \u00c1lvarez residi\u00f3 all\u00ed hasta los 7 a\u00f1os. En ese momento, ella, junto con su familia, emigr\u00f3 a Estados Unidos. Licenciada en Econom\u00eda por la Universidad Estatal de Kennesaw, Jessica se incorpor\u00f3 a GALEO como encuestadora en agosto de 2022 y [&hellip;]<\/p>\n","protected":false},"author":6,"featured_media":0,"parent":1896,"menu_order":0,"comment_status":"closed","ping_status":"closed","template":"","meta":{"sfsi_plus_gutenberg_text_before_share":"","sfsi_plus_gutenberg_show_text_before_share":"","sfsi_plus_gutenberg_icon_type":"","sfsi_plus_gutenberg_icon_alignemt":"","sfsi_plus_gutenburg_max_per_row":"","om_disable_all_campaigns":false,"_monsterinsights_skip_tracking":false,"_monsterinsights_sitenote_active":false,"_monsterinsights_sitenote_note":"","_monsterinsights_sitenote_category":0,"footnotes":""},"class_list":["post-20962","page","type-page","status-publish","hentry"],"aioseo_notices":[],"_links":{"self":[{"href":"https:\/\/galeo.org\/es\/wp-json\/wp\/v2\/pages\/20962","targetHints":{"allow":["GET"]}}],"collection":[{"href":"https:\/\/galeo.org\/es\/wp-json\/wp\/v2\/pages"}],"about":[{"href":"https:\/\/galeo.org\/es\/wp-json\/wp\/v2\/types\/page"}],"author":[{"embeddable":true,"href":"https:\/\/galeo.org\/es\/wp-json\/wp\/v2\/users\/6"}],"replies":[{"embeddable":true,"href":"https:\/\/galeo.org\/es\/wp-json\/wp\/v2\/comments?post=20962"}],"version-history":[{"count":3,"href":"https:\/\/galeo.org\/es\/wp-json\/wp\/v2\/pages\/20962\/revisions"}],"predecessor-version":[{"id":20968,"href":"https:\/\/galeo.org\/es\/wp-json\/wp\/v2\/pages\/20962\/revisions\/20968"}],"up":[{"embeddable":true,"href":"https:\/\/galeo.org\/es\/wp-json\/wp\/v2\/pages\/1896"}],"wp:attachment":[{"href":"https:\/\/galeo.org\/es\/wp-json\/wp\/v2\/media?parent=20962"}],"curies":[{"name":"wp","href":"https:\/\/api.w.org\/{rel}","templated":true}]}}