{"id":21187,"date":"2024-08-01T22:52:48","date_gmt":"2024-08-01T22:52:48","guid":{"rendered":"https:\/\/galeo.org\/juntos-somos-mas-aqui-estamos\/"},"modified":"2024-08-01T23:01:02","modified_gmt":"2024-08-01T23:01:02","slug":"juntos-somos-mas-aqui-estamos","status":"publish","type":"page","link":"https:\/\/galeo.org\/es\/noticias\/juntos-somos-mas-aqui-estamos\/","title":{"rendered":"Juntos Somos M\u00e1s: Aqu\u00ed Estamos"},"content":{"rendered":"\t\t<div data-elementor-type=\"wp-page\" data-elementor-id=\"21187\" class=\"elementor elementor-21187 elementor-21178\" data-elementor-post-type=\"page\">\n\t\t\t\t<div class=\"elementor-element elementor-element-5858c2e e-flex e-con-boxed e-con e-parent\" data-id=\"5858c2e\" data-element_type=\"container\" data-e-type=\"container\">\n\t\t\t\t\t<div class=\"e-con-inner\">\n\t\t\t\t<div class=\"elementor-element elementor-element-e811497 elementor-widget elementor-widget-image\" data-id=\"e811497\" data-element_type=\"widget\" data-e-type=\"widget\" data-widget_type=\"image.default\">\n\t\t\t\t\t\t\t\t\t\t\t\t\t\t\t<img fetchpriority=\"high\" decoding=\"async\" width=\"1920\" height=\"1080\" src=\"https:\/\/galeo.org\/wp-content\/uploads\/2024\/07\/PODCAST-1920-x-1080-px.png\" class=\"attachment-2048x2048 size-2048x2048 wp-image-21141\" alt=\"\" srcset=\"https:\/\/galeo.org\/wp-content\/uploads\/2024\/07\/PODCAST-1920-x-1080-px.png 1920w, https:\/\/galeo.org\/wp-content\/uploads\/2024\/07\/PODCAST-1920-x-1080-px-600x338.png 600w, https:\/\/galeo.org\/wp-content\/uploads\/2024\/07\/PODCAST-1920-x-1080-px-300x169.png 300w, https:\/\/galeo.org\/wp-content\/uploads\/2024\/07\/PODCAST-1920-x-1080-px-1024x576.png 1024w, https:\/\/galeo.org\/wp-content\/uploads\/2024\/07\/PODCAST-1920-x-1080-px-768x432.png 768w, https:\/\/galeo.org\/wp-content\/uploads\/2024\/07\/PODCAST-1920-x-1080-px-1536x864.png 1536w\" sizes=\"(max-width: 1920px) 100vw, 1920px\" \/>\t\t\t\t\t\t\t\t\t\t\t\t\t\t\t<\/div>\n\t\t\t\t\t<\/div>\n\t\t\t\t<\/div>\n\t\t<div class=\"elementor-element elementor-element-e966337 e-flex e-con-boxed e-con e-parent\" data-id=\"e966337\" data-element_type=\"container\" data-e-type=\"container\">\n\t\t\t\t\t<div class=\"e-con-inner\">\n\t\t\t\t<div class=\"elementor-element elementor-element-b544252 elementor-widget elementor-widget-text-editor\" data-id=\"b544252\" data-element_type=\"widget\" data-e-type=\"widget\" data-widget_type=\"text-editor.default\">\n\t\t\t\t\t\t\t\t\t<p>GALEO y GALEO Impact Fund, organizaciones hermanas y principales defensores del aumento de la participaci\u00f3n c\u00edvica de los latinos en Georgia, anuncian con orgullo el lanzamiento de su innovadora serie de emisiones en directo destinadas a implicar y capacitar a la comunidad latina de todo el estado. Esta innovadora iniciativa, titulada \u00abJuntos, \u00a1Somos M\u00e1s!\u00bb, servir\u00e1 de plataforma fundamental para fomentar el di\u00e1logo, promover la defensa y amplificar las voces de los latinos en Georgia.<\/p>\n<p>Programado para debutar el 23 de julio de 2024, \u00abJuntos, \u00a1Somos M\u00e1s!\u00bb contar\u00e1 con una diversa gama de invitados, entre los que se incluyen l\u00edderes comunitarios, activistas y expertos, que debatir\u00e1n temas cr\u00edticos como la educaci\u00f3n de los votantes, el registro de votantes, la participaci\u00f3n de los latinos y las oportunidades para nuestra comunidad. El podcast se emitir\u00e1 en directo en nuestras p\u00e1ginas de Facebook.<\/p>\n<p>Mientras Georgia sigue experimentando cambios demogr\u00e1ficos, GALEO y GALEO Impact Fund mantienen su compromiso de capacitar a los latinos proporcion\u00e1ndoles conocimientos y fomentando un mayor compromiso c\u00edvico. Esta serie de podcasts forma parte de una estrategia m\u00e1s amplia para tender puentes, promover el entendimiento y fomentar la responsabilidad c\u00edvica entre todos los latinos de Georgia.<\/p>\n<p>Permanece atento a nuestro pr\u00f3ximo episodio que se retransmitir\u00e1 en directo el 13 de agosto a las 9:00 AM desde nuestras p\u00e1ginas de Facebook. S\u00edguenos para mantenerte informado porque Juntos, \u00a1Somos M\u00e1s!<\/p>\n<p>.<\/p>\n\t\t\t\t\t\t\t\t<\/div>\n\t\t\t\t\t<\/div>\n\t\t\t\t<\/div>\n\t\t<div class=\"elementor-element elementor-element-1a8aba5 e-flex e-con-boxed e-con e-parent\" data-id=\"1a8aba5\" data-element_type=\"container\" data-e-type=\"container\">\n\t\t\t\t\t<div class=\"e-con-inner\">\n\t\t\t\t<div class=\"elementor-element elementor-element-9c7d45b elementor-widget elementor-widget-video\" data-id=\"9c7d45b\" data-element_type=\"widget\" data-e-type=\"widget\" data-settings=\"{&quot;youtube_url&quot;:&quot;https:\\\/\\\/youtu.be\\\/GVjFlqDQr3A&quot;,&quot;video_type&quot;:&quot;youtube&quot;,&quot;controls&quot;:&quot;yes&quot;}\" data-widget_type=\"video.default\">\n\t\t\t\t\t\t\t<div class=\"elementor-wrapper elementor-open-inline\">\n\t\t\t<div class=\"elementor-video\"><\/div>\t\t<\/div>\n\t\t\t\t\t\t<\/div>\n\t\t\t\t\t<\/div>\n\t\t\t\t<\/div>\n\t\t\t\t<\/div>\n\t\t","protected":false},"excerpt":{"rendered":"<p>GALEO y GALEO Impact Fund, organizaciones hermanas y principales defensores del aumento de la participaci\u00f3n c\u00edvica de los latinos en Georgia, anuncian con orgullo el lanzamiento de su innovadora serie de emisiones en directo destinadas a implicar y capacitar a la comunidad latina de todo el estado. Esta innovadora iniciativa, titulada \u00abJuntos, \u00a1Somos M\u00e1s!\u00bb, servir\u00e1 [&hellip;]<\/p>\n","protected":false},"author":6,"featured_media":0,"parent":1876,"menu_order":0,"comment_status":"closed","ping_status":"closed","template":"","meta":{"sfsi_plus_gutenberg_text_before_share":"","sfsi_plus_gutenberg_show_text_before_share":"","sfsi_plus_gutenberg_icon_type":"","sfsi_plus_gutenberg_icon_alignemt":"","sfsi_plus_gutenburg_max_per_row":"","om_disable_all_campaigns":false,"_monsterinsights_skip_tracking":false,"_monsterinsights_sitenote_active":false,"_monsterinsights_sitenote_note":"","_monsterinsights_sitenote_category":0,"footnotes":""},"class_list":["post-21187","page","type-page","status-publish","hentry"],"aioseo_notices":[],"_links":{"self":[{"href":"https:\/\/galeo.org\/es\/wp-json\/wp\/v2\/pages\/21187","targetHints":{"allow":["GET"]}}],"collection":[{"href":"https:\/\/galeo.org\/es\/wp-json\/wp\/v2\/pages"}],"about":[{"href":"https:\/\/galeo.org\/es\/wp-json\/wp\/v2\/types\/page"}],"author":[{"embeddable":true,"href":"https:\/\/galeo.org\/es\/wp-json\/wp\/v2\/users\/6"}],"replies":[{"embeddable":true,"href":"https:\/\/galeo.org\/es\/wp-json\/wp\/v2\/comments?post=21187"}],"version-history":[{"count":2,"href":"https:\/\/galeo.org\/es\/wp-json\/wp\/v2\/pages\/21187\/revisions"}],"predecessor-version":[{"id":21189,"href":"https:\/\/galeo.org\/es\/wp-json\/wp\/v2\/pages\/21187\/revisions\/21189"}],"up":[{"embeddable":true,"href":"https:\/\/galeo.org\/es\/wp-json\/wp\/v2\/pages\/1876"}],"wp:attachment":[{"href":"https:\/\/galeo.org\/es\/wp-json\/wp\/v2\/media?parent=21187"}],"curies":[{"name":"wp","href":"https:\/\/api.w.org\/{rel}","templated":true}]}}