{"id":21253,"date":"2024-08-07T21:01:15","date_gmt":"2024-08-07T21:01:15","guid":{"rendered":"https:\/\/galeo.org\/elementor-no-21248\/"},"modified":"2024-08-07T21:15:03","modified_gmt":"2024-08-07T21:15:03","slug":"elementor-no-21248","status":"publish","type":"page","link":"https:\/\/galeo.org\/es\/elementor-no-21248\/","title":{"rendered":"Jonathan Hern\u00e1ndez"},"content":{"rendered":"\t\t<div data-elementor-type=\"wp-page\" data-elementor-id=\"21253\" class=\"elementor elementor-21253\" data-elementor-post-type=\"page\">\n\t\t\t\t<div class=\"elementor-element elementor-element-7c3ce2b e-con-full e-flex e-con e-parent\" data-id=\"7c3ce2b\" data-element_type=\"container\" data-e-type=\"container\">\n\t\t\t\t<div class=\"elementor-element elementor-element-e4a5b44 elementor-widget elementor-widget-heading\" data-id=\"e4a5b44\" data-element_type=\"widget\" data-e-type=\"widget\" data-widget_type=\"heading.default\">\n\t\t\t\t\t<h2 class=\"elementor-heading-title elementor-size-default\">Jonathan Hern\u00e1ndez  <\/h2>\t\t\t\t<\/div>\n\t\t\t\t<div class=\"elementor-element elementor-element-e0d5211 elementor-widget elementor-widget-heading\" data-id=\"e0d5211\" data-element_type=\"widget\" data-e-type=\"widget\" data-widget_type=\"heading.default\">\n\t\t\t\t\t<h2 class=\"elementor-heading-title elementor-size-default\">Asistente Ejecutiva y Directora de Operaciones<\/h2>\t\t\t\t<\/div>\n\t\t\t\t<div class=\"elementor-element elementor-element-f04cff2 elementor-shape-circle e-grid-align-left elementor-grid-0 elementor-widget elementor-widget-social-icons\" data-id=\"f04cff2\" data-element_type=\"widget\" data-e-type=\"widget\" data-widget_type=\"social-icons.default\">\n\t\t\t\t\t\t\t<div class=\"elementor-social-icons-wrapper elementor-grid\" role=\"list\">\n\t\t\t\t\t\t\t<span class=\"elementor-grid-item\" role=\"listitem\">\n\t\t\t\t\t<a class=\"elementor-icon elementor-social-icon elementor-social-icon-envelope elementor-repeater-item-0591f2d\" href=\"mailto:marquezbrenda100@gmail.com\" target=\"_blank\">\n\t\t\t\t\t\t<span class=\"elementor-screen-only\">Envelope<\/span>\n\t\t\t\t\t\t<svg aria-hidden=\"true\" class=\"e-font-icon-svg e-fas-envelope\" viewBox=\"0 0 512 512\" xmlns=\"http:\/\/www.w3.org\/2000\/svg\"><path d=\"M502.3 190.8c3.9-3.1 9.7-.2 9.7 4.7V400c0 26.5-21.5 48-48 48H48c-26.5 0-48-21.5-48-48V195.6c0-5 5.7-7.8 9.7-4.7 22.4 17.4 52.1 39.5 154.1 113.6 21.1 15.4 56.7 47.8 92.2 47.6 35.7.3 72-32.8 92.3-47.6 102-74.1 131.6-96.3 154-113.7zM256 320c23.2.4 56.6-29.2 73.4-41.4 132.7-96.3 142.8-104.7 173.4-128.7 5.8-4.5 9.2-11.5 9.2-18.9v-19c0-26.5-21.5-48-48-48H48C21.5 64 0 85.5 0 112v19c0 7.4 3.4 14.3 9.2 18.9 30.6 23.9 40.7 32.4 173.4 128.7 16.8 12.2 50.2 41.8 73.4 41.4z\"><\/path><\/svg>\t\t\t\t\t<\/a>\n\t\t\t\t<\/span>\n\t\t\t\t\t\t\t<span class=\"elementor-grid-item\" role=\"listitem\">\n\t\t\t\t\t<a class=\"elementor-icon elementor-social-icon elementor-social-icon-linkedin elementor-repeater-item-7b683b8\" target=\"_blank\">\n\t\t\t\t\t\t<span class=\"elementor-screen-only\">Linkedin<\/span>\n\t\t\t\t\t\t<svg aria-hidden=\"true\" class=\"e-font-icon-svg e-fab-linkedin\" viewBox=\"0 0 448 512\" xmlns=\"http:\/\/www.w3.org\/2000\/svg\"><path d=\"M416 32H31.9C14.3 32 0 46.5 0 64.3v383.4C0 465.5 14.3 480 31.9 480H416c17.6 0 32-14.5 32-32.3V64.3c0-17.8-14.4-32.3-32-32.3zM135.4 416H69V202.2h66.5V416zm-33.2-243c-21.3 0-38.5-17.3-38.5-38.5S80.9 96 102.2 96c21.2 0 38.5 17.3 38.5 38.5 0 21.3-17.2 38.5-38.5 38.5zm282.1 243h-66.4V312c0-24.8-.5-56.7-34.5-56.7-34.6 0-39.9 27-39.9 54.9V416h-66.4V202.2h63.7v29.2h.9c8.9-16.8 30.6-34.5 62.9-34.5 67.2 0 79.7 44.3 79.7 101.9V416z\"><\/path><\/svg>\t\t\t\t\t<\/a>\n\t\t\t\t<\/span>\n\t\t\t\t\t<\/div>\n\t\t\t\t\t\t<\/div>\n\t\t\t\t<\/div>\n\t\t<div class=\"elementor-element elementor-element-2b7111b e-flex e-con-boxed e-con e-parent\" data-id=\"2b7111b\" data-element_type=\"container\" data-e-type=\"container\">\n\t\t\t\t\t<div class=\"e-con-inner\">\n\t\t<div class=\"elementor-element elementor-element-846f5bc e-con-full e-flex e-con e-child\" data-id=\"846f5bc\" data-element_type=\"container\" data-e-type=\"container\">\n\t\t\t\t<div class=\"elementor-element elementor-element-eb87f1a elementor-widget elementor-widget-text-editor\" data-id=\"eb87f1a\" data-element_type=\"widget\" data-e-type=\"widget\" data-widget_type=\"text-editor.default\">\n\t\t\t\t\t\t\t\t\t<p>Jonathan Hern\u00e1ndez (\u00c9l\/\u00c9l\/\u00c9l) es mexicano-americano de primera generaci\u00f3n, nacido y criado en Georgia. Estudi\u00f3 en la Universidad de Georgia y se licenci\u00f3 en Asuntos Internacionales y Espa\u00f1ol. En su tiempo libre, a Jonathan le gusta sudar en el gimnasio y crear arte a trav\u00e9s de pinturas y joyas.<\/p>\n<p>&nbsp;La experiencia pasada de Jonathan en el sector de la salud p\u00fablica sin \u00e1nimo de lucro y su trabajo en el \u00e1mbito jur\u00eddico le han permitido adquirir una gran variedad de conocimientos sobre el trabajo con la comunidad latinx y tambi\u00e9n le han permitido utilizar al m\u00e1ximo sus habilidades para hablar y escribir en espa\u00f1ol. Actualmente trabaja como Asistente Ejecutivo y Director de Operaciones para GALEO, donde espera ayudar a los esfuerzos sin \u00e1nimo de lucro de crear recursos para que la comunidad Latinx prospere.<\/p>\n\t\t\t\t\t\t\t\t<\/div>\n\t\t\t\t<\/div>\n\t\t<div class=\"elementor-element elementor-element-7688cdb e-con-full e-flex e-con e-child\" data-id=\"7688cdb\" data-element_type=\"container\" data-e-type=\"container\">\n\t\t\t\t<div class=\"elementor-element elementor-element-03a63cd elementor-widget elementor-widget-image\" data-id=\"03a63cd\" data-element_type=\"widget\" data-e-type=\"widget\" data-widget_type=\"image.default\">\n\t\t\t\t\t\t\t\t\t\t\t\t\t\t\t<img fetchpriority=\"high\" decoding=\"async\" width=\"800\" height=\"800\" src=\"https:\/\/galeo.org\/wp-content\/uploads\/2024\/08\/736BAFB5-3A56-42DA-B05B-E42812917297-1024x1024.jpg\" class=\"attachment-large size-large wp-image-21242\" alt=\"\" srcset=\"https:\/\/galeo.org\/wp-content\/uploads\/2024\/08\/736BAFB5-3A56-42DA-B05B-E42812917297-1024x1024.jpg 1024w, https:\/\/galeo.org\/wp-content\/uploads\/2024\/08\/736BAFB5-3A56-42DA-B05B-E42812917297-300x300.jpg 300w, https:\/\/galeo.org\/wp-content\/uploads\/2024\/08\/736BAFB5-3A56-42DA-B05B-E42812917297-100x100.jpg 100w, https:\/\/galeo.org\/wp-content\/uploads\/2024\/08\/736BAFB5-3A56-42DA-B05B-E42812917297-600x600.jpg 600w, https:\/\/galeo.org\/wp-content\/uploads\/2024\/08\/736BAFB5-3A56-42DA-B05B-E42812917297-150x150.jpg 150w, https:\/\/galeo.org\/wp-content\/uploads\/2024\/08\/736BAFB5-3A56-42DA-B05B-E42812917297-768x768.jpg 768w, https:\/\/galeo.org\/wp-content\/uploads\/2024\/08\/736BAFB5-3A56-42DA-B05B-E42812917297.jpg 1076w\" sizes=\"(max-width: 800px) 100vw, 800px\" \/>\t\t\t\t\t\t\t\t\t\t\t\t\t\t\t<\/div>\n\t\t\t\t<\/div>\n\t\t\t\t\t<\/div>\n\t\t\t\t<\/div>\n\t\t\t\t<\/div>\n\t\t","protected":false},"excerpt":{"rendered":"<p>Jonathan Hern\u00e1ndez Asistente Ejecutiva y Directora de Operaciones Envelope Linkedin Jonathan Hern\u00e1ndez (\u00c9l\/\u00c9l\/\u00c9l) es mexicano-americano de primera generaci\u00f3n, nacido y criado en Georgia. Estudi\u00f3 en la Universidad de Georgia y se licenci\u00f3 en Asuntos Internacionales y Espa\u00f1ol. En su tiempo libre, a Jonathan le gusta sudar en el gimnasio y crear arte a trav\u00e9s de [&hellip;]<\/p>\n","protected":false},"author":9,"featured_media":0,"parent":0,"menu_order":0,"comment_status":"closed","ping_status":"closed","template":"","meta":{"sfsi_plus_gutenberg_text_before_share":"","sfsi_plus_gutenberg_show_text_before_share":"","sfsi_plus_gutenberg_icon_type":"","sfsi_plus_gutenberg_icon_alignemt":"","sfsi_plus_gutenburg_max_per_row":"","om_disable_all_campaigns":false,"_monsterinsights_skip_tracking":false,"_monsterinsights_sitenote_active":false,"_monsterinsights_sitenote_note":"","_monsterinsights_sitenote_category":0,"footnotes":""},"class_list":["post-21253","page","type-page","status-publish","hentry"],"aioseo_notices":[],"_links":{"self":[{"href":"https:\/\/galeo.org\/es\/wp-json\/wp\/v2\/pages\/21253","targetHints":{"allow":["GET"]}}],"collection":[{"href":"https:\/\/galeo.org\/es\/wp-json\/wp\/v2\/pages"}],"about":[{"href":"https:\/\/galeo.org\/es\/wp-json\/wp\/v2\/types\/page"}],"author":[{"embeddable":true,"href":"https:\/\/galeo.org\/es\/wp-json\/wp\/v2\/users\/9"}],"replies":[{"embeddable":true,"href":"https:\/\/galeo.org\/es\/wp-json\/wp\/v2\/comments?post=21253"}],"version-history":[{"count":2,"href":"https:\/\/galeo.org\/es\/wp-json\/wp\/v2\/pages\/21253\/revisions"}],"predecessor-version":[{"id":21256,"href":"https:\/\/galeo.org\/es\/wp-json\/wp\/v2\/pages\/21253\/revisions\/21256"}],"wp:attachment":[{"href":"https:\/\/galeo.org\/es\/wp-json\/wp\/v2\/media?parent=21253"}],"curies":[{"name":"wp","href":"https:\/\/api.w.org\/{rel}","templated":true}]}}