{"id":21432,"date":"2024-09-16T20:42:38","date_gmt":"2024-09-16T20:42:38","guid":{"rendered":"https:\/\/galeo.org\/elementor-no-2142\/"},"modified":"2024-11-18T20:45:40","modified_gmt":"2024-11-18T20:45:40","slug":"elementor-no-2142","status":"publish","type":"page","link":"https:\/\/galeo.org\/es\/elementor-no-2142\/","title":{"rendered":"Ruperto Gonz\u00e1lez"},"content":{"rendered":"\t\t<div data-elementor-type=\"wp-page\" data-elementor-id=\"21432\" class=\"elementor elementor-21432\" data-elementor-post-type=\"page\">\n\t\t\t\t<div class=\"elementor-element elementor-element-ff44c1b e-flex e-con-boxed e-con e-parent\" data-id=\"ff44c1b\" data-element_type=\"container\" data-e-type=\"container\">\n\t\t\t\t\t<div class=\"e-con-inner\">\n\t\t\t\t<div class=\"elementor-element elementor-element-8aa64d4 elementor-widget elementor-widget-heading\" data-id=\"8aa64d4\" data-element_type=\"widget\" data-e-type=\"widget\" data-widget_type=\"heading.default\">\n\t\t\t\t\t<h2 class=\"elementor-heading-title elementor-size-default\">Denis G\u00f3mez-Artica<\/h2>\t\t\t\t<\/div>\n\t\t\t\t\t<\/div>\n\t\t\t\t<\/div>\n\t\t<div class=\"elementor-element elementor-element-6b0bee6 e-flex e-con-boxed e-con e-parent\" data-id=\"6b0bee6\" data-element_type=\"container\" data-e-type=\"container\">\n\t\t\t\t\t<div class=\"e-con-inner\">\n\t\t\t\t<div class=\"elementor-element elementor-element-780771d elementor-widget elementor-widget-heading\" data-id=\"780771d\" data-element_type=\"widget\" data-e-type=\"widget\" data-widget_type=\"heading.default\">\n\t\t\t\t\t<h3 class=\"elementor-heading-title elementor-size-default\">2024 LIDERAZGO PASANTE OTO\u00d1O<\/h3>\t\t\t\t<\/div>\n\t\t\t\t\t<\/div>\n\t\t\t\t<\/div>\n\t\t<div class=\"elementor-element elementor-element-e0c5566 e-flex e-con-boxed e-con e-parent\" data-id=\"e0c5566\" data-element_type=\"container\" data-e-type=\"container\">\n\t\t\t\t\t<div class=\"e-con-inner\">\n\t\t<div class=\"elementor-element elementor-element-a43a310 e-con-full e-flex e-con e-child\" data-id=\"a43a310\" data-element_type=\"container\" data-e-type=\"container\">\n\t\t\t\t<div class=\"elementor-element elementor-element-063b257 elementor-widget elementor-widget-text-editor\" data-id=\"063b257\" data-element_type=\"widget\" data-e-type=\"widget\" data-widget_type=\"text-editor.default\">\n\t\t\t\t\t\t\t\t\t<p>Dennis G\u00f3mez-Artica es un estudiante de primera generaci\u00f3n de la Facultad de Empresariales J. Mack Robinson de la Universidad Estatal de Georgia, que cursa una licenciatura en Administraci\u00f3n de Empresas con especializaci\u00f3n en Gesti\u00f3n. Con experiencia como Ensamblador en Yamaha, donde manten\u00eda est\u00e1ndares de alta calidad, gestionaba el inventario y formaba a nuevos empleados, Dennis tambi\u00e9n es cofundador y Presidente del Club de Billar Panther de la GSU y ex Tesorero del Club de Espa\u00f1ol de la GHC.<\/p>\n<p>Aspira a destacar en el sector empresarial, especialmente en la gesti\u00f3n de operaciones y ventas, dominando la psicolog\u00eda de los negocios y la creaci\u00f3n de relaciones.<\/p>\n\t\t\t\t\t\t\t\t<\/div>\n\t\t\t\t<\/div>\n\t\t<div class=\"elementor-element elementor-element-d3e5312 e-con-full e-flex e-con e-child\" data-id=\"d3e5312\" data-element_type=\"container\" data-e-type=\"container\">\n\t\t\t\t<div class=\"elementor-element elementor-element-92f5b67 elementor-widget elementor-widget-image\" data-id=\"92f5b67\" data-element_type=\"widget\" data-e-type=\"widget\" data-widget_type=\"image.default\">\n\t\t\t\t\t\t\t\t\t\t\t\t\t\t\t<img fetchpriority=\"high\" decoding=\"async\" width=\"800\" height=\"800\" src=\"https:\/\/galeo.org\/wp-content\/uploads\/2024\/11\/GALEO-Headshots5-1024x1024.png\" class=\"attachment-large size-large wp-image-21720\" alt=\"\" srcset=\"https:\/\/galeo.org\/wp-content\/uploads\/2024\/11\/GALEO-Headshots5-1024x1024.png 1024w, https:\/\/galeo.org\/wp-content\/uploads\/2024\/11\/GALEO-Headshots5-300x300.png 300w, https:\/\/galeo.org\/wp-content\/uploads\/2024\/11\/GALEO-Headshots5-100x100.png 100w, https:\/\/galeo.org\/wp-content\/uploads\/2024\/11\/GALEO-Headshots5-600x600.png 600w, https:\/\/galeo.org\/wp-content\/uploads\/2024\/11\/GALEO-Headshots5-150x150.png 150w, https:\/\/galeo.org\/wp-content\/uploads\/2024\/11\/GALEO-Headshots5-768x768.png 768w, https:\/\/galeo.org\/wp-content\/uploads\/2024\/11\/GALEO-Headshots5.png 1080w\" sizes=\"(max-width: 800px) 100vw, 800px\" \/>\t\t\t\t\t\t\t\t\t\t\t\t\t\t\t<\/div>\n\t\t\t\t<\/div>\n\t\t\t\t\t<\/div>\n\t\t\t\t<\/div>\n\t\t<div class=\"elementor-element elementor-element-53b0462 e-flex e-con-boxed e-con e-parent\" data-id=\"53b0462\" data-element_type=\"container\" data-e-type=\"container\">\n\t\t\t\t\t<div class=\"e-con-inner\">\n\t\t\t\t\t<\/div>\n\t\t\t\t<\/div>\n\t\t<div class=\"elementor-element elementor-element-8d0b810 e-flex e-con-boxed e-con e-parent\" data-id=\"8d0b810\" data-element_type=\"container\" data-e-type=\"container\">\n\t\t\t\t\t<div class=\"e-con-inner\">\n\t\t\t\t\t<\/div>\n\t\t\t\t<\/div>\n\t\t\t\t<\/div>\n\t\t","protected":false},"excerpt":{"rendered":"<p>Denis G\u00f3mez-Artica 2024 LIDERAZGO PASANTE OTO\u00d1O Dennis G\u00f3mez-Artica es un estudiante de primera generaci\u00f3n de la Facultad de Empresariales J. Mack Robinson de la Universidad Estatal de Georgia, que cursa una licenciatura en Administraci\u00f3n de Empresas con especializaci\u00f3n en Gesti\u00f3n. Con experiencia como Ensamblador en Yamaha, donde manten\u00eda est\u00e1ndares de alta calidad, gestionaba el inventario [&hellip;]<\/p>\n","protected":false},"author":9,"featured_media":0,"parent":0,"menu_order":0,"comment_status":"closed","ping_status":"closed","template":"","meta":{"sfsi_plus_gutenberg_text_before_share":"","sfsi_plus_gutenberg_show_text_before_share":"","sfsi_plus_gutenberg_icon_type":"","sfsi_plus_gutenberg_icon_alignemt":"","sfsi_plus_gutenburg_max_per_row":"","om_disable_all_campaigns":false,"_monsterinsights_skip_tracking":false,"_monsterinsights_sitenote_active":false,"_monsterinsights_sitenote_note":"","_monsterinsights_sitenote_category":0,"footnotes":""},"class_list":["post-21432","page","type-page","status-publish","hentry"],"aioseo_notices":[],"_links":{"self":[{"href":"https:\/\/galeo.org\/es\/wp-json\/wp\/v2\/pages\/21432","targetHints":{"allow":["GET"]}}],"collection":[{"href":"https:\/\/galeo.org\/es\/wp-json\/wp\/v2\/pages"}],"about":[{"href":"https:\/\/galeo.org\/es\/wp-json\/wp\/v2\/types\/page"}],"author":[{"embeddable":true,"href":"https:\/\/galeo.org\/es\/wp-json\/wp\/v2\/users\/9"}],"replies":[{"embeddable":true,"href":"https:\/\/galeo.org\/es\/wp-json\/wp\/v2\/comments?post=21432"}],"version-history":[{"count":4,"href":"https:\/\/galeo.org\/es\/wp-json\/wp\/v2\/pages\/21432\/revisions"}],"predecessor-version":[{"id":21741,"href":"https:\/\/galeo.org\/es\/wp-json\/wp\/v2\/pages\/21432\/revisions\/21741"}],"wp:attachment":[{"href":"https:\/\/galeo.org\/es\/wp-json\/wp\/v2\/media?parent=21432"}],"curies":[{"name":"wp","href":"https:\/\/api.w.org\/{rel}","templated":true}]}}