{"id":23190,"date":"2025-02-13T16:08:33","date_gmt":"2025-02-13T16:08:33","guid":{"rendered":"https:\/\/galeo.org\/elementor-23183\/"},"modified":"2025-02-13T18:23:19","modified_gmt":"2025-02-13T18:23:19","slug":"elementor-23183","status":"publish","type":"page","link":"https:\/\/galeo.org\/es\/elementor-23183\/","title":{"rendered":"Ana Roc\u00edo \u00c1lvarez Br\u00ed\u00f1ez"},"content":{"rendered":"\t\t<div data-elementor-type=\"wp-page\" data-elementor-id=\"23190\" class=\"elementor elementor-23190 elementor-23183\" data-elementor-post-type=\"page\">\n\t\t\t\t<div class=\"elementor-element elementor-element-3844e9c e-flex e-con-boxed e-con e-parent\" data-id=\"3844e9c\" data-element_type=\"container\" data-e-type=\"container\">\n\t\t\t\t\t<div class=\"e-con-inner\">\n\t\t<div class=\"elementor-element elementor-element-2f503d1 e-con-full e-flex e-con e-child\" data-id=\"2f503d1\" data-element_type=\"container\" data-e-type=\"container\">\n\t\t\t\t<div class=\"elementor-element elementor-element-14d3274 elementor-widget elementor-widget-heading\" data-id=\"14d3274\" data-element_type=\"widget\" data-e-type=\"widget\" data-widget_type=\"heading.default\">\n\t\t\t\t\t<h2 class=\"elementor-heading-title elementor-size-default\">Ana Roc\u00edo \u00c1lvarez Br\u00ed\u00f1ez<\/h2>\t\t\t\t<\/div>\n\t\t\t\t<div class=\"elementor-element elementor-element-a38c013 elementor-widget elementor-widget-heading\" data-id=\"a38c013\" data-element_type=\"widget\" data-e-type=\"widget\" data-widget_type=\"heading.default\">\n\t\t\t\t\t<h2 class=\"elementor-heading-title elementor-size-default\">Coordinadora del Programa Creativo para el Desarrollo del Liderazgo<\/h2>\t\t\t\t<\/div>\n\t\t\t\t<div class=\"elementor-element elementor-element-18d5535 elementor-shape-circle e-grid-align-left elementor-grid-0 elementor-widget elementor-widget-social-icons\" data-id=\"18d5535\" data-element_type=\"widget\" data-e-type=\"widget\" data-widget_type=\"social-icons.default\">\n\t\t\t\t\t\t\t<div class=\"elementor-social-icons-wrapper elementor-grid\" role=\"list\">\n\t\t\t\t\t\t\t<span class=\"elementor-grid-item\" role=\"listitem\">\n\t\t\t\t\t<a class=\"elementor-icon elementor-social-icon elementor-social-icon-envelope elementor-repeater-item-0591f2d\" href=\"mailto:aalvarez@galeo.org\" target=\"_blank\">\n\t\t\t\t\t\t<span class=\"elementor-screen-only\">Envelope<\/span>\n\t\t\t\t\t\t<svg aria-hidden=\"true\" class=\"e-font-icon-svg e-fas-envelope\" viewBox=\"0 0 512 512\" xmlns=\"http:\/\/www.w3.org\/2000\/svg\"><path d=\"M502.3 190.8c3.9-3.1 9.7-.2 9.7 4.7V400c0 26.5-21.5 48-48 48H48c-26.5 0-48-21.5-48-48V195.6c0-5 5.7-7.8 9.7-4.7 22.4 17.4 52.1 39.5 154.1 113.6 21.1 15.4 56.7 47.8 92.2 47.6 35.7.3 72-32.8 92.3-47.6 102-74.1 131.6-96.3 154-113.7zM256 320c23.2.4 56.6-29.2 73.4-41.4 132.7-96.3 142.8-104.7 173.4-128.7 5.8-4.5 9.2-11.5 9.2-18.9v-19c0-26.5-21.5-48-48-48H48C21.5 64 0 85.5 0 112v19c0 7.4 3.4 14.3 9.2 18.9 30.6 23.9 40.7 32.4 173.4 128.7 16.8 12.2 50.2 41.8 73.4 41.4z\"><\/path><\/svg>\t\t\t\t\t<\/a>\n\t\t\t\t<\/span>\n\t\t\t\t\t\t\t<span class=\"elementor-grid-item\" role=\"listitem\">\n\t\t\t\t\t<a class=\"elementor-icon elementor-social-icon elementor-social-icon-linkedin elementor-repeater-item-7b683b8\" href=\"https:\/\/www.linkedin.com\/in\/ana-roc%C3%ADo-%C3%A1lvarez-br%C3%AD%C3%B1ez-2ba696b5\/\" target=\"_blank\">\n\t\t\t\t\t\t<span class=\"elementor-screen-only\">Linkedin<\/span>\n\t\t\t\t\t\t<svg aria-hidden=\"true\" class=\"e-font-icon-svg e-fab-linkedin\" viewBox=\"0 0 448 512\" xmlns=\"http:\/\/www.w3.org\/2000\/svg\"><path d=\"M416 32H31.9C14.3 32 0 46.5 0 64.3v383.4C0 465.5 14.3 480 31.9 480H416c17.6 0 32-14.5 32-32.3V64.3c0-17.8-14.4-32.3-32-32.3zM135.4 416H69V202.2h66.5V416zm-33.2-243c-21.3 0-38.5-17.3-38.5-38.5S80.9 96 102.2 96c21.2 0 38.5 17.3 38.5 38.5 0 21.3-17.2 38.5-38.5 38.5zm282.1 243h-66.4V312c0-24.8-.5-56.7-34.5-56.7-34.6 0-39.9 27-39.9 54.9V416h-66.4V202.2h63.7v29.2h.9c8.9-16.8 30.6-34.5 62.9-34.5 67.2 0 79.7 44.3 79.7 101.9V416z\"><\/path><\/svg>\t\t\t\t\t<\/a>\n\t\t\t\t<\/span>\n\t\t\t\t\t<\/div>\n\t\t\t\t\t\t<\/div>\n\t\t\t\t<\/div>\n\t\t\t\t\t<\/div>\n\t\t\t\t<\/div>\n\t\t<div class=\"elementor-element elementor-element-b467f9b e-flex e-con-boxed e-con e-parent\" data-id=\"b467f9b\" data-element_type=\"container\" data-e-type=\"container\">\n\t\t\t\t\t<div class=\"e-con-inner\">\n\t\t<div class=\"elementor-element elementor-element-13a2934 e-con-full e-flex e-con e-child\" data-id=\"13a2934\" data-element_type=\"container\" data-e-type=\"container\">\n\t\t<div class=\"elementor-element elementor-element-554a808 e-con-full e-flex e-con e-child\" data-id=\"554a808\" data-element_type=\"container\" data-e-type=\"container\">\n\t\t\t\t<div class=\"elementor-element elementor-element-135a62a elementor-widget elementor-widget-text-editor\" data-id=\"135a62a\" data-element_type=\"widget\" data-e-type=\"widget\" data-widget_type=\"text-editor.default\">\n\t\t\t\t\t\t\t\t\t<p>Ana Roc\u00edo \u00c1lvarez Br\u00ed\u00f1ez es una orgullosa puertorrique\u00f1a. Despu\u00e9s de casi tres a\u00f1os en la industria, est\u00e1 pasando al tercer sector. Ana ha sido voluntaria en organizaciones sin \u00e1nimo de lucro desde que estaba en el instituto: trabaj\u00f3 con la Ronald McDonald House Charities y la American Cancer Society, ambas en Puerto Rico. Ayudar a los dem\u00e1s es su mayor pasi\u00f3n y ser latina es una parte importante de su identidad, por lo que GALEO es una gran oportunidad para ayudar a su comunidad. En su tiempo libre, a Ana le gusta practicar yoga y leer libros rom\u00e1nticos.    <\/p>\n\t\t\t\t\t\t\t\t<\/div>\n\t\t\t\t<\/div>\n\t\t<div class=\"elementor-element elementor-element-c628230 e-con-full e-flex e-con e-child\" data-id=\"c628230\" data-element_type=\"container\" data-e-type=\"container\">\n\t\t\t\t<div class=\"elementor-element elementor-element-1314178 elementor-widget elementor-widget-image\" data-id=\"1314178\" data-element_type=\"widget\" data-e-type=\"widget\" data-widget_type=\"image.default\">\n\t\t\t\t\t\t\t\t\t\t\t\t\t\t\t<img fetchpriority=\"high\" decoding=\"async\" width=\"800\" height=\"931\" src=\"https:\/\/galeo.org\/wp-content\/uploads\/2025\/02\/AnaAlvarez_01-880x1024.jpg\" class=\"attachment-large size-large wp-image-23186\" alt=\"\" srcset=\"https:\/\/galeo.org\/wp-content\/uploads\/2025\/02\/AnaAlvarez_01-880x1024.jpg 880w, https:\/\/galeo.org\/wp-content\/uploads\/2025\/02\/AnaAlvarez_01-scaled-600x698.jpg 600w, https:\/\/galeo.org\/wp-content\/uploads\/2025\/02\/AnaAlvarez_01-258x300.jpg 258w, https:\/\/galeo.org\/wp-content\/uploads\/2025\/02\/AnaAlvarez_01-768x894.jpg 768w, https:\/\/galeo.org\/wp-content\/uploads\/2025\/02\/AnaAlvarez_01-1320x1536.jpg 1320w, https:\/\/galeo.org\/wp-content\/uploads\/2025\/02\/AnaAlvarez_01-1760x2048.jpg 1760w\" sizes=\"(max-width: 800px) 100vw, 800px\" \/>\t\t\t\t\t\t\t\t\t\t\t\t\t\t\t<\/div>\n\t\t\t\t<\/div>\n\t\t\t\t<\/div>\n\t\t\t\t\t<\/div>\n\t\t\t\t<\/div>\n\t\t\t\t<\/div>\n\t\t","protected":false},"excerpt":{"rendered":"<p>Ana Roc\u00edo \u00c1lvarez Br\u00ed\u00f1ez Coordinadora del Programa Creativo para el Desarrollo del Liderazgo Envelope Linkedin Ana Roc\u00edo \u00c1lvarez Br\u00ed\u00f1ez es una orgullosa puertorrique\u00f1a. Despu\u00e9s de casi tres a\u00f1os en la industria, est\u00e1 pasando al tercer sector. Ana ha sido voluntaria en organizaciones sin \u00e1nimo de lucro desde que estaba en el instituto: trabaj\u00f3 con la [&hellip;]<\/p>\n","protected":false},"author":8,"featured_media":0,"parent":0,"menu_order":0,"comment_status":"closed","ping_status":"closed","template":"","meta":{"sfsi_plus_gutenberg_text_before_share":"","sfsi_plus_gutenberg_show_text_before_share":"","sfsi_plus_gutenberg_icon_type":"","sfsi_plus_gutenberg_icon_alignemt":"","sfsi_plus_gutenburg_max_per_row":"","om_disable_all_campaigns":false,"_monsterinsights_skip_tracking":false,"_monsterinsights_sitenote_active":false,"_monsterinsights_sitenote_note":"","_monsterinsights_sitenote_category":0,"footnotes":""},"class_list":["post-23190","page","type-page","status-publish","hentry"],"aioseo_notices":[],"_links":{"self":[{"href":"https:\/\/galeo.org\/es\/wp-json\/wp\/v2\/pages\/23190","targetHints":{"allow":["GET"]}}],"collection":[{"href":"https:\/\/galeo.org\/es\/wp-json\/wp\/v2\/pages"}],"about":[{"href":"https:\/\/galeo.org\/es\/wp-json\/wp\/v2\/types\/page"}],"author":[{"embeddable":true,"href":"https:\/\/galeo.org\/es\/wp-json\/wp\/v2\/users\/8"}],"replies":[{"embeddable":true,"href":"https:\/\/galeo.org\/es\/wp-json\/wp\/v2\/comments?post=23190"}],"version-history":[{"count":3,"href":"https:\/\/galeo.org\/es\/wp-json\/wp\/v2\/pages\/23190\/revisions"}],"predecessor-version":[{"id":23232,"href":"https:\/\/galeo.org\/es\/wp-json\/wp\/v2\/pages\/23190\/revisions\/23232"}],"wp:attachment":[{"href":"https:\/\/galeo.org\/es\/wp-json\/wp\/v2\/media?parent=23190"}],"curies":[{"name":"wp","href":"https:\/\/api.w.org\/{rel}","templated":true}]}}