{"id":23214,"date":"2025-02-13T16:50:40","date_gmt":"2025-02-13T16:50:40","guid":{"rendered":"https:\/\/galeo.org\/elementor-23209\/"},"modified":"2025-02-13T17:03:26","modified_gmt":"2025-02-13T17:03:26","slug":"elementor-23209","status":"publish","type":"page","link":"https:\/\/galeo.org\/es\/elementor-23209\/","title":{"rendered":"Isabella Rodr\u00edguez"},"content":{"rendered":"\t\t<div data-elementor-type=\"wp-page\" data-elementor-id=\"23214\" class=\"elementor elementor-23214\" data-elementor-post-type=\"page\">\n\t\t\t\t<div class=\"elementor-element elementor-element-eec155e e-flex e-con-boxed e-con e-parent\" data-id=\"eec155e\" data-element_type=\"container\" data-e-type=\"container\">\n\t\t\t\t\t<div class=\"e-con-inner\">\n\t\t<div class=\"elementor-element elementor-element-b3dea92 e-con-full e-flex e-con e-child\" data-id=\"b3dea92\" data-element_type=\"container\" data-e-type=\"container\">\n\t\t<div class=\"elementor-element elementor-element-e1f6173 e-con-full e-flex e-con e-child\" data-id=\"e1f6173\" data-element_type=\"container\" data-e-type=\"container\">\n\t\t\t\t<div class=\"elementor-element elementor-element-d361750 elementor-widget elementor-widget-heading\" data-id=\"d361750\" data-element_type=\"widget\" data-e-type=\"widget\" data-widget_type=\"heading.default\">\n\t\t\t\t\t<h2 class=\"elementor-heading-title elementor-size-default\">Isabella Rodr\u00edguez  <\/h2>\t\t\t\t<\/div>\n\t\t\t\t<div class=\"elementor-element elementor-element-454d52e elementor-widget elementor-widget-heading\" data-id=\"454d52e\" data-element_type=\"widget\" data-e-type=\"widget\" data-widget_type=\"heading.default\">\n\t\t\t\t\t<h2 class=\"elementor-heading-title elementor-size-default\">Primavera Becario de Comunicaci\u00f3n<\/h2>\t\t\t\t<\/div>\n\t\t\t\t<div class=\"elementor-element elementor-element-4fab37b elementor-shape-circle e-grid-align-left elementor-grid-0 elementor-widget elementor-widget-social-icons\" data-id=\"4fab37b\" data-element_type=\"widget\" data-e-type=\"widget\" data-widget_type=\"social-icons.default\">\n\t\t\t\t\t\t\t<div class=\"elementor-social-icons-wrapper elementor-grid\" role=\"list\">\n\t\t\t\t\t\t\t<span class=\"elementor-grid-item\" role=\"listitem\">\n\t\t\t\t\t<a class=\"elementor-icon elementor-social-icon elementor-social-icon-envelope elementor-repeater-item-0591f2d\" href=\"mailto:isabella.lalinde@gmail.com\" target=\"_blank\">\n\t\t\t\t\t\t<span class=\"elementor-screen-only\">Envelope<\/span>\n\t\t\t\t\t\t<svg aria-hidden=\"true\" class=\"e-font-icon-svg e-fas-envelope\" viewBox=\"0 0 512 512\" xmlns=\"http:\/\/www.w3.org\/2000\/svg\"><path d=\"M502.3 190.8c3.9-3.1 9.7-.2 9.7 4.7V400c0 26.5-21.5 48-48 48H48c-26.5 0-48-21.5-48-48V195.6c0-5 5.7-7.8 9.7-4.7 22.4 17.4 52.1 39.5 154.1 113.6 21.1 15.4 56.7 47.8 92.2 47.6 35.7.3 72-32.8 92.3-47.6 102-74.1 131.6-96.3 154-113.7zM256 320c23.2.4 56.6-29.2 73.4-41.4 132.7-96.3 142.8-104.7 173.4-128.7 5.8-4.5 9.2-11.5 9.2-18.9v-19c0-26.5-21.5-48-48-48H48C21.5 64 0 85.5 0 112v19c0 7.4 3.4 14.3 9.2 18.9 30.6 23.9 40.7 32.4 173.4 128.7 16.8 12.2 50.2 41.8 73.4 41.4z\"><\/path><\/svg>\t\t\t\t\t<\/a>\n\t\t\t\t<\/span>\n\t\t\t\t\t\t\t<span class=\"elementor-grid-item\" role=\"listitem\">\n\t\t\t\t\t<a class=\"elementor-icon elementor-social-icon elementor-social-icon-linkedin elementor-repeater-item-7b683b8\" target=\"_blank\">\n\t\t\t\t\t\t<span class=\"elementor-screen-only\">Linkedin<\/span>\n\t\t\t\t\t\t<svg aria-hidden=\"true\" class=\"e-font-icon-svg e-fab-linkedin\" viewBox=\"0 0 448 512\" xmlns=\"http:\/\/www.w3.org\/2000\/svg\"><path d=\"M416 32H31.9C14.3 32 0 46.5 0 64.3v383.4C0 465.5 14.3 480 31.9 480H416c17.6 0 32-14.5 32-32.3V64.3c0-17.8-14.4-32.3-32-32.3zM135.4 416H69V202.2h66.5V416zm-33.2-243c-21.3 0-38.5-17.3-38.5-38.5S80.9 96 102.2 96c21.2 0 38.5 17.3 38.5 38.5 0 21.3-17.2 38.5-38.5 38.5zm282.1 243h-66.4V312c0-24.8-.5-56.7-34.5-56.7-34.6 0-39.9 27-39.9 54.9V416h-66.4V202.2h63.7v29.2h.9c8.9-16.8 30.6-34.5 62.9-34.5 67.2 0 79.7 44.3 79.7 101.9V416z\"><\/path><\/svg>\t\t\t\t\t<\/a>\n\t\t\t\t<\/span>\n\t\t\t\t\t<\/div>\n\t\t\t\t\t\t<\/div>\n\t\t\t\t<\/div>\n\t\t\t\t<\/div>\n\t\t\t\t\t<\/div>\n\t\t\t\t<\/div>\n\t\t<div class=\"elementor-element elementor-element-873e8c5 e-flex e-con-boxed e-con e-parent\" data-id=\"873e8c5\" data-element_type=\"container\" data-e-type=\"container\">\n\t\t\t\t\t<div class=\"e-con-inner\">\n\t\t<div class=\"elementor-element elementor-element-c07cf39 e-con-full e-flex e-con e-child\" data-id=\"c07cf39\" data-element_type=\"container\" data-e-type=\"container\">\n\t\t<div class=\"elementor-element elementor-element-26d402d e-con-full e-flex e-con e-child\" data-id=\"26d402d\" data-element_type=\"container\" data-e-type=\"container\">\n\t\t<div class=\"elementor-element elementor-element-9f9668f e-con-full e-flex e-con e-child\" data-id=\"9f9668f\" data-element_type=\"container\" data-e-type=\"container\">\n\t\t\t\t<div class=\"elementor-element elementor-element-e96db2a elementor-widget elementor-widget-text-editor\" data-id=\"e96db2a\" data-element_type=\"widget\" data-e-type=\"widget\" data-widget_type=\"text-editor.default\">\n\t\t\t\t\t\t\t\t\t<p>Isabella Rodr\u00edguez es estadounidense de primera generaci\u00f3n, nacida en Miami (Florida) y criada en Atlanta (Georgia). Con orgullosas ra\u00edces colombianas y dominicanas, le apasiona profundamente elevar y amplificar las voces de la comunidad latina. Actualmente cursa una licenciatura en Periodismo de Comunicaci\u00f3n con especializaci\u00f3n en Edici\u00f3n y Publicaci\u00f3n en la Universidad Estatal de Georgia, donde se graduar\u00e1 con honores en mayo de 2025 (\u00a1un a\u00f1o antes de lo previsto!\ud83e\udd13). En su tiempo libre, a Isabella le encanta cantar e interpretar m\u00fasica pop latina, \u00a1as\u00ed como bailar salsa y bachata!   <\/p>\n\t\t\t\t\t\t\t\t<\/div>\n\t\t\t\t<\/div>\n\t\t<div class=\"elementor-element elementor-element-12853cc e-con-full e-flex e-con e-child\" data-id=\"12853cc\" data-element_type=\"container\" data-e-type=\"container\">\n\t\t\t\t<div class=\"elementor-element elementor-element-1910ebc elementor-widget elementor-widget-image\" data-id=\"1910ebc\" data-element_type=\"widget\" data-e-type=\"widget\" data-widget_type=\"image.default\">\n\t\t\t\t\t\t\t\t\t\t\t\t\t\t\t<img fetchpriority=\"high\" decoding=\"async\" width=\"683\" height=\"1024\" src=\"https:\/\/galeo.org\/wp-content\/uploads\/2025\/02\/IsabellaR-Heeadshot-683x1024.jpg\" class=\"attachment-large size-large wp-image-23195\" alt=\"\" srcset=\"https:\/\/galeo.org\/wp-content\/uploads\/2025\/02\/IsabellaR-Heeadshot-683x1024.jpg 683w, https:\/\/galeo.org\/wp-content\/uploads\/2025\/02\/IsabellaR-Heeadshot-scaled-600x900.jpg 600w, https:\/\/galeo.org\/wp-content\/uploads\/2025\/02\/IsabellaR-Heeadshot-200x300.jpg 200w, https:\/\/galeo.org\/wp-content\/uploads\/2025\/02\/IsabellaR-Heeadshot-768x1152.jpg 768w, https:\/\/galeo.org\/wp-content\/uploads\/2025\/02\/IsabellaR-Heeadshot-1024x1536.jpg 1024w, https:\/\/galeo.org\/wp-content\/uploads\/2025\/02\/IsabellaR-Heeadshot-1365x2048.jpg 1365w, https:\/\/galeo.org\/wp-content\/uploads\/2025\/02\/IsabellaR-Heeadshot-scaled.jpg 1707w\" sizes=\"(max-width: 683px) 100vw, 683px\" \/>\t\t\t\t\t\t\t\t\t\t\t\t\t\t\t<\/div>\n\t\t\t\t<\/div>\n\t\t\t\t<\/div>\n\t\t\t\t<\/div>\n\t\t\t\t\t<\/div>\n\t\t\t\t<\/div>\n\t\t\t\t<\/div>\n\t\t","protected":false},"excerpt":{"rendered":"<p>Isabella Rodr\u00edguez Primavera Becario de Comunicaci\u00f3n Envelope Linkedin Isabella Rodr\u00edguez es estadounidense de primera generaci\u00f3n, nacida en Miami (Florida) y criada en Atlanta (Georgia). Con orgullosas ra\u00edces colombianas y dominicanas, le apasiona profundamente elevar y amplificar las voces de la comunidad latina. Actualmente cursa una licenciatura en Periodismo de Comunicaci\u00f3n con especializaci\u00f3n en Edici\u00f3n y [&hellip;]<\/p>\n","protected":false},"author":8,"featured_media":0,"parent":0,"menu_order":0,"comment_status":"closed","ping_status":"closed","template":"","meta":{"sfsi_plus_gutenberg_text_before_share":"","sfsi_plus_gutenberg_show_text_before_share":"","sfsi_plus_gutenberg_icon_type":"","sfsi_plus_gutenberg_icon_alignemt":"","sfsi_plus_gutenburg_max_per_row":"","om_disable_all_campaigns":false,"_monsterinsights_skip_tracking":false,"_monsterinsights_sitenote_active":false,"_monsterinsights_sitenote_note":"","_monsterinsights_sitenote_category":0,"footnotes":""},"class_list":["post-23214","page","type-page","status-publish","hentry"],"aioseo_notices":[],"_links":{"self":[{"href":"https:\/\/galeo.org\/es\/wp-json\/wp\/v2\/pages\/23214","targetHints":{"allow":["GET"]}}],"collection":[{"href":"https:\/\/galeo.org\/es\/wp-json\/wp\/v2\/pages"}],"about":[{"href":"https:\/\/galeo.org\/es\/wp-json\/wp\/v2\/types\/page"}],"author":[{"embeddable":true,"href":"https:\/\/galeo.org\/es\/wp-json\/wp\/v2\/users\/8"}],"replies":[{"embeddable":true,"href":"https:\/\/galeo.org\/es\/wp-json\/wp\/v2\/comments?post=23214"}],"version-history":[{"count":2,"href":"https:\/\/galeo.org\/es\/wp-json\/wp\/v2\/pages\/23214\/revisions"}],"predecessor-version":[{"id":23223,"href":"https:\/\/galeo.org\/es\/wp-json\/wp\/v2\/pages\/23214\/revisions\/23223"}],"wp:attachment":[{"href":"https:\/\/galeo.org\/es\/wp-json\/wp\/v2\/media?parent=23214"}],"curies":[{"name":"wp","href":"https:\/\/api.w.org\/{rel}","templated":true}]}}