{"id":23257,"date":"2025-02-13T21:43:03","date_gmt":"2025-02-13T21:43:03","guid":{"rendered":"https:\/\/galeo.org\/noticias\/presencia-en-los-medios\/"},"modified":"2025-02-20T23:44:48","modified_gmt":"2025-02-20T23:44:48","slug":"presencia-en-los-medios","status":"publish","type":"page","link":"https:\/\/galeo.org\/es\/noticias\/presencia-en-los-medios\/","title":{"rendered":"Presencia en los medios"},"content":{"rendered":"\t\t<div data-elementor-type=\"wp-post\" data-elementor-id=\"23257\" class=\"elementor elementor-23257 elementor-23254\" data-elementor-post-type=\"page\">\n\t\t\t\t<div class=\"elementor-element elementor-element-b23f0d2 e-flex e-con-boxed e-con e-parent\" data-id=\"b23f0d2\" data-element_type=\"container\" data-e-type=\"container\">\n\t\t\t\t\t<div class=\"e-con-inner\">\n\t\t\t\t<div class=\"elementor-element elementor-element-537ddc4 elementor-widget elementor-widget-heading\" data-id=\"537ddc4\" data-element_type=\"widget\" data-e-type=\"widget\" data-widget_type=\"heading.default\">\n\t\t\t\t\t<h2 class=\"elementor-heading-title elementor-size-default\">2025<\/h2>\t\t\t\t<\/div>\n\t\t\t\t\t<\/div>\n\t\t\t\t<\/div>\n\t\t<div class=\"elementor-element elementor-element-22ac38a e-flex e-con-boxed e-con e-parent\" data-id=\"22ac38a\" data-element_type=\"container\" data-e-type=\"container\">\n\t\t\t\t\t<div class=\"e-con-inner\">\n\t\t<div class=\"elementor-element elementor-element-5be0b87 e-con-full e-grid e-con e-child\" data-id=\"5be0b87\" data-element_type=\"container\" data-e-type=\"container\">\n\t\t\t\t<div class=\"elementor-element elementor-element-7891aa7 elementor-widget elementor-widget-video\" data-id=\"7891aa7\" data-element_type=\"widget\" data-e-type=\"widget\" data-settings=\"{&quot;youtube_url&quot;:&quot;https:\\\/\\\/www.youtube.com\\\/watch?v=zX3aMN8E7qM&quot;,&quot;video_type&quot;:&quot;youtube&quot;,&quot;controls&quot;:&quot;yes&quot;}\" data-widget_type=\"video.default\">\n\t\t\t\t\t\t\t<div class=\"elementor-wrapper elementor-open-inline\">\n\t\t\t<div class=\"elementor-video\"><\/div>\t\t<\/div>\n\t\t\t\t\t\t<\/div>\n\t\t\t\t<div class=\"elementor-element elementor-element-788c269 elementor-widget elementor-widget-text-editor\" data-id=\"788c269\" data-element_type=\"widget\" data-e-type=\"widget\" data-widget_type=\"text-editor.default\">\n\t\t\t\t\t\t\t\t\t<h4 class=\"style-scope ytd-watch-metadata\"><a href=\"https:\/\/www.youtube.com\/watch?v=zX3aMN8E7qM\" target=\"_blank\" rel=\"noopener\">El D\u00eda Latino en el capitolio estatal atrajo a una gran multitud que abog\u00f3 por las comunidades latinas de Georgia.<\/a><\/h4>\n<p>6 de febrero de 2025<\/p>\n<p>ATLANTA 69<\/p>\n<p><span class=\"yt-core-attributed-string yt-core-attributed-string--white-space-pre-wrap\" dir=\"auto\" role=\"text\"><span class=\"yt-core-attributed-string--link-inherit-color\" dir=\"auto\">Decenas de organizaciones se reunieron en la Plaza de la Libertad para el Tercer D\u00eda Latino Anual en el Capitolio, organizado por el Fondo Comunitario Latino de Georgia y GALEO. Fue una celebraci\u00f3n de la cultura y una oportunidad de expresar sus preocupaciones a los legisladores. <\/span><\/span><\/p>\n\t\t\t\t\t\t\t\t<\/div>\n\t\t\t\t<div class=\"elementor-element elementor-element-d3d25e7 elementor-widget elementor-widget-image\" data-id=\"d3d25e7\" data-element_type=\"widget\" data-e-type=\"widget\" data-widget_type=\"image.default\">\n\t\t\t\t\t\t\t\t\t\t\t\t\t\t\t\t<a href=\"https:\/\/www.11alive.com\/article\/news\/local\/trump-immigration-crackdown-executive-orders-advocacy-groups-concerned\/85-a62ef2b9-cc53-4167-ac25-93fea7832b17\">\n\t\t\t\t\t\t\t<img fetchpriority=\"high\" decoding=\"async\" width=\"800\" height=\"476\" src=\"https:\/\/galeo.org\/wp-content\/uploads\/2025\/02\/Untitled.png\" class=\"attachment-large size-large wp-image-23340\" alt=\"\" srcset=\"https:\/\/galeo.org\/wp-content\/uploads\/2025\/02\/Untitled.png 937w, https:\/\/galeo.org\/wp-content\/uploads\/2025\/02\/Untitled-600x357.png 600w, https:\/\/galeo.org\/wp-content\/uploads\/2025\/02\/Untitled-300x178.png 300w, https:\/\/galeo.org\/wp-content\/uploads\/2025\/02\/Untitled-768x457.png 768w\" sizes=\"(max-width: 800px) 100vw, 800px\" \/>\t\t\t\t\t\t\t\t<\/a>\n\t\t\t\t\t\t\t\t\t\t\t\t\t\t\t<\/div>\n\t\t\t\t<div class=\"elementor-element elementor-element-362d4c2 elementor-widget elementor-widget-text-editor\" data-id=\"362d4c2\" data-element_type=\"widget\" data-e-type=\"widget\" data-widget_type=\"text-editor.default\">\n\t\t\t\t\t\t\t\t\t<h4><a href=\"https:\/\/www.11alive.com\/article\/news\/local\/trump-immigration-crackdown-executive-orders-advocacy-groups-concerned\/85-a62ef2b9-cc53-4167-ac25-93fea7832b17\" target=\"_blank\" rel=\"noopener\">&#8216;Estamos hablando de la vida de las personas&#8217; | Aumenta la preocupaci\u00f3n por la represi\u00f3n de la inmigraci\u00f3n de la administraci\u00f3n Trump<\/a><\/h4>\n<p>23 de enero de 2025<\/p>\n<p>11 VIVO<\/p>\n<p>Con la aprobaci\u00f3n por el Congreso de la Ley Laken Riley y las \u00f3rdenes ejecutivas del presidente Donald Trump, algunos defensores est\u00e1n preocupados por las posibles deportaciones masivas.<\/p>\n\t\t\t\t\t\t\t\t<\/div>\n\t\t\t\t<\/div>\n\t\t\t\t\t<\/div>\n\t\t\t\t<\/div>\n\t\t<div class=\"elementor-element elementor-element-5ff7e3a e-flex e-con-boxed e-con e-parent\" data-id=\"5ff7e3a\" data-element_type=\"container\" data-e-type=\"container\">\n\t\t\t\t\t<div class=\"e-con-inner\">\n\t\t\t\t<div class=\"elementor-element elementor-element-1d35ea7 elementor-widget elementor-widget-heading\" data-id=\"1d35ea7\" data-element_type=\"widget\" data-e-type=\"widget\" data-widget_type=\"heading.default\">\n\t\t\t\t\t<h2 class=\"elementor-heading-title elementor-size-default\">2024<\/h2>\t\t\t\t<\/div>\n\t\t\t\t\t<\/div>\n\t\t\t\t<\/div>\n\t\t<div class=\"elementor-element elementor-element-7edc810 e-flex e-con-boxed e-con e-parent\" data-id=\"7edc810\" data-element_type=\"container\" data-e-type=\"container\">\n\t\t\t\t\t<div class=\"e-con-inner\">\n\t\t<div class=\"elementor-element elementor-element-ff83842 e-grid e-con-full e-con e-child\" data-id=\"ff83842\" data-element_type=\"container\" data-e-type=\"container\">\n\t\t\t\t<div class=\"elementor-element elementor-element-b6c90be elementor-widget elementor-widget-image\" data-id=\"b6c90be\" data-element_type=\"widget\" data-e-type=\"widget\" data-widget_type=\"image.default\">\n\t\t\t\t\t\t\t\t\t\t\t\t\t\t\t\t<a href=\"https:\/\/english.elpais.com\/usa\/elections\/2024-09-26\/the-latino-vote-in-georgia-kamala-harris-key-to-the-white-house.html\" target=\"_blank\">\n\t\t\t\t\t\t\t<img decoding=\"async\" width=\"800\" height=\"534\" src=\"https:\/\/galeo.org\/wp-content\/uploads\/2025\/02\/jerry_elpais-1024x683.png\" class=\"attachment-large size-large wp-image-23265\" alt=\"\" srcset=\"https:\/\/galeo.org\/wp-content\/uploads\/2025\/02\/jerry_elpais-1024x683.png 1024w, https:\/\/galeo.org\/wp-content\/uploads\/2025\/02\/jerry_elpais-600x400.png 600w, https:\/\/galeo.org\/wp-content\/uploads\/2025\/02\/jerry_elpais-300x200.png 300w, https:\/\/galeo.org\/wp-content\/uploads\/2025\/02\/jerry_elpais-768x512.png 768w, https:\/\/galeo.org\/wp-content\/uploads\/2025\/02\/jerry_elpais.png 1149w\" sizes=\"(max-width: 800px) 100vw, 800px\" \/>\t\t\t\t\t\t\t\t<\/a>\n\t\t\t\t\t\t\t\t\t\t\t\t\t\t\t<\/div>\n\t\t\t\t<div class=\"elementor-element elementor-element-eee8aa2 elementor-widget elementor-widget-text-editor\" data-id=\"eee8aa2\" data-element_type=\"widget\" data-e-type=\"widget\" data-widget_type=\"text-editor.default\">\n\t\t\t\t\t\t\t\t\t<h4><a href=\"https:\/\/english.elpais.com\/usa\/elections\/2024-09-26\/the-latino-vote-in-georgia-kamala-harris-key-to-the-white-house.html\" target=\"_blank\" rel=\"noopener\">El voto latino en Georgia, la llave de Kamala Harris a la Casa Blanca<\/a><\/h4>\n<p>26 de septiembre de 2024<\/p>\n<p>EL PA\u00cdS<\/p>\n<p>Organizaciones como Galeo se centran en movilizar a los hispanos del estado, que ha sumado dos millones de nuevos votantes desde 2020.<\/p>\n\t\t\t\t\t\t\t\t<\/div>\n\t\t\t\t<div class=\"elementor-element elementor-element-a80aae8 elementor-widget elementor-widget-image\" data-id=\"a80aae8\" data-element_type=\"widget\" data-e-type=\"widget\" data-widget_type=\"image.default\">\n\t\t\t\t\t\t\t\t\t\t\t\t\t\t\t\t<a href=\"https:\/\/www.newswire.com\/news\/lcf-georgia-co-hosts-for-the-second-year-latino-day-at-the-georgia-22223737\" target=\"_blank\">\n\t\t\t\t\t\t\t<img decoding=\"async\" src=\"https:\/\/galeo.org\/wp-content\/uploads\/2025\/02\/LDATC_NewsWire.jpg\" title=\"LDATC_NewsWire\" alt=\"LDATC_NewsWire\" loading=\"lazy\" \/>\t\t\t\t\t\t\t\t<\/a>\n\t\t\t\t\t\t\t\t\t\t\t\t\t\t\t<\/div>\n\t\t\t\t<div class=\"elementor-element elementor-element-b7e4312 elementor-widget elementor-widget-text-editor\" data-id=\"b7e4312\" data-element_type=\"widget\" data-e-type=\"widget\" data-widget_type=\"text-editor.default\">\n\t\t\t\t\t\t\t\t\t<h4><a href=\"https:\/\/www.newswire.com\/news\/lcf-georgia-co-hosts-for-the-second-year-latino-day-at-the-georgia-22223737\" target=\"_blank\" rel=\"noopener\">LCF Georgia coorganiza por segundo a\u00f1o el D\u00eda Latino en el Capitolio de Georgia el 30 de enero de 2024<\/a><\/h4>\n<p>22 de enero de 2024<\/p>\n<p>CABLE DE NOTICIAS<\/p>\n<p>15 organizaciones locales y GALEO como coanfitri\u00f3n, esperan reunir a cientos de miembros de la comunidad para que conozcan a sus legisladores.<\/p>\n\t\t\t\t\t\t\t\t<\/div>\n\t\t\t\t<div class=\"elementor-element elementor-element-50434e3 elementor-widget elementor-widget-image\" data-id=\"50434e3\" data-element_type=\"widget\" data-e-type=\"widget\" data-widget_type=\"image.default\">\n\t\t\t\t\t\t\t\t\t\t\t\t\t\t\t\t<a href=\"https:\/\/www.11alive.com\/article\/news\/local\/100-plus-organizations-people-sign-letter-urging-uga-president-condemn-hate-speech-toward-latinos\/85-bcc215a1-29f7-4419-bcfc-d18d40a00c7b\" target=\"_blank\">\n\t\t\t\t\t\t\t<img decoding=\"async\" width=\"574\" height=\"538\" src=\"https:\/\/galeo.org\/wp-content\/uploads\/2025\/02\/11alive_letterwrittenUGA.png\" class=\"attachment-large size-large wp-image-23269\" alt=\"\" srcset=\"https:\/\/galeo.org\/wp-content\/uploads\/2025\/02\/11alive_letterwrittenUGA.png 574w, https:\/\/galeo.org\/wp-content\/uploads\/2025\/02\/11alive_letterwrittenUGA-300x281.png 300w\" sizes=\"(max-width: 574px) 100vw, 574px\" \/>\t\t\t\t\t\t\t\t<\/a>\n\t\t\t\t\t\t\t\t\t\t\t\t\t\t\t<\/div>\n\t\t\t\t<div class=\"elementor-element elementor-element-c7ec9a6 elementor-widget elementor-widget-text-editor\" data-id=\"c7ec9a6\" data-element_type=\"widget\" data-e-type=\"widget\" data-widget_type=\"text-editor.default\">\n\t\t\t\t\t\t\t\t\t<h4><a href=\"https:\/\/www.11alive.com\/article\/news\/local\/100-plus-organizations-people-sign-letter-urging-uga-president-condemn-hate-speech-toward-latinos\/85-bcc215a1-29f7-4419-bcfc-d18d40a00c7b\" target=\"_blank\" rel=\"noopener\">Carta escrita al presidente de la UGA cita el temor a la seguridad de los latinos tras el asesinato en el campus<\/a><\/h4>\n<p>19 de marzo de 2024<\/p>\n<p>11 VIVO<\/p>\n<p>El presidente de la universidad respondi\u00f3 un d\u00eda despu\u00e9s.<\/p>\n\t\t\t\t\t\t\t\t<\/div>\n\t\t\t\t<\/div>\n\t\t\t\t\t<\/div>\n\t\t\t\t<\/div>\n\t\t\t\t<\/div>\n\t\t","protected":false},"excerpt":{"rendered":"<p>2025 https:\/\/www.youtube.com\/watch?v=zX3aMN8E7qM El D\u00eda Latino en el capitolio estatal atrajo a una gran multitud que abog\u00f3 por las comunidades latinas de Georgia. 6 de febrero de 2025 ATLANTA 69 Decenas de organizaciones se reunieron en la Plaza de la Libertad para el Tercer D\u00eda Latino Anual en el Capitolio, organizado por el Fondo Comunitario Latino [&hellip;]<\/p>\n","protected":false},"author":8,"featured_media":0,"parent":1876,"menu_order":0,"comment_status":"closed","ping_status":"closed","template":"","meta":{"sfsi_plus_gutenberg_text_before_share":"","sfsi_plus_gutenberg_show_text_before_share":"","sfsi_plus_gutenberg_icon_type":"","sfsi_plus_gutenberg_icon_alignemt":"","sfsi_plus_gutenburg_max_per_row":"","om_disable_all_campaigns":false,"_monsterinsights_skip_tracking":false,"_monsterinsights_sitenote_active":false,"_monsterinsights_sitenote_note":"","_monsterinsights_sitenote_category":0,"footnotes":""},"class_list":["post-23257","page","type-page","status-publish","hentry"],"aioseo_notices":[],"_links":{"self":[{"href":"https:\/\/galeo.org\/es\/wp-json\/wp\/v2\/pages\/23257","targetHints":{"allow":["GET"]}}],"collection":[{"href":"https:\/\/galeo.org\/es\/wp-json\/wp\/v2\/pages"}],"about":[{"href":"https:\/\/galeo.org\/es\/wp-json\/wp\/v2\/types\/page"}],"author":[{"embeddable":true,"href":"https:\/\/galeo.org\/es\/wp-json\/wp\/v2\/users\/8"}],"replies":[{"embeddable":true,"href":"https:\/\/galeo.org\/es\/wp-json\/wp\/v2\/comments?post=23257"}],"version-history":[{"count":4,"href":"https:\/\/galeo.org\/es\/wp-json\/wp\/v2\/pages\/23257\/revisions"}],"predecessor-version":[{"id":23344,"href":"https:\/\/galeo.org\/es\/wp-json\/wp\/v2\/pages\/23257\/revisions\/23344"}],"up":[{"embeddable":true,"href":"https:\/\/galeo.org\/es\/wp-json\/wp\/v2\/pages\/1876"}],"wp:attachment":[{"href":"https:\/\/galeo.org\/es\/wp-json\/wp\/v2\/media?parent=23257"}],"curies":[{"name":"wp","href":"https:\/\/api.w.org\/{rel}","templated":true}]}}